{"id":29821,"date":"2021-08-17T10:55:28","date_gmt":"2021-08-17T08:55:28","guid":{"rendered":"https:\/\/www.agencekatz.com\/agence-immobiliere\/?page_id=29821"},"modified":"2021-08-17T11:07:54","modified_gmt":"2021-08-17T09:07:54","slug":"marchand-biens-garches","status":"publish","type":"page","link":"https:\/\/www.agencekatz.com\/agence-immobiliere\/garches-92380\/marchand-biens-garches\/","title":{"rendered":"Marchand de biens \u00e0 Garches\u00a0: KATZ Immobilier, votre partenaire"},"content":{"rendered":"<div class=\"block-katz paragraph\">\n<p>KATZ est le sp\u00e9cialiste de l&rsquo;immobilier dans l&rsquo;Ouest parisien. Forts de notre exp\u00e9rience de 5 d\u00e9cennies dans les Hauts-de-Seine, nous offrons \u00e0 notre client\u00e8le exigeante un vaste \u00e9ventail de prestations immobili\u00e8res. En plus de la promotion immobili\u00e8re, nous officions \u00e9galement en tant que <strong>marchand de biens \u00e0 Garches<\/strong>. \u00c0 ce titre, nous mettons \u00e0 la disposition de nos clients de nombreux biens \u00e0 vendre dans cette commune, ainsi qu&rsquo;\u00e0 Vaucresson, notre <a class=\"rank-math-link\" href=\"https:\/\/www.agencekatz.com\/agence-immobiliere\/marnes-la-coquette-92430\/immobilier-marnes-la-coquette\/\">immobilier Marnes-la-Coquette<\/a>, etc.<\/p>\n<\/div>\n\n<\/div>\n<div class=\"block-katz titre3photos\">\n\t<div class=\"container\">\n\t\t<div class=\"row\">\n\t\t\t\t\t\t\t<div class=\"col-12 text-center\">\n\t\t\t\t\t<h2>Un projet immobilier \u00e0 Garches ?<\/h2>\n\t\t\t\t<\/div>\n\t\t\t\t\t\t\t\t<div class=\"col-md-4 col-12\">\n\t\t\t\t\t<img src=\"https:\/\/www.agencekatz.com\/agence-immobiliere\/wp-content\/uploads\/2021\/02\/appartement-neuf-400x400.png\" alt=\"Appartement neuf\" \/>\n\t\t\t\t<\/div>\n\t\t\t\t\t\t\t\t<div class=\"col-md-4 col-12\">\n\t\t\t\t\t<img src=\"https:\/\/www.agencekatz.com\/agence-immobiliere\/wp-content\/uploads\/2021\/02\/defautkatz-400x400.png\" alt=\"Katz Immobilier\" \/>\n\t\t\t\t<\/div>\n\t\t\t\t\t\t\t\t<div class=\"col-md-4 col-12\">\n\t\t\t\t\t<img src=\"https:\/\/www.agencekatz.com\/agence-immobiliere\/wp-content\/uploads\/2021\/02\/programme-neuf-400x400.jpg\" alt=\"Programme immobilier neuf\" \/>\n\t\t\t\t<\/div>\n\t\t\t\t\t\t\t\t<div class=\"col-12 text-center\">\n\t\t\t\t\t<a href=\"https:\/\/www.agencekatz.com\/contact\" class=\"link link-gold\" title=\"Contactez-nous\" target=\"_self\">Contactez-nous<\/a>\n\t\t\t\t<\/div>\n\t\t\t\t\t\t<\/div>\n\t<\/div>\n<\/div>\n<div class=\"container\">\n\n<div class=\"block-katz heading\">\n<h2>Acheter un bien immobilier \u00e0 Garches<\/h2>\n<\/div>\n\n<div class=\"block-katz paragraph\">\n<p>Les <strong>biens immobiliers de Garches (92380)<\/strong> sont historiquement en forte demande aupr\u00e8s des familles et des jeunes cadres. C&rsquo;est en effet un lieu id\u00e9al pour \u00e9lever des enfants dans un cadre champ\u00eatre tout en profitant des perspectives uniques que la capitale offre. En tant que marchand de biens \u00e0 Garches et agence, <strong>KATZ Immobilier<\/strong> dispose d&rsquo;un portefeuille bien garni de studio, d&rsquo;appartements (2 pi\u00e8ces, 3 pi\u00e8ces, 4 pi\u00e8ces, 5 pi\u00e8ces), de maisons et de villas cossues. Peu importe vos besoins, nous avons probablement un bien \u00e0 vous proposer. Que ce soit sur place ou dans l&rsquo;une des communes voisines.<\/p>\n<\/div>\n\n<div class=\"block-katz paragraph\">\n<p>Utilisez notre formulaire de recherche pour parcourir nos annonces publiques. Contactez-nous pour prendre connaissance des offres priv\u00e9es, ou de <strong>biens immobiliers qui vont bient\u00f4t \u00eatre mis en vente<\/strong> ou en location sur le march\u00e9. Nous sommes situ\u00e9s juste en face de la gare de Garches Marnes-la-Coquette, sur la Place de la Gare. Vous pouvez donc ais\u00e9ment nous rendre visite via les transports en commun ou tout autre moyen de locomotion.<\/p>\n<\/div>\n\n<\/div>\n<div class=\"block-katz moteurrecherche\">\n\t<div id=\"buy-location\">\n\t\t<section class=\"filter-search mt-md\">\n\t\t\t<form name=\"katz_search\" method=\"get\" id=\"search-form\" action=\"https:\/\/www.agencekatz.com\/acheter-appartement-maison#search-form\">\n\t\t\t\t<div class=\"container\">\n\t\t\t\t\t<p class=\"font-lato-bold font-size-26 color-blue text-uppercase text-center letter-spacing-400\">\n\t\t\t\t\t\tVous cherchez un bien sur Garches ? \t\t\t\t\t<\/p>\n\t\t\t\t\t<div class=\"row\">\n\t\t\t\t\t\t<div class=\"col-lg-10 offset-lg-1\">\n\t\t\t\t\t\t\t<div class=\"container-fluid selector-container mt-md mb-sm\">\n\t\t\t\t\t\t\t\t<div class=\"row no-gutters\">\n\t\t\t\t\t\t\t\t\t<div class=\"col-lg-6\">\n\t\t\t\t\t\t\t\t\t\t<div class=\"switch d-flex \">\n\t\t\t\t\t\t\t\t\t\t\t<a href=\"https:\/\/www.agencekatz.com\/acheter-appartement-maison\" class=\"link-elmt active\" target=\"_self\">\n\t\t\t\t\t\t\t\t\t\t\t\tAchat\n\t\t\t\t\t\t\t\t\t\t\t<\/a>\n\t\t\t\t\t\t\t\t\t\t\t<a href=\"https:\/\/www.agencekatz.com\/location-appartement-maison\" class=\"link-elmt \" target=\"_self\">\n\t\t\t\t\t\t\t\t\t\t\t\tLouer\n\t\t\t\t\t\t\t\t\t\t\t<\/a>\n\t\t\t\t\t\t\t\t\t\t<\/div>\n\t\t\t\t\t\t\t\t\t<\/div>\n\t\t\t\t\t\t\t\t\t<div class=\"col-lg-6 input-search\">\n\t\t\t\t\t\t\t\t\t\t<select id=\"katz_search_place\" name=\"katz_search[place]\" class=\"select-two\" placeholder=\"Ville, Code postal...\">\n\t\t\t\t\t\t\t\t\t\t\t<option value=\"\"><\/option>\n\t\t\t\t\t\t\t\t\t\t\t<option value=\"Beynes\" selected=\"selected\">Beynes &#8211; 78650<\/option>\n\t\t\t\t\t\t\t\t\t\t\t<option value=\"Bougival\">Bougival &#8211; 78380<\/option>\n\t\t\t\t\t\t\t\t\t\t\t<option value=\"Garches\">Garches &#8211; 92380<\/option>\n\t\t\t\t\t\t\t\t\t\t\t<option value=\"Goupilli\u00e8res\">Goupilli\u00e8res &#8211; 78770<\/option>\n\t\t\t\t\t\t\t\t\t\t\t<option value=\"Issy-les-Moulineaux\">Issy-les-Moulineaux &#8211; 92130<\/option>\n\t\t\t\t\t\t\t\t\t\t\t<option value=\"La Celle-Saint-Cloud\">La Celle-Saint-Cloud &#8211; 78170<\/option>\n\t\t\t\t\t\t\t\t\t\t\t<option value=\"Marnes-la-Coquette\">Marnes-la-Coquette &#8211; 92430<\/option>\n\t\t\t\t\t\t\t\t\t\t\t<option value=\"Montrouge\">Montrouge &#8211; 92120<\/option>\n\t\t\t\t\t\t\t\t\t\t\t<option value=\"Paris\">Paris &#8211; 75018<\/option>\n\t\t\t\t\t\t\t\t\t\t\t<option value=\"Paris 18\">Paris 18 &#8211; 75018<\/option>\n\t\t\t\t\t\t\t\t\t\t\t<option value=\"Vaucresson\">Vaucresson &#8211; 92420<\/option>\n\t\t\t\t\t\t\t\t\t\t\t<option value=\"Ville-d&#039;Avray\">Ville-d&#039;Avray &#8211; 92410<\/option>\n\t\t\t\t\t\t\t\t\t\t<\/select>\n\t\t\t\t\t\t\t\t\t<\/div>\n\t\t\t\t\t\t\t\t<\/div>\n\t\t\t\t\t\t\t<\/div>\n\t\t\t\t\t\t<\/div>\n\t\t\t\t\t<\/div>\n\t\t\t\t<\/div>\n\t\t\t\t<div class=\"container-fluid py-sm bg-blue color-white text-center\">\n\t\t\t\t\t<div class=\"container\">\n\t\t\t\t\t\t<div class=\"col-md-10 offset-md-1 col-12\">\n\t\t\t\t\t\t\t<div class=\"filter d-flex justify-content-between\">\n\t\t\t\t\t\t\t\t<select id=\"katz_search_typeOffre\" name=\"katz_search[typeOffre]\">\n\t\t\t\t\t\t\t\t\t<option value=\"\">Type de bien<\/option>\n\t\t\t\t\t\t\t\t\t<option value=\"1\">Appartement<\/option>\n\t\t\t\t\t\t\t\t\t<option value=\"2\">Maison<\/option>\n\t\t\t\t\t\t\t\t\t<option value=\"5\">Local<\/option>\n\t\t\t\t\t\t\t\t\t<option value=\"7\">Parking<\/option>\n\t\t\t\t\t\t\t\t\t<option value=\"3\">Terrain<\/option>\n\t\t\t\t\t\t\t\t\t<option value=\"4\">Immeuble<\/option>\n\t\t\t\t\t\t\t\t<\/select>\n\t\t\t\t\t\t\t\t<select id=\"katz_search_nbPieces\" name=\"katz_search[nbPieces]\">\n\t\t\t\t\t\t\t\t\t<option value=\"\">Pi\u00e8ces<\/option>\n\t\t\t\t\t\t\t\t\t<option value=\"1\">1<\/option>\n\t\t\t\t\t\t\t\t\t<option value=\"2\">2<\/option>\n\t\t\t\t\t\t\t\t\t<option value=\"3\">3<\/option>\n\t\t\t\t\t\t\t\t\t<option value=\"4\">4<\/option>\n\t\t\t\t\t\t\t\t\t<option value=\"5\">5 et +<\/option>\n\t\t\t\t\t\t\t\t<\/select>\n\t\t\t\t\t\t\t\t<div class=\"filter-item\">\n\t\t\t\t\t\t\t\t\t<span>Surface:<\/span>\n\t\t\t\t\t\t\t\t\t<input type=\"number\" id=\"katz_search_surfHabMin\" name=\"katz_search[surfHabMin]\" placeholder=\"min\" min=\"0\" value=\"\" \/>\n\t\t\t\t\t\t\t\t\t<input type=\"number\" id=\"katz_search_surfHabMax\" name=\"katz_search[surfHabMax]\" placeholder=\"max\" min=\"0\" value=\"\" \/>\n\t\t\t\t\t\t\t\t<\/div>\n\t\t\t\t\t\t\t\t<div class=\"filter-item\">\n\t\t\t\t\t\t\t\t\t<span>Prix:<\/span>\n\t\t\t\t\t\t\t\t\t<input type=\"number\" id=\"katz_search_prixMin\" name=\"katz_search[prixMin]\" placeholder=\"min\" min=\"0\" value=\"\" \/>\n\t\t\t\t\t\t\t\t\t<input type=\"number\" id=\"katz_search_prixMax\" name=\"katz_search[prixMax]\" placeholder=\"max\" min=\"0\" value=\"\" \/>\n\t\t\t\t\t\t\t\t<\/div>\n\t\t\t\t\t\t\t<\/div>\n\t\t\t\t\t\t<\/div>\n\t\t\t\t\t<\/div>\n\t\t\t\t<\/div>\n\t\t\t\t<div class=\"container\">\n\t\t\t\t\t<div class=\"row\">\n\t\t\t\t\t\t<div class=\"col-lg-10 offset-lg-1 text-right\">\n\t\t\t\t\t\t\t<div class=\"link-elmt submit mt-sm\" id=\"submit-button-search-form\">Rechercher<\/div>\n\t\t\t\t\t\t<\/div>\n\t\t\t\t\t<\/div>\n\t\t\t\t<\/div>\n\t\t\t<\/form>\n\t\t<\/section>\n\t<\/div>\n<\/div>\n<div class=\"container\">\n\n<div class=\"block-katz heading\">\n<h2>Vendre rapidement votre appartement ou maison \u00e0 un marchand de biens Garches<\/h2>\n<\/div>\n\n<div class=\"block-katz paragraph\">\n<p>Vous \u00eates au contraire propri\u00e9taire d&rsquo;un studio, appartement, garage ou <strong>maison \u00e0 Garches<\/strong> et vous souhaitez trouver rapidement preneur\u00a0? B\u00e9n\u00e9ficiez de notre double casquette marchand de biens \u00e0 Garches et agence immobili\u00e8re pour que nous d\u00e9gagions ensemble une solution. En fonction de l&rsquo;urgence de la situation et du prix souhait\u00e9, nous serons en mesure de r\u00e9gler l&rsquo;acquisition de votre bien immobilier \u00e0 Garches dans des d\u00e9lais tr\u00e8s courts. Nous sommes implant\u00e9s dans cette commune depuis de nombreuses ann\u00e9es, nous vivons dans le p\u00e9rim\u00e8tre, nous connaissons donc le march\u00e9 comme notre poche. Contactez-nous sans plus tarder pour \u00e9valuer les diff\u00e9rentes options de votre dossier.<\/p>\n<\/div>\n\n<div class=\"block-katz heading\">\n<h3>Quelle est la fonction d&rsquo;un marchand de biens immobiliers&nbsp;?<\/h3>\n<\/div>\n\n<div class=\"block-katz paragraph\">\n<p>Si la fonction de <strong>marchand de biens immobiliers<\/strong> peut \u00eatre remplie par un agent, il s&rsquo;agit en principe de 2 professions distinctes. Tandis que l&rsquo;agent immobilier fait office d&rsquo;interm\u00e9diaire entre propri\u00e9taires et acheteurs ou locataires, le marchand de biens est sp\u00e9cialis\u00e9 dans l&rsquo;acquisition\/r\u00e9novation\/mise en vente ou location sur le march\u00e9.<\/p>\n<\/div>\n\n<div class=\"block-katz annonces\">\n\t<div class=\"row\">\n\t\t\t\t\t\t<div class=\"product-block bg-white col-lg-4 col-md-6 col-12\">\n\t\t\t\t\t<a href=\"https:\/\/www.agencekatz.com\/acheter-appartement-maison?katz_search%5Bplace%5D=Garches&#038;katz_search%5BtypeOffre%5D=&#038;katz_search%5BnbPieces%5D=&#038;katz_search%5BsurfHabMin%5D=&#038;katz_search%5BsurfHabMax%5D=&#038;katz_search%5BprixMin%5D=&#038;katz_search%5BprixMax%5D=\">\n\t\t\t\t\t\t\t\t\t\t\t\t\t<div class=\"picture aos-init aos-animate\" data-aos=\"fade-left\">\n\t\t\t\t\t\t\t\t<img src=\"https:\/\/www.agencekatz.com\/agence-immobiliere\/wp-content\/uploads\/2021\/02\/6035970396732_3906_01_30658042_a-400x400.jpg\" class=\"img-fluid\" alt=\"APPARTEMENT 58 M2 GARCHES\">\n\t\t\t\t\t\t\t<\/div>\n\t\t\t\t\t\t\t\t\t\t\t\t\t<div class=\"description\">\n\t\t\t\t\t\t\t<div class=\"col-12 p-0\">\n\t\t\t\t\t\t\t\t<p class=\"title\">APPARTEMENT 58 M2 GARCHES<\/p>\n\t\t\t\t\t\t\t\t<p class=\"infos m-0\">\n\t\t\t\t\t\t\t\t\t3 pi\u00e8ces Garches centre<br \/>\r\nVENDU\t\t\t\t\t\t\t\t<\/p>\n\t\t\t\t\t\t\t\t\t\t\t\t\t\t\t\t\t<div class=\"my-auto text-right\">\n\t\t\t\t\t\t\t\t\t\t<p class=\"price m-0\">\n\t\t\t\t\t\t\t\t\t\t\t295.000 \u20ac\t\t\t\t\t\t\t\t\t\t<\/p>\n\t\t\t\t\t\t\t\t\t<\/div>\n\t\t\t\t\t\t\t\t\t\t\t\t\t\t\t<\/div>\n\t\t\t\t\t\t<\/div>\n\t\t\t\t\t<\/a>\n\t\t\t\t<\/div>\n\t\t\t\t\t\t\t\t<div class=\"product-block bg-white col-lg-4 col-md-6 col-12\">\n\t\t\t\t\t<a href=\"https:\/\/www.agencekatz.com\/acheter-appartement-maison?katz_search%5Bplace%5D=Garches&#038;katz_search%5BtypeOffre%5D=&#038;katz_search%5BnbPieces%5D=&#038;katz_search%5BsurfHabMin%5D=&#038;katz_search%5BsurfHabMax%5D=&#038;katz_search%5BprixMin%5D=&#038;katz_search%5BprixMax%5D=\">\n\t\t\t\t\t\t\t\t\t\t\t\t\t<div class=\"picture aos-init aos-animate\" data-aos=\"fade-left\">\n\t\t\t\t\t\t\t\t<img src=\"https:\/\/www.agencekatz.com\/agence-immobiliere\/wp-content\/uploads\/2020\/12\/5fe28883baacb_3906_01_33390451_g-1-400x400.jpg\" class=\"img-fluid\" alt=\"Immeuble ancien\">\n\t\t\t\t\t\t\t<\/div>\n\t\t\t\t\t\t\t\t\t\t\t\t\t<div class=\"description\">\n\t\t\t\t\t\t\t<div class=\"col-12 p-0\">\n\t\t\t\t\t\t\t\t<p class=\"title\">APPARTEMENT 121 M2 GARCHES<\/p>\n\t\t\t\t\t\t\t\t<p class=\"infos m-0\">\n\t\t\t\t\t\t\t\t\t5 pi\u00e8ces 121 m2. Bien unique situ\u00e9 \u00e0 deux pas de la gare SNCF \t\t\t\t\t\t\t\t<\/p>\n\t\t\t\t\t\t\t\t\t\t\t\t\t\t\t\t\t<div class=\"my-auto text-right\">\n\t\t\t\t\t\t\t\t\t\t<p class=\"price m-0\">\n\t\t\t\t\t\t\t\t\t\t\t879.000 \u20ac\t\t\t\t\t\t\t\t\t\t<\/p>\n\t\t\t\t\t\t\t\t\t<\/div>\n\t\t\t\t\t\t\t\t\t\t\t\t\t\t\t<\/div>\n\t\t\t\t\t\t<\/div>\n\t\t\t\t\t<\/a>\n\t\t\t\t<\/div>\n\t\t\t\t\t\t\t\t<div class=\"product-block bg-white col-lg-4 col-md-6 col-12\">\n\t\t\t\t\t<a href=\"https:\/\/www.agencekatz.com\/acheter-appartement-maison?katz_search%5Bplace%5D=Garches&#038;katz_search%5BtypeOffre%5D=&#038;katz_search%5BnbPieces%5D=&#038;katz_search%5BsurfHabMin%5D=&#038;katz_search%5BsurfHabMax%5D=&#038;katz_search%5BprixMin%5D=&#038;katz_search%5BprixMax%5D=\">\n\t\t\t\t\t\t\t\t\t\t\t\t\t<div class=\"picture aos-init aos-animate\" data-aos=\"fade-left\">\n\t\t\t\t\t\t\t\t<img src=\"https:\/\/www.agencekatz.com\/agence-immobiliere\/wp-content\/uploads\/2021\/02\/6035970381c47_3906_01_33134044_a-400x400.jpg\" class=\"img-fluid\" alt=\"APPARTEMENT 36 M2 GARCHES\">\n\t\t\t\t\t\t\t<\/div>\n\t\t\t\t\t\t\t\t\t\t\t\t\t<div class=\"description\">\n\t\t\t\t\t\t\t<div class=\"col-12 p-0\">\n\t\t\t\t\t\t\t\t<p class=\"title\">APPARTEMENT 36 M2 GARCHES<\/p>\n\t\t\t\t\t\t\t\t<p class=\"infos m-0\">\n\t\t\t\t\t\t\t\t\tStudio Garches &#8211; La Verboise &#8211; Les Chateaux en exclusivit\u00e9.\t\t\t\t\t\t\t\t<\/p>\n\t\t\t\t\t\t\t\t\t\t\t\t\t\t\t\t\t<div class=\"my-auto text-right\">\n\t\t\t\t\t\t\t\t\t\t<p class=\"price m-0\">\n\t\t\t\t\t\t\t\t\t\t\t210.000 \u20ac\t\t\t\t\t\t\t\t\t\t<\/p>\n\t\t\t\t\t\t\t\t\t<\/div>\n\t\t\t\t\t\t\t\t\t\t\t\t\t\t\t<\/div>\n\t\t\t\t\t\t<\/div>\n\t\t\t\t\t<\/a>\n\t\t\t\t<\/div>\n\t\t\t\t\t<\/div>\n<\/div>\n\n<div class=\"block-katz paragraph\">\n<p>La r\u00e9novation n&rsquo;est pas indispensable, mais il s&rsquo;agit souvent d&rsquo;une \u00e9tape n\u00e9cessaire pour mettre en valeur le bien, et donc faire une plus-value. Un marchand de biens peut \u00e9galement faire office de fournisseur de liquidit\u00e9s \u00e0 un vendeur tr\u00e8s press\u00e9. Les<strong> propri\u00e9t\u00e9s immobili\u00e8res <\/strong>concern\u00e9es peuvent \u00eatre des appartements, des maisons, des surfaces commerciales, des garages ou des bureaux.<\/p>\n<\/div>\n\n<div class=\"block-katz paragraph\">\n<p>Vous scrutez actuellement le march\u00e9 du 92\u00a0? Contactez Katz immobilier, votre marchand de biens \u00e0 Garches, pour prendre connaissance des opportunit\u00e9s actuelles ou \u00e0 venir dans l&rsquo;<strong>Ouest de Paris<\/strong>.<\/p>\n<\/div>\n\n<div class=\"block-katz liens\">\n\t<div class=\"row\">\n\t\t<div class=\"col-12\">\n\t\t\t\t\t\t\t<p class=\"titre\">Nos solutions immobili\u00e8res sur Garches<\/p>\n\t\t\t\t\t\t\t\t<div class=\"bloc-liens\">\n\t\t\t\t\t\t\t\t\t\t\t<div class=\"lien\">\n\t\t\t\t\t\t\t<a href=\"https:\/\/www.agencekatz.com\/agence-immobiliere\/garches-92380\/maison-vendre-garches\/\" title=\"Maison \u00e0 vendre \u00e0 Garches\" target=\"_self\">\n\t\t\t\t\t\t\t\tMaison \u00e0 vendre \u00e0 Garches\t\t\t\t\t\t\t<\/a>\n\t\t\t\t\t\t<\/div>\n\t\t\t\t\t\t\t\t\t\t\t\t<div class=\"lien\">\n\t\t\t\t\t\t\t<a href=\"https:\/\/www.agencekatz.com\/agence-immobiliere\/garches-92380\/immobilier-garches\/\" title=\"Immobilier Garches\" target=\"_self\">\n\t\t\t\t\t\t\t\tImmobilier Garches\t\t\t\t\t\t\t<\/a>\n\t\t\t\t\t\t<\/div>\n\t\t\t\t\t\t\t\t\t\t\t\t<div class=\"lien\">\n\t\t\t\t\t\t\t<a href=\"https:\/\/www.agencekatz.com\/agence-immobiliere\/garches-92380\/appartement-garches\/\" title=\"Appartement Garches\" target=\"_self\">\n\t\t\t\t\t\t\t\tAppartement Garches\t\t\t\t\t\t\t<\/a>\n\t\t\t\t\t\t<\/div>\n\t\t\t\t\t\t\t\t\t\t\t\t<div class=\"lien\">\n\t\t\t\t\t\t\t<a href=\"https:\/\/www.agencekatz.com\/agence-immobiliere\/garches-92380\/location-appartement-garches\/\" title=\"Location appartement Garches\" target=\"_self\">\n\t\t\t\t\t\t\t\tLocation appartement Garches\t\t\t\t\t\t\t<\/a>\n\t\t\t\t\t\t<\/div>\n\t\t\t\t\t\t\t\t\t\t\t\t<div class=\"lien\">\n\t\t\t\t\t\t\t<a href=\"https:\/\/www.agencekatz.com\/agence-immobiliere\/garches-92380\/achat-appartement-garches\/\" title=\"Achat appartement Garches\" target=\"_self\">\n\t\t\t\t\t\t\t\tAchat appartement Garches\t\t\t\t\t\t\t<\/a>\n\t\t\t\t\t\t<\/div>\n\t\t\t\t\t\t\t\t\t\t\t\t<div class=\"lien\">\n\t\t\t\t\t\t\t<a href=\"https:\/\/www.agencekatz.com\/agence-immobiliere\/garches-92380\/programme-immobilier-garches\/\" title=\"Programme immobilier Garches\" target=\"_self\">\n\t\t\t\t\t\t\t\tProgramme immobilier Garches\t\t\t\t\t\t\t<\/a>\n\t\t\t\t\t\t<\/div>\n\t\t\t\t\t\t\t\t\t\t\t\t<div class=\"lien\">\n\t\t\t\t\t\t\t<a href=\"https:\/\/www.agencekatz.com\/agence-immobiliere\/garches-92380\/studio-garches\/\" title=\"Studio Garches\" target=\"_self\">\n\t\t\t\t\t\t\t\tStudio Garches\t\t\t\t\t\t\t<\/a>\n\t\t\t\t\t\t<\/div>\n\t\t\t\t\t\t\t\t\t\t\t\t<div class=\"lien\">\n\t\t\t\t\t\t\t<a href=\"https:\/\/www.agencekatz.com\/agence-immobiliere\/garches-92380\/promoteur-immobilier-garches\/\" title=\"Promoteur immobilier Garches\" target=\"_self\">\n\t\t\t\t\t\t\t\tPromoteur immobilier Garches\t\t\t\t\t\t\t<\/a>\n\t\t\t\t\t\t<\/div>\n\t\t\t\t\t\t\t\t\t\t\t\t<div class=\"lien\">\n\t\t\t\t\t\t\t<a href=\"https:\/\/www.agencekatz.com\/agence-immobiliere\/garches-92380\/terrain-garches\/\" title=\"Terrain \u00e0 Garches\" target=\"_self\">\n\t\t\t\t\t\t\t\tTerrain \u00e0 Garches\t\t\t\t\t\t\t<\/a>\n\t\t\t\t\t\t<\/div>\n\t\t\t\t\t\t\t\t\t\t<\/div>\n\t\t\t\t\t\t<\/div>\n\t<\/div>\n<\/div>","protected":false},"excerpt":{"rendered":"<p>KATZ est le sp\u00e9cialiste de l&rsquo;immobilier dans l&rsquo;Ouest parisien. Forts de notre exp\u00e9rience de 5 d\u00e9cennies dans les Hauts-de-Seine, nous offrons \u00e0 notre client\u00e8le exigeante un vaste \u00e9ventail de prestations immobili\u00e8res. En plus de la promotion immobili\u00e8re, nous officions \u00e9galement en tant que marchand de biens \u00e0 Garches. \u00c0 ce titre, nous mettons \u00e0 la [&hellip;]<\/p>\n","protected":false},"author":2,"featured_media":0,"parent":29054,"menu_order":0,"comment_status":"closed","ping_status":"closed","template":"","meta":[],"acf":[],"_links":{"self":[{"href":"https:\/\/www.agencekatz.com\/agence-immobiliere\/wp-json\/wp\/v2\/pages\/29821"}],"collection":[{"href":"https:\/\/www.agencekatz.com\/agence-immobiliere\/wp-json\/wp\/v2\/pages"}],"about":[{"href":"https:\/\/www.agencekatz.com\/agence-immobiliere\/wp-json\/wp\/v2\/types\/page"}],"author":[{"embeddable":true,"href":"https:\/\/www.agencekatz.com\/agence-immobiliere\/wp-json\/wp\/v2\/users\/2"}],"replies":[{"embeddable":true,"href":"https:\/\/www.agencekatz.com\/agence-immobiliere\/wp-json\/wp\/v2\/comments?post=29821"}],"version-history":[{"count":6,"href":"https:\/\/www.agencekatz.com\/agence-immobiliere\/wp-json\/wp\/v2\/pages\/29821\/revisions"}],"predecessor-version":[{"id":29831,"href":"https:\/\/www.agencekatz.com\/agence-immobiliere\/wp-json\/wp\/v2\/pages\/29821\/revisions\/29831"}],"up":[{"embeddable":true,"href":"https:\/\/www.agencekatz.com\/agence-immobiliere\/wp-json\/wp\/v2\/pages\/29054"}],"wp:attachment":[{"href":"https:\/\/www.agencekatz.com\/agence-immobiliere\/wp-json\/wp\/v2\/media?parent=29821"}],"curies":[{"name":"wp","href":"https:\/\/api.w.org\/{rel}","templated":true}]}}