{"id":29797,"date":"2021-08-16T09:23:26","date_gmt":"2021-08-16T07:23:26","guid":{"rendered":"https:\/\/www.agencekatz.com\/agence-immobiliere\/?page_id=29797"},"modified":"2021-08-16T09:30:56","modified_gmt":"2021-08-16T07:30:56","slug":"promoteur-immobilier-garches","status":"publish","type":"page","link":"https:\/\/www.agencekatz.com\/agence-immobiliere\/garches-92380\/promoteur-immobilier-garches\/","title":{"rendered":"Promoteur immobilier \u00e0 Garches\u00a0: ayez le r\u00e9flexe KATZ"},"content":{"rendered":"<div class=\"block-katz paragraph\">\n<p>Vous voulez investir dans les Hauts-de-Seine et vous \u00eates \u00e0 la recherche d&rsquo;un <strong>promoteur immobilier \u00e0 Garches<\/strong>&nbsp;? Vous \u00eates \u00e0 la recherche d&rsquo;un programme neuf dans le 92&nbsp;? KATZ, qui dispose d&rsquo;une exp\u00e9rience de 50 ans dans la promotion immobili\u00e8re \u00e0 Garches, vous offre son savoir-faire dans tout l&rsquo;Ouest de Paris.<\/p>\n<\/div>\n\n<\/div>\n<div class=\"block-katz titre3photos\">\n\t<div class=\"container\">\n\t\t<div class=\"row\">\n\t\t\t\t\t\t\t<div class=\"col-12 text-center\">\n\t\t\t\t\t<h2>Un projet sur Garches ?<\/h2>\n\t\t\t\t<\/div>\n\t\t\t\t\t\t\t\t<div class=\"col-md-4 col-12\">\n\t\t\t\t\t<img src=\"https:\/\/www.agencekatz.com\/agence-immobiliere\/wp-content\/uploads\/2021\/02\/appartement-neuf-400x400.png\" alt=\"Appartement neuf\" \/>\n\t\t\t\t<\/div>\n\t\t\t\t\t\t\t\t<div class=\"col-md-4 col-12\">\n\t\t\t\t\t<img src=\"https:\/\/www.agencekatz.com\/agence-immobiliere\/wp-content\/uploads\/2021\/02\/defautkatz-400x400.png\" alt=\"Katz Immobilier\" \/>\n\t\t\t\t<\/div>\n\t\t\t\t\t\t\t\t<div class=\"col-md-4 col-12\">\n\t\t\t\t\t<img src=\"https:\/\/www.agencekatz.com\/agence-immobiliere\/wp-content\/uploads\/2021\/02\/programme-neuf-400x400.jpg\" alt=\"Programme immobilier neuf\" \/>\n\t\t\t\t<\/div>\n\t\t\t\t\t\t\t\t<div class=\"col-12 text-center\">\n\t\t\t\t\t<a href=\"https:\/\/www.agencekatz.com\/contact\" class=\"link link-gold\" title=\"Contactez-nous\" target=\"_self\">Contactez-nous<\/a>\n\t\t\t\t<\/div>\n\t\t\t\t\t\t<\/div>\n\t<\/div>\n<\/div>\n<div class=\"container\">\n\n<div class=\"block-katz heading\">\n<h2>Promotion immobili\u00e8re \u00e0 Garches pour les investisseurs<\/h2>\n<\/div>\n\n<div class=\"block-katz paragraph\">\n<p>Vous disposez d&rsquo;un <a class=\"rank-math-link\" href=\"https:\/\/www.agencekatz.com\/agence-immobiliere\/garches-92380\/terrain-garches\/\">terrain \u00e0 Garches<\/a> ou dans les environs et vous \u00eates \u00e0 la recherche d&rsquo;un promoteur immobilier pour ex\u00e9cuter le projet&nbsp;? Vous \u00eates \u00e0 la bonne adresse. Depuis 5 d\u00e9cennies, le march\u00e9 de Garches et de la r\u00e9gion est notre point de focalisation. Notre \u00e9quipe dynamique vit sur place, nous connaissons donc toutes les sp\u00e9cificit\u00e9s du <strong>92<\/strong>. Notre long\u00e9vit\u00e9 nous a permis d&rsquo;\u00eatre reconnus en tant que promoteur immobilier de confiance. Avec le temps et de par notre s\u00e9rieux, nous avons constitu\u00e9 un r\u00e9seau sans pareil dans le secteur.<\/p>\n<\/div>\n\n<div class=\"block-katz paragraph\">\n<p>Lotissement de maisons, <strong>construction d&rsquo;une r\u00e9sidence<\/strong> avec studios et appartements, ensemble de villas, r\u00e9habilitation d&rsquo;immeubles anciens avec r\u00e9affectation au logement\u2026 Nous avons men\u00e9 de bout en bout tous les projets que l&rsquo;on peut imaginer en termes de <a href=\"https:\/\/www.agencekatz.com\/promotion-immobiliere\" class=\"rank-math-link\">promotion immobili\u00e8re dans les Hauts-de-Seine<\/a>. Contactez-nous pour plus d&rsquo;informations concernant les op\u00e9rations livr\u00e9es. De l&rsquo;\u00e9tude de faisabilit\u00e9 \u00e0 la remise des cl\u00e9s du projet, vous pouvez compter sur le <strong>promoteur immobilier de Garches<\/strong> KATZ.<\/p>\n<\/div>\n\n<div class=\"block-katz heading\">\n<h2>Programmes neufs appartement et maisons individuelles pour particuliers<\/h2>\n<\/div>\n\n<div class=\"block-katz paragraph\">\n<p>Vous \u00eates \u00e0 la recherche d&rsquo;un programme neuf appartement ou maison dans ce coin des Hauts-de-Seine&nbsp;? Outre les projets que nous d\u00e9veloppons, nous offrons \u00e9galement un large \u00e9ventail d&rsquo;opportunit\u00e9 dans l&rsquo;immobilier neuf \u00e0 Garches. L&rsquo;Albatros, So Green, Murmures ou encore les terrasses M\u00e9dicis font partie des programmes immobiliers neufs qui viennent d&rsquo;\u00eatre livr\u00e9s ou qui sont en cours de construction sur le code postal 92380. Si vous n&rsquo;\u00eates pas obnubil\u00e9 par Garches, nous pouvons \u00e9galement vous proposer des solutions dans les communes voisines.<\/p>\n<\/div>\n\n<\/div>\n<div class=\"block-katz moteurrecherche\">\n\t<div id=\"buy-location\">\n\t\t<section class=\"filter-search mt-md\">\n\t\t\t<form name=\"katz_search\" method=\"get\" id=\"search-form\" action=\"https:\/\/www.agencekatz.com\/acheter-appartement-maison#search-form\">\n\t\t\t\t<div class=\"container\">\n\t\t\t\t\t<p class=\"font-lato-bold font-size-26 color-blue text-uppercase text-center letter-spacing-400\">\n\t\t\t\t\t\tChercher un programme immobilier neuf sur Garches\t\t\t\t\t<\/p>\n\t\t\t\t\t<div class=\"row\">\n\t\t\t\t\t\t<div class=\"col-lg-10 offset-lg-1\">\n\t\t\t\t\t\t\t<div class=\"container-fluid selector-container mt-md mb-sm\">\n\t\t\t\t\t\t\t\t<div class=\"row no-gutters\">\n\t\t\t\t\t\t\t\t\t<div class=\"col-lg-6\">\n\t\t\t\t\t\t\t\t\t\t<div class=\"switch d-flex \">\n\t\t\t\t\t\t\t\t\t\t\t<a href=\"https:\/\/www.agencekatz.com\/acheter-appartement-maison\" class=\"link-elmt active\" target=\"_self\">\n\t\t\t\t\t\t\t\t\t\t\t\tAchat\n\t\t\t\t\t\t\t\t\t\t\t<\/a>\n\t\t\t\t\t\t\t\t\t\t\t<a href=\"https:\/\/www.agencekatz.com\/location-appartement-maison\" class=\"link-elmt \" target=\"_self\">\n\t\t\t\t\t\t\t\t\t\t\t\tLouer\n\t\t\t\t\t\t\t\t\t\t\t<\/a>\n\t\t\t\t\t\t\t\t\t\t<\/div>\n\t\t\t\t\t\t\t\t\t<\/div>\n\t\t\t\t\t\t\t\t\t<div class=\"col-lg-6 input-search\">\n\t\t\t\t\t\t\t\t\t\t<select id=\"katz_search_place\" name=\"katz_search[place]\" class=\"select-two\" placeholder=\"Ville, Code postal...\">\n\t\t\t\t\t\t\t\t\t\t\t<option value=\"\"><\/option>\n\t\t\t\t\t\t\t\t\t\t\t<option value=\"Beynes\" selected=\"selected\">Beynes &#8211; 78650<\/option>\n\t\t\t\t\t\t\t\t\t\t\t<option value=\"Bougival\">Bougival &#8211; 78380<\/option>\n\t\t\t\t\t\t\t\t\t\t\t<option value=\"Garches\">Garches &#8211; 92380<\/option>\n\t\t\t\t\t\t\t\t\t\t\t<option value=\"Goupilli\u00e8res\">Goupilli\u00e8res &#8211; 78770<\/option>\n\t\t\t\t\t\t\t\t\t\t\t<option value=\"Issy-les-Moulineaux\">Issy-les-Moulineaux &#8211; 92130<\/option>\n\t\t\t\t\t\t\t\t\t\t\t<option value=\"La Celle-Saint-Cloud\">La Celle-Saint-Cloud &#8211; 78170<\/option>\n\t\t\t\t\t\t\t\t\t\t\t<option value=\"Marnes-la-Coquette\">Marnes-la-Coquette &#8211; 92430<\/option>\n\t\t\t\t\t\t\t\t\t\t\t<option value=\"Montrouge\">Montrouge &#8211; 92120<\/option>\n\t\t\t\t\t\t\t\t\t\t\t<option value=\"Paris\">Paris &#8211; 75018<\/option>\n\t\t\t\t\t\t\t\t\t\t\t<option value=\"Paris 18\">Paris 18 &#8211; 75018<\/option>\n\t\t\t\t\t\t\t\t\t\t\t<option value=\"Vaucresson\">Vaucresson &#8211; 92420<\/option>\n\t\t\t\t\t\t\t\t\t\t\t<option value=\"Ville-d&#039;Avray\">Ville-d&#039;Avray &#8211; 92410<\/option>\n\t\t\t\t\t\t\t\t\t\t<\/select>\n\t\t\t\t\t\t\t\t\t<\/div>\n\t\t\t\t\t\t\t\t<\/div>\n\t\t\t\t\t\t\t<\/div>\n\t\t\t\t\t\t<\/div>\n\t\t\t\t\t<\/div>\n\t\t\t\t<\/div>\n\t\t\t\t<div class=\"container-fluid py-sm bg-blue color-white text-center\">\n\t\t\t\t\t<div class=\"container\">\n\t\t\t\t\t\t<div class=\"col-md-10 offset-md-1 col-12\">\n\t\t\t\t\t\t\t<div class=\"filter d-flex justify-content-between\">\n\t\t\t\t\t\t\t\t<select id=\"katz_search_typeOffre\" name=\"katz_search[typeOffre]\">\n\t\t\t\t\t\t\t\t\t<option value=\"\">Type de bien<\/option>\n\t\t\t\t\t\t\t\t\t<option value=\"1\">Appartement<\/option>\n\t\t\t\t\t\t\t\t\t<option value=\"2\">Maison<\/option>\n\t\t\t\t\t\t\t\t\t<option value=\"5\">Local<\/option>\n\t\t\t\t\t\t\t\t\t<option value=\"7\">Parking<\/option>\n\t\t\t\t\t\t\t\t\t<option value=\"3\">Terrain<\/option>\n\t\t\t\t\t\t\t\t\t<option value=\"4\">Immeuble<\/option>\n\t\t\t\t\t\t\t\t<\/select>\n\t\t\t\t\t\t\t\t<select id=\"katz_search_nbPieces\" name=\"katz_search[nbPieces]\">\n\t\t\t\t\t\t\t\t\t<option value=\"\">Pi\u00e8ces<\/option>\n\t\t\t\t\t\t\t\t\t<option value=\"1\">1<\/option>\n\t\t\t\t\t\t\t\t\t<option value=\"2\">2<\/option>\n\t\t\t\t\t\t\t\t\t<option value=\"3\">3<\/option>\n\t\t\t\t\t\t\t\t\t<option value=\"4\">4<\/option>\n\t\t\t\t\t\t\t\t\t<option value=\"5\">5 et +<\/option>\n\t\t\t\t\t\t\t\t<\/select>\n\t\t\t\t\t\t\t\t<div class=\"filter-item\">\n\t\t\t\t\t\t\t\t\t<span>Surface:<\/span>\n\t\t\t\t\t\t\t\t\t<input type=\"number\" id=\"katz_search_surfHabMin\" name=\"katz_search[surfHabMin]\" placeholder=\"min\" min=\"0\" value=\"\" \/>\n\t\t\t\t\t\t\t\t\t<input type=\"number\" id=\"katz_search_surfHabMax\" name=\"katz_search[surfHabMax]\" placeholder=\"max\" min=\"0\" value=\"\" \/>\n\t\t\t\t\t\t\t\t<\/div>\n\t\t\t\t\t\t\t\t<div class=\"filter-item\">\n\t\t\t\t\t\t\t\t\t<span>Prix:<\/span>\n\t\t\t\t\t\t\t\t\t<input type=\"number\" id=\"katz_search_prixMin\" name=\"katz_search[prixMin]\" placeholder=\"min\" min=\"0\" value=\"\" \/>\n\t\t\t\t\t\t\t\t\t<input type=\"number\" id=\"katz_search_prixMax\" name=\"katz_search[prixMax]\" placeholder=\"max\" min=\"0\" value=\"\" \/>\n\t\t\t\t\t\t\t\t<\/div>\n\t\t\t\t\t\t\t<\/div>\n\t\t\t\t\t\t<\/div>\n\t\t\t\t\t<\/div>\n\t\t\t\t<\/div>\n\t\t\t\t<div class=\"container\">\n\t\t\t\t\t<div class=\"row\">\n\t\t\t\t\t\t<div class=\"col-lg-10 offset-lg-1 text-right\">\n\t\t\t\t\t\t\t<div class=\"link-elmt submit mt-sm\" id=\"submit-button-search-form\">Rechercher<\/div>\n\t\t\t\t\t\t<\/div>\n\t\t\t\t\t<\/div>\n\t\t\t\t<\/div>\n\t\t\t<\/form>\n\t\t<\/section>\n\t<\/div>\n<\/div>\n<div class=\"container\">\n\n<div class=\"block-katz paragraph\">\n<p>Du studio au 5 pi\u00e8ces, notre offre immobilier neuf Garches est susceptible de rencontrer les attentes et les budgets de tout candidat acqu\u00e9reur. Bien entendu, l&rsquo;avantage d&rsquo;un tel achat est qu&rsquo;il ouvre la porte \u00e0 la d\u00e9fiscalisation immobili\u00e8re. \u00c0 ce propos, vous pouvez compter sur les conseils personnalis\u00e9s de notre \u00e9quipe pour vous orienter (<a href=\"https:\/\/www.agencekatz.com\/agence-immobiliere\/loi-pinel-garches\/\" class=\"rank-math-link\">loi Pinel \u00e0 Garches<\/a>).<\/p>\n<\/div>\n\n<div class=\"block-katz annonces\">\n\t<div class=\"row\">\n\t\t\t\t\t\t<div class=\"product-block bg-white col-lg-4 col-md-6 col-12\">\n\t\t\t\t\t<a href=\"https:\/\/www.agencekatz.com\/acheter-appartement-maison?katz_search%5Bplace%5D=Garches&#038;katz_search%5BtypeOffre%5D=&#038;katz_search%5BnbPieces%5D=&#038;katz_search%5BsurfHabMin%5D=&#038;katz_search%5BsurfHabMax%5D=&#038;katz_search%5BprixMin%5D=&#038;katz_search%5BprixMax%5D=\">\n\t\t\t\t\t\t\t\t\t\t\t\t\t<div class=\"picture aos-init aos-animate\" data-aos=\"fade-left\">\n\t\t\t\t\t\t\t\t<img src=\"https:\/\/www.agencekatz.com\/agence-immobiliere\/wp-content\/uploads\/2020\/12\/5fe28883baacb_3906_01_33390451_g-1-400x400.jpg\" class=\"img-fluid\" alt=\"Immeuble ancien\">\n\t\t\t\t\t\t\t<\/div>\n\t\t\t\t\t\t\t\t\t\t\t\t\t<div class=\"description\">\n\t\t\t\t\t\t\t<div class=\"col-12 p-0\">\n\t\t\t\t\t\t\t\t<p class=\"title\">APPARTEMENT 121 M2 GARCHES<\/p>\n\t\t\t\t\t\t\t\t<p class=\"infos m-0\">\n\t\t\t\t\t\t\t\t\t5 pi\u00e8ces 121 m2. Bien unique situ\u00e9 \u00e0 deux pas de la gare SNCF \t\t\t\t\t\t\t\t<\/p>\n\t\t\t\t\t\t\t\t\t\t\t\t\t\t\t\t\t<div class=\"my-auto text-right\">\n\t\t\t\t\t\t\t\t\t\t<p class=\"price m-0\">\n\t\t\t\t\t\t\t\t\t\t\t879.000 \u20ac\t\t\t\t\t\t\t\t\t\t<\/p>\n\t\t\t\t\t\t\t\t\t<\/div>\n\t\t\t\t\t\t\t\t\t\t\t\t\t\t\t<\/div>\n\t\t\t\t\t\t<\/div>\n\t\t\t\t\t<\/a>\n\t\t\t\t<\/div>\n\t\t\t\t\t\t\t\t<div class=\"product-block bg-white col-lg-4 col-md-6 col-12\">\n\t\t\t\t\t<a href=\"https:\/\/www.agencekatz.com\/acheter-appartement-maison?katz_search%5Bplace%5D=Garches&#038;katz_search%5BtypeOffre%5D=&#038;katz_search%5BnbPieces%5D=&#038;katz_search%5BsurfHabMin%5D=&#038;katz_search%5BsurfHabMax%5D=&#038;katz_search%5BprixMin%5D=&#038;katz_search%5BprixMax%5D=\">\n\t\t\t\t\t\t\t\t\t\t\t\t\t<div class=\"picture aos-init aos-animate\" data-aos=\"fade-left\">\n\t\t\t\t\t\t\t\t<img src=\"https:\/\/www.agencekatz.com\/agence-immobiliere\/wp-content\/uploads\/2021\/02\/6035970396732_3906_01_30658042_a-400x400.jpg\" class=\"img-fluid\" alt=\"APPARTEMENT 58 M2 GARCHES\">\n\t\t\t\t\t\t\t<\/div>\n\t\t\t\t\t\t\t\t\t\t\t\t\t<div class=\"description\">\n\t\t\t\t\t\t\t<div class=\"col-12 p-0\">\n\t\t\t\t\t\t\t\t<p class=\"title\">APPARTEMENT 58 M2 GARCHES<\/p>\n\t\t\t\t\t\t\t\t<p class=\"infos m-0\">\n\t\t\t\t\t\t\t\t\t3 pi\u00e8ces Garches centre<br \/>\r\nVENDU\t\t\t\t\t\t\t\t<\/p>\n\t\t\t\t\t\t\t\t\t\t\t\t\t\t\t\t\t<div class=\"my-auto text-right\">\n\t\t\t\t\t\t\t\t\t\t<p class=\"price m-0\">\n\t\t\t\t\t\t\t\t\t\t\t295.000 \u20ac\t\t\t\t\t\t\t\t\t\t<\/p>\n\t\t\t\t\t\t\t\t\t<\/div>\n\t\t\t\t\t\t\t\t\t\t\t\t\t\t\t<\/div>\n\t\t\t\t\t\t<\/div>\n\t\t\t\t\t<\/a>\n\t\t\t\t<\/div>\n\t\t\t\t\t\t\t\t<div class=\"product-block bg-white col-lg-4 col-md-6 col-12\">\n\t\t\t\t\t<a href=\"https:\/\/www.agencekatz.com\/acheter-appartement-maison?katz_search%5Bplace%5D=Garches&#038;katz_search%5BtypeOffre%5D=&#038;katz_search%5BnbPieces%5D=&#038;katz_search%5BsurfHabMin%5D=&#038;katz_search%5BsurfHabMax%5D=&#038;katz_search%5BprixMin%5D=&#038;katz_search%5BprixMax%5D=\">\n\t\t\t\t\t\t\t\t\t\t\t\t\t<div class=\"picture aos-init aos-animate\" data-aos=\"fade-left\">\n\t\t\t\t\t\t\t\t<img src=\"https:\/\/www.agencekatz.com\/agence-immobiliere\/wp-content\/uploads\/2021\/02\/6035970381c47_3906_01_33134044_a-400x400.jpg\" class=\"img-fluid\" alt=\"APPARTEMENT 36 M2 GARCHES\">\n\t\t\t\t\t\t\t<\/div>\n\t\t\t\t\t\t\t\t\t\t\t\t\t<div class=\"description\">\n\t\t\t\t\t\t\t<div class=\"col-12 p-0\">\n\t\t\t\t\t\t\t\t<p class=\"title\">APPARTEMENT 36 M2 GARCHES<\/p>\n\t\t\t\t\t\t\t\t<p class=\"infos m-0\">\n\t\t\t\t\t\t\t\t\tStudio Garches &#8211; La Verboise &#8211; Les Chateaux en exclusivit\u00e9.\t\t\t\t\t\t\t\t<\/p>\n\t\t\t\t\t\t\t\t\t\t\t\t\t\t\t\t\t<div class=\"my-auto text-right\">\n\t\t\t\t\t\t\t\t\t\t<p class=\"price m-0\">\n\t\t\t\t\t\t\t\t\t\t\t210.000 \u20ac\t\t\t\t\t\t\t\t\t\t<\/p>\n\t\t\t\t\t\t\t\t\t<\/div>\n\t\t\t\t\t\t\t\t\t\t\t\t\t\t\t<\/div>\n\t\t\t\t\t\t<\/div>\n\t\t\t\t\t<\/a>\n\t\t\t\t<\/div>\n\t\t\t\t\t<\/div>\n<\/div>\n\n<div class=\"block-katz heading\">\n<h3>Comment choisir son promoteur immobilier <\/h3>\n<\/div>\n\n<div class=\"block-katz paragraph\">\n<p>En bref, la promotion immobili\u00e8re est l&rsquo;art de construire ou de r\u00e9nover afin d&rsquo;offrir \u00e0 la vente des logements, des surfaces commerciales, des bureaux, etc. <strong>Comment choisir son promoteur immobilier<\/strong> ? En optant pour une entreprise r\u00e9put\u00e9e qui ma\u00eetrise les nombreuses disciplines li\u00e9es \u00e0 cette activit&amp; :<\/p>\n<\/div>\n\n\n<ul><li><strong>Architecture et construction<\/strong><\/li><li><strong>Connaissances juridiques<\/strong> pour respecter les r\u00e8gles cadastrales, environnementales, les garanties\u2026<\/li><li><strong>Expertise commerciale<\/strong> : savoir que construire pour satisfaire la demande, pour trouver rapidement des acqu\u00e9reurs<\/li><\/ul>\n\n\n<div class=\"block-katz paragraph\">\n<p>KATZ Immobilier, en tant que <strong>promoteur immobilier \u00e0 succ\u00e8s<\/strong> depuis les ann\u00e9es 70, rassemble toutes ces comp\u00e9tences afin d&rsquo;offrir \u00e0 ses clients des prestations de qualit\u00e9 sup\u00e9rieure.<\/p>\n<\/div>\n\n<div class=\"block-katz liens\">\n\t<div class=\"row\">\n\t\t<div class=\"col-12\">\n\t\t\t\t\t\t\t<p class=\"titre\">Nos solutions immobili\u00e8res sur Garches<\/p>\n\t\t\t\t\t\t\t\t<div class=\"bloc-liens\">\n\t\t\t\t\t\t\t\t\t\t\t<div class=\"lien\">\n\t\t\t\t\t\t\t<a href=\"https:\/\/www.agencekatz.com\/agence-immobiliere\/garches-92380\/maison-vendre-garches\/\" title=\"Maison \u00e0 vendre \u00e0 Garches\" target=\"_self\">\n\t\t\t\t\t\t\t\tMaison \u00e0 vendre \u00e0 Garches\t\t\t\t\t\t\t<\/a>\n\t\t\t\t\t\t<\/div>\n\t\t\t\t\t\t\t\t\t\t\t\t<div class=\"lien\">\n\t\t\t\t\t\t\t<a href=\"https:\/\/www.agencekatz.com\/agence-immobiliere\/garches-92380\/immobilier-garches\/\" title=\"Immobilier Garches\" target=\"_self\">\n\t\t\t\t\t\t\t\tImmobilier Garches\t\t\t\t\t\t\t<\/a>\n\t\t\t\t\t\t<\/div>\n\t\t\t\t\t\t\t\t\t\t\t\t<div class=\"lien\">\n\t\t\t\t\t\t\t<a href=\"https:\/\/www.agencekatz.com\/agence-immobiliere\/garches-92380\/appartement-garches\/\" title=\"Appartement Garches\" target=\"_self\">\n\t\t\t\t\t\t\t\tAppartement Garches\t\t\t\t\t\t\t<\/a>\n\t\t\t\t\t\t<\/div>\n\t\t\t\t\t\t\t\t\t\t\t\t<div class=\"lien\">\n\t\t\t\t\t\t\t<a href=\"https:\/\/www.agencekatz.com\/agence-immobiliere\/garches-92380\/location-appartement-garches\/\" title=\"Location appartement Garches\" target=\"_self\">\n\t\t\t\t\t\t\t\tLocation appartement Garches\t\t\t\t\t\t\t<\/a>\n\t\t\t\t\t\t<\/div>\n\t\t\t\t\t\t\t\t\t\t\t\t<div class=\"lien\">\n\t\t\t\t\t\t\t<a href=\"https:\/\/www.agencekatz.com\/agence-immobiliere\/garches-92380\/achat-appartement-garches\/\" title=\"Achat appartement Garches\" target=\"_self\">\n\t\t\t\t\t\t\t\tAchat appartement Garches\t\t\t\t\t\t\t<\/a>\n\t\t\t\t\t\t<\/div>\n\t\t\t\t\t\t\t\t\t\t\t\t<div class=\"lien\">\n\t\t\t\t\t\t\t<a href=\"https:\/\/www.agencekatz.com\/agence-immobiliere\/garches-92380\/programme-immobilier-garches\/\" title=\"Programme immobilier Garches\" target=\"_self\">\n\t\t\t\t\t\t\t\tProgramme immobilier Garches\t\t\t\t\t\t\t<\/a>\n\t\t\t\t\t\t<\/div>\n\t\t\t\t\t\t\t\t\t\t\t\t<div class=\"lien\">\n\t\t\t\t\t\t\t<a href=\"https:\/\/www.agencekatz.com\/agence-immobiliere\/garches-92380\/studio-garches\/\" title=\"Studio Garches\" target=\"_self\">\n\t\t\t\t\t\t\t\tStudio Garches\t\t\t\t\t\t\t<\/a>\n\t\t\t\t\t\t<\/div>\n\t\t\t\t\t\t\t\t\t\t<\/div>\n\t\t\t\t\t\t<\/div>\n\t<\/div>\n<\/div>","protected":false},"excerpt":{"rendered":"<p>Vous voulez investir dans les Hauts-de-Seine et vous \u00eates \u00e0 la recherche d&rsquo;un promoteur immobilier \u00e0 Garches&nbsp;? Vous \u00eates \u00e0 la recherche d&rsquo;un programme neuf dans le 92&nbsp;? KATZ, qui dispose d&rsquo;une exp\u00e9rience de 50 ans dans la promotion immobili\u00e8re \u00e0 Garches, vous offre son savoir-faire dans tout l&rsquo;Ouest de Paris. Promotion immobili\u00e8re \u00e0 Garches [&hellip;]<\/p>\n","protected":false},"author":2,"featured_media":0,"parent":29054,"menu_order":0,"comment_status":"closed","ping_status":"closed","template":"","meta":[],"acf":[],"_links":{"self":[{"href":"https:\/\/www.agencekatz.com\/agence-immobiliere\/wp-json\/wp\/v2\/pages\/29797"}],"collection":[{"href":"https:\/\/www.agencekatz.com\/agence-immobiliere\/wp-json\/wp\/v2\/pages"}],"about":[{"href":"https:\/\/www.agencekatz.com\/agence-immobiliere\/wp-json\/wp\/v2\/types\/page"}],"author":[{"embeddable":true,"href":"https:\/\/www.agencekatz.com\/agence-immobiliere\/wp-json\/wp\/v2\/users\/2"}],"replies":[{"embeddable":true,"href":"https:\/\/www.agencekatz.com\/agence-immobiliere\/wp-json\/wp\/v2\/comments?post=29797"}],"version-history":[{"count":17,"href":"https:\/\/www.agencekatz.com\/agence-immobiliere\/wp-json\/wp\/v2\/pages\/29797\/revisions"}],"predecessor-version":[{"id":29820,"href":"https:\/\/www.agencekatz.com\/agence-immobiliere\/wp-json\/wp\/v2\/pages\/29797\/revisions\/29820"}],"up":[{"embeddable":true,"href":"https:\/\/www.agencekatz.com\/agence-immobiliere\/wp-json\/wp\/v2\/pages\/29054"}],"wp:attachment":[{"href":"https:\/\/www.agencekatz.com\/agence-immobiliere\/wp-json\/wp\/v2\/media?parent=29797"}],"curies":[{"name":"wp","href":"https:\/\/api.w.org\/{rel}","templated":true}]}}