{"id":29778,"date":"2021-08-10T11:53:47","date_gmt":"2021-08-10T09:53:47","guid":{"rendered":"https:\/\/www.agencekatz.com\/agence-immobiliere\/?page_id=29778"},"modified":"2021-08-10T11:56:29","modified_gmt":"2021-08-10T09:56:29","slug":"parking-ville-d-avray","status":"publish","type":"page","link":"https:\/\/www.agencekatz.com\/agence-immobiliere\/ville-d-avray-92410\/parking-ville-d-avray\/","title":{"rendered":"Parking Ville d&rsquo;Avray : achat, vente ou location garage"},"content":{"rendered":"<div class=\"block-katz paragraph\">\n<p>Pour \u00e9viter de perdre du temps durant le stationnement, rien de tel que d&rsquo;avoir son propre <strong>parking \u00e0 Ville-d&rsquo;Avray<\/strong>. Que ce soit pour un emplacement \u00e0 louer, l&rsquo;achat d&rsquo;un garage ou la location d&rsquo;un box, KATZ Immobilier vous propose ses services. Et si vous souhaitez vendre ou louer votre parking \u00e0 Ville-d&rsquo;Avray, nous sommes \u00e9galement \u00e0 votre disposition.<\/p>\n<\/div>\n\n<\/div>\n<div class=\"block-katz titre3photos\">\n\t<div class=\"container\">\n\t\t<div class=\"row\">\n\t\t\t\t\t\t\t<div class=\"col-12 text-center\">\n\t\t\t\t\t<h2>Vendre, louer ou acheter un parking \u00e0 Ville-d&rsquo;Avray (92410) ?<\/h2>\n\t\t\t\t<\/div>\n\t\t\t\t\t\t\t\t<div class=\"col-md-4 col-12\">\n\t\t\t\t\t<img src=\"https:\/\/www.agencekatz.com\/agence-immobiliere\/wp-content\/uploads\/2021\/05\/garage-400x400.jpg\" alt=\"garage\" \/>\n\t\t\t\t<\/div>\n\t\t\t\t\t\t\t\t<div class=\"col-md-4 col-12\">\n\t\t\t\t\t<img src=\"https:\/\/www.agencekatz.com\/agence-immobiliere\/wp-content\/uploads\/2021\/02\/defautkatz-400x400.png\" alt=\"Katz Immobilier\" \/>\n\t\t\t\t<\/div>\n\t\t\t\t\t\t\t\t<div class=\"col-md-4 col-12\">\n\t\t\t\t\t<img src=\"https:\/\/www.agencekatz.com\/agence-immobiliere\/wp-content\/uploads\/2021\/05\/parking-boulogne-400x400.jpg\" alt=\"parking Boulogne\" \/>\n\t\t\t\t<\/div>\n\t\t\t\t\t\t\t\t<div class=\"col-12 text-center\">\n\t\t\t\t\t<a href=\"https:\/\/www.agencekatz.com\/contact\" class=\"link link-gold\" title=\"Contactez-nous\" target=\"_self\">Contactez-nous<\/a>\n\t\t\t\t<\/div>\n\t\t\t\t\t\t<\/div>\n\t<\/div>\n<\/div>\n<div class=\"container\">\n\n<div class=\"block-katz heading\">\n<h2>Stationnement \u00e0 Ville-d&rsquo;Avray : comment \u00e7a marche ?<\/h2>\n<\/div>\n\n<div class=\"block-katz paragraph\">\n<p><strong>Ville-d\u2019Avray<\/strong> dispose de plusieurs solutions de stationnement. Certains se situent toutefois dans une zone orange ou rouge comme le <strong>Parking Malglaive<\/strong> et le Parking place de l\u2019\u00c9glise. Cela veut dire que le parcage est soumis \u00e0 diff\u00e9rentes conditions. En outre, vous ne pouvez occuper la place que pour une dur\u00e9e maximale de 2 ou 5 heures selon la couleur de la zone. En cas de d\u00e9passement de la dur\u00e9e de stationnement, les frais deviennent rapidement sal\u00e9s&#8230; Vous l\u2019aurez compris, acheter ou louer une place de parking dans la Ville-d\u2019Avray peut se montrer plus \u00e9conomique. Si vous comptez donc vous lancer dans ce type d\u2019investissement, comptez sur <strong>KATZ Immobilier<\/strong> pour profiter d\u2019un accompagnement de qualit\u00e9.<\/p>\n<\/div>\n\n<div class=\"block-katz heading\">\n<h2>Acheter ou louer une place de parking \u00e0 Ville-d\u2019Avray <\/h2>\n<\/div>\n\n<div class=\"block-katz paragraph\">\n<p>Garer sa voiture dans une aire de stationnement en zone orange ou rouge de Ville d&rsquo;Avray augmente consid\u00e9rablement les co\u00fbts d\u00e8s le moindre \u00e9cart. Il ne s\u2019agit pourtant pas l\u00e0 du seul souci. Trouver une place libre au moment o\u00f9 vous en avez besoin est une tout autre histoire. Bien \u00e9videmment, lorsque tous les emplacements d\u00e9di\u00e9s \u00e0 se garer sont occup\u00e9s, vous n\u2019avez d\u2019autres choix que de garer votre voiture ailleurs. L\u2019espace qui se montrera disponible \u00e0 vous peut d\u2019ailleurs se situer plus loin du lieu o\u00f9 vous comptiez vous rendre. En somme, vous perdez du temps et de l\u2019\u00e9nergie.<\/p>\n<\/div>\n\n<div class=\"block-katz annonces\">\n\t<div class=\"row\">\n\t\t\t\t\t\t<div class=\"product-block bg-white col-lg-4 col-md-6 col-12\">\n\t\t\t\t\t<a href=\"https:\/\/www.agencekatz.com\/biens-immobiliers\/achat-ville-d-avray-katz\">\n\t\t\t\t\t\t\t\t\t\t\t\t\t<div class=\"picture aos-init aos-animate\" data-aos=\"fade-left\">\n\t\t\t\t\t\t\t\t<img src=\"https:\/\/www.agencekatz.com\/agence-immobiliere\/wp-content\/uploads\/2021\/08\/parking-ville-avray-400x400.jpg\" class=\"img-fluid\" alt=\"parking ville d&#039;Avray\">\n\t\t\t\t\t\t\t<\/div>\n\t\t\t\t\t\t\t\t\t\t\t\t\t<div class=\"description\">\n\t\t\t\t\t\t\t<div class=\"col-12 p-0\">\n\t\t\t\t\t\t\t\t<p class=\"title\">Parking Ville-d&rsquo;Avray<\/p>\n\t\t\t\t\t\t\t\t<p class=\"infos m-0\">\n\t\t\t\t\t\t\t\t\tVILLE D&rsquo;AVRAY &#8211; 219 rue de Versailles &#8211;  Taxe fonci\u00e8re : 74 euros Charges annuelles : 40 euros\t\t\t\t\t\t\t\t<\/p>\n\t\t\t\t\t\t\t\t\t\t\t\t\t\t\t\t\t<div class=\"my-auto text-right\">\n\t\t\t\t\t\t\t\t\t\t<p class=\"price m-0\">\n\t\t\t\t\t\t\t\t\t\t\t10.000 \u20ac\t\t\t\t\t\t\t\t\t\t<\/p>\n\t\t\t\t\t\t\t\t\t<\/div>\n\t\t\t\t\t\t\t\t\t\t\t\t\t\t\t<\/div>\n\t\t\t\t\t\t<\/div>\n\t\t\t\t\t<\/a>\n\t\t\t\t<\/div>\n\t\t\t\t\t\t\t\t<div class=\"product-block bg-white col-lg-4 col-md-6 col-12\">\n\t\t\t\t\t<a href=\"https:\/\/www.agencekatz.com\/acheter-appartement-maison?katz_search%5Bplace%5D=Garches&#038;katz_search%5BtypeOffre%5D=&#038;katz_search%5BnbPieces%5D=&#038;katz_search%5BsurfHabMin%5D=&#038;katz_search%5BsurfHabMax%5D=&#038;katz_search%5BprixMin%5D=&#038;katz_search%5BprixMax%5D=\">\n\t\t\t\t\t\t\t\t\t\t\t\t\t<div class=\"picture aos-init aos-animate\" data-aos=\"fade-left\">\n\t\t\t\t\t\t\t\t<img src=\"https:\/\/www.agencekatz.com\/agence-immobiliere\/wp-content\/uploads\/2021\/02\/6035970396732_3906_01_30658042_a-400x400.jpg\" class=\"img-fluid\" alt=\"APPARTEMENT 58 M2 GARCHES\">\n\t\t\t\t\t\t\t<\/div>\n\t\t\t\t\t\t\t\t\t\t\t\t\t<div class=\"description\">\n\t\t\t\t\t\t\t<div class=\"col-12 p-0\">\n\t\t\t\t\t\t\t\t<p class=\"title\">APPARTEMENT GARCHES<\/p>\n\t\t\t\t\t\t\t\t<p class=\"infos m-0\">\n\t\t\t\t\t\t\t\t\t3 pi\u00e8ces Garches centre<br \/>\r\nVENDU\t\t\t\t\t\t\t\t<\/p>\n\t\t\t\t\t\t\t\t\t\t\t\t\t\t\t\t\t<div class=\"my-auto text-right\">\n\t\t\t\t\t\t\t\t\t\t<p class=\"price m-0\">\n\t\t\t\t\t\t\t\t\t\t\t295.000 \u20ac\t\t\t\t\t\t\t\t\t\t<\/p>\n\t\t\t\t\t\t\t\t\t<\/div>\n\t\t\t\t\t\t\t\t\t\t\t\t\t\t\t<\/div>\n\t\t\t\t\t\t<\/div>\n\t\t\t\t\t<\/a>\n\t\t\t\t<\/div>\n\t\t\t\t\t\t\t\t<div class=\"product-block bg-white col-lg-4 col-md-6 col-12\">\n\t\t\t\t\t<a href=\"https:\/\/www.agencekatz.com\/acheter-appartement-maison?katz_search%5Bplace%5D=Garches&#038;katz_search%5BtypeOffre%5D=&#038;katz_search%5BnbPieces%5D=&#038;katz_search%5BsurfHabMin%5D=&#038;katz_search%5BsurfHabMax%5D=&#038;katz_search%5BprixMin%5D=&#038;katz_search%5BprixMax%5D=\">\n\t\t\t\t\t\t\t\t\t\t\t\t\t<div class=\"picture aos-init aos-animate\" data-aos=\"fade-left\">\n\t\t\t\t\t\t\t\t<img src=\"https:\/\/www.agencekatz.com\/agence-immobiliere\/wp-content\/uploads\/2021\/08\/appartement-ville-avray-400x400.jpg\" class=\"img-fluid\" alt=\"appartement\">\n\t\t\t\t\t\t\t<\/div>\n\t\t\t\t\t\t\t\t\t\t\t\t\t<div class=\"description\">\n\t\t\t\t\t\t\t<div class=\"col-12 p-0\">\n\t\t\t\t\t\t\t\t<p class=\"title\">APPARTEMENT VILLE D&rsquo;AVRAY<\/p>\n\t\t\t\t\t\t\t\t<p class=\"infos m-0\">\n\t\t\t\t\t\t\t\t\tR\u00e9sidence calme &#8211; Parking disponible\t\t\t\t\t\t\t\t<\/p>\n\t\t\t\t\t\t\t\t\t\t\t\t\t\t\t\t\t<div class=\"my-auto text-right\">\n\t\t\t\t\t\t\t\t\t\t<p class=\"price m-0\">\n\t\t\t\t\t\t\t\t\t\t\tApd 320.000 \u20ac\t\t\t\t\t\t\t\t\t\t<\/p>\n\t\t\t\t\t\t\t\t\t<\/div>\n\t\t\t\t\t\t\t\t\t\t\t\t\t\t\t<\/div>\n\t\t\t\t\t\t<\/div>\n\t\t\t\t\t<\/a>\n\t\t\t\t<\/div>\n\t\t\t\t\t<\/div>\n<\/div>\n\n<div class=\"block-katz paragraph\">\n<p>Quelques investisseurs immobiliers ont d\u00e9j\u00e0 trouv\u00e9 la solution \u00e0 cette probl\u00e9matique. L<strong>\u2019achat ou la location de parking \u00e0 Ville-d\u2019Avray<\/strong>. En effet, la zone de stationnement d\u00e9di\u00e9e est g\u00e9n\u00e9ralement bien pr\u00e9sent\u00e9e et n\u00e9cessite peu d\u2019entretien. Elle est \u00e9galement libre au moment o\u00f9 vous en avez besoin. Cerise sur le g\u00e2teau, le ticket d\u2019entr\u00e9e est accessible \u00e0 tous.<\/p>\n<\/div>\n\n<div class=\"block-katz paragraph\">\n<p>L\u00e0 o\u00f9 il faut n\u00e9anmoins \u00eatre attentif, c\u2019est l\u2019emplacement et les alentours du parking \u00e0 Ville-d\u2019Avray. D\u2019o\u00f9 l\u2019int\u00e9r\u00eat de passer par un professionnel pour sa recherche.<\/p>\n<\/div>\n\n<\/div>\n<div class=\"block-katz moteurrecherche\">\n\t<div id=\"buy-location\">\n\t\t<section class=\"filter-search mt-md\">\n\t\t\t<form name=\"katz_search\" method=\"get\" id=\"search-form\" action=\"https:\/\/www.agencekatz.com\/acheter-appartement-maison#search-form\">\n\t\t\t\t<div class=\"container\">\n\t\t\t\t\t<p class=\"font-lato-bold font-size-26 color-blue text-uppercase text-center letter-spacing-400\">\n\t\t\t\t\t\tChercher parmi nos offres parking Ville-d&rsquo;Avray \t\t\t\t\t<\/p>\n\t\t\t\t\t<div class=\"row\">\n\t\t\t\t\t\t<div class=\"col-lg-10 offset-lg-1\">\n\t\t\t\t\t\t\t<div class=\"container-fluid selector-container mt-md mb-sm\">\n\t\t\t\t\t\t\t\t<div class=\"row no-gutters\">\n\t\t\t\t\t\t\t\t\t<div class=\"col-lg-6\">\n\t\t\t\t\t\t\t\t\t\t<div class=\"switch d-flex \">\n\t\t\t\t\t\t\t\t\t\t\t<a href=\"https:\/\/www.agencekatz.com\/acheter-appartement-maison\" class=\"link-elmt active\" target=\"_self\">\n\t\t\t\t\t\t\t\t\t\t\t\tAchat\n\t\t\t\t\t\t\t\t\t\t\t<\/a>\n\t\t\t\t\t\t\t\t\t\t\t<a href=\"https:\/\/www.agencekatz.com\/location-appartement-maison\" class=\"link-elmt \" target=\"_self\">\n\t\t\t\t\t\t\t\t\t\t\t\tLouer\n\t\t\t\t\t\t\t\t\t\t\t<\/a>\n\t\t\t\t\t\t\t\t\t\t<\/div>\n\t\t\t\t\t\t\t\t\t<\/div>\n\t\t\t\t\t\t\t\t\t<div class=\"col-lg-6 input-search\">\n\t\t\t\t\t\t\t\t\t\t<select id=\"katz_search_place\" name=\"katz_search[place]\" class=\"select-two\" placeholder=\"Ville, Code postal...\">\n\t\t\t\t\t\t\t\t\t\t\t<option value=\"\"><\/option>\n\t\t\t\t\t\t\t\t\t\t\t<option value=\"Beynes\" selected=\"selected\">Beynes &#8211; 78650<\/option>\n\t\t\t\t\t\t\t\t\t\t\t<option value=\"Bougival\">Bougival &#8211; 78380<\/option>\n\t\t\t\t\t\t\t\t\t\t\t<option value=\"Garches\">Garches &#8211; 92380<\/option>\n\t\t\t\t\t\t\t\t\t\t\t<option value=\"Goupilli\u00e8res\">Goupilli\u00e8res &#8211; 78770<\/option>\n\t\t\t\t\t\t\t\t\t\t\t<option value=\"Issy-les-Moulineaux\">Issy-les-Moulineaux &#8211; 92130<\/option>\n\t\t\t\t\t\t\t\t\t\t\t<option value=\"La Celle-Saint-Cloud\">La Celle-Saint-Cloud &#8211; 78170<\/option>\n\t\t\t\t\t\t\t\t\t\t\t<option value=\"Marnes-la-Coquette\">Marnes-la-Coquette &#8211; 92430<\/option>\n\t\t\t\t\t\t\t\t\t\t\t<option value=\"Montrouge\">Montrouge &#8211; 92120<\/option>\n\t\t\t\t\t\t\t\t\t\t\t<option value=\"Paris\">Paris &#8211; 75018<\/option>\n\t\t\t\t\t\t\t\t\t\t\t<option value=\"Paris 18\">Paris 18 &#8211; 75018<\/option>\n\t\t\t\t\t\t\t\t\t\t\t<option value=\"Vaucresson\">Vaucresson &#8211; 92420<\/option>\n\t\t\t\t\t\t\t\t\t\t\t<option value=\"Ville-d&#039;Avray\">Ville-d&#039;Avray &#8211; 92410<\/option>\n\t\t\t\t\t\t\t\t\t\t<\/select>\n\t\t\t\t\t\t\t\t\t<\/div>\n\t\t\t\t\t\t\t\t<\/div>\n\t\t\t\t\t\t\t<\/div>\n\t\t\t\t\t\t<\/div>\n\t\t\t\t\t<\/div>\n\t\t\t\t<\/div>\n\t\t\t\t<div class=\"container-fluid py-sm bg-blue color-white text-center\">\n\t\t\t\t\t<div class=\"container\">\n\t\t\t\t\t\t<div class=\"col-md-10 offset-md-1 col-12\">\n\t\t\t\t\t\t\t<div class=\"filter d-flex justify-content-between\">\n\t\t\t\t\t\t\t\t<select id=\"katz_search_typeOffre\" name=\"katz_search[typeOffre]\">\n\t\t\t\t\t\t\t\t\t<option value=\"\">Type de bien<\/option>\n\t\t\t\t\t\t\t\t\t<option value=\"1\">Appartement<\/option>\n\t\t\t\t\t\t\t\t\t<option value=\"2\">Maison<\/option>\n\t\t\t\t\t\t\t\t\t<option value=\"5\">Local<\/option>\n\t\t\t\t\t\t\t\t\t<option value=\"7\">Parking<\/option>\n\t\t\t\t\t\t\t\t\t<option value=\"3\">Terrain<\/option>\n\t\t\t\t\t\t\t\t\t<option value=\"4\">Immeuble<\/option>\n\t\t\t\t\t\t\t\t<\/select>\n\t\t\t\t\t\t\t\t<select id=\"katz_search_nbPieces\" name=\"katz_search[nbPieces]\">\n\t\t\t\t\t\t\t\t\t<option value=\"\">Pi\u00e8ces<\/option>\n\t\t\t\t\t\t\t\t\t<option value=\"1\">1<\/option>\n\t\t\t\t\t\t\t\t\t<option value=\"2\">2<\/option>\n\t\t\t\t\t\t\t\t\t<option value=\"3\">3<\/option>\n\t\t\t\t\t\t\t\t\t<option value=\"4\">4<\/option>\n\t\t\t\t\t\t\t\t\t<option value=\"5\">5 et +<\/option>\n\t\t\t\t\t\t\t\t<\/select>\n\t\t\t\t\t\t\t\t<div class=\"filter-item\">\n\t\t\t\t\t\t\t\t\t<span>Surface:<\/span>\n\t\t\t\t\t\t\t\t\t<input type=\"number\" id=\"katz_search_surfHabMin\" name=\"katz_search[surfHabMin]\" placeholder=\"min\" min=\"0\" value=\"\" \/>\n\t\t\t\t\t\t\t\t\t<input type=\"number\" id=\"katz_search_surfHabMax\" name=\"katz_search[surfHabMax]\" placeholder=\"max\" min=\"0\" value=\"\" \/>\n\t\t\t\t\t\t\t\t<\/div>\n\t\t\t\t\t\t\t\t<div class=\"filter-item\">\n\t\t\t\t\t\t\t\t\t<span>Prix:<\/span>\n\t\t\t\t\t\t\t\t\t<input type=\"number\" id=\"katz_search_prixMin\" name=\"katz_search[prixMin]\" placeholder=\"min\" min=\"0\" value=\"\" \/>\n\t\t\t\t\t\t\t\t\t<input type=\"number\" id=\"katz_search_prixMax\" name=\"katz_search[prixMax]\" placeholder=\"max\" min=\"0\" value=\"\" \/>\n\t\t\t\t\t\t\t\t<\/div>\n\t\t\t\t\t\t\t<\/div>\n\t\t\t\t\t\t<\/div>\n\t\t\t\t\t<\/div>\n\t\t\t\t<\/div>\n\t\t\t\t<div class=\"container\">\n\t\t\t\t\t<div class=\"row\">\n\t\t\t\t\t\t<div class=\"col-lg-10 offset-lg-1 text-right\">\n\t\t\t\t\t\t\t<div class=\"link-elmt submit mt-sm\" id=\"submit-button-search-form\">Rechercher<\/div>\n\t\t\t\t\t\t<\/div>\n\t\t\t\t\t<\/div>\n\t\t\t\t<\/div>\n\t\t\t<\/form>\n\t\t<\/section>\n\t<\/div>\n<\/div>\n<div class=\"container\">\n\n<div class=\"block-katz heading\">\n<h3>Katz Immobilier vous d\u00e9niche la place de parking id\u00e9ale pour vous<\/h3>\n<\/div>\n\n<div class=\"block-katz paragraph\">\n<p>Vos recherches de parking bien plac\u00e9 \u00e0 Ville-d\u2019Avray peuvent se faire en consultant les annonces de particuliers \u00e0 particuliers. Cependant, si cette m\u00e9thode ne porte pas ses fruits ou simplement pour optimiser vos chances, faites appel \u00e0 Katz Immobilier. Nous sommes une agence immobili\u00e8re bas\u00e9e \u00e0 Garches et qui cumule <strong>plus de 50 ans d\u2019exp\u00e9rience<\/strong> dans le domaine. Il va sans dire que notre connaissance du march\u00e9 et le fait que nous sommes toujours \u00e0 l\u2019aff\u00fbt des ventes immobili\u00e8res \u00e0 Ville-d\u2019Avray repr\u00e9sentent nos meilleurs atouts pour vous aider \u00e0 d\u00e9nicher le parking id\u00e9al.<\/p>\n<\/div>\n\n<div class=\"block-katz paragraph\">\n<p>Contactez-nous alors d\u00e8s maintenant pour trouver rapidement la place de <strong>parking Ville-d&rsquo;Avray (92)<\/strong> en vente ou en location qui correspond \u00e0 vos exigences.<\/p>\n<\/div>\n\n<div class=\"block-katz liens\">\n\t<div class=\"row\">\n\t\t<div class=\"col-12\">\n\t\t\t\t\t\t\t<p class=\"titre\">Nos autres services<\/p>\n\t\t\t\t\t\t\t\t<div class=\"bloc-liens\">\n\t\t\t\t\t\t\t\t\t\t\t<div class=\"lien\">\n\t\t\t\t\t\t\t<a href=\"https:\/\/www.agencekatz.com\/agence-immobiliere\/ville-d-avray-92410\/immobilier-ville-d-avray\/\" title=\"Immobilier Ville-d'Avray\" target=\"_self\">\n\t\t\t\t\t\t\t\tImmobilier Ville-d&rsquo;Avray\t\t\t\t\t\t\t<\/a>\n\t\t\t\t\t\t<\/div>\n\t\t\t\t\t\t\t\t\t\t\t\t<div class=\"lien\">\n\t\t\t\t\t\t\t<a href=\"https:\/\/www.agencekatz.com\/agence-immobiliere\/ville-d-avray-92410\/maison-ville-d-avray\" title=\"Maison Ville-d'Avray\" target=\"_self\">\n\t\t\t\t\t\t\t\tMaison Ville-d&rsquo;Avray\t\t\t\t\t\t\t<\/a>\n\t\t\t\t\t\t<\/div>\n\t\t\t\t\t\t\t\t\t\t\t\t<div class=\"lien\">\n\t\t\t\t\t\t\t<a href=\"https:\/\/www.agencekatz.com\/agence-immobiliere\/ville-d-avray-92410\/terrain-ville-d-avray\" title=\"Terrain Ville-d'Avray\" target=\"_self\">\n\t\t\t\t\t\t\t\tTerrain Ville-d&rsquo;Avray\t\t\t\t\t\t\t<\/a>\n\t\t\t\t\t\t<\/div>\n\t\t\t\t\t\t\t\t\t\t\t\t<div class=\"lien\">\n\t\t\t\t\t\t\t<a href=\"https:\/\/www.agencekatz.com\/agence-immobiliere\/ville-d-avray-92410\/appartement-ville-d-avray\" title=\"Appartement Ville-d'Avray\" target=\"_self\">\n\t\t\t\t\t\t\t\tAppartement Ville-d&rsquo;Avray\t\t\t\t\t\t\t<\/a>\n\t\t\t\t\t\t<\/div>\n\t\t\t\t\t\t\t\t\t\t\t\t<div class=\"lien\">\n\t\t\t\t\t\t\t<a href=\"https:\/\/www.agencekatz.com\/agence-immobiliere\/ville-d-avray-92410\/location-ville-d-avray\" title=\"Location Ville-d'Avray\" target=\"_self\">\n\t\t\t\t\t\t\t\tLocation Ville-d&rsquo;Avray\t\t\t\t\t\t\t<\/a>\n\t\t\t\t\t\t<\/div>\n\t\t\t\t\t\t\t\t\t\t\t\t<div class=\"lien\">\n\t\t\t\t\t\t\t<a href=\"https:\/\/www.agencekatz.com\/agence-immobiliere\/ville-d-avray-92410\/\" title=\"Agence immobili\u00e8re Ville-D'Avray\" target=\"_self\">\n\t\t\t\t\t\t\t\tAgence immobili\u00e8re Ville-D&rsquo;Avray\t\t\t\t\t\t\t<\/a>\n\t\t\t\t\t\t<\/div>\n\t\t\t\t\t\t\t\t\t\t<\/div>\n\t\t\t\t\t\t<\/div>\n\t<\/div>\n<\/div>","protected":false},"excerpt":{"rendered":"<p>Pour \u00e9viter de perdre du temps durant le stationnement, rien de tel que d&rsquo;avoir son propre parking \u00e0 Ville-d&rsquo;Avray. Que ce soit pour un emplacement \u00e0 louer, l&rsquo;achat d&rsquo;un garage ou la location d&rsquo;un box, KATZ Immobilier vous propose ses services. Et si vous souhaitez vendre ou louer votre parking \u00e0 Ville-d&rsquo;Avray, nous sommes \u00e9galement [&hellip;]<\/p>\n","protected":false},"author":2,"featured_media":0,"parent":29652,"menu_order":0,"comment_status":"closed","ping_status":"closed","template":"","meta":[],"acf":[],"_links":{"self":[{"href":"https:\/\/www.agencekatz.com\/agence-immobiliere\/wp-json\/wp\/v2\/pages\/29778"}],"collection":[{"href":"https:\/\/www.agencekatz.com\/agence-immobiliere\/wp-json\/wp\/v2\/pages"}],"about":[{"href":"https:\/\/www.agencekatz.com\/agence-immobiliere\/wp-json\/wp\/v2\/types\/page"}],"author":[{"embeddable":true,"href":"https:\/\/www.agencekatz.com\/agence-immobiliere\/wp-json\/wp\/v2\/users\/2"}],"replies":[{"embeddable":true,"href":"https:\/\/www.agencekatz.com\/agence-immobiliere\/wp-json\/wp\/v2\/comments?post=29778"}],"version-history":[{"count":4,"href":"https:\/\/www.agencekatz.com\/agence-immobiliere\/wp-json\/wp\/v2\/pages\/29778\/revisions"}],"predecessor-version":[{"id":29786,"href":"https:\/\/www.agencekatz.com\/agence-immobiliere\/wp-json\/wp\/v2\/pages\/29778\/revisions\/29786"}],"up":[{"embeddable":true,"href":"https:\/\/www.agencekatz.com\/agence-immobiliere\/wp-json\/wp\/v2\/pages\/29652"}],"wp:attachment":[{"href":"https:\/\/www.agencekatz.com\/agence-immobiliere\/wp-json\/wp\/v2\/media?parent=29778"}],"curies":[{"name":"wp","href":"https:\/\/api.w.org\/{rel}","templated":true}]}}