{"id":29739,"date":"2021-08-05T10:44:53","date_gmt":"2021-08-05T08:44:53","guid":{"rendered":"https:\/\/www.agencekatz.com\/agence-immobiliere\/?page_id=29739"},"modified":"2021-08-05T10:55:15","modified_gmt":"2021-08-05T08:55:15","slug":"immobilier-ville-d-avray","status":"publish","type":"page","link":"https:\/\/www.agencekatz.com\/agence-immobiliere\/ville-d-avray-92410\/immobilier-ville-d-avray\/","title":{"rendered":"Immobilier Ville-d&rsquo;Avray\u00a0: trouver un bien ou vendre avec KATZ"},"content":{"rendered":"<div class=\"block-katz paragraph\">\n<p>Le march\u00e9 immobilier de Ville-d&rsquo;Avray est dynamique. Que vous soyez \u00e0 la recherche d&rsquo;une acquisition, d&rsquo;une location ou que vous souhaitiez vendre, KATZ est votre partenaire privil\u00e9gi\u00e9. En tant qu&rsquo;experts de l&rsquo;ouest de Paris, nous vous accompagnons dans tout <strong>projet immobilier \u00e0 Ville-d&rsquo;Avray<\/strong> (92410). Y compris dans la <a class=\"rank-math-link\" href=\"https:\/\/www.agencekatz.com\/promotion-immobiliere\">promotion immobili\u00e8re<\/a>, qui fait \u00e9galement partie de nos domaines de pr\u00e9dilection.<\/p>\n<\/div>\n\n<\/div>\n<div class=\"block-katz titre3photos\">\n\t<div class=\"container\">\n\t\t<div class=\"row\">\n\t\t\t\t\t\t\t<div class=\"col-12 text-center\">\n\t\t\t\t\t<h2>Recherche immobili\u00e8re sp\u00e9cifique sur Ville-d&rsquo;Avray (92) ?<\/h2>\n\t\t\t\t<\/div>\n\t\t\t\t\t\t\t\t<div class=\"col-md-4 col-12\">\n\t\t\t\t\t<img src=\"https:\/\/www.agencekatz.com\/agence-immobiliere\/wp-content\/uploads\/2021\/02\/appartement-neuf-400x400.png\" alt=\"Appartement neuf\" \/>\n\t\t\t\t<\/div>\n\t\t\t\t\t\t\t\t<div class=\"col-md-4 col-12\">\n\t\t\t\t\t<img src=\"https:\/\/www.agencekatz.com\/agence-immobiliere\/wp-content\/uploads\/2021\/02\/defautkatz-400x400.png\" alt=\"Katz Immobilier\" \/>\n\t\t\t\t<\/div>\n\t\t\t\t\t\t\t\t<div class=\"col-md-4 col-12\">\n\t\t\t\t\t<img src=\"https:\/\/www.agencekatz.com\/agence-immobiliere\/wp-content\/uploads\/2021\/02\/programme-neuf-400x400.jpg\" alt=\"Programme immobilier neuf\" \/>\n\t\t\t\t<\/div>\n\t\t\t\t\t\t\t\t<div class=\"col-12 text-center\">\n\t\t\t\t\t<a href=\"https:\/\/www.agencekatz.com\/contact\" class=\"link link-gold\" title=\"Contactez-nous\" target=\"_self\">Contactez-nous<\/a>\n\t\t\t\t<\/div>\n\t\t\t\t\t\t<\/div>\n\t<\/div>\n<\/div>\n<div class=\"container\">\n\n<div class=\"block-katz heading\">\n<h2>Immobilier Ville-d&rsquo;Avray : focus sur ce march\u00e9<\/h2>\n<\/div>\n\n<div class=\"block-katz paragraph\">\n<p>Ville-d&rsquo;Avray est une commune des Hauts-de-Seine pris\u00e9e. Elle se caract\u00e9rise par un cadre verdoyant avec des \u00e9tangs, un bon mix de <strong>r\u00e9sidences \u00e0 appartements<\/strong>, de maisons et de villas. C&rsquo;est ici que se trouve le c\u00e9l\u00e8bre ch\u00e2teau de Ville-d&rsquo;Avray, situ\u00e9e non loin de la mairie. Les quartiers de la commune au code postal 92410 sont les suivants :<\/p>\n<\/div>\n\n\n<ul><li>Centre-La Prairie<\/li><li>Cote d&rsquo;Argent-Desvallieres-Gambetta<\/li><li>For\u00eat de Fausses Reposes<\/li><li>La Ronce<\/li><li>Rue de Versailles-Monast\u00e8re<\/li><li>Thierry-Saint Cloud<\/li><\/ul>\n\n\n<div class=\"block-katz paragraph\">\n<p>Le caract\u00e8re tr\u00e8s vert de Ville-d&rsquo;Avray se manifeste par la pr\u00e9sence de la for\u00eat domaniale de Fausses-Reposes sur une grande partie du territoire ouest de la commune. Mais aussi par les espaces verts des communes voisines qui fournissent de belles vues aux biens immobiliers, comme le parc d\u00e9partemental du Haras de Jardy au nord-ouest (Marnes-la-Coquette) et le parc Saint-Cloud au nord-est. Parmi les autres voisines de Ville-d&rsquo;Avray, citons Chaville, Versailles, Viroflay ou encore S\u00e8vres. Toutes ces communes des Hauts-de-Seine font l&rsquo;objet d&rsquo;une <strong>demande immobili\u00e8re importante<\/strong>.<\/p>\n<\/div>\n\n<div class=\"block-katz annonces\">\n\t<div class=\"row\">\n\t\t\t\t\t\t<div class=\"product-block bg-white col-lg-4 col-md-6 col-12\">\n\t\t\t\t\t<a href=\"https:\/\/www.agencekatz.com\/biens-immobiliers\/achat-ville-d-avray-katz\">\n\t\t\t\t\t\t\t\t\t\t\t\t\t<div class=\"picture aos-init aos-animate\" data-aos=\"fade-left\">\n\t\t\t\t\t\t\t\t<img src=\"https:\/\/www.agencekatz.com\/agence-immobiliere\/wp-content\/uploads\/2021\/08\/parking-ville-avray-400x400.jpg\" class=\"img-fluid\" alt=\"parking ville d&#039;Avray\">\n\t\t\t\t\t\t\t<\/div>\n\t\t\t\t\t\t\t\t\t\t\t\t\t<div class=\"description\">\n\t\t\t\t\t\t\t<div class=\"col-12 p-0\">\n\t\t\t\t\t\t\t\t<p class=\"title\">Parking Ville-d&rsquo;Avray<\/p>\n\t\t\t\t\t\t\t\t<p class=\"infos m-0\">\n\t\t\t\t\t\t\t\t\tVILLE D&rsquo;AVRAY &#8211; 219 rue de Versailles &#8211;  Taxe fonci\u00e8re : 74 euros Charges annuelles : 40 euros\t\t\t\t\t\t\t\t<\/p>\n\t\t\t\t\t\t\t\t\t\t\t\t\t\t\t\t\t<div class=\"my-auto text-right\">\n\t\t\t\t\t\t\t\t\t\t<p class=\"price m-0\">\n\t\t\t\t\t\t\t\t\t\t\t10.000 \u20ac\t\t\t\t\t\t\t\t\t\t<\/p>\n\t\t\t\t\t\t\t\t\t<\/div>\n\t\t\t\t\t\t\t\t\t\t\t\t\t\t\t<\/div>\n\t\t\t\t\t\t<\/div>\n\t\t\t\t\t<\/a>\n\t\t\t\t<\/div>\n\t\t\t\t\t\t\t\t<div class=\"product-block bg-white col-lg-4 col-md-6 col-12\">\n\t\t\t\t\t<a href=\"https:\/\/www.agencekatz.com\/acheter-appartement-maison?katz_search%5Bplace%5D=Garches&#038;katz_search%5BtypeOffre%5D=&#038;katz_search%5BnbPieces%5D=&#038;katz_search%5BsurfHabMin%5D=&#038;katz_search%5BsurfHabMax%5D=&#038;katz_search%5BprixMin%5D=&#038;katz_search%5BprixMax%5D=\">\n\t\t\t\t\t\t\t\t\t\t\t\t\t<div class=\"picture aos-init aos-animate\" data-aos=\"fade-left\">\n\t\t\t\t\t\t\t\t<img src=\"https:\/\/www.agencekatz.com\/agence-immobiliere\/wp-content\/uploads\/2021\/02\/6035970396732_3906_01_30658042_a-400x400.jpg\" class=\"img-fluid\" alt=\"APPARTEMENT 58 M2 GARCHES\">\n\t\t\t\t\t\t\t<\/div>\n\t\t\t\t\t\t\t\t\t\t\t\t\t<div class=\"description\">\n\t\t\t\t\t\t\t<div class=\"col-12 p-0\">\n\t\t\t\t\t\t\t\t<p class=\"title\">APPARTEMENT GARCHES<\/p>\n\t\t\t\t\t\t\t\t<p class=\"infos m-0\">\n\t\t\t\t\t\t\t\t\t3 pi\u00e8ces Garches centre<br \/>\r\nVENDU\t\t\t\t\t\t\t\t<\/p>\n\t\t\t\t\t\t\t\t\t\t\t\t\t\t\t\t\t<div class=\"my-auto text-right\">\n\t\t\t\t\t\t\t\t\t\t<p class=\"price m-0\">\n\t\t\t\t\t\t\t\t\t\t\t295.000 \u20ac\t\t\t\t\t\t\t\t\t\t<\/p>\n\t\t\t\t\t\t\t\t\t<\/div>\n\t\t\t\t\t\t\t\t\t\t\t\t\t\t\t<\/div>\n\t\t\t\t\t\t<\/div>\n\t\t\t\t\t<\/a>\n\t\t\t\t<\/div>\n\t\t\t\t\t\t\t\t<div class=\"product-block bg-white col-lg-4 col-md-6 col-12\">\n\t\t\t\t\t<a href=\"https:\/\/www.agencekatz.com\/acheter-appartement-maison?katz_search%5Bplace%5D=Garches&#038;katz_search%5BtypeOffre%5D=&#038;katz_search%5BnbPieces%5D=&#038;katz_search%5BsurfHabMin%5D=&#038;katz_search%5BsurfHabMax%5D=&#038;katz_search%5BprixMin%5D=&#038;katz_search%5BprixMax%5D=\">\n\t\t\t\t\t\t\t\t\t\t\t\t\t<div class=\"picture aos-init aos-animate\" data-aos=\"fade-left\">\n\t\t\t\t\t\t\t\t<img src=\"https:\/\/www.agencekatz.com\/agence-immobiliere\/wp-content\/uploads\/2021\/08\/appartement-ville-avray-400x400.jpg\" class=\"img-fluid\" alt=\"appartement\">\n\t\t\t\t\t\t\t<\/div>\n\t\t\t\t\t\t\t\t\t\t\t\t\t<div class=\"description\">\n\t\t\t\t\t\t\t<div class=\"col-12 p-0\">\n\t\t\t\t\t\t\t\t<p class=\"title\">APPARTEMENT VILLE D&rsquo;AVRAY<\/p>\n\t\t\t\t\t\t\t\t<p class=\"infos m-0\">\n\t\t\t\t\t\t\t\t\tR\u00e9sidence calme &#8211; Parking disponible\t\t\t\t\t\t\t\t<\/p>\n\t\t\t\t\t\t\t\t\t\t\t\t\t\t\t\t\t<div class=\"my-auto text-right\">\n\t\t\t\t\t\t\t\t\t\t<p class=\"price m-0\">\n\t\t\t\t\t\t\t\t\t\t\tApd 320.000 \u20ac\t\t\t\t\t\t\t\t\t\t<\/p>\n\t\t\t\t\t\t\t\t\t<\/div>\n\t\t\t\t\t\t\t\t\t\t\t\t\t\t\t<\/div>\n\t\t\t\t\t\t<\/div>\n\t\t\t\t\t<\/a>\n\t\t\t\t<\/div>\n\t\t\t\t\t<\/div>\n<\/div>\n\n<div class=\"block-katz heading\">\n<h2>Confiez votre recherche immobili\u00e8re Ville-d&rsquo;Avray \u00e0 KATZ<\/h2>\n<\/div>\n\n<div class=\"block-katz paragraph\">\n<p>KATZ Immobilier a fait des Hauts-de-Seine son domaine depuis les ann\u00e9es 70. Notre <strong>agence familiale sp\u00e9cialis\u00e9e dans l&rsquo;immobilier \u00e0 Ville-d&rsquo;Avray<\/strong> vous propose une grande vari\u00e9t\u00e9 de biens pour satisfaire tous vos souhaits. Du studio \u00e0 la villa en passant par les terrains, les garages et les appartements de toute taille, nous avons des offres attractives aussi bien dans le domaine de la <strong>location <\/strong>que de la <strong>vente<\/strong>.<\/p>\n<\/div>\n\n<div class=\"block-katz paragraph\">\n<p>Notre moteur de recherche vous permettra de parcourir les biens immobiliers que nous avons sur Ville-d&rsquo;Avray et les environs. Cependant, afin de respecter la confidentialit\u00e9 exig\u00e9e par certains de nos clients, toutes les offres ne sont pas publiques. De ce fait, n&rsquo;h\u00e9sitez pas \u00e0 nous contacter pour prendre connaissance l&rsquo;int\u00e9gralit\u00e9 de notre <strong>offre immobili\u00e8re \u00e0 Ville-d&rsquo;Avray<\/strong>. Cette prise de contact nous permettra \u00e9galement de mener des recherches dans notre r\u00e9seau pour trouver la perle rare. Ou encore de vous avertir de la disponibilit\u00e9 toute fra\u00eeche d&rsquo;un bien susceptible de vous int\u00e9resser.<\/p>\n<\/div>\n\n<\/div>\n<div class=\"block-katz moteurrecherche\">\n\t<div id=\"buy-location\">\n\t\t<section class=\"filter-search mt-md\">\n\t\t\t<form name=\"katz_search\" method=\"get\" id=\"search-form\" action=\"https:\/\/www.agencekatz.com\/acheter-appartement-maison#search-form\">\n\t\t\t\t<div class=\"container\">\n\t\t\t\t\t<p class=\"font-lato-bold font-size-26 color-blue text-uppercase text-center letter-spacing-400\">\n\t\t\t\t\t\tVous cherchez un bien sur Ville-d&rsquo;Avray ? \t\t\t\t\t<\/p>\n\t\t\t\t\t<div class=\"row\">\n\t\t\t\t\t\t<div class=\"col-lg-10 offset-lg-1\">\n\t\t\t\t\t\t\t<div class=\"container-fluid selector-container mt-md mb-sm\">\n\t\t\t\t\t\t\t\t<div class=\"row no-gutters\">\n\t\t\t\t\t\t\t\t\t<div class=\"col-lg-6\">\n\t\t\t\t\t\t\t\t\t\t<div class=\"switch d-flex \">\n\t\t\t\t\t\t\t\t\t\t\t<a href=\"https:\/\/www.agencekatz.com\/acheter-appartement-maison\" class=\"link-elmt active\" target=\"_self\">\n\t\t\t\t\t\t\t\t\t\t\t\tAchat\n\t\t\t\t\t\t\t\t\t\t\t<\/a>\n\t\t\t\t\t\t\t\t\t\t\t<a href=\"https:\/\/www.agencekatz.com\/location-appartement-maison\" class=\"link-elmt \" target=\"_self\">\n\t\t\t\t\t\t\t\t\t\t\t\tLouer\n\t\t\t\t\t\t\t\t\t\t\t<\/a>\n\t\t\t\t\t\t\t\t\t\t<\/div>\n\t\t\t\t\t\t\t\t\t<\/div>\n\t\t\t\t\t\t\t\t\t<div class=\"col-lg-6 input-search\">\n\t\t\t\t\t\t\t\t\t\t<select id=\"katz_search_place\" name=\"katz_search[place]\" class=\"select-two\" placeholder=\"Ville, Code postal...\">\n\t\t\t\t\t\t\t\t\t\t\t<option value=\"\"><\/option>\n\t\t\t\t\t\t\t\t\t\t\t<option value=\"Beynes\" selected=\"selected\">Beynes &#8211; 78650<\/option>\n\t\t\t\t\t\t\t\t\t\t\t<option value=\"Bougival\">Bougival &#8211; 78380<\/option>\n\t\t\t\t\t\t\t\t\t\t\t<option value=\"Garches\">Garches &#8211; 92380<\/option>\n\t\t\t\t\t\t\t\t\t\t\t<option value=\"Goupilli\u00e8res\">Goupilli\u00e8res &#8211; 78770<\/option>\n\t\t\t\t\t\t\t\t\t\t\t<option value=\"Issy-les-Moulineaux\">Issy-les-Moulineaux &#8211; 92130<\/option>\n\t\t\t\t\t\t\t\t\t\t\t<option value=\"La Celle-Saint-Cloud\">La Celle-Saint-Cloud &#8211; 78170<\/option>\n\t\t\t\t\t\t\t\t\t\t\t<option value=\"Marnes-la-Coquette\">Marnes-la-Coquette &#8211; 92430<\/option>\n\t\t\t\t\t\t\t\t\t\t\t<option value=\"Montrouge\">Montrouge &#8211; 92120<\/option>\n\t\t\t\t\t\t\t\t\t\t\t<option value=\"Paris\">Paris &#8211; 75018<\/option>\n\t\t\t\t\t\t\t\t\t\t\t<option value=\"Paris 18\">Paris 18 &#8211; 75018<\/option>\n\t\t\t\t\t\t\t\t\t\t\t<option value=\"Vaucresson\">Vaucresson &#8211; 92420<\/option>\n\t\t\t\t\t\t\t\t\t\t\t<option value=\"Ville-d&#039;Avray\">Ville-d&#039;Avray &#8211; 92410<\/option>\n\t\t\t\t\t\t\t\t\t\t<\/select>\n\t\t\t\t\t\t\t\t\t<\/div>\n\t\t\t\t\t\t\t\t<\/div>\n\t\t\t\t\t\t\t<\/div>\n\t\t\t\t\t\t<\/div>\n\t\t\t\t\t<\/div>\n\t\t\t\t<\/div>\n\t\t\t\t<div class=\"container-fluid py-sm bg-blue color-white text-center\">\n\t\t\t\t\t<div class=\"container\">\n\t\t\t\t\t\t<div class=\"col-md-10 offset-md-1 col-12\">\n\t\t\t\t\t\t\t<div class=\"filter d-flex justify-content-between\">\n\t\t\t\t\t\t\t\t<select id=\"katz_search_typeOffre\" name=\"katz_search[typeOffre]\">\n\t\t\t\t\t\t\t\t\t<option value=\"\">Type de bien<\/option>\n\t\t\t\t\t\t\t\t\t<option value=\"1\">Appartement<\/option>\n\t\t\t\t\t\t\t\t\t<option value=\"2\">Maison<\/option>\n\t\t\t\t\t\t\t\t\t<option value=\"5\">Local<\/option>\n\t\t\t\t\t\t\t\t\t<option value=\"7\">Parking<\/option>\n\t\t\t\t\t\t\t\t\t<option value=\"3\">Terrain<\/option>\n\t\t\t\t\t\t\t\t\t<option value=\"4\">Immeuble<\/option>\n\t\t\t\t\t\t\t\t<\/select>\n\t\t\t\t\t\t\t\t<select id=\"katz_search_nbPieces\" name=\"katz_search[nbPieces]\">\n\t\t\t\t\t\t\t\t\t<option value=\"\">Pi\u00e8ces<\/option>\n\t\t\t\t\t\t\t\t\t<option value=\"1\">1<\/option>\n\t\t\t\t\t\t\t\t\t<option value=\"2\">2<\/option>\n\t\t\t\t\t\t\t\t\t<option value=\"3\">3<\/option>\n\t\t\t\t\t\t\t\t\t<option value=\"4\">4<\/option>\n\t\t\t\t\t\t\t\t\t<option value=\"5\">5 et +<\/option>\n\t\t\t\t\t\t\t\t<\/select>\n\t\t\t\t\t\t\t\t<div class=\"filter-item\">\n\t\t\t\t\t\t\t\t\t<span>Surface:<\/span>\n\t\t\t\t\t\t\t\t\t<input type=\"number\" id=\"katz_search_surfHabMin\" name=\"katz_search[surfHabMin]\" placeholder=\"min\" min=\"0\" value=\"\" \/>\n\t\t\t\t\t\t\t\t\t<input type=\"number\" id=\"katz_search_surfHabMax\" name=\"katz_search[surfHabMax]\" placeholder=\"max\" min=\"0\" value=\"\" \/>\n\t\t\t\t\t\t\t\t<\/div>\n\t\t\t\t\t\t\t\t<div class=\"filter-item\">\n\t\t\t\t\t\t\t\t\t<span>Prix:<\/span>\n\t\t\t\t\t\t\t\t\t<input type=\"number\" id=\"katz_search_prixMin\" name=\"katz_search[prixMin]\" placeholder=\"min\" min=\"0\" value=\"\" \/>\n\t\t\t\t\t\t\t\t\t<input type=\"number\" id=\"katz_search_prixMax\" name=\"katz_search[prixMax]\" placeholder=\"max\" min=\"0\" value=\"\" \/>\n\t\t\t\t\t\t\t\t<\/div>\n\t\t\t\t\t\t\t<\/div>\n\t\t\t\t\t\t<\/div>\n\t\t\t\t\t<\/div>\n\t\t\t\t<\/div>\n\t\t\t\t<div class=\"container\">\n\t\t\t\t\t<div class=\"row\">\n\t\t\t\t\t\t<div class=\"col-lg-10 offset-lg-1 text-right\">\n\t\t\t\t\t\t\t<div class=\"link-elmt submit mt-sm\" id=\"submit-button-search-form\">Rechercher<\/div>\n\t\t\t\t\t\t<\/div>\n\t\t\t\t\t<\/div>\n\t\t\t\t<\/div>\n\t\t\t<\/form>\n\t\t<\/section>\n\t<\/div>\n<\/div>\n<div class=\"container\">\n\n<div class=\"block-katz heading\">\n<h3>Les prix de l&rsquo;immobilier \u00e0 Ville-d&rsquo;Avray<\/h3>\n<\/div>\n\n<div class=\"block-katz paragraph\">\n<p>Combien co\u00fbte un appartement ou une maison\u00a0? En moyenne, le <strong>prix de l&rsquo;immobilier de Ville-d&rsquo;Avray <\/strong>au m\u00e8tre carr\u00e9 est de 6.688 \u20ac. En ce qui concerne la location, le tarif s&rsquo;\u00e9l\u00e8ve \u00e0 21 \u20ac le m\u00e8tre carr\u00e9. Voici d\u00e9sormais des prix affin\u00e9s en fonction du type du bien (maison ou appartement)\u00a0:<\/p>\n<\/div>\n\n\n<ul><li>Prix au m\u00b2 pour une location d&rsquo;appartement \u00e0 Ville-d&rsquo;Avray\u00a0: 21,2 \u20ac<\/li><li>Prix au m\u00b2 pour un appartement \u00e0 vendre\u00a0: 6.715 \u20ac<\/li><li>Location d&rsquo;une maison, tarif au m\u00b2\u00a0: 23,7 \u20ac<\/li><li>Achat d&rsquo;une maison \u00e0 Ville-d&rsquo;Avray, prix du m\u00e8tre carr\u00e9 : 7.500 \u20ac<\/li><\/ul>\n\n\n<div class=\"block-katz heading\">\n<h3>Investir dans l&rsquo;immobilier du 92<\/h3>\n<\/div>\n\n<div class=\"block-katz paragraph\">\n<p>Alors que Paris s&rsquo;est essouffl\u00e9e suite \u00e0 la pand\u00e9mie, la trajectoire des prix de l&rsquo;immobilier \u00e0 Ville-d&rsquo;Avray continue d&rsquo;\u00eatre ascendante. \u00c0 ce titre, il s&rsquo;agit d&rsquo;un lieu privil\u00e9gi\u00e9 pour <strong>investir dans l&rsquo;immobilier<\/strong>. KATZ propose un investisseur son expertise en gestion de patrimoine. Nous identifierons pour vous les meilleures possibilit\u00e9s de rendement dans l&rsquo;Ouest parisien. Que ce soit dans l&rsquo;ancien ou le neuf.<\/p>\n<\/div>\n\n<div class=\"block-katz paragraph\">\n<p>Pour <a href=\"https:\/\/www.agencekatz.com\/estimation-et-vente-biens-immobiliers\" class=\"rank-math-link\">faire estimer votre bien et le vendre<\/a>, trouver un locataire ou b\u00e9n\u00e9ficier de notre service de gestion locative, peu importe. Contactez-nous et rejoignez les rangs de nos clients satisfaits.<\/p>\n<\/div>\n\n<div class=\"block-katz liens\">\n\t<div class=\"row\">\n\t\t<div class=\"col-12\">\n\t\t\t\t\t\t\t<p class=\"titre\">Nos autres services<\/p>\n\t\t\t\t\t\t\t\t<div class=\"bloc-liens\">\n\t\t\t\t\t\t\t\t\t\t\t<div class=\"lien\">\n\t\t\t\t\t\t\t<a href=\"https:\/\/www.agencekatz.com\/agence-immobiliere\/ville-d-avray-92410\/\" title=\"Agence immobili\u00e8re Ville-d'Avray\" target=\"_self\">\n\t\t\t\t\t\t\t\tAgence immobili\u00e8re Ville-d&rsquo;Avray\t\t\t\t\t\t\t<\/a>\n\t\t\t\t\t\t<\/div>\n\t\t\t\t\t\t\t\t\t\t\t\t<div class=\"lien\">\n\t\t\t\t\t\t\t<a href=\"https:\/\/www.agencekatz.com\/agence-immobiliere\/ville-d-avray-92410\/maison-ville-d-avray\" title=\"Maison Ville-d'Avray\" target=\"_self\">\n\t\t\t\t\t\t\t\tMaison Ville-d&rsquo;Avray\t\t\t\t\t\t\t<\/a>\n\t\t\t\t\t\t<\/div>\n\t\t\t\t\t\t\t\t\t\t\t\t<div class=\"lien\">\n\t\t\t\t\t\t\t<a href=\"https:\/\/www.agencekatz.com\/agence-immobiliere\/ville-d-avray-92410\/terrain-ville-d-avray\" title=\"Terrain Ville-d'Avray\" target=\"_self\">\n\t\t\t\t\t\t\t\tTerrain Ville-d&rsquo;Avray\t\t\t\t\t\t\t<\/a>\n\t\t\t\t\t\t<\/div>\n\t\t\t\t\t\t\t\t\t\t\t\t<div class=\"lien\">\n\t\t\t\t\t\t\t<a href=\"https:\/\/www.agencekatz.com\/agence-immobiliere\/ville-d-avray-92410\/appartement-ville-d-avray\" title=\"Appartement Ville-d'Avray\" target=\"_self\">\n\t\t\t\t\t\t\t\tAppartement Ville-d&rsquo;Avray\t\t\t\t\t\t\t<\/a>\n\t\t\t\t\t\t<\/div>\n\t\t\t\t\t\t\t\t\t\t\t\t<div class=\"lien\">\n\t\t\t\t\t\t\t<a href=\"https:\/\/www.agencekatz.com\/agence-immobiliere\/ville-d-avray-92410\/location-ville-d-avray\" title=\"Location Ville-d'Avray\" target=\"_self\">\n\t\t\t\t\t\t\t\tLocation Ville-d&rsquo;Avray\t\t\t\t\t\t\t<\/a>\n\t\t\t\t\t\t<\/div>\n\t\t\t\t\t\t\t\t\t\t<\/div>\n\t\t\t\t\t\t<\/div>\n\t<\/div>\n<\/div>","protected":false},"excerpt":{"rendered":"<p>Le march\u00e9 immobilier de Ville-d&rsquo;Avray est dynamique. Que vous soyez \u00e0 la recherche d&rsquo;une acquisition, d&rsquo;une location ou que vous souhaitiez vendre, KATZ est votre partenaire privil\u00e9gi\u00e9. En tant qu&rsquo;experts de l&rsquo;ouest de Paris, nous vous accompagnons dans tout projet immobilier \u00e0 Ville-d&rsquo;Avray (92410). Y compris dans la promotion immobili\u00e8re, qui fait \u00e9galement partie de [&hellip;]<\/p>\n","protected":false},"author":2,"featured_media":0,"parent":29652,"menu_order":0,"comment_status":"closed","ping_status":"closed","template":"","meta":[],"acf":[],"_links":{"self":[{"href":"https:\/\/www.agencekatz.com\/agence-immobiliere\/wp-json\/wp\/v2\/pages\/29739"}],"collection":[{"href":"https:\/\/www.agencekatz.com\/agence-immobiliere\/wp-json\/wp\/v2\/pages"}],"about":[{"href":"https:\/\/www.agencekatz.com\/agence-immobiliere\/wp-json\/wp\/v2\/types\/page"}],"author":[{"embeddable":true,"href":"https:\/\/www.agencekatz.com\/agence-immobiliere\/wp-json\/wp\/v2\/users\/2"}],"replies":[{"embeddable":true,"href":"https:\/\/www.agencekatz.com\/agence-immobiliere\/wp-json\/wp\/v2\/comments?post=29739"}],"version-history":[{"count":4,"href":"https:\/\/www.agencekatz.com\/agence-immobiliere\/wp-json\/wp\/v2\/pages\/29739\/revisions"}],"predecessor-version":[{"id":29752,"href":"https:\/\/www.agencekatz.com\/agence-immobiliere\/wp-json\/wp\/v2\/pages\/29739\/revisions\/29752"}],"up":[{"embeddable":true,"href":"https:\/\/www.agencekatz.com\/agence-immobiliere\/wp-json\/wp\/v2\/pages\/29652"}],"wp:attachment":[{"href":"https:\/\/www.agencekatz.com\/agence-immobiliere\/wp-json\/wp\/v2\/media?parent=29739"}],"curies":[{"name":"wp","href":"https:\/\/api.w.org\/{rel}","templated":true}]}}