{"id":29722,"date":"2021-08-03T10:48:25","date_gmt":"2021-08-03T08:48:25","guid":{"rendered":"https:\/\/www.agencekatz.com\/agence-immobiliere\/?page_id=29722"},"modified":"2021-08-03T10:57:46","modified_gmt":"2021-08-03T08:57:46","slug":"studio-garches","status":"publish","type":"page","link":"https:\/\/www.agencekatz.com\/agence-immobiliere\/garches-92380\/studio-garches\/","title":{"rendered":"Studio \u00e0 Garches\u00a0: trouvez votre location ou votre studio \u00e0 vendre avec KATZ"},"content":{"rendered":"<div class=\"block-katz paragraph\">\n<p>A la recherche d&rsquo;un <strong>studio \u00e0 Garches<\/strong>\u00a0? Que ce soit pour louer ou acheter, vous \u00eates \u00e0 la bonne adresse chez KATZ Immobilier. En tant que sp\u00e9cialistes de l&rsquo;immobilier de l&rsquo;Ouest parisien, nous disposons de nombreuses offres pour une location de logement attractif dans les environs. Studio Garches, Saint-Cloud, Vaucresson ou <a href=\"https:\/\/www.agencekatz.com\/agence-immobiliere\/marnes-la-coquette-92430\/immobilier-marnes-la-coquette\/\" class=\"rank-math-link\">Marnes-la-Coquette<\/a>, nous sommes sp\u00e9cialis\u00e9s dans cette zone. Une petite recherche sur notre site vous permettra de visualiser les offres publiques de studios. Mais ne manquez pas de nous contacter pour d\u00e9couvrir les studios en vente ou en location \u00e0 Garches de fa\u00e7on priv\u00e9e.<\/p>\n<\/div>\n\n<\/div>\n<div class=\"block-katz titre3photos\">\n\t<div class=\"container\">\n\t\t<div class=\"row\">\n\t\t\t\t\t\t\t<div class=\"col-12 text-center\">\n\t\t\t\t\t<h2>D\u00e9couvrez nos offres studio priv\u00e9es<\/h2>\n\t\t\t\t<\/div>\n\t\t\t\t\t\t\t\t<div class=\"col-md-4 col-12\">\n\t\t\t\t\t<img src=\"https:\/\/www.agencekatz.com\/agence-immobiliere\/wp-content\/uploads\/2021\/02\/appartement-neuf-400x400.png\" alt=\"Appartement neuf\" \/>\n\t\t\t\t<\/div>\n\t\t\t\t\t\t\t\t<div class=\"col-md-4 col-12\">\n\t\t\t\t\t<img src=\"https:\/\/www.agencekatz.com\/agence-immobiliere\/wp-content\/uploads\/2021\/02\/defautkatz-400x400.png\" alt=\"Katz Immobilier\" \/>\n\t\t\t\t<\/div>\n\t\t\t\t\t\t\t\t<div class=\"col-md-4 col-12\">\n\t\t\t\t\t<img src=\"https:\/\/www.agencekatz.com\/agence-immobiliere\/wp-content\/uploads\/2021\/02\/programme-neuf-400x400.jpg\" alt=\"Programme immobilier neuf\" \/>\n\t\t\t\t<\/div>\n\t\t\t\t\t\t\t\t<div class=\"col-12 text-center\">\n\t\t\t\t\t<a href=\"https:\/\/www.agencekatz.com\/contact\" class=\"link link-gold\" title=\"Contactez-nous\" target=\"_self\">Contactez-nous<\/a>\n\t\t\t\t<\/div>\n\t\t\t\t\t\t<\/div>\n\t<\/div>\n<\/div>\n<div class=\"container\">\n\n<div class=\"block-katz heading\">\n<h2>Combien co\u00fbte un studio \u00e0 Garches (92380)\u00a0?<\/h2>\n<\/div>\n\n<div class=\"block-katz paragraph\">\n<p>Garches a beau \u00eatre une commune compacte, les prix varient en fonction des quartiers. Que ce soit pour un achat ou une location de studio, c&rsquo;est la zone avoisinante de la rue des Bures et le quartier <strong>C\u00f4te Saint-Louis<\/strong> qui sont les plus chers. La Verboise, Buzenval, au nord-ouest, et Poincare au sud-est (avenue Br\u00e9zin), sont les quartiers les plus abordables. Enfin, Mairie, Porte Jaune et <strong>Petit Garches<\/strong> se situe en moyenne au milieu de la fourchette de prix.<\/p>\n<\/div>\n\n\n<ul><li><strong>Prix location studio Garches<\/strong>\u00a0: pour louer un studio \u00e0 Garches, il faut compter une moyenne de 22 \u20ac par m\u00e8tre carr\u00e9. Petit Garches et la Verboise offrent les prix les plus bas.<\/li><li><strong>Prix studio \u00e0 vendre \u00e0 Garches<\/strong>\u00a0: le prix d&rsquo;un studio \u00e0 Garches se situe autour des 7500 \u20ac le m\u00e8tre carr\u00e9, en fonction des sp\u00e9cificit\u00e9s du bien<\/li><\/ul>\n\n\n<div class=\"block-katz annonces\">\n\t<div class=\"row\">\n\t\t\t\t\t\t<div class=\"product-block bg-white col-lg-4 col-md-6 col-12\">\n\t\t\t\t\t<a href=\"https:\/\/www.agencekatz.com\/biens-immobiliers\/louer-16-24m2-chatou-katz\">\n\t\t\t\t\t\t\t\t\t\t\t\t\t<div class=\"picture aos-init aos-animate\" data-aos=\"fade-left\">\n\t\t\t\t\t\t\t\t<img src=\"https:\/\/www.agencekatz.com\/agence-immobiliere\/wp-content\/uploads\/2021\/08\/studio-400x400.jpg\" class=\"img-fluid\" alt=\"studio \u00e0 louer\">\n\t\t\t\t\t\t\t<\/div>\n\t\t\t\t\t\t\t\t\t\t\t\t\t<div class=\"description\">\n\t\t\t\t\t\t\t<div class=\"col-12 p-0\">\n\t\t\t\t\t\t\t\t<p class=\"title\">STUDIO Chatou 645 \u20ac<\/p>\n\t\t\t\t\t\t\t\t<p class=\"infos m-0\">\n\t\t\t\t\t\t\t\t\tAvenue FOCH &#8211; A deux pas des commerces et \u00e0 10 minutes \u00e0 pieds de la gare RER A Chatou Croissy, studio meubl\u00e9\t\t\t\t\t\t\t\t<\/p>\n\t\t\t\t\t\t\t\t\t\t\t\t\t\t\t\t\t<div class=\"my-auto text-right\">\n\t\t\t\t\t\t\t\t\t\t<p class=\"price m-0\">\n\t\t\t\t\t\t\t\t\t\t\t645 \u20ac\t\t\t\t\t\t\t\t\t\t<\/p>\n\t\t\t\t\t\t\t\t\t<\/div>\n\t\t\t\t\t\t\t\t\t\t\t\t\t\t\t<\/div>\n\t\t\t\t\t\t<\/div>\n\t\t\t\t\t<\/a>\n\t\t\t\t<\/div>\n\t\t\t\t\t\t\t\t<div class=\"product-block bg-white col-lg-4 col-md-6 col-12\">\n\t\t\t\t\t<a href=\"https:\/\/www.agencekatz.com\/acheter-appartement-maison?katz_search%5Bplace%5D=Garches&#038;katz_search%5BtypeOffre%5D=&#038;katz_search%5BnbPieces%5D=&#038;katz_search%5BsurfHabMin%5D=&#038;katz_search%5BsurfHabMax%5D=&#038;katz_search%5BprixMin%5D=&#038;katz_search%5BprixMax%5D=\">\n\t\t\t\t\t\t\t\t\t\t\t\t\t<div class=\"picture aos-init aos-animate\" data-aos=\"fade-left\">\n\t\t\t\t\t\t\t\t<img src=\"https:\/\/www.agencekatz.com\/agence-immobiliere\/wp-content\/uploads\/2021\/02\/6035970381c47_3906_01_33134044_a-400x400.jpg\" class=\"img-fluid\" alt=\"APPARTEMENT 36 M2 GARCHES\">\n\t\t\t\t\t\t\t<\/div>\n\t\t\t\t\t\t\t\t\t\t\t\t\t<div class=\"description\">\n\t\t\t\t\t\t\t<div class=\"col-12 p-0\">\n\t\t\t\t\t\t\t\t<p class=\"title\">APPARTEMENT 36 M2 GARCHES<\/p>\n\t\t\t\t\t\t\t\t<p class=\"infos m-0\">\n\t\t\t\t\t\t\t\t\tStudio Garches &#8211; La Verboise &#8211; Les Chateaux en exclusivit\u00e9.\t\t\t\t\t\t\t\t<\/p>\n\t\t\t\t\t\t\t\t\t\t\t\t\t\t\t\t\t<div class=\"my-auto text-right\">\n\t\t\t\t\t\t\t\t\t\t<p class=\"price m-0\">\n\t\t\t\t\t\t\t\t\t\t\t210.000 \u20ac\t\t\t\t\t\t\t\t\t\t<\/p>\n\t\t\t\t\t\t\t\t\t<\/div>\n\t\t\t\t\t\t\t\t\t\t\t\t\t\t\t<\/div>\n\t\t\t\t\t\t<\/div>\n\t\t\t\t\t<\/a>\n\t\t\t\t<\/div>\n\t\t\t\t\t\t\t\t<div class=\"product-block bg-white col-lg-4 col-md-6 col-12\">\n\t\t\t\t\t<a href=\"https:\/\/www.agencekatz.com\/acheter-appartement-maison?katz_search%5Bplace%5D=Garches&#038;katz_search%5BtypeOffre%5D=&#038;katz_search%5BnbPieces%5D=&#038;katz_search%5BsurfHabMin%5D=&#038;katz_search%5BsurfHabMax%5D=&#038;katz_search%5BprixMin%5D=&#038;katz_search%5BprixMax%5D=\">\n\t\t\t\t\t\t\t\t\t\t\t\t\t<div class=\"picture aos-init aos-animate\" data-aos=\"fade-left\">\n\t\t\t\t\t\t\t\t<img src=\"https:\/\/www.agencekatz.com\/agence-immobiliere\/wp-content\/uploads\/2021\/02\/6035970396732_3906_01_30658042_a-400x400.jpg\" class=\"img-fluid\" alt=\"APPARTEMENT 58 M2 GARCHES\">\n\t\t\t\t\t\t\t<\/div>\n\t\t\t\t\t\t\t\t\t\t\t\t\t<div class=\"description\">\n\t\t\t\t\t\t\t<div class=\"col-12 p-0\">\n\t\t\t\t\t\t\t\t<p class=\"title\">APPARTEMENT 58 M2 GARCHES<\/p>\n\t\t\t\t\t\t\t\t<p class=\"infos m-0\">\n\t\t\t\t\t\t\t\t\t3 pi\u00e8ces Garches centre<br \/>\r\nVENDU\t\t\t\t\t\t\t\t<\/p>\n\t\t\t\t\t\t\t\t\t\t\t\t\t\t\t\t\t<div class=\"my-auto text-right\">\n\t\t\t\t\t\t\t\t\t\t<p class=\"price m-0\">\n\t\t\t\t\t\t\t\t\t\t\t295.000 \u20ac\t\t\t\t\t\t\t\t\t\t<\/p>\n\t\t\t\t\t\t\t\t\t<\/div>\n\t\t\t\t\t\t\t\t\t\t\t\t\t\t\t<\/div>\n\t\t\t\t\t\t<\/div>\n\t\t\t\t\t<\/a>\n\t\t\t\t<\/div>\n\t\t\t\t\t<\/div>\n<\/div>\n\n<div class=\"block-katz heading\">\n<h2>Pourquoi louer un studio \u00e0 Garches, ou acheter\u00a0?<\/h2>\n<\/div>\n\n<div class=\"block-katz paragraph\">\n<p>Si vous cherchez un studio \u00e0 Garches pour vous loger, il s&rsquo;agit d&rsquo;un choix judicieux lorsqu&rsquo;on est en d\u00e9but de carri\u00e8re. La commune des Hauts-de-Seine permet de facilement rejoindre les bassins d&#8217;emplois principaux d&rsquo;\u00cele-de-France, tout en offrant un <strong>lieu de vie optimal<\/strong>. Tous les services indispensables du quotidien sont proches, tandis que le brouhaha de la capitale est suffisamment \u00e9loign\u00e9 pour se faire oublier.<\/p>\n<\/div>\n\n<div class=\"block-katz paragraph\">\n<p>Vous appr\u00e9ciez les <strong>espaces verts<\/strong>, le calme et la s\u00e9curit\u00e9, mais vous voulez aussi investir dans votre carri\u00e8re\u00a0? Dans ce cas, un studio \u00e0 Garches sera parfait. Et si celle-ci d\u00e9colle, vous pourrez facilement <strong>louer votre studio <\/strong>pour ensuite acqu\u00e9rir un bien plus spacieux, pour vos propres besoins ou fonder votre famille.<\/p>\n<\/div>\n\n<\/div>\n<div class=\"block-katz moteurrecherche\">\n\t<div id=\"buy-location\">\n\t\t<section class=\"filter-search mt-md\">\n\t\t\t<form name=\"katz_search\" method=\"get\" id=\"search-form\" action=\"https:\/\/www.agencekatz.com\/acheter-appartement-maison#search-form\">\n\t\t\t\t<div class=\"container\">\n\t\t\t\t\t<p class=\"font-lato-bold font-size-26 color-blue text-uppercase text-center letter-spacing-400\">\n\t\t\t\t\t\tRecherche studio \u00e0 louer \u00e0 Garches\t\t\t\t\t<\/p>\n\t\t\t\t\t<div class=\"row\">\n\t\t\t\t\t\t<div class=\"col-lg-10 offset-lg-1\">\n\t\t\t\t\t\t\t<div class=\"container-fluid selector-container mt-md mb-sm\">\n\t\t\t\t\t\t\t\t<div class=\"row no-gutters\">\n\t\t\t\t\t\t\t\t\t<div class=\"col-lg-6\">\n\t\t\t\t\t\t\t\t\t\t<div class=\"switch d-flex \">\n\t\t\t\t\t\t\t\t\t\t\t<a href=\"https:\/\/www.agencekatz.com\/acheter-appartement-maison\" class=\"link-elmt active\" target=\"_self\">\n\t\t\t\t\t\t\t\t\t\t\t\tAchat\n\t\t\t\t\t\t\t\t\t\t\t<\/a>\n\t\t\t\t\t\t\t\t\t\t\t<a href=\"https:\/\/www.agencekatz.com\/location-appartement-maison\" class=\"link-elmt \" target=\"_self\">\n\t\t\t\t\t\t\t\t\t\t\t\tLouer\n\t\t\t\t\t\t\t\t\t\t\t<\/a>\n\t\t\t\t\t\t\t\t\t\t<\/div>\n\t\t\t\t\t\t\t\t\t<\/div>\n\t\t\t\t\t\t\t\t\t<div class=\"col-lg-6 input-search\">\n\t\t\t\t\t\t\t\t\t\t<select id=\"katz_search_place\" name=\"katz_search[place]\" class=\"select-two\" placeholder=\"Ville, Code postal...\">\n\t\t\t\t\t\t\t\t\t\t\t<option value=\"\"><\/option>\n\t\t\t\t\t\t\t\t\t\t\t<option value=\"Beynes\" selected=\"selected\">Beynes &#8211; 78650<\/option>\n\t\t\t\t\t\t\t\t\t\t\t<option value=\"Bougival\">Bougival &#8211; 78380<\/option>\n\t\t\t\t\t\t\t\t\t\t\t<option value=\"Garches\">Garches &#8211; 92380<\/option>\n\t\t\t\t\t\t\t\t\t\t\t<option value=\"Goupilli\u00e8res\">Goupilli\u00e8res &#8211; 78770<\/option>\n\t\t\t\t\t\t\t\t\t\t\t<option value=\"Issy-les-Moulineaux\">Issy-les-Moulineaux &#8211; 92130<\/option>\n\t\t\t\t\t\t\t\t\t\t\t<option value=\"La Celle-Saint-Cloud\">La Celle-Saint-Cloud &#8211; 78170<\/option>\n\t\t\t\t\t\t\t\t\t\t\t<option value=\"Marnes-la-Coquette\">Marnes-la-Coquette &#8211; 92430<\/option>\n\t\t\t\t\t\t\t\t\t\t\t<option value=\"Montrouge\">Montrouge &#8211; 92120<\/option>\n\t\t\t\t\t\t\t\t\t\t\t<option value=\"Paris\">Paris &#8211; 75018<\/option>\n\t\t\t\t\t\t\t\t\t\t\t<option value=\"Paris 18\">Paris 18 &#8211; 75018<\/option>\n\t\t\t\t\t\t\t\t\t\t\t<option value=\"Vaucresson\">Vaucresson &#8211; 92420<\/option>\n\t\t\t\t\t\t\t\t\t\t\t<option value=\"Ville-d&#039;Avray\">Ville-d&#039;Avray &#8211; 92410<\/option>\n\t\t\t\t\t\t\t\t\t\t<\/select>\n\t\t\t\t\t\t\t\t\t<\/div>\n\t\t\t\t\t\t\t\t<\/div>\n\t\t\t\t\t\t\t<\/div>\n\t\t\t\t\t\t<\/div>\n\t\t\t\t\t<\/div>\n\t\t\t\t<\/div>\n\t\t\t\t<div class=\"container-fluid py-sm bg-blue color-white text-center\">\n\t\t\t\t\t<div class=\"container\">\n\t\t\t\t\t\t<div class=\"col-md-10 offset-md-1 col-12\">\n\t\t\t\t\t\t\t<div class=\"filter d-flex justify-content-between\">\n\t\t\t\t\t\t\t\t<select id=\"katz_search_typeOffre\" name=\"katz_search[typeOffre]\">\n\t\t\t\t\t\t\t\t\t<option value=\"\">Type de bien<\/option>\n\t\t\t\t\t\t\t\t\t<option value=\"1\">Appartement<\/option>\n\t\t\t\t\t\t\t\t\t<option value=\"2\">Maison<\/option>\n\t\t\t\t\t\t\t\t\t<option value=\"5\">Local<\/option>\n\t\t\t\t\t\t\t\t\t<option value=\"7\">Parking<\/option>\n\t\t\t\t\t\t\t\t\t<option value=\"3\">Terrain<\/option>\n\t\t\t\t\t\t\t\t\t<option value=\"4\">Immeuble<\/option>\n\t\t\t\t\t\t\t\t<\/select>\n\t\t\t\t\t\t\t\t<select id=\"katz_search_nbPieces\" name=\"katz_search[nbPieces]\">\n\t\t\t\t\t\t\t\t\t<option value=\"\">Pi\u00e8ces<\/option>\n\t\t\t\t\t\t\t\t\t<option value=\"1\">1<\/option>\n\t\t\t\t\t\t\t\t\t<option value=\"2\">2<\/option>\n\t\t\t\t\t\t\t\t\t<option value=\"3\">3<\/option>\n\t\t\t\t\t\t\t\t\t<option value=\"4\">4<\/option>\n\t\t\t\t\t\t\t\t\t<option value=\"5\">5 et +<\/option>\n\t\t\t\t\t\t\t\t<\/select>\n\t\t\t\t\t\t\t\t<div class=\"filter-item\">\n\t\t\t\t\t\t\t\t\t<span>Surface:<\/span>\n\t\t\t\t\t\t\t\t\t<input type=\"number\" id=\"katz_search_surfHabMin\" name=\"katz_search[surfHabMin]\" placeholder=\"min\" min=\"0\" value=\"\" \/>\n\t\t\t\t\t\t\t\t\t<input type=\"number\" id=\"katz_search_surfHabMax\" name=\"katz_search[surfHabMax]\" placeholder=\"max\" min=\"0\" value=\"\" \/>\n\t\t\t\t\t\t\t\t<\/div>\n\t\t\t\t\t\t\t\t<div class=\"filter-item\">\n\t\t\t\t\t\t\t\t\t<span>Prix:<\/span>\n\t\t\t\t\t\t\t\t\t<input type=\"number\" id=\"katz_search_prixMin\" name=\"katz_search[prixMin]\" placeholder=\"min\" min=\"0\" value=\"\" \/>\n\t\t\t\t\t\t\t\t\t<input type=\"number\" id=\"katz_search_prixMax\" name=\"katz_search[prixMax]\" placeholder=\"max\" min=\"0\" value=\"\" \/>\n\t\t\t\t\t\t\t\t<\/div>\n\t\t\t\t\t\t\t<\/div>\n\t\t\t\t\t\t<\/div>\n\t\t\t\t\t<\/div>\n\t\t\t\t<\/div>\n\t\t\t\t<div class=\"container\">\n\t\t\t\t\t<div class=\"row\">\n\t\t\t\t\t\t<div class=\"col-lg-10 offset-lg-1 text-right\">\n\t\t\t\t\t\t\t<div class=\"link-elmt submit mt-sm\" id=\"submit-button-search-form\">Rechercher<\/div>\n\t\t\t\t\t\t<\/div>\n\t\t\t\t\t<\/div>\n\t\t\t\t<\/div>\n\t\t\t<\/form>\n\t\t<\/section>\n\t<\/div>\n<\/div>\n<div class=\"container\">\n\n<div class=\"block-katz paragraph\">\n<p>Pour les investisseurs, acheter un studio dans ce coin du 92 repr\u00e9sente un excellent investissement. Comme expliqu\u00e9 ci-dessus, il s&rsquo;agit d&rsquo;un endroit recherch\u00e9 par les jeunes cadres avec des revenus substantiels. La tendance haussi\u00e8re des prix n&rsquo;a pas \u00e9t\u00e9 ralentie par la pand\u00e9mie, que du contraire. Elle a de plus renforc\u00e9 l&rsquo;attrait d&rsquo;un tel cadre de vie.<\/p>\n<\/div>\n\n<div class=\"block-katz heading\">\n<h3>Pourquoi confier votre recherche \u00e0 KATZ Immobilier ?<\/h3>\n<\/div>\n\n<div class=\"block-katz paragraph\">\n<p>La cr\u00e9ation de l&rsquo;<a href=\"https:\/\/www.agencekatz.com\/agence-immobiliere\/\" class=\"rank-math-link\">agence immobili\u00e8re KATZ Immobilier<\/a> remonte \u00e0 1970 d\u00e9j\u00e0. De ce fait, nous connaissons chaque recoin de la commune et de ses voisines. Nos relations privil\u00e9gi\u00e9es avec de nombreux <a href=\"https:\/\/www.agencekatz.com\/promotion-immobiliere\" class=\"rank-math-link\">promoteurs immobiliers<\/a> nous permettent d&rsquo;offrir un large \u00e9ventail de biens, y compris des studios. Notre agence \u00e0 caract\u00e8re familial offre un suivi attentif \u00e0 chaque client, peu importe sa requ\u00eate. Pour les investisseurs qui ont des <strong>studios \u00e0 louer \u00e0 Garches (92380)<\/strong>, nous pouvons offrir notre service tout en un de gestion locative. Vous avez une question ? N&rsquo;h\u00e9sitez pas \u00e0 nous contacter, nous sommes \u00e0 votre service.<\/p>\n<\/div>\n\n<div class=\"block-katz liens\">\n\t<div class=\"row\">\n\t\t<div class=\"col-12\">\n\t\t\t\t\t\t\t<p class=\"titre\">Nos solutions immobili\u00e8res sur Garches<\/p>\n\t\t\t\t\t\t\t\t<div class=\"bloc-liens\">\n\t\t\t\t\t\t\t\t\t\t\t<div class=\"lien\">\n\t\t\t\t\t\t\t<a href=\"https:\/\/www.agencekatz.com\/agence-immobiliere\/garches-92380\/maison-vendre-garches\/\" title=\"Maison \u00e0 vendre \u00e0 Garches\" target=\"_self\">\n\t\t\t\t\t\t\t\tMaison \u00e0 vendre \u00e0 Garches\t\t\t\t\t\t\t<\/a>\n\t\t\t\t\t\t<\/div>\n\t\t\t\t\t\t\t\t\t\t\t\t<div class=\"lien\">\n\t\t\t\t\t\t\t<a href=\"https:\/\/www.agencekatz.com\/agence-immobiliere\/garches-92380\/immobilier-garches\/\" title=\"Immobilier Garches\" target=\"_self\">\n\t\t\t\t\t\t\t\tImmobilier Garches\t\t\t\t\t\t\t<\/a>\n\t\t\t\t\t\t<\/div>\n\t\t\t\t\t\t\t\t\t\t\t\t<div class=\"lien\">\n\t\t\t\t\t\t\t<a href=\"https:\/\/www.agencekatz.com\/agence-immobiliere\/garches-92380\/appartement-garches\/\" title=\"Appartement Garches\" target=\"_self\">\n\t\t\t\t\t\t\t\tAppartement Garches\t\t\t\t\t\t\t<\/a>\n\t\t\t\t\t\t<\/div>\n\t\t\t\t\t\t\t\t\t\t\t\t<div class=\"lien\">\n\t\t\t\t\t\t\t<a href=\"https:\/\/www.agencekatz.com\/agence-immobiliere\/garches-92380\/location-appartement-garches\/\" title=\"Location appartement Garches\" target=\"_self\">\n\t\t\t\t\t\t\t\tLocation appartement Garches\t\t\t\t\t\t\t<\/a>\n\t\t\t\t\t\t<\/div>\n\t\t\t\t\t\t\t\t\t\t\t\t<div class=\"lien\">\n\t\t\t\t\t\t\t<a href=\"https:\/\/www.agencekatz.com\/agence-immobiliere\/garches-92380\/achat-appartement-garches\/\" title=\"Achat appartement Garches\" target=\"_self\">\n\t\t\t\t\t\t\t\tAchat appartement Garches\t\t\t\t\t\t\t<\/a>\n\t\t\t\t\t\t<\/div>\n\t\t\t\t\t\t\t\t\t\t\t\t<div class=\"lien\">\n\t\t\t\t\t\t\t<a href=\"https:\/\/www.agencekatz.com\/agence-immobiliere\/garches-92380\/programme-immobilier-garches\/\" title=\"Programme immobilier Garches\" target=\"_self\">\n\t\t\t\t\t\t\t\tProgramme immobilier Garches\t\t\t\t\t\t\t<\/a>\n\t\t\t\t\t\t<\/div>\n\t\t\t\t\t\t\t\t\t\t<\/div>\n\t\t\t\t\t\t<\/div>\n\t<\/div>\n<\/div>","protected":false},"excerpt":{"rendered":"<p>A la recherche d&rsquo;un studio \u00e0 Garches\u00a0? Que ce soit pour louer ou acheter, vous \u00eates \u00e0 la bonne adresse chez KATZ Immobilier. En tant que sp\u00e9cialistes de l&rsquo;immobilier de l&rsquo;Ouest parisien, nous disposons de nombreuses offres pour une location de logement attractif dans les environs. Studio Garches, Saint-Cloud, Vaucresson ou Marnes-la-Coquette, nous sommes sp\u00e9cialis\u00e9s [&hellip;]<\/p>\n","protected":false},"author":2,"featured_media":0,"parent":29054,"menu_order":0,"comment_status":"closed","ping_status":"closed","template":"","meta":[],"acf":[],"_links":{"self":[{"href":"https:\/\/www.agencekatz.com\/agence-immobiliere\/wp-json\/wp\/v2\/pages\/29722"}],"collection":[{"href":"https:\/\/www.agencekatz.com\/agence-immobiliere\/wp-json\/wp\/v2\/pages"}],"about":[{"href":"https:\/\/www.agencekatz.com\/agence-immobiliere\/wp-json\/wp\/v2\/types\/page"}],"author":[{"embeddable":true,"href":"https:\/\/www.agencekatz.com\/agence-immobiliere\/wp-json\/wp\/v2\/users\/2"}],"replies":[{"embeddable":true,"href":"https:\/\/www.agencekatz.com\/agence-immobiliere\/wp-json\/wp\/v2\/comments?post=29722"}],"version-history":[{"count":6,"href":"https:\/\/www.agencekatz.com\/agence-immobiliere\/wp-json\/wp\/v2\/pages\/29722\/revisions"}],"predecessor-version":[{"id":29733,"href":"https:\/\/www.agencekatz.com\/agence-immobiliere\/wp-json\/wp\/v2\/pages\/29722\/revisions\/29733"}],"up":[{"embeddable":true,"href":"https:\/\/www.agencekatz.com\/agence-immobiliere\/wp-json\/wp\/v2\/pages\/29054"}],"wp:attachment":[{"href":"https:\/\/www.agencekatz.com\/agence-immobiliere\/wp-json\/wp\/v2\/media?parent=29722"}],"curies":[{"name":"wp","href":"https:\/\/api.w.org\/{rel}","templated":true}]}}