{"id":29718,"date":"2021-08-03T09:24:20","date_gmt":"2021-08-03T07:24:20","guid":{"rendered":"https:\/\/www.agencekatz.com\/agence-immobiliere\/?page_id=29718"},"modified":"2021-08-05T11:08:43","modified_gmt":"2021-08-05T09:08:43","slug":"location-ville-d-avray","status":"publish","type":"page","link":"https:\/\/www.agencekatz.com\/agence-immobiliere\/ville-d-avray-92410\/location-ville-d-avray\/","title":{"rendered":"Location Ville-d&rsquo;Avray : du studio \u00e0 la villa, c&rsquo;est Katz Immobilier"},"content":{"rendered":"<div class=\"block-katz paragraph\">\n<p>Pour une <strong>location \u00e0 Ville-d&rsquo;Avray 92410<\/strong>, ayez le r\u00e9flexe KATZ Immobilier. Notre agence familiale est sp\u00e9cialis\u00e9e depuis 5 d\u00e9cennies dans l&rsquo;immobilier de l&rsquo;Ouest parisien. Pour louer un appartement ou une maison dans cette commune du 92, vous pouvez compter sur notre connaissance parfaite du march\u00e9. Studio, <strong>appartement<\/strong>, maison, parking\u2026 Nous avons une large gamme de biens en portefeuille. Consultez notre site pour un aper\u00e7u de notre offre, et contactez-nous pour prendre connaissance des locations non publi\u00e9es \u00e0 Ville-d&rsquo;Avray susceptibles de vous int\u00e9resser.<\/p>\n<\/div>\n\n<\/div>\n<div class=\"block-katz moteurrecherche\">\n\t<div id=\"buy-location\">\n\t\t<section class=\"filter-search mt-md\">\n\t\t\t<form name=\"katz_search\" method=\"get\" id=\"search-form\" action=\"https:\/\/www.agencekatz.com\/acheter-appartement-maison#search-form\">\n\t\t\t\t<div class=\"container\">\n\t\t\t\t\t<p class=\"font-lato-bold font-size-26 color-blue text-uppercase text-center letter-spacing-400\">\n\t\t\t\t\t\tVous cherchez une location \u00e0 Ville-d&rsquo;Avray ? \t\t\t\t\t<\/p>\n\t\t\t\t\t<div class=\"row\">\n\t\t\t\t\t\t<div class=\"col-lg-10 offset-lg-1\">\n\t\t\t\t\t\t\t<div class=\"container-fluid selector-container mt-md mb-sm\">\n\t\t\t\t\t\t\t\t<div class=\"row no-gutters\">\n\t\t\t\t\t\t\t\t\t<div class=\"col-lg-6\">\n\t\t\t\t\t\t\t\t\t\t<div class=\"switch d-flex \">\n\t\t\t\t\t\t\t\t\t\t\t<a href=\"https:\/\/www.agencekatz.com\/acheter-appartement-maison\" class=\"link-elmt active\" target=\"_self\">\n\t\t\t\t\t\t\t\t\t\t\t\tAchat\n\t\t\t\t\t\t\t\t\t\t\t<\/a>\n\t\t\t\t\t\t\t\t\t\t\t<a href=\"https:\/\/www.agencekatz.com\/location-appartement-maison\" class=\"link-elmt \" target=\"_self\">\n\t\t\t\t\t\t\t\t\t\t\t\tLouer\n\t\t\t\t\t\t\t\t\t\t\t<\/a>\n\t\t\t\t\t\t\t\t\t\t<\/div>\n\t\t\t\t\t\t\t\t\t<\/div>\n\t\t\t\t\t\t\t\t\t<div class=\"col-lg-6 input-search\">\n\t\t\t\t\t\t\t\t\t\t<select id=\"katz_search_place\" name=\"katz_search[place]\" class=\"select-two\" placeholder=\"Ville, Code postal...\">\n\t\t\t\t\t\t\t\t\t\t\t<option value=\"\"><\/option>\n\t\t\t\t\t\t\t\t\t\t\t<option value=\"Beynes\" selected=\"selected\">Beynes &#8211; 78650<\/option>\n\t\t\t\t\t\t\t\t\t\t\t<option value=\"Bougival\">Bougival &#8211; 78380<\/option>\n\t\t\t\t\t\t\t\t\t\t\t<option value=\"Garches\">Garches &#8211; 92380<\/option>\n\t\t\t\t\t\t\t\t\t\t\t<option value=\"Goupilli\u00e8res\">Goupilli\u00e8res &#8211; 78770<\/option>\n\t\t\t\t\t\t\t\t\t\t\t<option value=\"Issy-les-Moulineaux\">Issy-les-Moulineaux &#8211; 92130<\/option>\n\t\t\t\t\t\t\t\t\t\t\t<option value=\"La Celle-Saint-Cloud\">La Celle-Saint-Cloud &#8211; 78170<\/option>\n\t\t\t\t\t\t\t\t\t\t\t<option value=\"Marnes-la-Coquette\">Marnes-la-Coquette &#8211; 92430<\/option>\n\t\t\t\t\t\t\t\t\t\t\t<option value=\"Montrouge\">Montrouge &#8211; 92120<\/option>\n\t\t\t\t\t\t\t\t\t\t\t<option value=\"Paris\">Paris &#8211; 75018<\/option>\n\t\t\t\t\t\t\t\t\t\t\t<option value=\"Paris 18\">Paris 18 &#8211; 75018<\/option>\n\t\t\t\t\t\t\t\t\t\t\t<option value=\"Vaucresson\">Vaucresson &#8211; 92420<\/option>\n\t\t\t\t\t\t\t\t\t\t\t<option value=\"Ville-d&#039;Avray\">Ville-d&#039;Avray &#8211; 92410<\/option>\n\t\t\t\t\t\t\t\t\t\t<\/select>\n\t\t\t\t\t\t\t\t\t<\/div>\n\t\t\t\t\t\t\t\t<\/div>\n\t\t\t\t\t\t\t<\/div>\n\t\t\t\t\t\t<\/div>\n\t\t\t\t\t<\/div>\n\t\t\t\t<\/div>\n\t\t\t\t<div class=\"container-fluid py-sm bg-blue color-white text-center\">\n\t\t\t\t\t<div class=\"container\">\n\t\t\t\t\t\t<div class=\"col-md-10 offset-md-1 col-12\">\n\t\t\t\t\t\t\t<div class=\"filter d-flex justify-content-between\">\n\t\t\t\t\t\t\t\t<select id=\"katz_search_typeOffre\" name=\"katz_search[typeOffre]\">\n\t\t\t\t\t\t\t\t\t<option value=\"\">Type de bien<\/option>\n\t\t\t\t\t\t\t\t\t<option value=\"1\">Appartement<\/option>\n\t\t\t\t\t\t\t\t\t<option value=\"2\">Maison<\/option>\n\t\t\t\t\t\t\t\t\t<option value=\"5\">Local<\/option>\n\t\t\t\t\t\t\t\t\t<option value=\"7\">Parking<\/option>\n\t\t\t\t\t\t\t\t\t<option value=\"3\">Terrain<\/option>\n\t\t\t\t\t\t\t\t\t<option value=\"4\">Immeuble<\/option>\n\t\t\t\t\t\t\t\t<\/select>\n\t\t\t\t\t\t\t\t<select id=\"katz_search_nbPieces\" name=\"katz_search[nbPieces]\">\n\t\t\t\t\t\t\t\t\t<option value=\"\">Pi\u00e8ces<\/option>\n\t\t\t\t\t\t\t\t\t<option value=\"1\">1<\/option>\n\t\t\t\t\t\t\t\t\t<option value=\"2\">2<\/option>\n\t\t\t\t\t\t\t\t\t<option value=\"3\">3<\/option>\n\t\t\t\t\t\t\t\t\t<option value=\"4\">4<\/option>\n\t\t\t\t\t\t\t\t\t<option value=\"5\">5 et +<\/option>\n\t\t\t\t\t\t\t\t<\/select>\n\t\t\t\t\t\t\t\t<div class=\"filter-item\">\n\t\t\t\t\t\t\t\t\t<span>Surface:<\/span>\n\t\t\t\t\t\t\t\t\t<input type=\"number\" id=\"katz_search_surfHabMin\" name=\"katz_search[surfHabMin]\" placeholder=\"min\" min=\"0\" value=\"\" \/>\n\t\t\t\t\t\t\t\t\t<input type=\"number\" id=\"katz_search_surfHabMax\" name=\"katz_search[surfHabMax]\" placeholder=\"max\" min=\"0\" value=\"\" \/>\n\t\t\t\t\t\t\t\t<\/div>\n\t\t\t\t\t\t\t\t<div class=\"filter-item\">\n\t\t\t\t\t\t\t\t\t<span>Prix:<\/span>\n\t\t\t\t\t\t\t\t\t<input type=\"number\" id=\"katz_search_prixMin\" name=\"katz_search[prixMin]\" placeholder=\"min\" min=\"0\" value=\"\" \/>\n\t\t\t\t\t\t\t\t\t<input type=\"number\" id=\"katz_search_prixMax\" name=\"katz_search[prixMax]\" placeholder=\"max\" min=\"0\" value=\"\" \/>\n\t\t\t\t\t\t\t\t<\/div>\n\t\t\t\t\t\t\t<\/div>\n\t\t\t\t\t\t<\/div>\n\t\t\t\t\t<\/div>\n\t\t\t\t<\/div>\n\t\t\t\t<div class=\"container\">\n\t\t\t\t\t<div class=\"row\">\n\t\t\t\t\t\t<div class=\"col-lg-10 offset-lg-1 text-right\">\n\t\t\t\t\t\t\t<div class=\"link-elmt submit mt-sm\" id=\"submit-button-search-form\">Rechercher<\/div>\n\t\t\t\t\t\t<\/div>\n\t\t\t\t\t<\/div>\n\t\t\t\t<\/div>\n\t\t\t<\/form>\n\t\t<\/section>\n\t<\/div>\n<\/div>\n<div class=\"container\">\n\n<div class=\"block-katz heading\">\n<h2>Louer \u00e0 Ville-d&rsquo;Avray, une excellente id\u00e9e<\/h2>\n<\/div>\n\n<div class=\"block-katz paragraph\">\n<p><strong>Louer une maison \u00e0 Ville-d&rsquo;Avray<\/strong>, ou un appartement, est tout sauf une mauvaise id\u00e9e. Cette commune des Hauts-de-Seine est r\u00e9put\u00e9e pour son excellente qualit\u00e9 de vie. Tous les atouts de la Ville Lumi\u00e8re sont \u00e0 port\u00e9e de main, alors que le <strong>cadre idyllique de la commune du 92<\/strong> vous fait oublier le rythme tr\u00e9pidant de la vie \u00e0 Paris. Ainsi, vous b\u00e9n\u00e9ficiez de tous les avantages de vivre \u00e0 une encablure d&rsquo;une ville internationale pris\u00e9e, tout en \u00e9vitant les inconv\u00e9nients.<\/p>\n<\/div>\n\n<div class=\"block-katz paragraph\">\n<p>Gr\u00e2ce aux nombreux <strong>parcs et for\u00eats<\/strong> qui ceinturent la commune, les possibilit\u00e9s de promenades et d&rsquo;activit\u00e9s sportives sont innombrables. Tous les commerces essentiels se trouvent \u00e0 proximit\u00e9 imm\u00e9diate, ou sur le territoire de Ville-d&rsquo;Avray. De nombreuses institutions scolaires sont pr\u00e9sentes pour garantir l&rsquo;<strong>\u00e9ducation de vos enfants<\/strong>. Enfin, il s&rsquo;agit d&rsquo;un lieu qui permet de se d\u00e9placer facilement, gr\u00e2ce \u00e0 la pr\u00e9sence de l&rsquo;<strong>A13<\/strong> juste au nord et de l&rsquo;<strong>A86<\/strong> qui coupe l&rsquo;extr\u00eame ouest du territoire de Ville-d&rsquo;Avray.<\/p>\n<\/div>\n\n<\/div>\n<div class=\"block-katz titre3photos\">\n\t<div class=\"container\">\n\t\t<div class=\"row\">\n\t\t\t\t\t\t\t<div class=\"col-12 text-center\">\n\t\t\t\t\t<h2>Un projet immobilier sur Ville-d&rsquo;Avray (92) ?<\/h2>\n\t\t\t\t<\/div>\n\t\t\t\t\t\t\t\t<div class=\"col-md-4 col-12\">\n\t\t\t\t\t<img src=\"https:\/\/www.agencekatz.com\/agence-immobiliere\/wp-content\/uploads\/2021\/02\/appartement-neuf-400x400.png\" alt=\"Appartement neuf\" \/>\n\t\t\t\t<\/div>\n\t\t\t\t\t\t\t\t<div class=\"col-md-4 col-12\">\n\t\t\t\t\t<img src=\"https:\/\/www.agencekatz.com\/agence-immobiliere\/wp-content\/uploads\/2021\/02\/defautkatz-400x400.png\" alt=\"Katz Immobilier\" \/>\n\t\t\t\t<\/div>\n\t\t\t\t\t\t\t\t<div class=\"col-md-4 col-12\">\n\t\t\t\t\t<img src=\"https:\/\/www.agencekatz.com\/agence-immobiliere\/wp-content\/uploads\/2021\/06\/villa-400x400.jpg\" alt=\"villa\" \/>\n\t\t\t\t<\/div>\n\t\t\t\t\t\t\t\t<div class=\"col-12 text-center\">\n\t\t\t\t\t<a href=\"https:\/\/www.agencekatz.com\/contact\" class=\"link link-gold\" title=\"Contactez-nous\" target=\"_self\">Contactez-nous<\/a>\n\t\t\t\t<\/div>\n\t\t\t\t\t\t<\/div>\n\t<\/div>\n<\/div>\n<div class=\"container\">\n\n<div class=\"block-katz heading\">\n<h2>Combien co\u00fbte une location Ville-d&rsquo;Avray (92410) ?<\/h2>\n<\/div>\n\n<div class=\"block-katz paragraph\">\n<p>\u00c0 ce titre, les <strong>prix de l&rsquo;immobilier locatif \u00e0 Ville d&rsquo;Avray<\/strong>, voisine de Garches, sont plut\u00f4t \u00e9lev\u00e9s. Le prix de la location au m\u00e8tre carr\u00e9 est en moyenne de <strong>21 \u20ac<\/strong> (fourchette basse 18 \u20ac, fourchette haute 27 \u20ac). C&rsquo;est le <strong>quartier Centre La Prairie<\/strong> qui est le moins cher, tandis que Thierry Saint-Cloud affiche le tarif le plus \u00e9lev\u00e9 avec une moyenne de 26 \u20ac le m\u00e8tre carr\u00e9.<\/p>\n<\/div>\n\n<div class=\"block-katz paragraph\">\n<p>Avec Katz Immobilier, vous serez en mesure de trouver une location \u00e0 Ville-d&rsquo;Avray qui satisfait vos crit\u00e8res, tout en restant dans vos clous budg\u00e9taires. Et si vous \u00eates propri\u00e9taire, nous serons en mesure de trouver rapidement un <strong>locataire pour votre maison<\/strong>, appartement ou garage. Si vous le souhaitez, vous pouvez b\u00e9n\u00e9ficier de notre <a href=\"https:\/\/www.agencekatz.com\/gestion-biens-immobiliers\" class=\"rank-math-link\">service de gestion locative<\/a> pour une tranquillit\u00e9 d&rsquo;esprit maximale.<\/p>\n<\/div>\n\n<div class=\"block-katz heading\">\n<h3>Les types de location<\/h3>\n<\/div>\n\n<div class=\"block-katz paragraph\">\n<p>Cette commune du 92 propose une belle palette de <strong>logements \u00e0 louer<\/strong>. Pour la grande Couronne, la proportion des maisons et des <strong>villas <\/strong>est sup\u00e9rieure \u00e0 la moyenne. Mais on trouve \u00e9galement des r\u00e9sidences de qualit\u00e9 o\u00f9 il est possible de louer un studio ou des appartements de taille vari\u00e9e (3 pi\u00e8ces, 4 pi\u00e8ces, 5 pi\u00e8ces, etc.). Les logements en location sont concentr\u00e9s sur la partie est de Ville-d&rsquo;Avray. On trouve n\u00e9anmoins quelques biens \u00e0 l&rsquo;est, principalement le long de la <strong>rue de Versailles<\/strong> qui m\u00e8ne \u00e0 <a href=\"https:\/\/www.agencekatz.com\/agence-immobiliere\/immobilier-a-garches-les-prix-continuent-daugmenter\/\" class=\"rank-math-link\">Montreuil<\/a> et des rues perpendiculaires.<\/p>\n<\/div>\n\n<div class=\"block-katz annonces\">\n\t<div class=\"row\">\n\t\t\t\t\t\t<div class=\"product-block bg-white col-lg-4 col-md-6 col-12\">\n\t\t\t\t\t<a href=\"https:\/\/www.agencekatz.com\/location-appartement-maison\">\n\t\t\t\t\t\t\t\t\t\t\t\t\t<div class=\"picture aos-init aos-animate\" data-aos=\"fade-left\">\n\t\t\t\t\t\t\t\t<img src=\"https:\/\/www.agencekatz.com\/agence-immobiliere\/wp-content\/uploads\/2021\/08\/maison.jpg\" class=\"img-fluid\" alt=\"maison\">\n\t\t\t\t\t\t\t<\/div>\n\t\t\t\t\t\t\t\t\t\t\t\t\t<div class=\"description\">\n\t\t\t\t\t\t\t<div class=\"col-12 p-0\">\n\t\t\t\t\t\t\t\t<p class=\"title\">Location Maison Ville-d&rsquo;Avray<\/p>\n\t\t\t\t\t\t\t\t<p class=\"infos m-0\">\n\t\t\t\t\t\t\t\t\tLOUEE\t\t\t\t\t\t\t\t<\/p>\n\t\t\t\t\t\t\t\t\t\t\t\t\t\t\t\t\t<div class=\"my-auto text-right\">\n\t\t\t\t\t\t\t\t\t\t<p class=\"price m-0\">\n\t\t\t\t\t\t\t\t\t\t\tXXX\t\t\t\t\t\t\t\t\t\t<\/p>\n\t\t\t\t\t\t\t\t\t<\/div>\n\t\t\t\t\t\t\t\t\t\t\t\t\t\t\t<\/div>\n\t\t\t\t\t\t<\/div>\n\t\t\t\t\t<\/a>\n\t\t\t\t<\/div>\n\t\t\t\t\t\t\t\t<div class=\"product-block bg-white col-lg-4 col-md-6 col-12\">\n\t\t\t\t\t<a href=\"https:\/\/www.agencekatz.com\/location-appartement-maison\">\n\t\t\t\t\t\t\t\t\t\t\t\t\t<div class=\"picture aos-init aos-animate\" data-aos=\"fade-left\">\n\t\t\t\t\t\t\t\t<img src=\"https:\/\/www.agencekatz.com\/agence-immobiliere\/wp-content\/uploads\/2021\/08\/appartement-ville-avray-400x400.jpg\" class=\"img-fluid\" alt=\"appartement\">\n\t\t\t\t\t\t\t<\/div>\n\t\t\t\t\t\t\t\t\t\t\t\t\t<div class=\"description\">\n\t\t\t\t\t\t\t<div class=\"col-12 p-0\">\n\t\t\t\t\t\t\t\t<p class=\"title\">Parking Ville-d&rsquo;Avray<\/p>\n\t\t\t\t\t\t\t\t<p class=\"infos m-0\">\n\t\t\t\t\t\t\t\t\tVILLE D&rsquo;AVRAY &#8211; Location de parking\t\t\t\t\t\t\t\t<\/p>\n\t\t\t\t\t\t\t\t\t\t\t\t\t\t\t\t\t<div class=\"my-auto text-right\">\n\t\t\t\t\t\t\t\t\t\t<p class=\"price m-0\">\n\t\t\t\t\t\t\t\t\t\t\t10.000 \u20ac\t\t\t\t\t\t\t\t\t\t<\/p>\n\t\t\t\t\t\t\t\t\t<\/div>\n\t\t\t\t\t\t\t\t\t\t\t\t\t\t\t<\/div>\n\t\t\t\t\t\t<\/div>\n\t\t\t\t\t<\/a>\n\t\t\t\t<\/div>\n\t\t\t\t\t\t\t\t<div class=\"product-block bg-white col-lg-4 col-md-6 col-12\">\n\t\t\t\t\t<a href=\"https:\/\/www.agencekatz.com\/location-appartement-maison\">\n\t\t\t\t\t\t\t\t\t\t\t\t\t<div class=\"picture aos-init aos-animate\" data-aos=\"fade-left\">\n\t\t\t\t\t\t\t\t<img src=\"https:\/\/www.agencekatz.com\/agence-immobiliere\/wp-content\/uploads\/2021\/04\/appartement-st-cloud-400x400.jpg\" class=\"img-fluid\" alt=\"appartement Saint-Cloud\">\n\t\t\t\t\t\t\t<\/div>\n\t\t\t\t\t\t\t\t\t\t\t\t\t<div class=\"description\">\n\t\t\t\t\t\t\t<div class=\"col-12 p-0\">\n\t\t\t\t\t\t\t\t<p class=\"title\">LOCATION APPARTEMENT VILLE D&rsquo;AVRAY<\/p>\n\t\t\t\t\t\t\t\t<p class=\"infos m-0\">\n\t\t\t\t\t\t\t\t\tInt\u00e9rieur luxueux\t\t\t\t\t\t\t\t<\/p>\n\t\t\t\t\t\t\t\t\t\t\t\t\t\t\t\t\t<div class=\"my-auto text-right\">\n\t\t\t\t\t\t\t\t\t\t<p class=\"price m-0\">\n\t\t\t\t\t\t\t\t\t\t\t1.100 EUR\t\t\t\t\t\t\t\t\t\t<\/p>\n\t\t\t\t\t\t\t\t\t<\/div>\n\t\t\t\t\t\t\t\t\t\t\t\t\t\t\t<\/div>\n\t\t\t\t\t\t<\/div>\n\t\t\t\t\t<\/a>\n\t\t\t\t<\/div>\n\t\t\t\t\t<\/div>\n<\/div>\n\n<div class=\"block-katz heading\">\n<h3>Pourquoi choisir Katz pour votre location \u00e0 Ville-d&rsquo;Avray&nbsp;?<\/h3>\n<\/div>\n\n<div class=\"block-katz paragraph\">\n<p>Vous ne regretterez pas de nous avoir fait confiance pour votre location \u00e0 Ville-d&rsquo;Avray. Voici pourquoi :<\/p>\n<\/div>\n\n\n<ul><li><strong>Exp\u00e9rience<\/strong> : nous sommes actifs depuis 50 ans sur le march\u00e9 immobilier des Hauts-de-Seine<\/li><li><strong>Agence immobili\u00e8re de Ville-d&rsquo;Avray familiale<\/strong>\u00a0: notre entreprise familiale se transmet de g\u00e9n\u00e9ration en g\u00e9n\u00e9ration, en perp\u00e9tuant les valeurs qui nous animent depuis le d\u00e9but<\/li><li><strong>Accompagnement personnalis\u00e9\u00a0<\/strong>: chaque dossier est trait\u00e9 avec le s\u00e9rieux qui s&rsquo;impose, de la location \u00e0 Ville-d&rsquo;Avray d&rsquo;un garage \u00e0 l&rsquo;achat d&rsquo;une villa<\/li><li><strong>Gamme compl\u00e8te de services<\/strong>\u00a0: si vous voulez louer un bien \u00e0 Ville-d&rsquo;Avray, vous pouvez profiter, si tel est votre souhait, de notre service de gestion locative, de <a href=\"https:\/\/www.agencekatz.com\/promotion-immobiliere\" class=\"rank-math-link\">promotion immobili\u00e8re<\/a>, etc.<\/li><li>Membre de la <strong>FNAIM<\/strong><\/li><\/ul>\n\n\n<div class=\"block-katz liens\">\n\t<div class=\"row\">\n\t\t<div class=\"col-12\">\n\t\t\t\t\t\t\t<p class=\"titre\">Nos autres services<\/p>\n\t\t\t\t\t\t\t\t<div class=\"bloc-liens\">\n\t\t\t\t\t\t\t\t\t\t\t<div class=\"lien\">\n\t\t\t\t\t\t\t<a href=\"https:\/\/www.agencekatz.com\/agence-immobiliere\/ville-d-avray-92410\/immobilier-ville-d-avray\/\" title=\"Immobilier Ville-d'Avray\" target=\"_self\">\n\t\t\t\t\t\t\t\tImmobilier Ville-d&rsquo;Avray\t\t\t\t\t\t\t<\/a>\n\t\t\t\t\t\t<\/div>\n\t\t\t\t\t\t\t\t\t\t\t\t<div class=\"lien\">\n\t\t\t\t\t\t\t<a href=\"https:\/\/www.agencekatz.com\/agence-immobiliere\/ville-d-avray-92410\/\" title=\"Agence immobili\u00e8re Ville-d'Avray\" target=\"_self\">\n\t\t\t\t\t\t\t\tAgence immobili\u00e8re Ville-d&rsquo;Avray\t\t\t\t\t\t\t<\/a>\n\t\t\t\t\t\t<\/div>\n\t\t\t\t\t\t\t\t\t\t\t\t<div class=\"lien\">\n\t\t\t\t\t\t\t<a href=\"https:\/\/www.agencekatz.com\/agence-immobiliere\/ville-d-avray-92410\/terrain-ville-d-avray\" title=\"Terrain Ville-d'Avray\" target=\"_self\">\n\t\t\t\t\t\t\t\tTerrain Ville-d&rsquo;Avray\t\t\t\t\t\t\t<\/a>\n\t\t\t\t\t\t<\/div>\n\t\t\t\t\t\t\t\t\t\t\t\t<div class=\"lien\">\n\t\t\t\t\t\t\t<a href=\"https:\/\/www.agencekatz.com\/agence-immobiliere\/ville-d-avray-92410\/appartement-ville-d-avray\" title=\"Appartement Ville-d'Avray\" target=\"_self\">\n\t\t\t\t\t\t\t\tAppartement Ville-d&rsquo;Avray\t\t\t\t\t\t\t<\/a>\n\t\t\t\t\t\t<\/div>\n\t\t\t\t\t\t\t\t\t\t\t\t<div class=\"lien\">\n\t\t\t\t\t\t\t<a href=\"https:\/\/www.agencekatz.com\/agence-immobiliere\/ville-d-avray-92410\/maison-ville-d-avray\" title=\"Maison Ville-d'Avray\" target=\"_self\">\n\t\t\t\t\t\t\t\tMaison Ville-d&rsquo;Avray\t\t\t\t\t\t\t<\/a>\n\t\t\t\t\t\t<\/div>\n\t\t\t\t\t\t\t\t\t\t<\/div>\n\t\t\t\t\t\t<\/div>\n\t<\/div>\n<\/div>","protected":false},"excerpt":{"rendered":"<p>Pour une location \u00e0 Ville-d&rsquo;Avray 92410, ayez le r\u00e9flexe KATZ Immobilier. Notre agence familiale est sp\u00e9cialis\u00e9e depuis 5 d\u00e9cennies dans l&rsquo;immobilier de l&rsquo;Ouest parisien. Pour louer un appartement ou une maison dans cette commune du 92, vous pouvez compter sur notre connaissance parfaite du march\u00e9. Studio, appartement, maison, parking\u2026 Nous avons une large gamme de [&hellip;]<\/p>\n","protected":false},"author":2,"featured_media":0,"parent":29652,"menu_order":0,"comment_status":"closed","ping_status":"closed","template":"","meta":[],"acf":[],"_links":{"self":[{"href":"https:\/\/www.agencekatz.com\/agence-immobiliere\/wp-json\/wp\/v2\/pages\/29718"}],"collection":[{"href":"https:\/\/www.agencekatz.com\/agence-immobiliere\/wp-json\/wp\/v2\/pages"}],"about":[{"href":"https:\/\/www.agencekatz.com\/agence-immobiliere\/wp-json\/wp\/v2\/types\/page"}],"author":[{"embeddable":true,"href":"https:\/\/www.agencekatz.com\/agence-immobiliere\/wp-json\/wp\/v2\/users\/2"}],"replies":[{"embeddable":true,"href":"https:\/\/www.agencekatz.com\/agence-immobiliere\/wp-json\/wp\/v2\/comments?post=29718"}],"version-history":[{"count":4,"href":"https:\/\/www.agencekatz.com\/agence-immobiliere\/wp-json\/wp\/v2\/pages\/29718\/revisions"}],"predecessor-version":[{"id":29763,"href":"https:\/\/www.agencekatz.com\/agence-immobiliere\/wp-json\/wp\/v2\/pages\/29718\/revisions\/29763"}],"up":[{"embeddable":true,"href":"https:\/\/www.agencekatz.com\/agence-immobiliere\/wp-json\/wp\/v2\/pages\/29652"}],"wp:attachment":[{"href":"https:\/\/www.agencekatz.com\/agence-immobiliere\/wp-json\/wp\/v2\/media?parent=29718"}],"curies":[{"name":"wp","href":"https:\/\/api.w.org\/{rel}","templated":true}]}}