{"id":29715,"date":"2021-08-02T11:12:13","date_gmt":"2021-08-02T09:12:13","guid":{"rendered":"https:\/\/www.agencekatz.com\/agence-immobiliere\/?page_id=29715"},"modified":"2021-08-05T11:03:16","modified_gmt":"2021-08-05T09:03:16","slug":"appartement-ville-d-avray","status":"publish","type":"page","link":"https:\/\/www.agencekatz.com\/agence-immobiliere\/ville-d-avray-92410\/appartement-ville-d-avray\/","title":{"rendered":"Appartement Ville-d&rsquo;Avray : trouvez la perle rare avec KATZ"},"content":{"rendered":"<div class=\"block-katz paragraph\">\n<p>Si l&rsquo;environnement idyllique des Hauts-de-Seine s\u00e9duisait d\u00e9j\u00e0 de nombreux Parisiens, la pand\u00e9mie que nous traversons n&rsquo;a fait que renverser cet attrait. Vous aussi, vous \u00eates \u00e0 la recherche d&rsquo;un <strong>appartement \u00e0 Ville-d&rsquo;Avray<\/strong>&nbsp;? Que ce soit pour louer un studio, acheter un trois-pi\u00e8ces ou faire l&rsquo;acquisition d&rsquo;un vaste appartement T5 ou T6 dans cette commune de l&rsquo;Ouest parisien, vous pouvez compter sur <strong>KATZ Immobilier<\/strong>.<\/p>\n<\/div>\n\n<div class=\"block-katz paragraph\">\n<p>Nous sommes en effet sp\u00e9cialis\u00e9 sur ce secteur g\u00e9ographique de l&rsquo;\u00cele-de-France depuis 50 ans d\u00e9j\u00e0. De g\u00e9n\u00e9ration en g\u00e9n\u00e9ration, notre <strong>agence immobili\u00e8re<\/strong> implant\u00e9e \u00e0 Garches conseille et accompagne les familles en qu\u00eate d&rsquo;un achat ou d&rsquo;une location d&rsquo;appartement \u00e0 Ville-d&rsquo;Avray. Si vous \u00eates propri\u00e9taire, nous trouverons rapidement un acheteur ou un locataire.<\/p>\n<\/div>\n\n<\/div>\n<div class=\"block-katz titre3photos\">\n\t<div class=\"container\">\n\t\t<div class=\"row\">\n\t\t\t\t\t\t\t<div class=\"col-12 text-center\">\n\t\t\t\t\t<h2>Vous cherchez un appartement \u00e0 Ville-d&rsquo;Avray (92) ?<\/h2>\n\t\t\t\t<\/div>\n\t\t\t\t\t\t\t\t<div class=\"col-md-4 col-12\">\n\t\t\t\t\t<img src=\"https:\/\/www.agencekatz.com\/agence-immobiliere\/wp-content\/uploads\/2021\/02\/appartement-neuf-400x400.png\" alt=\"Appartement neuf\" \/>\n\t\t\t\t<\/div>\n\t\t\t\t\t\t\t\t<div class=\"col-md-4 col-12\">\n\t\t\t\t\t<img src=\"https:\/\/www.agencekatz.com\/agence-immobiliere\/wp-content\/uploads\/2021\/02\/defautkatz-400x400.png\" alt=\"Katz Immobilier\" \/>\n\t\t\t\t<\/div>\n\t\t\t\t\t\t\t\t<div class=\"col-md-4 col-12\">\n\t\t\t\t\t<img src=\"https:\/\/www.agencekatz.com\/agence-immobiliere\/wp-content\/uploads\/2021\/02\/programme-neuf-400x400.jpg\" alt=\"Programme immobilier neuf\" \/>\n\t\t\t\t<\/div>\n\t\t\t\t\t\t\t\t<div class=\"col-12 text-center\">\n\t\t\t\t\t<a href=\"https:\/\/www.agencekatz.com\/contact\" class=\"link link-gold\" title=\"Contactez-nous\" target=\"_self\">Contactez-nous<\/a>\n\t\t\t\t<\/div>\n\t\t\t\t\t\t<\/div>\n\t<\/div>\n<\/div>\n<div class=\"container\">\n\n<div class=\"block-katz heading\">\n<h2>Les atouts d&rsquo;un appartement \u00e0 Ville-d&rsquo;Avray&nbsp;?<\/h2>\n<\/div>\n\n<div class=\"block-katz paragraph\">\n<p>Recouverte \u00e0 70 % de verdure, la commune vallonn\u00e9e de <strong>Ville-d&rsquo;Avray (92410)<\/strong> offre un environnement id\u00e9al aux personnes \u00e0 la recherche d&rsquo;un cadre de vie sup\u00e9rieur. En effet, Paris et ses atouts uniques en termes culturels et professionnels se trouvent \u00e0 un jet de pierre. Malgr\u00e9 cette proximit\u00e9, vous b\u00e9n\u00e9ficiez d&rsquo;un <strong>environnement calme et tranquille<\/strong>, la vie dans la capitale ayant son revers de la m\u00e9daille. Se poser dans un <strong>studio <\/strong>ou dans un appartement de Ville-d&rsquo;Avray permet de ne faire aucune concession entre qualit\u00e9 de vie et praticit\u00e9.<\/p>\n<\/div>\n\n<div class=\"block-katz paragraph\">\n<p>Ville-d&rsquo;Avray repr\u00e9sente en effet la commune id\u00e9ale pour les professionnels ambitieux d\u00e9sireux de se ressourcer dans un environnement champ\u00eatre et calme apr\u00e8s une dure journ\u00e9e de travail. Les employeurs de renomm\u00e9e internationale ne sont pas loin. La commune des <strong>Hauts-de-Seine<\/strong> offre toute l&rsquo;infrastructure indispensable pour les familles et les cadres en termes de commerces, d&rsquo;\u00e9coles, de pratique sportive, etc.<\/p>\n<\/div>\n\n<\/div>\n<div class=\"block-katz moteurrecherche\">\n\t<div id=\"buy-location\">\n\t\t<section class=\"filter-search mt-md\">\n\t\t\t<form name=\"katz_search\" method=\"get\" id=\"search-form\" action=\"https:\/\/www.agencekatz.com\/acheter-appartement-maison#search-form\">\n\t\t\t\t<div class=\"container\">\n\t\t\t\t\t<p class=\"font-lato-bold font-size-26 color-blue text-uppercase text-center letter-spacing-400\">\n\t\t\t\t\t\tCherchez votre appartement \u00e0 Ville-d&rsquo;Avray (du studio au 6 pi\u00e8ces) \t\t\t\t\t<\/p>\n\t\t\t\t\t<div class=\"row\">\n\t\t\t\t\t\t<div class=\"col-lg-10 offset-lg-1\">\n\t\t\t\t\t\t\t<div class=\"container-fluid selector-container mt-md mb-sm\">\n\t\t\t\t\t\t\t\t<div class=\"row no-gutters\">\n\t\t\t\t\t\t\t\t\t<div class=\"col-lg-6\">\n\t\t\t\t\t\t\t\t\t\t<div class=\"switch d-flex \">\n\t\t\t\t\t\t\t\t\t\t\t<a href=\"https:\/\/www.agencekatz.com\/acheter-appartement-maison\" class=\"link-elmt active\" target=\"_self\">\n\t\t\t\t\t\t\t\t\t\t\t\tAchat\n\t\t\t\t\t\t\t\t\t\t\t<\/a>\n\t\t\t\t\t\t\t\t\t\t\t<a href=\"https:\/\/www.agencekatz.com\/location-appartement-maison\" class=\"link-elmt \" target=\"_self\">\n\t\t\t\t\t\t\t\t\t\t\t\tLouer\n\t\t\t\t\t\t\t\t\t\t\t<\/a>\n\t\t\t\t\t\t\t\t\t\t<\/div>\n\t\t\t\t\t\t\t\t\t<\/div>\n\t\t\t\t\t\t\t\t\t<div class=\"col-lg-6 input-search\">\n\t\t\t\t\t\t\t\t\t\t<select id=\"katz_search_place\" name=\"katz_search[place]\" class=\"select-two\" placeholder=\"Ville, Code postal...\">\n\t\t\t\t\t\t\t\t\t\t\t<option value=\"\"><\/option>\n\t\t\t\t\t\t\t\t\t\t\t<option value=\"Beynes\" selected=\"selected\">Beynes &#8211; 78650<\/option>\n\t\t\t\t\t\t\t\t\t\t\t<option value=\"Bougival\">Bougival &#8211; 78380<\/option>\n\t\t\t\t\t\t\t\t\t\t\t<option value=\"Garches\">Garches &#8211; 92380<\/option>\n\t\t\t\t\t\t\t\t\t\t\t<option value=\"Goupilli\u00e8res\">Goupilli\u00e8res &#8211; 78770<\/option>\n\t\t\t\t\t\t\t\t\t\t\t<option value=\"Issy-les-Moulineaux\">Issy-les-Moulineaux &#8211; 92130<\/option>\n\t\t\t\t\t\t\t\t\t\t\t<option value=\"La Celle-Saint-Cloud\">La Celle-Saint-Cloud &#8211; 78170<\/option>\n\t\t\t\t\t\t\t\t\t\t\t<option value=\"Marnes-la-Coquette\">Marnes-la-Coquette &#8211; 92430<\/option>\n\t\t\t\t\t\t\t\t\t\t\t<option value=\"Montrouge\">Montrouge &#8211; 92120<\/option>\n\t\t\t\t\t\t\t\t\t\t\t<option value=\"Paris\">Paris &#8211; 75018<\/option>\n\t\t\t\t\t\t\t\t\t\t\t<option value=\"Paris 18\">Paris 18 &#8211; 75018<\/option>\n\t\t\t\t\t\t\t\t\t\t\t<option value=\"Vaucresson\">Vaucresson &#8211; 92420<\/option>\n\t\t\t\t\t\t\t\t\t\t\t<option value=\"Ville-d&#039;Avray\">Ville-d&#039;Avray &#8211; 92410<\/option>\n\t\t\t\t\t\t\t\t\t\t<\/select>\n\t\t\t\t\t\t\t\t\t<\/div>\n\t\t\t\t\t\t\t\t<\/div>\n\t\t\t\t\t\t\t<\/div>\n\t\t\t\t\t\t<\/div>\n\t\t\t\t\t<\/div>\n\t\t\t\t<\/div>\n\t\t\t\t<div class=\"container-fluid py-sm bg-blue color-white text-center\">\n\t\t\t\t\t<div class=\"container\">\n\t\t\t\t\t\t<div class=\"col-md-10 offset-md-1 col-12\">\n\t\t\t\t\t\t\t<div class=\"filter d-flex justify-content-between\">\n\t\t\t\t\t\t\t\t<select id=\"katz_search_typeOffre\" name=\"katz_search[typeOffre]\">\n\t\t\t\t\t\t\t\t\t<option value=\"\">Type de bien<\/option>\n\t\t\t\t\t\t\t\t\t<option value=\"1\">Appartement<\/option>\n\t\t\t\t\t\t\t\t\t<option value=\"2\">Maison<\/option>\n\t\t\t\t\t\t\t\t\t<option value=\"5\">Local<\/option>\n\t\t\t\t\t\t\t\t\t<option value=\"7\">Parking<\/option>\n\t\t\t\t\t\t\t\t\t<option value=\"3\">Terrain<\/option>\n\t\t\t\t\t\t\t\t\t<option value=\"4\">Immeuble<\/option>\n\t\t\t\t\t\t\t\t<\/select>\n\t\t\t\t\t\t\t\t<select id=\"katz_search_nbPieces\" name=\"katz_search[nbPieces]\">\n\t\t\t\t\t\t\t\t\t<option value=\"\">Pi\u00e8ces<\/option>\n\t\t\t\t\t\t\t\t\t<option value=\"1\">1<\/option>\n\t\t\t\t\t\t\t\t\t<option value=\"2\">2<\/option>\n\t\t\t\t\t\t\t\t\t<option value=\"3\">3<\/option>\n\t\t\t\t\t\t\t\t\t<option value=\"4\">4<\/option>\n\t\t\t\t\t\t\t\t\t<option value=\"5\">5 et +<\/option>\n\t\t\t\t\t\t\t\t<\/select>\n\t\t\t\t\t\t\t\t<div class=\"filter-item\">\n\t\t\t\t\t\t\t\t\t<span>Surface:<\/span>\n\t\t\t\t\t\t\t\t\t<input type=\"number\" id=\"katz_search_surfHabMin\" name=\"katz_search[surfHabMin]\" placeholder=\"min\" min=\"0\" value=\"\" \/>\n\t\t\t\t\t\t\t\t\t<input type=\"number\" id=\"katz_search_surfHabMax\" name=\"katz_search[surfHabMax]\" placeholder=\"max\" min=\"0\" value=\"\" \/>\n\t\t\t\t\t\t\t\t<\/div>\n\t\t\t\t\t\t\t\t<div class=\"filter-item\">\n\t\t\t\t\t\t\t\t\t<span>Prix:<\/span>\n\t\t\t\t\t\t\t\t\t<input type=\"number\" id=\"katz_search_prixMin\" name=\"katz_search[prixMin]\" placeholder=\"min\" min=\"0\" value=\"\" \/>\n\t\t\t\t\t\t\t\t\t<input type=\"number\" id=\"katz_search_prixMax\" name=\"katz_search[prixMax]\" placeholder=\"max\" min=\"0\" value=\"\" \/>\n\t\t\t\t\t\t\t\t<\/div>\n\t\t\t\t\t\t\t<\/div>\n\t\t\t\t\t\t<\/div>\n\t\t\t\t\t<\/div>\n\t\t\t\t<\/div>\n\t\t\t\t<div class=\"container\">\n\t\t\t\t\t<div class=\"row\">\n\t\t\t\t\t\t<div class=\"col-lg-10 offset-lg-1 text-right\">\n\t\t\t\t\t\t\t<div class=\"link-elmt submit mt-sm\" id=\"submit-button-search-form\">Rechercher<\/div>\n\t\t\t\t\t\t<\/div>\n\t\t\t\t\t<\/div>\n\t\t\t\t<\/div>\n\t\t\t<\/form>\n\t\t<\/section>\n\t<\/div>\n<\/div>\n<div class=\"container\">\n\n<div class=\"block-katz paragraph\">\n<p>Pour les f\u00e9rus de jogging, de promenade dans la nature, Ville-d&rsquo;Avray et les communes voisines offrent des tas de possibilit\u00e9s (for\u00eat de Fausses-Reposes, <strong>parc Saint-Cloud<\/strong>, parc d\u00e9partemental du Haras de Jardy, etc.). On y trouve une piscine, un plateau sportif, un stade municipal, un gymnase, etc. Soci\u00e9t\u00e9 de p\u00eache, club d&rsquo;\u00e9chec, centre \u00e9questre, club de bridge\u2026 Se nombreuses activit\u00e9s sont disponibles sur place, ou dans les communes voisines de S\u00e8vres, Marnes-la-Coquette, <a class=\"rank-math-link\" href=\"https:\/\/www.agencekatz.com\/agence-immobiliere\/garches-92380\/immobilier-garches\/\">Garches<\/a>, etc.<\/p>\n<\/div>\n\n<div class=\"block-katz heading\">\n<h2>Achat ou location d&rsquo;un appartement \u00e0 Ville-d&rsquo;Avray 92410<\/h2>\n<\/div>\n\n<div class=\"block-katz paragraph\">\n<p>Si vous ne connaissiez pas encore bien la commune, vous comprenez d\u00e9sormais pourquoi les Parisiens en qu\u00eate d&rsquo;une location ou d&rsquo;un <strong>achat d&rsquo;appartement \u00e0 Ville-d&rsquo;Avray<\/strong> sont nombreux. Les familles visent des trois-pi\u00e8ces ou des 4 pi\u00e8ces, tandis que de jeunes cadres r\u00eavent d&rsquo;un studio \u00e0 Ville-d&rsquo;Avray.<\/p>\n<\/div>\n\n<div class=\"block-katz paragraph\">\n<p>Vous pouvez consulter via notre moteur de recherche les biens qui sont actuellement disponibles. Mais veuillez noter que celui-ci n&rsquo;affiche qu&rsquo;une partie des appartements en vente ou en location. En effet, pour des raisons de confidentialit\u00e9 certains clients ne souhaitent pas la publication de leur offre. Ainsi, contactez-nous pour nous faire part de vous desiderata (T3, T4, T5, T6 et +). Nous vous ferons part des disponibilit\u00e9s. Et si rien ne correspond \u00e0 votre recherche nous nous mettrons en qu\u00eate de l&rsquo;appartement parfait \u00e0 Ville-d&rsquo;Avray.<\/p>\n<\/div>\n\n<div class=\"block-katz liens\">\n\t<div class=\"row\">\n\t\t<div class=\"col-12\">\n\t\t\t\t\t\t\t<p class=\"titre\">Nos autres services<\/p>\n\t\t\t\t\t\t\t\t<div class=\"bloc-liens\">\n\t\t\t\t\t\t\t\t\t\t\t<div class=\"lien\">\n\t\t\t\t\t\t\t<a href=\"https:\/\/www.agencekatz.com\/agence-immobiliere\/ville-d-avray-92410\/immobilier-ville-d-avray\/\" title=\"Immobilier Ville-d'Avray\" target=\"_self\">\n\t\t\t\t\t\t\t\tImmobilier Ville-d&rsquo;Avray\t\t\t\t\t\t\t<\/a>\n\t\t\t\t\t\t<\/div>\n\t\t\t\t\t\t\t\t\t\t\t\t<div class=\"lien\">\n\t\t\t\t\t\t\t<a href=\"https:\/\/www.agencekatz.com\/agence-immobiliere\/ville-d-avray-92410\/\" title=\"Agence immobili\u00e8re Ville-d'Avray\" target=\"_self\">\n\t\t\t\t\t\t\t\tAgence immobili\u00e8re Ville-d&rsquo;Avray\t\t\t\t\t\t\t<\/a>\n\t\t\t\t\t\t<\/div>\n\t\t\t\t\t\t\t\t\t\t\t\t<div class=\"lien\">\n\t\t\t\t\t\t\t<a href=\"https:\/\/www.agencekatz.com\/agence-immobiliere\/ville-d-avray-92410\/terrain-ville-d-avray\" title=\"Terrain Ville-d'Avray\" target=\"_self\">\n\t\t\t\t\t\t\t\tTerrain Ville-d&rsquo;Avray\t\t\t\t\t\t\t<\/a>\n\t\t\t\t\t\t<\/div>\n\t\t\t\t\t\t\t\t\t\t\t\t<div class=\"lien\">\n\t\t\t\t\t\t\t<a href=\"https:\/\/www.agencekatz.com\/agence-immobiliere\/ville-d-avray-92410\/maison-ville-d-avray\" title=\"Maison Ville-d'Avray\" target=\"_self\">\n\t\t\t\t\t\t\t\tMaison Ville-d&rsquo;Avray\t\t\t\t\t\t\t<\/a>\n\t\t\t\t\t\t<\/div>\n\t\t\t\t\t\t\t\t\t\t\t\t<div class=\"lien\">\n\t\t\t\t\t\t\t<a href=\"https:\/\/www.agencekatz.com\/agence-immobiliere\/ville-d-avray-92410\/location-ville-d-avray\" title=\"Location Ville-d'Avray\" target=\"_self\">\n\t\t\t\t\t\t\t\tLocation Ville-d&rsquo;Avray\t\t\t\t\t\t\t<\/a>\n\t\t\t\t\t\t<\/div>\n\t\t\t\t\t\t\t\t\t\t<\/div>\n\t\t\t\t\t\t<\/div>\n\t<\/div>\n<\/div>\n\n<div class=\"block-katz heading\">\n<h3>Vendre votre studio ou appartement \u00e0 Ville-d&rsquo;Avray avec KATZ<\/h3>\n<\/div>\n\n<div class=\"block-katz paragraph\">\n<p>Vous \u00eates \u00e0 la recherche d&rsquo;un <a href=\"https:\/\/www.agencekatz.com\/estimation-et-vente-biens-immobiliers\" class=\"rank-math-link\">acheteur de votre bien<\/a>\u00a0? Vous pouvez compter sur KATZ Immobilier pour trouver un acqu\u00e9reur de votre <strong>appartement \u00e0 vendre \u00e0 Ville-d&rsquo;Avray<\/strong> au juste prix. Gr\u00e2ce \u00e0 notre large pr\u00e9sence sur le march\u00e9, nous avons des listes de pourvoyeurs et de demandeurs de biens sur l&rsquo;ensemble des Hauts-de-Seine. En nous confiant la vente de votre appartement ou <strong>studio \u00e0 Ville-d&rsquo;Avray<\/strong>, vous b\u00e9n\u00e9ficierez d&rsquo;un suivi attentif de votre dossier, ainsi que d&rsquo;une cession rapide \u00e0 bon prix. Prenez contact sans plus tarder avec l&rsquo;un de nos agents pour une estimation de votre appartement de Ville-d&rsquo;Avray.<\/p>\n<\/div>\n\n<div class=\"block-katz annonces\">\n\t<div class=\"row\">\n\t\t\t\t\t\t<div class=\"product-block bg-white col-lg-4 col-md-6 col-12\">\n\t\t\t\t\t<a href=\"https:\/\/www.agencekatz.com\/acheter-appartement-maison?katz_search%5Bplace%5D=Garches&#038;katz_search%5BtypeOffre%5D=&#038;katz_search%5BnbPieces%5D=&#038;katz_search%5BsurfHabMin%5D=&#038;katz_search%5BsurfHabMax%5D=&#038;katz_search%5BprixMin%5D=&#038;katz_search%5BprixMax%5D=\">\n\t\t\t\t\t\t\t\t\t\t\t\t\t<div class=\"picture aos-init aos-animate\" data-aos=\"fade-left\">\n\t\t\t\t\t\t\t\t<img src=\"https:\/\/www.agencekatz.com\/agence-immobiliere\/wp-content\/uploads\/2021\/08\/maison.jpg\" class=\"img-fluid\" alt=\"maison\">\n\t\t\t\t\t\t\t<\/div>\n\t\t\t\t\t\t\t\t\t\t\t\t\t<div class=\"description\">\n\t\t\t\t\t\t\t<div class=\"col-12 p-0\">\n\t\t\t\t\t\t\t\t<p class=\"title\">Maison Ville-d&rsquo;Avray<\/p>\n\t\t\t\t\t\t\t\t<p class=\"infos m-0\">\n\t\t\t\t\t\t\t\t\tVENDUE\t\t\t\t\t\t\t\t<\/p>\n\t\t\t\t\t\t\t\t\t\t\t\t\t\t\t\t\t<div class=\"my-auto text-right\">\n\t\t\t\t\t\t\t\t\t\t<p class=\"price m-0\">\n\t\t\t\t\t\t\t\t\t\t\t1.195.000 \u20ac\t\t\t\t\t\t\t\t\t\t<\/p>\n\t\t\t\t\t\t\t\t\t<\/div>\n\t\t\t\t\t\t\t\t\t\t\t\t\t\t\t<\/div>\n\t\t\t\t\t\t<\/div>\n\t\t\t\t\t<\/a>\n\t\t\t\t<\/div>\n\t\t\t\t\t\t\t\t<div class=\"product-block bg-white col-lg-4 col-md-6 col-12\">\n\t\t\t\t\t<a href=\"https:\/\/www.agencekatz.com\/biens-immobiliers\/achat-ville-d-avray-katz\">\n\t\t\t\t\t\t\t\t\t\t\t\t\t<div class=\"picture aos-init aos-animate\" data-aos=\"fade-left\">\n\t\t\t\t\t\t\t\t<img src=\"https:\/\/www.agencekatz.com\/agence-immobiliere\/wp-content\/uploads\/2021\/08\/parking-ville-avray-400x400.jpg\" class=\"img-fluid\" alt=\"parking ville d&#039;Avray\">\n\t\t\t\t\t\t\t<\/div>\n\t\t\t\t\t\t\t\t\t\t\t\t\t<div class=\"description\">\n\t\t\t\t\t\t\t<div class=\"col-12 p-0\">\n\t\t\t\t\t\t\t\t<p class=\"title\">Parking Ville-d&rsquo;Avray<\/p>\n\t\t\t\t\t\t\t\t<p class=\"infos m-0\">\n\t\t\t\t\t\t\t\t\tVILLE D&rsquo;AVRAY &#8211; 219 rue de Versailles &#8211;  Taxe fonci\u00e8re : 74 euros Charges annuelles : 40 euros\t\t\t\t\t\t\t\t<\/p>\n\t\t\t\t\t\t\t\t\t\t\t\t\t\t\t\t\t<div class=\"my-auto text-right\">\n\t\t\t\t\t\t\t\t\t\t<p class=\"price m-0\">\n\t\t\t\t\t\t\t\t\t\t\t10.000 \u20ac\t\t\t\t\t\t\t\t\t\t<\/p>\n\t\t\t\t\t\t\t\t\t<\/div>\n\t\t\t\t\t\t\t\t\t\t\t\t\t\t\t<\/div>\n\t\t\t\t\t\t<\/div>\n\t\t\t\t\t<\/a>\n\t\t\t\t<\/div>\n\t\t\t\t\t\t\t\t<div class=\"product-block bg-white col-lg-4 col-md-6 col-12\">\n\t\t\t\t\t<a href=\"https:\/\/www.agencekatz.com\/acheter-appartement-maison?katz_search%5Bplace%5D=Garches&#038;katz_search%5BtypeOffre%5D=&#038;katz_search%5BnbPieces%5D=&#038;katz_search%5BsurfHabMin%5D=&#038;katz_search%5BsurfHabMax%5D=&#038;katz_search%5BprixMin%5D=&#038;katz_search%5BprixMax%5D=\">\n\t\t\t\t\t\t\t\t\t\t\t\t\t<div class=\"picture aos-init aos-animate\" data-aos=\"fade-left\">\n\t\t\t\t\t\t\t\t<img src=\"https:\/\/www.agencekatz.com\/agence-immobiliere\/wp-content\/uploads\/2021\/08\/appartement-ville-avray-400x400.jpg\" class=\"img-fluid\" alt=\"appartement\">\n\t\t\t\t\t\t\t<\/div>\n\t\t\t\t\t\t\t\t\t\t\t\t\t<div class=\"description\">\n\t\t\t\t\t\t\t<div class=\"col-12 p-0\">\n\t\t\t\t\t\t\t\t<p class=\"title\">APPARTEMENT VILLE D&rsquo;AVRAY<\/p>\n\t\t\t\t\t\t\t\t<p class=\"infos m-0\">\n\t\t\t\t\t\t\t\t\tR\u00e9sidence calme &#8211; Parking disponible\t\t\t\t\t\t\t\t<\/p>\n\t\t\t\t\t\t\t\t\t\t\t\t\t\t\t\t\t<div class=\"my-auto text-right\">\n\t\t\t\t\t\t\t\t\t\t<p class=\"price m-0\">\n\t\t\t\t\t\t\t\t\t\t\tApd 320.000 \u20ac\t\t\t\t\t\t\t\t\t\t<\/p>\n\t\t\t\t\t\t\t\t\t<\/div>\n\t\t\t\t\t\t\t\t\t\t\t\t\t\t\t<\/div>\n\t\t\t\t\t\t<\/div>\n\t\t\t\t\t<\/a>\n\t\t\t\t<\/div>\n\t\t\t\t\t<\/div>\n<\/div>","protected":false},"excerpt":{"rendered":"<p>Si l&rsquo;environnement idyllique des Hauts-de-Seine s\u00e9duisait d\u00e9j\u00e0 de nombreux Parisiens, la pand\u00e9mie que nous traversons n&rsquo;a fait que renverser cet attrait. Vous aussi, vous \u00eates \u00e0 la recherche d&rsquo;un appartement \u00e0 Ville-d&rsquo;Avray&nbsp;? Que ce soit pour louer un studio, acheter un trois-pi\u00e8ces ou faire l&rsquo;acquisition d&rsquo;un vaste appartement T5 ou T6 dans cette commune de [&hellip;]<\/p>\n","protected":false},"author":2,"featured_media":0,"parent":29652,"menu_order":0,"comment_status":"closed","ping_status":"closed","template":"","meta":[],"acf":[],"_links":{"self":[{"href":"https:\/\/www.agencekatz.com\/agence-immobiliere\/wp-json\/wp\/v2\/pages\/29715"}],"collection":[{"href":"https:\/\/www.agencekatz.com\/agence-immobiliere\/wp-json\/wp\/v2\/pages"}],"about":[{"href":"https:\/\/www.agencekatz.com\/agence-immobiliere\/wp-json\/wp\/v2\/types\/page"}],"author":[{"embeddable":true,"href":"https:\/\/www.agencekatz.com\/agence-immobiliere\/wp-json\/wp\/v2\/users\/2"}],"replies":[{"embeddable":true,"href":"https:\/\/www.agencekatz.com\/agence-immobiliere\/wp-json\/wp\/v2\/comments?post=29715"}],"version-history":[{"count":6,"href":"https:\/\/www.agencekatz.com\/agence-immobiliere\/wp-json\/wp\/v2\/pages\/29715\/revisions"}],"predecessor-version":[{"id":29758,"href":"https:\/\/www.agencekatz.com\/agence-immobiliere\/wp-json\/wp\/v2\/pages\/29715\/revisions\/29758"}],"up":[{"embeddable":true,"href":"https:\/\/www.agencekatz.com\/agence-immobiliere\/wp-json\/wp\/v2\/pages\/29652"}],"wp:attachment":[{"href":"https:\/\/www.agencekatz.com\/agence-immobiliere\/wp-json\/wp\/v2\/media?parent=29715"}],"curies":[{"name":"wp","href":"https:\/\/api.w.org\/{rel}","templated":true}]}}