{"id":29712,"date":"2021-08-02T10:31:36","date_gmt":"2021-08-02T08:31:36","guid":{"rendered":"https:\/\/www.agencekatz.com\/agence-immobiliere\/?page_id=29712"},"modified":"2021-08-05T11:03:45","modified_gmt":"2021-08-05T09:03:45","slug":"maison-ville-d-avray","status":"publish","type":"page","link":"https:\/\/www.agencekatz.com\/agence-immobiliere\/ville-d-avray-92410\/maison-ville-d-avray\/","title":{"rendered":"Maison Ville-d&rsquo;Avray : achat, vente ou location avec KATZ"},"content":{"rendered":"<div class=\"block-katz paragraph\">\n<p>L&rsquo;Ouest parisien repr\u00e9sente pour beaucoup de familles une oasis de tranquillit\u00e9 et de verdure en \u00cele-de-France. Mais s&rsquo;il y a bien un lieu convoit\u00e9 pour une demeure, c&rsquo;est le sud de Marnes-la-Coquette. \u00c0 la recherche d&rsquo;une <strong>maison \u00e0 Ville-d&rsquo;Avray<\/strong>&nbsp;? Que ce soit pour l&rsquo;<strong>achat d&rsquo;une villa<\/strong>, la location d&rsquo;une propri\u00e9t\u00e9 ou la mise en vente d&rsquo;un bien immobilier sur le 92410, vous \u00eates \u00e0 la bonne adresse. KATZ, sp\u00e9cialiste de l&rsquo;immobilier dans les Hauts-de-Seine, met \u00e0 votre service son exp\u00e9rience et son professionnalisme.<\/p>\n<\/div>\n\n<\/div>\n<div class=\"block-katz moteurrecherche\">\n\t<div id=\"buy-location\">\n\t\t<section class=\"filter-search mt-md\">\n\t\t\t<form name=\"katz_search\" method=\"get\" id=\"search-form\" action=\"https:\/\/www.agencekatz.com\/acheter-appartement-maison#search-form\">\n\t\t\t\t<div class=\"container\">\n\t\t\t\t\t<p class=\"font-lato-bold font-size-26 color-blue text-uppercase text-center letter-spacing-400\">\n\t\t\t\t\t\tA la recherche d&rsquo;une maison sur Ville-d&rsquo;Avray ? \t\t\t\t\t<\/p>\n\t\t\t\t\t<div class=\"row\">\n\t\t\t\t\t\t<div class=\"col-lg-10 offset-lg-1\">\n\t\t\t\t\t\t\t<div class=\"container-fluid selector-container mt-md mb-sm\">\n\t\t\t\t\t\t\t\t<div class=\"row no-gutters\">\n\t\t\t\t\t\t\t\t\t<div class=\"col-lg-6\">\n\t\t\t\t\t\t\t\t\t\t<div class=\"switch d-flex \">\n\t\t\t\t\t\t\t\t\t\t\t<a href=\"https:\/\/www.agencekatz.com\/acheter-appartement-maison\" class=\"link-elmt active\" target=\"_self\">\n\t\t\t\t\t\t\t\t\t\t\t\tAchat\n\t\t\t\t\t\t\t\t\t\t\t<\/a>\n\t\t\t\t\t\t\t\t\t\t\t<a href=\"https:\/\/www.agencekatz.com\/location-appartement-maison\" class=\"link-elmt \" target=\"_self\">\n\t\t\t\t\t\t\t\t\t\t\t\tLouer\n\t\t\t\t\t\t\t\t\t\t\t<\/a>\n\t\t\t\t\t\t\t\t\t\t<\/div>\n\t\t\t\t\t\t\t\t\t<\/div>\n\t\t\t\t\t\t\t\t\t<div class=\"col-lg-6 input-search\">\n\t\t\t\t\t\t\t\t\t\t<select id=\"katz_search_place\" name=\"katz_search[place]\" class=\"select-two\" placeholder=\"Ville, Code postal...\">\n\t\t\t\t\t\t\t\t\t\t\t<option value=\"\"><\/option>\n\t\t\t\t\t\t\t\t\t\t\t<option value=\"Beynes\" selected=\"selected\">Beynes &#8211; 78650<\/option>\n\t\t\t\t\t\t\t\t\t\t\t<option value=\"Bougival\">Bougival &#8211; 78380<\/option>\n\t\t\t\t\t\t\t\t\t\t\t<option value=\"Garches\">Garches &#8211; 92380<\/option>\n\t\t\t\t\t\t\t\t\t\t\t<option value=\"Goupilli\u00e8res\">Goupilli\u00e8res &#8211; 78770<\/option>\n\t\t\t\t\t\t\t\t\t\t\t<option value=\"Issy-les-Moulineaux\">Issy-les-Moulineaux &#8211; 92130<\/option>\n\t\t\t\t\t\t\t\t\t\t\t<option value=\"La Celle-Saint-Cloud\">La Celle-Saint-Cloud &#8211; 78170<\/option>\n\t\t\t\t\t\t\t\t\t\t\t<option value=\"Marnes-la-Coquette\">Marnes-la-Coquette &#8211; 92430<\/option>\n\t\t\t\t\t\t\t\t\t\t\t<option value=\"Montrouge\">Montrouge &#8211; 92120<\/option>\n\t\t\t\t\t\t\t\t\t\t\t<option value=\"Paris\">Paris &#8211; 75018<\/option>\n\t\t\t\t\t\t\t\t\t\t\t<option value=\"Paris 18\">Paris 18 &#8211; 75018<\/option>\n\t\t\t\t\t\t\t\t\t\t\t<option value=\"Vaucresson\">Vaucresson &#8211; 92420<\/option>\n\t\t\t\t\t\t\t\t\t\t\t<option value=\"Ville-d&#039;Avray\">Ville-d&#039;Avray &#8211; 92410<\/option>\n\t\t\t\t\t\t\t\t\t\t<\/select>\n\t\t\t\t\t\t\t\t\t<\/div>\n\t\t\t\t\t\t\t\t<\/div>\n\t\t\t\t\t\t\t<\/div>\n\t\t\t\t\t\t<\/div>\n\t\t\t\t\t<\/div>\n\t\t\t\t<\/div>\n\t\t\t\t<div class=\"container-fluid py-sm bg-blue color-white text-center\">\n\t\t\t\t\t<div class=\"container\">\n\t\t\t\t\t\t<div class=\"col-md-10 offset-md-1 col-12\">\n\t\t\t\t\t\t\t<div class=\"filter d-flex justify-content-between\">\n\t\t\t\t\t\t\t\t<select id=\"katz_search_typeOffre\" name=\"katz_search[typeOffre]\">\n\t\t\t\t\t\t\t\t\t<option value=\"\">Type de bien<\/option>\n\t\t\t\t\t\t\t\t\t<option value=\"1\">Appartement<\/option>\n\t\t\t\t\t\t\t\t\t<option value=\"2\">Maison<\/option>\n\t\t\t\t\t\t\t\t\t<option value=\"5\">Local<\/option>\n\t\t\t\t\t\t\t\t\t<option value=\"7\">Parking<\/option>\n\t\t\t\t\t\t\t\t\t<option value=\"3\">Terrain<\/option>\n\t\t\t\t\t\t\t\t\t<option value=\"4\">Immeuble<\/option>\n\t\t\t\t\t\t\t\t<\/select>\n\t\t\t\t\t\t\t\t<select id=\"katz_search_nbPieces\" name=\"katz_search[nbPieces]\">\n\t\t\t\t\t\t\t\t\t<option value=\"\">Pi\u00e8ces<\/option>\n\t\t\t\t\t\t\t\t\t<option value=\"1\">1<\/option>\n\t\t\t\t\t\t\t\t\t<option value=\"2\">2<\/option>\n\t\t\t\t\t\t\t\t\t<option value=\"3\">3<\/option>\n\t\t\t\t\t\t\t\t\t<option value=\"4\">4<\/option>\n\t\t\t\t\t\t\t\t\t<option value=\"5\">5 et +<\/option>\n\t\t\t\t\t\t\t\t<\/select>\n\t\t\t\t\t\t\t\t<div class=\"filter-item\">\n\t\t\t\t\t\t\t\t\t<span>Surface:<\/span>\n\t\t\t\t\t\t\t\t\t<input type=\"number\" id=\"katz_search_surfHabMin\" name=\"katz_search[surfHabMin]\" placeholder=\"min\" min=\"0\" value=\"\" \/>\n\t\t\t\t\t\t\t\t\t<input type=\"number\" id=\"katz_search_surfHabMax\" name=\"katz_search[surfHabMax]\" placeholder=\"max\" min=\"0\" value=\"\" \/>\n\t\t\t\t\t\t\t\t<\/div>\n\t\t\t\t\t\t\t\t<div class=\"filter-item\">\n\t\t\t\t\t\t\t\t\t<span>Prix:<\/span>\n\t\t\t\t\t\t\t\t\t<input type=\"number\" id=\"katz_search_prixMin\" name=\"katz_search[prixMin]\" placeholder=\"min\" min=\"0\" value=\"\" \/>\n\t\t\t\t\t\t\t\t\t<input type=\"number\" id=\"katz_search_prixMax\" name=\"katz_search[prixMax]\" placeholder=\"max\" min=\"0\" value=\"\" \/>\n\t\t\t\t\t\t\t\t<\/div>\n\t\t\t\t\t\t\t<\/div>\n\t\t\t\t\t\t<\/div>\n\t\t\t\t\t<\/div>\n\t\t\t\t<\/div>\n\t\t\t\t<div class=\"container\">\n\t\t\t\t\t<div class=\"row\">\n\t\t\t\t\t\t<div class=\"col-lg-10 offset-lg-1 text-right\">\n\t\t\t\t\t\t\t<div class=\"link-elmt submit mt-sm\" id=\"submit-button-search-form\">Rechercher<\/div>\n\t\t\t\t\t\t<\/div>\n\t\t\t\t\t<\/div>\n\t\t\t\t<\/div>\n\t\t\t<\/form>\n\t\t<\/section>\n\t<\/div>\n<\/div>\n<div class=\"container\">\n\n<div class=\"block-katz heading\">\n<h2>Pourquoi une maison \u00e0 Ville-d&rsquo;Avray 92410&nbsp;?<\/h2>\n<\/div>\n\n<div class=\"block-katz paragraph\">\n<p>Ench\u00e2ss\u00e9e entre la <strong>for\u00eat domaniale de Fausses-Reposes<\/strong> et le parc de Saint-Cloud, la surface urbanis\u00e9e de Ville-d&rsquo;Avray est presque entour\u00e9e d&rsquo;espaces verts. Presque 70 % de la superficie de la commune est recouverte d&rsquo;un environnement naturel. Cette sensation d&rsquo;\u00eatre \u00e0 la campagne, que l&rsquo;on retrouve r\u00e9guli\u00e8rement dans le 92, est particuli\u00e8rement vivace ici. <strong>Acheter une maison \u00e0 Ville-d&rsquo;Avray<\/strong> est donc un projet qui fait r\u00eaver de nombreux m\u00e9nages parisiens.<\/p>\n<\/div>\n\n<div class=\"block-katz paragraph\">\n<p>Il s&rsquo;agit en effet d&rsquo;un lieu privil\u00e9gi\u00e9 pour associer vie active et lieu de vie de qualit\u00e9. La D\u00e9fense se trouve \u00e0 une demi-heure en voiture lorsque les conditions de circulation sont bonnes. Vous pouvez atteindre en auto la porte de Saint-Cloud en moins de 20 minutes. On trouve de nombreux commerces et supermarch\u00e9s sur le territoire de la commune des Hauts-de-Seine. 3 fois par semaine, un march\u00e9 est organis\u00e9 sur la <strong>place Charles de Gaulle<\/strong> (mardi, vendredi et dimanche matin).<\/p>\n<\/div>\n\n<\/div>\n<div class=\"block-katz titre3photos\">\n\t<div class=\"container\">\n\t\t<div class=\"row\">\n\t\t\t\t\t\t\t<div class=\"col-12 text-center\">\n\t\t\t\t\t<h2>Louer, acheter ou vendre une maison \u00e0 Ville-d&rsquo;Avray (92) ?<\/h2>\n\t\t\t\t<\/div>\n\t\t\t\t\t\t\t\t<div class=\"col-md-4 col-12\">\n\t\t\t\t\t<img src=\"https:\/\/www.agencekatz.com\/agence-immobiliere\/wp-content\/uploads\/2021\/02\/appartement-neuf-400x400.png\" alt=\"Appartement neuf\" \/>\n\t\t\t\t<\/div>\n\t\t\t\t\t\t\t\t<div class=\"col-md-4 col-12\">\n\t\t\t\t\t<img src=\"https:\/\/www.agencekatz.com\/agence-immobiliere\/wp-content\/uploads\/2021\/02\/defautkatz-400x400.png\" alt=\"Katz Immobilier\" \/>\n\t\t\t\t<\/div>\n\t\t\t\t\t\t\t\t<div class=\"col-md-4 col-12\">\n\t\t\t\t\t<img src=\"https:\/\/www.agencekatz.com\/agence-immobiliere\/wp-content\/uploads\/2021\/06\/villa-400x400.jpg\" alt=\"villa\" \/>\n\t\t\t\t<\/div>\n\t\t\t\t\t\t\t\t<div class=\"col-12 text-center\">\n\t\t\t\t\t<a href=\"https:\/\/www.agencekatz.com\/contact\" class=\"link link-gold\" title=\"Contactez-nous\" target=\"_self\">Contactez-nous<\/a>\n\t\t\t\t<\/div>\n\t\t\t\t\t\t<\/div>\n\t<\/div>\n<\/div>\n<div class=\"container\">\n\n<div class=\"block-katz paragraph\">\n<p>L&rsquo;\u00e9ducation n&rsquo;est pas en reste avec la pr\u00e9sence de nombreuses <strong>\u00e9coles<\/strong>, de la maternelle (La Ronce) au lyc\u00e9e en passant par l&rsquo;\u00e9l\u00e9mentaire. L&rsquo;institut universitaire de technologie se trouve \u00e9galement \u00e0 Ville-d&rsquo;Avray (rue de S\u00e8vres).<\/p>\n<\/div>\n\n<div class=\"block-katz heading\">\n<h2>Acheter ou louer une villa \u00e0 Ville-d&rsquo;Avray<\/h2>\n<\/div>\n\n<div class=\"block-katz paragraph\">\n<p>Vous souhaitez <strong>acheter ou louer une maison \u00e0 Ville-d&rsquo;Avray<\/strong>, ou ailleurs dans la r\u00e9gion\u00a0? KATZ Immobilier met \u00e0 votre service sa longue exp\u00e9rience de plus de 4 d\u00e9cennies sur le march\u00e9 de l&rsquo;Ouest parisien. Bas\u00e9e \u00e0 Garches, notre agence immobili\u00e8re conna\u00eet comme sa poche des communes comme <a href=\"https:\/\/www.agencekatz.com\/agence-immobiliere\/vaucresson-92420\/\" class=\"rank-math-link\">Vaucresson<\/a>, Saint-Cloud, Marnes-la-Coquette, S\u00e8vres et bien s\u00fbr Ville-d&rsquo;Avray. B\u00e9n\u00e9ficier de l&rsquo;accompagnement personnalis\u00e9 d&rsquo;une agence familiale sur plusieurs g\u00e9n\u00e9rations. Nous saurons nous montrer dignes de votre confiance.<\/p>\n<\/div>\n\n<div class=\"block-katz annonces\">\n\t<div class=\"row\">\n\t\t\t\t\t\t<div class=\"product-block bg-white col-lg-4 col-md-6 col-12\">\n\t\t\t\t\t<a href=\"https:\/\/www.agencekatz.com\/acheter-appartement-maison?katz_search%5Bplace%5D=Garches&#038;katz_search%5BtypeOffre%5D=&#038;katz_search%5BnbPieces%5D=&#038;katz_search%5BsurfHabMin%5D=&#038;katz_search%5BsurfHabMax%5D=&#038;katz_search%5BprixMin%5D=&#038;katz_search%5BprixMax%5D=\">\n\t\t\t\t\t\t\t\t\t\t\t\t\t<div class=\"picture aos-init aos-animate\" data-aos=\"fade-left\">\n\t\t\t\t\t\t\t\t<img src=\"https:\/\/www.agencekatz.com\/agence-immobiliere\/wp-content\/uploads\/2021\/08\/maison.jpg\" class=\"img-fluid\" alt=\"maison\">\n\t\t\t\t\t\t\t<\/div>\n\t\t\t\t\t\t\t\t\t\t\t\t\t<div class=\"description\">\n\t\t\t\t\t\t\t<div class=\"col-12 p-0\">\n\t\t\t\t\t\t\t\t<p class=\"title\">Maison Ville-d&rsquo;Avray<\/p>\n\t\t\t\t\t\t\t\t<p class=\"infos m-0\">\n\t\t\t\t\t\t\t\t\tVENDUE\t\t\t\t\t\t\t\t<\/p>\n\t\t\t\t\t\t\t\t\t\t\t\t\t\t\t\t\t<div class=\"my-auto text-right\">\n\t\t\t\t\t\t\t\t\t\t<p class=\"price m-0\">\n\t\t\t\t\t\t\t\t\t\t\t1.195.000 \u20ac\t\t\t\t\t\t\t\t\t\t<\/p>\n\t\t\t\t\t\t\t\t\t<\/div>\n\t\t\t\t\t\t\t\t\t\t\t\t\t\t\t<\/div>\n\t\t\t\t\t\t<\/div>\n\t\t\t\t\t<\/a>\n\t\t\t\t<\/div>\n\t\t\t\t\t\t\t\t<div class=\"product-block bg-white col-lg-4 col-md-6 col-12\">\n\t\t\t\t\t<a href=\"https:\/\/www.agencekatz.com\/biens-immobiliers\/achat-ville-d-avray-katz\">\n\t\t\t\t\t\t\t\t\t\t\t\t\t<div class=\"picture aos-init aos-animate\" data-aos=\"fade-left\">\n\t\t\t\t\t\t\t\t<img src=\"https:\/\/www.agencekatz.com\/agence-immobiliere\/wp-content\/uploads\/2021\/08\/parking-ville-avray-400x400.jpg\" class=\"img-fluid\" alt=\"parking ville d&#039;Avray\">\n\t\t\t\t\t\t\t<\/div>\n\t\t\t\t\t\t\t\t\t\t\t\t\t<div class=\"description\">\n\t\t\t\t\t\t\t<div class=\"col-12 p-0\">\n\t\t\t\t\t\t\t\t<p class=\"title\">Parking Ville-d&rsquo;Avray<\/p>\n\t\t\t\t\t\t\t\t<p class=\"infos m-0\">\n\t\t\t\t\t\t\t\t\tVILLE D&rsquo;AVRAY &#8211; 219 rue de Versailles &#8211;  Taxe fonci\u00e8re : 74 euros Charges annuelles : 40 euros\t\t\t\t\t\t\t\t<\/p>\n\t\t\t\t\t\t\t\t\t\t\t\t\t\t\t\t\t<div class=\"my-auto text-right\">\n\t\t\t\t\t\t\t\t\t\t<p class=\"price m-0\">\n\t\t\t\t\t\t\t\t\t\t\t10.000 \u20ac\t\t\t\t\t\t\t\t\t\t<\/p>\n\t\t\t\t\t\t\t\t\t<\/div>\n\t\t\t\t\t\t\t\t\t\t\t\t\t\t\t<\/div>\n\t\t\t\t\t\t<\/div>\n\t\t\t\t\t<\/a>\n\t\t\t\t<\/div>\n\t\t\t\t\t\t\t\t<div class=\"product-block bg-white col-lg-4 col-md-6 col-12\">\n\t\t\t\t\t<a href=\"https:\/\/www.agencekatz.com\/acheter-appartement-maison?katz_search%5Bplace%5D=Garches&#038;katz_search%5BtypeOffre%5D=&#038;katz_search%5BnbPieces%5D=&#038;katz_search%5BsurfHabMin%5D=&#038;katz_search%5BsurfHabMax%5D=&#038;katz_search%5BprixMin%5D=&#038;katz_search%5BprixMax%5D=\">\n\t\t\t\t\t\t\t\t\t\t\t\t\t<div class=\"picture aos-init aos-animate\" data-aos=\"fade-left\">\n\t\t\t\t\t\t\t\t<img src=\"https:\/\/www.agencekatz.com\/agence-immobiliere\/wp-content\/uploads\/2021\/08\/appartement-ville-avray-400x400.jpg\" class=\"img-fluid\" alt=\"appartement\">\n\t\t\t\t\t\t\t<\/div>\n\t\t\t\t\t\t\t\t\t\t\t\t\t<div class=\"description\">\n\t\t\t\t\t\t\t<div class=\"col-12 p-0\">\n\t\t\t\t\t\t\t\t<p class=\"title\">APPARTEMENT VILLE D&rsquo;AVRAY<\/p>\n\t\t\t\t\t\t\t\t<p class=\"infos m-0\">\n\t\t\t\t\t\t\t\t\tR\u00e9sidence calme &#8211; Parking disponible\t\t\t\t\t\t\t\t<\/p>\n\t\t\t\t\t\t\t\t\t\t\t\t\t\t\t\t\t<div class=\"my-auto text-right\">\n\t\t\t\t\t\t\t\t\t\t<p class=\"price m-0\">\n\t\t\t\t\t\t\t\t\t\t\tApd 320.000 \u20ac\t\t\t\t\t\t\t\t\t\t<\/p>\n\t\t\t\t\t\t\t\t\t<\/div>\n\t\t\t\t\t\t\t\t\t\t\t\t\t\t\t<\/div>\n\t\t\t\t\t\t<\/div>\n\t\t\t\t\t<\/a>\n\t\t\t\t<\/div>\n\t\t\t\t\t<\/div>\n<\/div>\n\n<div class=\"block-katz paragraph\">\n<p>Maison 3 chambres, 4 chambres ou plus, avec garage, avec grand jardin avec piscine\u2026 Nous disposons d&rsquo;une large offre de <a href=\"https:\/\/www.agencekatz.com\/acheter-appartement-maison\" class=\"rank-math-link\">maisons en vente<\/a> ou en location \u00e0 Ville-d&rsquo;Avray. Vous trouverez toutes nos offres sur notre site. Contactez-nous si vous avez des souhaits particuliers.<\/p>\n<\/div>\n\n<div class=\"block-katz heading\">\n<h3>Choisissez KATZ pour louer ou vendre une maison dans l&rsquo;Ouest parisien<\/h3>\n<\/div>\n\n<div class=\"block-katz paragraph\">\n<p>Vous avez une maison \u00e0 vendre \u00e0 Ville-d&rsquo;Avray\u00a0? Nous disposons d&rsquo;un carnet bien rempli de clients \u00e0 la recherche d&rsquo;une propri\u00e9t\u00e9 dans les Hauts-de-Seine. N&rsquo;h\u00e9sitez pas \u00e0 nous contacter pour une estimation. Nous pouvons \u00e9galement trouver rapidement un locataire de votre <strong>villa \u00e0 Ville-d&rsquo;Avray<\/strong>. Enfin, si vous avez un immeuble , notre expertise dans la gestion est reconnue. Quels que soient vos projets immobiliers, contactez-nous d\u00e8s maintenant.<\/p>\n<\/div>\n\n<div class=\"block-katz liens\">\n\t<div class=\"row\">\n\t\t<div class=\"col-12\">\n\t\t\t\t\t\t\t<p class=\"titre\">Nos autres services<\/p>\n\t\t\t\t\t\t\t\t<div class=\"bloc-liens\">\n\t\t\t\t\t\t\t\t\t\t\t<div class=\"lien\">\n\t\t\t\t\t\t\t<a href=\"https:\/\/www.agencekatz.com\/agence-immobiliere\/ville-d-avray-92410\/immobilier-ville-d-avray\/\" title=\"Immobilier Ville-d'Avray\" target=\"_self\">\n\t\t\t\t\t\t\t\tImmobilier Ville-d&rsquo;Avray\t\t\t\t\t\t\t<\/a>\n\t\t\t\t\t\t<\/div>\n\t\t\t\t\t\t\t\t\t\t\t\t<div class=\"lien\">\n\t\t\t\t\t\t\t<a href=\"https:\/\/www.agencekatz.com\/agence-immobiliere\/ville-d-avray-92410\/\" title=\"Agence immobili\u00e8re Ville-d'Avray\" target=\"_self\">\n\t\t\t\t\t\t\t\tAgence immobili\u00e8re Ville-d&rsquo;Avray\t\t\t\t\t\t\t<\/a>\n\t\t\t\t\t\t<\/div>\n\t\t\t\t\t\t\t\t\t\t\t\t<div class=\"lien\">\n\t\t\t\t\t\t\t<a href=\"https:\/\/www.agencekatz.com\/agence-immobiliere\/ville-d-avray-92410\/terrain-ville-d-avray\" title=\"Terrain Ville-d'Avray\" target=\"_self\">\n\t\t\t\t\t\t\t\tTerrain Ville-d&rsquo;Avray\t\t\t\t\t\t\t<\/a>\n\t\t\t\t\t\t<\/div>\n\t\t\t\t\t\t\t\t\t\t\t\t<div class=\"lien\">\n\t\t\t\t\t\t\t<a href=\"https:\/\/www.agencekatz.com\/agence-immobiliere\/ville-d-avray-92410\/appartement-ville-d-avray\" title=\"Appartement Ville-d'Avray\" target=\"_self\">\n\t\t\t\t\t\t\t\tAppartement Ville-d&rsquo;Avray\t\t\t\t\t\t\t<\/a>\n\t\t\t\t\t\t<\/div>\n\t\t\t\t\t\t\t\t\t\t\t\t<div class=\"lien\">\n\t\t\t\t\t\t\t<a href=\"https:\/\/www.agencekatz.com\/agence-immobiliere\/ville-d-avray-92410\/location-ville-d-avray\" title=\"Location Ville-d'Avray\" target=\"_self\">\n\t\t\t\t\t\t\t\tLocation Ville-d&rsquo;Avray\t\t\t\t\t\t\t<\/a>\n\t\t\t\t\t\t<\/div>\n\t\t\t\t\t\t\t\t\t\t<\/div>\n\t\t\t\t\t\t<\/div>\n\t<\/div>\n<\/div>","protected":false},"excerpt":{"rendered":"<p>L&rsquo;Ouest parisien repr\u00e9sente pour beaucoup de familles une oasis de tranquillit\u00e9 et de verdure en \u00cele-de-France. Mais s&rsquo;il y a bien un lieu convoit\u00e9 pour une demeure, c&rsquo;est le sud de Marnes-la-Coquette. \u00c0 la recherche d&rsquo;une maison \u00e0 Ville-d&rsquo;Avray&nbsp;? Que ce soit pour l&rsquo;achat d&rsquo;une villa, la location d&rsquo;une propri\u00e9t\u00e9 ou la mise en vente [&hellip;]<\/p>\n","protected":false},"author":2,"featured_media":0,"parent":29652,"menu_order":0,"comment_status":"closed","ping_status":"closed","template":"","meta":[],"acf":[],"_links":{"self":[{"href":"https:\/\/www.agencekatz.com\/agence-immobiliere\/wp-json\/wp\/v2\/pages\/29712"}],"collection":[{"href":"https:\/\/www.agencekatz.com\/agence-immobiliere\/wp-json\/wp\/v2\/pages"}],"about":[{"href":"https:\/\/www.agencekatz.com\/agence-immobiliere\/wp-json\/wp\/v2\/types\/page"}],"author":[{"embeddable":true,"href":"https:\/\/www.agencekatz.com\/agence-immobiliere\/wp-json\/wp\/v2\/users\/2"}],"replies":[{"embeddable":true,"href":"https:\/\/www.agencekatz.com\/agence-immobiliere\/wp-json\/wp\/v2\/comments?post=29712"}],"version-history":[{"count":4,"href":"https:\/\/www.agencekatz.com\/agence-immobiliere\/wp-json\/wp\/v2\/pages\/29712\/revisions"}],"predecessor-version":[{"id":29760,"href":"https:\/\/www.agencekatz.com\/agence-immobiliere\/wp-json\/wp\/v2\/pages\/29712\/revisions\/29760"}],"up":[{"embeddable":true,"href":"https:\/\/www.agencekatz.com\/agence-immobiliere\/wp-json\/wp\/v2\/pages\/29652"}],"wp:attachment":[{"href":"https:\/\/www.agencekatz.com\/agence-immobiliere\/wp-json\/wp\/v2\/media?parent=29712"}],"curies":[{"name":"wp","href":"https:\/\/api.w.org\/{rel}","templated":true}]}}