{"id":29500,"date":"2021-05-03T11:11:24","date_gmt":"2021-05-03T09:11:24","guid":{"rendered":"https:\/\/www.agencekatz.com\/agence-immobiliere\/?page_id=29500"},"modified":"2021-05-14T12:58:53","modified_gmt":"2021-05-14T10:58:53","slug":"duplex-boulogne-billancourt","status":"publish","type":"page","link":"https:\/\/www.agencekatz.com\/agence-immobiliere\/boulogne-billancourt-92100\/duplex-boulogne-billancourt\/","title":{"rendered":"Duplex Boulogne Billancourt\u00a0: achat, vente et location avec Katz"},"content":{"rendered":"<div class=\"block-katz paragraph\">\n<p>Une ville verte, dynamique et jeune \u00e0 l\u2019ouest de la capitale. C\u2019est Boulogne Billancourt ! Toutes les commodit\u00e9s pr\u00e9sentes dans la ville en font une banlieue parisienne par excellence. Si vous aspirez \u00e0 vous y installer, pourquoi ne pas louer ou acheter un joli <strong>duplex \u00e0 Boulogne Billancourt<\/strong> ? En tout cas, n\u2019h\u00e9sitez pas \u00e0 faire appel \u00e0 Katz Immobilier, agence immobili\u00e8re experte dans le quartier, afin de trouver le bien de vos r\u00eaves avant les autres demandeurs.<\/p>\n<\/div>\n\n<\/div>\n<div class=\"block-katz moteurrecherche\">\n\t<div id=\"buy-location\">\n\t\t<section class=\"filter-search mt-md\">\n\t\t\t<form name=\"katz_search\" method=\"get\" id=\"search-form\" action=\"https:\/\/www.agencekatz.com\/acheter-appartement-maison#search-form\">\n\t\t\t\t<div class=\"container\">\n\t\t\t\t\t<p class=\"font-lato-bold font-size-26 color-blue text-uppercase text-center letter-spacing-400\">\n\t\t\t\t\t\tVous cherchez un duplex sur Boulogne-Billancourt 92100 ? \t\t\t\t\t<\/p>\n\t\t\t\t\t<div class=\"row\">\n\t\t\t\t\t\t<div class=\"col-lg-10 offset-lg-1\">\n\t\t\t\t\t\t\t<div class=\"container-fluid selector-container mt-md mb-sm\">\n\t\t\t\t\t\t\t\t<div class=\"row no-gutters\">\n\t\t\t\t\t\t\t\t\t<div class=\"col-lg-6\">\n\t\t\t\t\t\t\t\t\t\t<div class=\"switch d-flex \">\n\t\t\t\t\t\t\t\t\t\t\t<a href=\"https:\/\/www.agencekatz.com\/acheter-appartement-maison\" class=\"link-elmt active\" target=\"_self\">\n\t\t\t\t\t\t\t\t\t\t\t\tAchat\n\t\t\t\t\t\t\t\t\t\t\t<\/a>\n\t\t\t\t\t\t\t\t\t\t\t<a href=\"https:\/\/www.agencekatz.com\/location-appartement-maison\" class=\"link-elmt \" target=\"_self\">\n\t\t\t\t\t\t\t\t\t\t\t\tLouer\n\t\t\t\t\t\t\t\t\t\t\t<\/a>\n\t\t\t\t\t\t\t\t\t\t<\/div>\n\t\t\t\t\t\t\t\t\t<\/div>\n\t\t\t\t\t\t\t\t\t<div class=\"col-lg-6 input-search\">\n\t\t\t\t\t\t\t\t\t\t<select id=\"katz_search_place\" name=\"katz_search[place]\" class=\"select-two\" placeholder=\"Ville, Code postal...\">\n\t\t\t\t\t\t\t\t\t\t\t<option value=\"\"><\/option>\n\t\t\t\t\t\t\t\t\t\t\t<option value=\"Beynes\" selected=\"selected\">Beynes &#8211; 78650<\/option>\n\t\t\t\t\t\t\t\t\t\t\t<option value=\"Bougival\">Bougival &#8211; 78380<\/option>\n\t\t\t\t\t\t\t\t\t\t\t<option value=\"Garches\">Garches &#8211; 92380<\/option>\n\t\t\t\t\t\t\t\t\t\t\t<option value=\"Goupilli\u00e8res\">Goupilli\u00e8res &#8211; 78770<\/option>\n\t\t\t\t\t\t\t\t\t\t\t<option value=\"Issy-les-Moulineaux\">Issy-les-Moulineaux &#8211; 92130<\/option>\n\t\t\t\t\t\t\t\t\t\t\t<option value=\"La Celle-Saint-Cloud\">La Celle-Saint-Cloud &#8211; 78170<\/option>\n\t\t\t\t\t\t\t\t\t\t\t<option value=\"Marnes-la-Coquette\">Marnes-la-Coquette &#8211; 92430<\/option>\n\t\t\t\t\t\t\t\t\t\t\t<option value=\"Montrouge\">Montrouge &#8211; 92120<\/option>\n\t\t\t\t\t\t\t\t\t\t\t<option value=\"Paris\">Paris &#8211; 75018<\/option>\n\t\t\t\t\t\t\t\t\t\t\t<option value=\"Paris 18\">Paris 18 &#8211; 75018<\/option>\n\t\t\t\t\t\t\t\t\t\t\t<option value=\"Vaucresson\">Vaucresson &#8211; 92420<\/option>\n\t\t\t\t\t\t\t\t\t\t\t<option value=\"Ville-d&#039;Avray\">Ville-d&#039;Avray &#8211; 92410<\/option>\n\t\t\t\t\t\t\t\t\t\t<\/select>\n\t\t\t\t\t\t\t\t\t<\/div>\n\t\t\t\t\t\t\t\t<\/div>\n\t\t\t\t\t\t\t<\/div>\n\t\t\t\t\t\t<\/div>\n\t\t\t\t\t<\/div>\n\t\t\t\t<\/div>\n\t\t\t\t<div class=\"container-fluid py-sm bg-blue color-white text-center\">\n\t\t\t\t\t<div class=\"container\">\n\t\t\t\t\t\t<div class=\"col-md-10 offset-md-1 col-12\">\n\t\t\t\t\t\t\t<div class=\"filter d-flex justify-content-between\">\n\t\t\t\t\t\t\t\t<select id=\"katz_search_typeOffre\" name=\"katz_search[typeOffre]\">\n\t\t\t\t\t\t\t\t\t<option value=\"\">Type de bien<\/option>\n\t\t\t\t\t\t\t\t\t<option value=\"1\">Appartement<\/option>\n\t\t\t\t\t\t\t\t\t<option value=\"2\">Maison<\/option>\n\t\t\t\t\t\t\t\t\t<option value=\"5\">Local<\/option>\n\t\t\t\t\t\t\t\t\t<option value=\"7\">Parking<\/option>\n\t\t\t\t\t\t\t\t\t<option value=\"3\">Terrain<\/option>\n\t\t\t\t\t\t\t\t\t<option value=\"4\">Immeuble<\/option>\n\t\t\t\t\t\t\t\t<\/select>\n\t\t\t\t\t\t\t\t<select id=\"katz_search_nbPieces\" name=\"katz_search[nbPieces]\">\n\t\t\t\t\t\t\t\t\t<option value=\"\">Pi\u00e8ces<\/option>\n\t\t\t\t\t\t\t\t\t<option value=\"1\">1<\/option>\n\t\t\t\t\t\t\t\t\t<option value=\"2\">2<\/option>\n\t\t\t\t\t\t\t\t\t<option value=\"3\">3<\/option>\n\t\t\t\t\t\t\t\t\t<option value=\"4\">4<\/option>\n\t\t\t\t\t\t\t\t\t<option value=\"5\">5 et +<\/option>\n\t\t\t\t\t\t\t\t<\/select>\n\t\t\t\t\t\t\t\t<div class=\"filter-item\">\n\t\t\t\t\t\t\t\t\t<span>Surface:<\/span>\n\t\t\t\t\t\t\t\t\t<input type=\"number\" id=\"katz_search_surfHabMin\" name=\"katz_search[surfHabMin]\" placeholder=\"min\" min=\"0\" value=\"\" \/>\n\t\t\t\t\t\t\t\t\t<input type=\"number\" id=\"katz_search_surfHabMax\" name=\"katz_search[surfHabMax]\" placeholder=\"max\" min=\"0\" value=\"\" \/>\n\t\t\t\t\t\t\t\t<\/div>\n\t\t\t\t\t\t\t\t<div class=\"filter-item\">\n\t\t\t\t\t\t\t\t\t<span>Prix:<\/span>\n\t\t\t\t\t\t\t\t\t<input type=\"number\" id=\"katz_search_prixMin\" name=\"katz_search[prixMin]\" placeholder=\"min\" min=\"0\" value=\"\" \/>\n\t\t\t\t\t\t\t\t\t<input type=\"number\" id=\"katz_search_prixMax\" name=\"katz_search[prixMax]\" placeholder=\"max\" min=\"0\" value=\"\" \/>\n\t\t\t\t\t\t\t\t<\/div>\n\t\t\t\t\t\t\t<\/div>\n\t\t\t\t\t\t<\/div>\n\t\t\t\t\t<\/div>\n\t\t\t\t<\/div>\n\t\t\t\t<div class=\"container\">\n\t\t\t\t\t<div class=\"row\">\n\t\t\t\t\t\t<div class=\"col-lg-10 offset-lg-1 text-right\">\n\t\t\t\t\t\t\t<div class=\"link-elmt submit mt-sm\" id=\"submit-button-search-form\">Rechercher<\/div>\n\t\t\t\t\t\t<\/div>\n\t\t\t\t\t<\/div>\n\t\t\t\t<\/div>\n\t\t\t<\/form>\n\t\t<\/section>\n\t<\/div>\n<\/div>\n<div class=\"container\">\n\n<div class=\"block-katz heading\">\n<h2>Achat &#8211; location duplex <strong>Boulogne Billancourt, la ville des familles<\/strong><\/h2>\n<\/div>\n\n<div class=\"block-katz paragraph\">\n<p>Au mot Boulogne Billancourt, on pense tout de suite \u00e9videmment au bois de Boulogne, les poumons de Paris ! Cet espace vert constitue un des principaux \u00e9l\u00e9ments qui fait que la ville soit tant pl\u00e9biscit\u00e9e par les jeunes familles.<\/p>\n<\/div>\n\n<div class=\"block-katz paragraph\">\n<p>Mais encore, la ville pr\u00e9sente d\u2019innombrables cr\u00e8ches et \u00e9coles, et pas moins de 200 commerces par km\u00b2. Ce ne sont pas non plus les activit\u00e9s qui manquent \u00e0 Boulogne Billancourt. Apr\u00e8s Paris, c\u2019est la 2\u1d49 ville d\u2019IDF \u00e0 pr\u00e9senter le plus de centres de loisirs.<\/p>\n<\/div>\n\n<\/div>\n<div class=\"block-katz titre3photos\">\n\t<div class=\"container\">\n\t\t<div class=\"row\">\n\t\t\t\t\t\t\t<div class=\"col-12 text-center\">\n\t\t\t\t\t<h2>En qu\u00eate d&rsquo;un duplex (achat ou location) sur Boulogne Billancourt ?<\/h2>\n\t\t\t\t<\/div>\n\t\t\t\t\t\t\t\t<div class=\"col-md-4 col-12\">\n\t\t\t\t\t<img src=\"https:\/\/www.agencekatz.com\/agence-immobiliere\/wp-content\/uploads\/2021\/02\/appartement-neuf-400x400.png\" alt=\"Appartement neuf\" \/>\n\t\t\t\t<\/div>\n\t\t\t\t\t\t\t\t<div class=\"col-md-4 col-12\">\n\t\t\t\t\t<img src=\"https:\/\/www.agencekatz.com\/agence-immobiliere\/wp-content\/uploads\/2021\/02\/defautkatz-400x400.png\" alt=\"Katz Immobilier\" \/>\n\t\t\t\t<\/div>\n\t\t\t\t\t\t\t\t<div class=\"col-md-4 col-12\">\n\t\t\t\t\t<img src=\"https:\/\/www.agencekatz.com\/agence-immobiliere\/wp-content\/uploads\/2021\/05\/duplex-400x400.jpg\" alt=\"duplex\" \/>\n\t\t\t\t<\/div>\n\t\t\t\t\t\t\t\t<div class=\"col-12 text-center\">\n\t\t\t\t\t<a href=\"https:\/\/www.agencekatz.com\/contact\" class=\"link link-gold\" title=\"Contactez-nous\" target=\"_self\">Contactez-nous<\/a>\n\t\t\t\t<\/div>\n\t\t\t\t\t\t<\/div>\n\t<\/div>\n<\/div>\n<div class=\"container\">\n\n<div class=\"block-katz heading\">\n<h2><strong>Le contraste immobilier \u00e0 Boulogne Billancourt<\/strong><\/h2>\n<\/div>\n\n<div class=\"block-katz paragraph\">\n<p>La ville pr\u00e9sente un contraste immobilier bien tranch\u00e9. En effet, si vous projetez l\u2019<strong>achat d\u2019un duplex au nord de Boulogne Billancourt<\/strong>, attendez-vous \u00e0 rencontrer des prix flambants. C\u2019est un quartier occup\u00e9 par de belles r\u00e9sidences de standing. Proche des bois, c\u2019est le lieu id\u00e9al si vous appr\u00e9ciez le calme et la verdure.<\/p>\n<\/div>\n\n<div class=\"block-katz paragraph\">\n<p>En revanche, un <strong>appartement duplex au sud de Boulogne Billancourt<\/strong> se louera \u00e0 des prix plus doux. C\u2019est un quartier citadin anim\u00e9.<\/p>\n<\/div>\n\n<div class=\"block-katz liens\">\n\t<div class=\"row\">\n\t\t<div class=\"col-12\">\n\t\t\t\t\t\t\t<p class=\"titre\">Nos services immobiliers \u00e0 Boulogne-Billancourt 92100<\/p>\n\t\t\t\t\t\t\t\t<div class=\"bloc-liens\">\n\t\t\t\t\t\t\t\t\t\t\t<div class=\"lien\">\n\t\t\t\t\t\t\t<a href=\"https:\/\/www.agencekatz.com\/agence-immobiliere\/boulogne-billancourt-92100\/\" title=\"Agence immobili\u00e8re \u00e0 Boulogne-Billancourt\" target=\"_self\">\n\t\t\t\t\t\t\t\tAgence immobili\u00e8re \u00e0 Boulogne-Billancourt\t\t\t\t\t\t\t<\/a>\n\t\t\t\t\t\t<\/div>\n\t\t\t\t\t\t\t\t\t\t\t\t<div class=\"lien\">\n\t\t\t\t\t\t\t<a href=\"https:\/\/www.agencekatz.com\/agence-immobiliere\/boulogne-billancourt-92100\/terrain-boulogne-billancourt\" title=\"Terrain \u00e0 Boulogne-Billancourt\" target=\"_self\">\n\t\t\t\t\t\t\t\tTerrain \u00e0 Boulogne-Billancourt\t\t\t\t\t\t\t<\/a>\n\t\t\t\t\t\t<\/div>\n\t\t\t\t\t\t\t\t\t\t\t\t<div class=\"lien\">\n\t\t\t\t\t\t\t<a href=\"https:\/\/www.agencekatz.com\/agence-immobiliere\/boulogne-billancourt-92100\/studio-boulogne-billancourt\" title=\"Studio \u00e0 Boulogne-Billancourt\" target=\"_self\">\n\t\t\t\t\t\t\t\tStudio \u00e0 Boulogne-Billancourt\t\t\t\t\t\t\t<\/a>\n\t\t\t\t\t\t<\/div>\n\t\t\t\t\t\t\t\t\t\t\t\t<div class=\"lien\">\n\t\t\t\t\t\t\t<a href=\"https:\/\/www.agencekatz.com\/agence-immobiliere\/boulogne-billancourt-92100\/maison-boulogne-billancourt\" title=\"Maison \u00e0 Boulogne-Billancourt\" target=\"_self\">\n\t\t\t\t\t\t\t\tMaison \u00e0 Boulogne-Billancourt\t\t\t\t\t\t\t<\/a>\n\t\t\t\t\t\t<\/div>\n\t\t\t\t\t\t\t\t\t\t\t\t<div class=\"lien\">\n\t\t\t\t\t\t\t<a href=\"https:\/\/www.agencekatz.com\/agence-immobiliere\/boulogne-billancourt-92100\/location-parking-boulogne-billancourt\" title=\"Location de parking \u00e0 Boulogne-Billancourt\" target=\"_self\">\n\t\t\t\t\t\t\t\tLocation de parking \u00e0 Boulogne-Billancourt\t\t\t\t\t\t\t<\/a>\n\t\t\t\t\t\t<\/div>\n\t\t\t\t\t\t\t\t\t\t\t\t<div class=\"lien\">\n\t\t\t\t\t\t\t<a href=\"https:\/\/www.agencekatz.com\/agence-immobiliere\/boulogne-billancourt-92100\/immobilier-neuf-boulogne-billancourt\" title=\"Immobilier neuf \u00e0 Boulogne-Billancourt\" target=\"_self\">\n\t\t\t\t\t\t\t\tImmobilier neuf \u00e0 Boulogne-Billancourt\t\t\t\t\t\t\t<\/a>\n\t\t\t\t\t\t<\/div>\n\t\t\t\t\t\t\t\t\t\t\t\t<div class=\"lien\">\n\t\t\t\t\t\t\t<a href=\"https:\/\/www.agencekatz.com\/agence-immobiliere\/boulogne-billancourt-92100\/immobilier-boulogne-billancourt\" title=\"Immobilier \u00e0 Boulogne-Billancourt\" target=\"_self\">\n\t\t\t\t\t\t\t\tImmobilier \u00e0 Boulogne-Billancourt\t\t\t\t\t\t\t<\/a>\n\t\t\t\t\t\t<\/div>\n\t\t\t\t\t\t\t\t\t\t\t\t<div class=\"lien\">\n\t\t\t\t\t\t\t<a href=\"https:\/\/www.agencekatz.com\/agence-immobiliere\/boulogne-billancourt-92100\/estimation-bien-immobilier-boulogne-billancourt\" title=\"Estimation de bien immobilier \u00e0 Boulogne-Billancourt\" target=\"_self\">\n\t\t\t\t\t\t\t\tEstimation de bien immobilier \u00e0 Boulogne-Billancourt\t\t\t\t\t\t\t<\/a>\n\t\t\t\t\t\t<\/div>\n\t\t\t\t\t\t\t\t\t\t\t\t<div class=\"lien\">\n\t\t\t\t\t\t\t<a href=\"https:\/\/www.agencekatz.com\/agence-immobiliere\/boulogne-billancourt-92100\/appartement-boulogne-billancourt\" title=\"Appartement \u00e0 Boulogne-Billancourt\" target=\"_self\">\n\t\t\t\t\t\t\t\tAppartement \u00e0 Boulogne-Billancourt\t\t\t\t\t\t\t<\/a>\n\t\t\t\t\t\t<\/div>\n\t\t\t\t\t\t\t\t\t\t<\/div>\n\t\t\t\t\t\t<\/div>\n\t<\/div>\n<\/div>\n\n<div class=\"block-katz heading\">\n<h3><strong>Comment trouver un duplex \u00e0 Boulogne Billancourt ?<\/strong><\/h3>\n<\/div>\n\n<div class=\"block-katz paragraph\">\n<p>Pour l\u2019achat ou la location d\u2019un duplex \u00e0 Boulogne Billancourt, rien de mieux que se faire accompagner par un expert, dont les quartiers \u00e0 l\u2019ouest de Paris ne pr\u00e9sentent plus aucun secret. Katz Immobilier est justement implant\u00e9 \u00e0 Garches, ce qui fait de nous une r\u00e9f\u00e9rence pour votre projet immobilier dans cette zone de la capitale.<\/p>\n<\/div>","protected":false},"excerpt":{"rendered":"<p>Une ville verte, dynamique et jeune \u00e0 l\u2019ouest de la capitale. C\u2019est Boulogne Billancourt ! Toutes les commodit\u00e9s pr\u00e9sentes dans la ville en font une banlieue parisienne par excellence. Si vous aspirez \u00e0 vous y installer, pourquoi ne pas louer ou acheter un joli duplex \u00e0 Boulogne Billancourt ? En tout cas, n\u2019h\u00e9sitez pas \u00e0 [&hellip;]<\/p>\n","protected":false},"author":2,"featured_media":0,"parent":29424,"menu_order":0,"comment_status":"closed","ping_status":"closed","template":"","meta":[],"acf":[],"_links":{"self":[{"href":"https:\/\/www.agencekatz.com\/agence-immobiliere\/wp-json\/wp\/v2\/pages\/29500"}],"collection":[{"href":"https:\/\/www.agencekatz.com\/agence-immobiliere\/wp-json\/wp\/v2\/pages"}],"about":[{"href":"https:\/\/www.agencekatz.com\/agence-immobiliere\/wp-json\/wp\/v2\/types\/page"}],"author":[{"embeddable":true,"href":"https:\/\/www.agencekatz.com\/agence-immobiliere\/wp-json\/wp\/v2\/users\/2"}],"replies":[{"embeddable":true,"href":"https:\/\/www.agencekatz.com\/agence-immobiliere\/wp-json\/wp\/v2\/comments?post=29500"}],"version-history":[{"count":4,"href":"https:\/\/www.agencekatz.com\/agence-immobiliere\/wp-json\/wp\/v2\/pages\/29500\/revisions"}],"predecessor-version":[{"id":29544,"href":"https:\/\/www.agencekatz.com\/agence-immobiliere\/wp-json\/wp\/v2\/pages\/29500\/revisions\/29544"}],"up":[{"embeddable":true,"href":"https:\/\/www.agencekatz.com\/agence-immobiliere\/wp-json\/wp\/v2\/pages\/29424"}],"wp:attachment":[{"href":"https:\/\/www.agencekatz.com\/agence-immobiliere\/wp-json\/wp\/v2\/media?parent=29500"}],"curies":[{"name":"wp","href":"https:\/\/api.w.org\/{rel}","templated":true}]}}