{"id":29453,"date":"2021-05-03T11:04:22","date_gmt":"2021-05-03T09:04:22","guid":{"rendered":"https:\/\/www.agencekatz.com\/agence-immobiliere\/?page_id=29453"},"modified":"2021-05-14T12:59:55","modified_gmt":"2021-05-14T10:59:55","slug":"immobilier-neuf-boulogne-billancourt","status":"publish","type":"page","link":"https:\/\/www.agencekatz.com\/agence-immobiliere\/boulogne-billancourt-92100\/immobilier-neuf-boulogne-billancourt\/","title":{"rendered":"Immobilier neuf Boulogne Billancourt"},"content":{"rendered":"<div class=\"block-katz paragraph\">\n<p>Proche de Paris, un grand espace vert, de nombreux transports en commun, une kyrielle de commodit\u00e9s&#8230; D\u00e9cid\u00e9ment, Boulogne Billancourt a tout pour plaire ! Des jeunes familles dynamiques aux s\u00e9niors qui affectionnent le calme et la tranquillit\u00e9, la ville r\u00e9pond parfaitement aux attentes de chacun. D\u2019ailleurs, de nombreux demandeurs souhaitent s\u2019y installer. Et pour profiter encore mieux du cadre de vie qui y est offert, pourquoi ne pas s\u2019installer dans un bien <strong>immobilier neuf \u00e0 Boulogne Billancourt<\/strong> ? Si c\u2019est votre cas, Katz Immobilier se fera le plaisir de chercher votre futur bien. Ou de vous aider \u00e0 investir dans la commune.<\/p>\n<\/div>\n\n<\/div>\n<div class=\"block-katz titre3photos\">\n\t<div class=\"container\">\n\t\t<div class=\"row\">\n\t\t\t\t\t\t\t<div class=\"col-12 text-center\">\n\t\t\t\t\t<h2>Int\u00e9ress\u00e9 par l&rsquo;immobilier neuf sur Boulogne Billancourt ?<\/h2>\n\t\t\t\t<\/div>\n\t\t\t\t\t\t\t\t<div class=\"col-md-4 col-12\">\n\t\t\t\t\t<img src=\"https:\/\/www.agencekatz.com\/agence-immobiliere\/wp-content\/uploads\/2021\/02\/appartement-neuf-400x400.png\" alt=\"Appartement neuf\" \/>\n\t\t\t\t<\/div>\n\t\t\t\t\t\t\t\t<div class=\"col-md-4 col-12\">\n\t\t\t\t\t<img src=\"https:\/\/www.agencekatz.com\/agence-immobiliere\/wp-content\/uploads\/2021\/02\/defautkatz-400x400.png\" alt=\"Katz Immobilier\" \/>\n\t\t\t\t<\/div>\n\t\t\t\t\t\t\t\t<div class=\"col-md-4 col-12\">\n\t\t\t\t\t<img src=\"https:\/\/www.agencekatz.com\/agence-immobiliere\/wp-content\/uploads\/2021\/02\/programme-neuf-400x400.jpg\" alt=\"Programme immobilier neuf\" \/>\n\t\t\t\t<\/div>\n\t\t\t\t\t\t\t\t<div class=\"col-12 text-center\">\n\t\t\t\t\t<a href=\"https:\/\/www.agencekatz.com\/contact\" class=\"link link-gold\" title=\"Contactez-nous\" target=\"_self\">Contactez-nous<\/a>\n\t\t\t\t<\/div>\n\t\t\t\t\t\t<\/div>\n\t<\/div>\n<\/div>\n<div class=\"container\">\n\n<div class=\"block-katz heading\">\n<h2><strong>Programme immobilier neuf \u00e0 Boulogne Billancourt : un projet en pleine expansion<\/strong><\/h2>\n<\/div>\n\n<div class=\"block-katz paragraph\">\n<p>Boulogne Billancourt est propice aux constructions immobili\u00e8res neuves. Le nord de la ville est le plus convoit\u00e9 par les demandeurs, ce qui fait que les programmes neufs prennent facilement de l\u2019envergure dans cette zone. Repr\u00e9sentant le quartier r\u00e9sidentiel de la ville, le Nord regorge notamment des immeubles de standing.<\/p>\n<\/div>\n\n<div class=\"block-katz paragraph\">\n<p>La partie sud, avec moins d\u2019engouement, n\u2019en est pas pour autant n\u00e9glig\u00e9e. De plus en plus de <strong>programmes immobiliers neufs \u00c0 Boulogne-Billancourt<\/strong> voient effectivement le jour ; et particuli\u00e8rement sur les anciens sites Renault, dans le quartier des Rives-de-Seine. Entre les habitations type R6 +2, les bureaux et les espaces verts, l\u2019urbanisation y prend petit \u00e0 petit forme. Cette partie de la ville pr\u00e9sente de tr\u00e8s belles perspectives immobili\u00e8res pour les ann\u00e9es \u00e0 venir.<\/p>\n<\/div>\n\n<\/div>\n<div class=\"block-katz moteurrecherche\">\n\t<div id=\"buy-location\">\n\t\t<section class=\"filter-search mt-md\">\n\t\t\t<form name=\"katz_search\" method=\"get\" id=\"search-form\" action=\"https:\/\/www.agencekatz.com\/acheter-appartement-maison#search-form\">\n\t\t\t\t<div class=\"container\">\n\t\t\t\t\t<p class=\"font-lato-bold font-size-26 color-blue text-uppercase text-center letter-spacing-400\">\n\t\t\t\t\t\tVous cherchez un bien neuf sur Boulogne-Billancourt 92100 ? \t\t\t\t\t<\/p>\n\t\t\t\t\t<div class=\"row\">\n\t\t\t\t\t\t<div class=\"col-lg-10 offset-lg-1\">\n\t\t\t\t\t\t\t<div class=\"container-fluid selector-container mt-md mb-sm\">\n\t\t\t\t\t\t\t\t<div class=\"row no-gutters\">\n\t\t\t\t\t\t\t\t\t<div class=\"col-lg-6\">\n\t\t\t\t\t\t\t\t\t\t<div class=\"switch d-flex \">\n\t\t\t\t\t\t\t\t\t\t\t<a href=\"https:\/\/www.agencekatz.com\/acheter-appartement-maison\" class=\"link-elmt active\" target=\"_self\">\n\t\t\t\t\t\t\t\t\t\t\t\tAchat\n\t\t\t\t\t\t\t\t\t\t\t<\/a>\n\t\t\t\t\t\t\t\t\t\t\t<a href=\"https:\/\/www.agencekatz.com\/location-appartement-maison\" class=\"link-elmt \" target=\"_self\">\n\t\t\t\t\t\t\t\t\t\t\t\tLouer\n\t\t\t\t\t\t\t\t\t\t\t<\/a>\n\t\t\t\t\t\t\t\t\t\t<\/div>\n\t\t\t\t\t\t\t\t\t<\/div>\n\t\t\t\t\t\t\t\t\t<div class=\"col-lg-6 input-search\">\n\t\t\t\t\t\t\t\t\t\t<select id=\"katz_search_place\" name=\"katz_search[place]\" class=\"select-two\" placeholder=\"Ville, Code postal...\">\n\t\t\t\t\t\t\t\t\t\t\t<option value=\"\"><\/option>\n\t\t\t\t\t\t\t\t\t\t\t<option value=\"Beynes\" selected=\"selected\">Beynes &#8211; 78650<\/option>\n\t\t\t\t\t\t\t\t\t\t\t<option value=\"Bougival\">Bougival &#8211; 78380<\/option>\n\t\t\t\t\t\t\t\t\t\t\t<option value=\"Garches\">Garches &#8211; 92380<\/option>\n\t\t\t\t\t\t\t\t\t\t\t<option value=\"Goupilli\u00e8res\">Goupilli\u00e8res &#8211; 78770<\/option>\n\t\t\t\t\t\t\t\t\t\t\t<option value=\"Issy-les-Moulineaux\">Issy-les-Moulineaux &#8211; 92130<\/option>\n\t\t\t\t\t\t\t\t\t\t\t<option value=\"La Celle-Saint-Cloud\">La Celle-Saint-Cloud &#8211; 78170<\/option>\n\t\t\t\t\t\t\t\t\t\t\t<option value=\"Marnes-la-Coquette\">Marnes-la-Coquette &#8211; 92430<\/option>\n\t\t\t\t\t\t\t\t\t\t\t<option value=\"Montrouge\">Montrouge &#8211; 92120<\/option>\n\t\t\t\t\t\t\t\t\t\t\t<option value=\"Paris\">Paris &#8211; 75018<\/option>\n\t\t\t\t\t\t\t\t\t\t\t<option value=\"Paris 18\">Paris 18 &#8211; 75018<\/option>\n\t\t\t\t\t\t\t\t\t\t\t<option value=\"Vaucresson\">Vaucresson &#8211; 92420<\/option>\n\t\t\t\t\t\t\t\t\t\t\t<option value=\"Ville-d&#039;Avray\">Ville-d&#039;Avray &#8211; 92410<\/option>\n\t\t\t\t\t\t\t\t\t\t<\/select>\n\t\t\t\t\t\t\t\t\t<\/div>\n\t\t\t\t\t\t\t\t<\/div>\n\t\t\t\t\t\t\t<\/div>\n\t\t\t\t\t\t<\/div>\n\t\t\t\t\t<\/div>\n\t\t\t\t<\/div>\n\t\t\t\t<div class=\"container-fluid py-sm bg-blue color-white text-center\">\n\t\t\t\t\t<div class=\"container\">\n\t\t\t\t\t\t<div class=\"col-md-10 offset-md-1 col-12\">\n\t\t\t\t\t\t\t<div class=\"filter d-flex justify-content-between\">\n\t\t\t\t\t\t\t\t<select id=\"katz_search_typeOffre\" name=\"katz_search[typeOffre]\">\n\t\t\t\t\t\t\t\t\t<option value=\"\">Type de bien<\/option>\n\t\t\t\t\t\t\t\t\t<option value=\"1\">Appartement<\/option>\n\t\t\t\t\t\t\t\t\t<option value=\"2\">Maison<\/option>\n\t\t\t\t\t\t\t\t\t<option value=\"5\">Local<\/option>\n\t\t\t\t\t\t\t\t\t<option value=\"7\">Parking<\/option>\n\t\t\t\t\t\t\t\t\t<option value=\"3\">Terrain<\/option>\n\t\t\t\t\t\t\t\t\t<option value=\"4\">Immeuble<\/option>\n\t\t\t\t\t\t\t\t<\/select>\n\t\t\t\t\t\t\t\t<select id=\"katz_search_nbPieces\" name=\"katz_search[nbPieces]\">\n\t\t\t\t\t\t\t\t\t<option value=\"\">Pi\u00e8ces<\/option>\n\t\t\t\t\t\t\t\t\t<option value=\"1\">1<\/option>\n\t\t\t\t\t\t\t\t\t<option value=\"2\">2<\/option>\n\t\t\t\t\t\t\t\t\t<option value=\"3\">3<\/option>\n\t\t\t\t\t\t\t\t\t<option value=\"4\">4<\/option>\n\t\t\t\t\t\t\t\t\t<option value=\"5\">5 et +<\/option>\n\t\t\t\t\t\t\t\t<\/select>\n\t\t\t\t\t\t\t\t<div class=\"filter-item\">\n\t\t\t\t\t\t\t\t\t<span>Surface:<\/span>\n\t\t\t\t\t\t\t\t\t<input type=\"number\" id=\"katz_search_surfHabMin\" name=\"katz_search[surfHabMin]\" placeholder=\"min\" min=\"0\" value=\"\" \/>\n\t\t\t\t\t\t\t\t\t<input type=\"number\" id=\"katz_search_surfHabMax\" name=\"katz_search[surfHabMax]\" placeholder=\"max\" min=\"0\" value=\"\" \/>\n\t\t\t\t\t\t\t\t<\/div>\n\t\t\t\t\t\t\t\t<div class=\"filter-item\">\n\t\t\t\t\t\t\t\t\t<span>Prix:<\/span>\n\t\t\t\t\t\t\t\t\t<input type=\"number\" id=\"katz_search_prixMin\" name=\"katz_search[prixMin]\" placeholder=\"min\" min=\"0\" value=\"\" \/>\n\t\t\t\t\t\t\t\t\t<input type=\"number\" id=\"katz_search_prixMax\" name=\"katz_search[prixMax]\" placeholder=\"max\" min=\"0\" value=\"\" \/>\n\t\t\t\t\t\t\t\t<\/div>\n\t\t\t\t\t\t\t<\/div>\n\t\t\t\t\t\t<\/div>\n\t\t\t\t\t<\/div>\n\t\t\t\t<\/div>\n\t\t\t\t<div class=\"container\">\n\t\t\t\t\t<div class=\"row\">\n\t\t\t\t\t\t<div class=\"col-lg-10 offset-lg-1 text-right\">\n\t\t\t\t\t\t\t<div class=\"link-elmt submit mt-sm\" id=\"submit-button-search-form\">Rechercher<\/div>\n\t\t\t\t\t\t<\/div>\n\t\t\t\t\t<\/div>\n\t\t\t\t<\/div>\n\t\t\t<\/form>\n\t\t<\/section>\n\t<\/div>\n<\/div>\n<div class=\"container\">\n\n<div class=\"block-katz heading\">\n<h3><strong>Quel est le prix de l&rsquo;immobilier neuf \u00e0 Boulogne Billancourt (maison et appartement) ?<\/strong><\/h3>\n<\/div>\n\n<div class=\"block-katz paragraph\">\n<p>Les <strong>prix des logements neufs \u00e0 Boulogne Billancourt<\/strong> sont variables En fonction du bien :<\/p>\n<\/div>\n\n\n<ul><li>Prix moyen du m \u2014 pour un appartement : 9.250 \u20ac, soit entre 6.714 \u20ac et 12.875 \u20ac.<\/li><li>Prix moyen du m \u2014 pour une maison : 10.079 \u20ac, soit entre 6.090 \u20ac et 16.974 \u20ac.<\/li><\/ul>\n\n\n<div class=\"block-katz paragraph\">\n<p>Quoi qu\u2019il en soit, sachez que Katz Immobilier peut contribuer \u00e0 la recherche de votre <strong>bien neuf \u00e0 Boulogne Billancourt<\/strong>. Vous pouvez venir nous voir dans notre agence \u00e0 Garches afin de discuter ensemble de votre projet (maison, appartement, d\u00e9veloppement immobilier).<\/p>\n<\/div>\n\n<div class=\"block-katz liens\">\n\t<div class=\"row\">\n\t\t<div class=\"col-12\">\n\t\t\t\t\t\t\t<p class=\"titre\">Nos services immobiliers \u00e0 Boulogne-Billancourt 92100<\/p>\n\t\t\t\t\t\t\t\t<div class=\"bloc-liens\">\n\t\t\t\t\t\t\t\t\t\t\t<div class=\"lien\">\n\t\t\t\t\t\t\t<a href=\"https:\/\/www.agencekatz.com\/agence-immobiliere\/boulogne-billancourt-92100\/\" title=\"Agence immobili\u00e8re \u00e0 Boulogne-Billancourt\" target=\"_self\">\n\t\t\t\t\t\t\t\tAgence immobili\u00e8re \u00e0 Boulogne-Billancourt\t\t\t\t\t\t\t<\/a>\n\t\t\t\t\t\t<\/div>\n\t\t\t\t\t\t\t\t\t\t\t\t<div class=\"lien\">\n\t\t\t\t\t\t\t<a href=\"https:\/\/www.agencekatz.com\/agence-immobiliere\/boulogne-billancourt-92100\/terrain-boulogne-billancourt\" title=\"Terrain \u00e0 Boulogne-Billancourt\" target=\"_self\">\n\t\t\t\t\t\t\t\tTerrain \u00e0 Boulogne-Billancourt\t\t\t\t\t\t\t<\/a>\n\t\t\t\t\t\t<\/div>\n\t\t\t\t\t\t\t\t\t\t\t\t<div class=\"lien\">\n\t\t\t\t\t\t\t<a href=\"https:\/\/www.agencekatz.com\/agence-immobiliere\/boulogne-billancourt-92100\/studio-boulogne-billancourt\" title=\"Studio \u00e0 Boulogne-Billancourt\" target=\"_self\">\n\t\t\t\t\t\t\t\tStudio \u00e0 Boulogne-Billancourt\t\t\t\t\t\t\t<\/a>\n\t\t\t\t\t\t<\/div>\n\t\t\t\t\t\t\t\t\t\t\t\t<div class=\"lien\">\n\t\t\t\t\t\t\t<a href=\"https:\/\/www.agencekatz.com\/agence-immobiliere\/boulogne-billancourt-92100\/maison-boulogne-billancourt\" title=\"Maison \u00e0 Boulogne-Billancourt\" target=\"_self\">\n\t\t\t\t\t\t\t\tMaison \u00e0 Boulogne-Billancourt\t\t\t\t\t\t\t<\/a>\n\t\t\t\t\t\t<\/div>\n\t\t\t\t\t\t\t\t\t\t\t\t<div class=\"lien\">\n\t\t\t\t\t\t\t<a href=\"https:\/\/www.agencekatz.com\/agence-immobiliere\/boulogne-billancourt-92100\/location-parking-boulogne-billancourt\" title=\"Location de parking \u00e0 Boulogne-Billancourt\" target=\"_self\">\n\t\t\t\t\t\t\t\tLocation de parking \u00e0 Boulogne-Billancourt\t\t\t\t\t\t\t<\/a>\n\t\t\t\t\t\t<\/div>\n\t\t\t\t\t\t\t\t\t\t\t\t<div class=\"lien\">\n\t\t\t\t\t\t\t<a href=\"https:\/\/www.agencekatz.com\/agence-immobiliere\/boulogne-billancourt-92100\/immobilier-boulogne-billancourt\" title=\"Immobilier \u00e0 Boulogne-Billancourt\" target=\"_self\">\n\t\t\t\t\t\t\t\tImmobilier \u00e0 Boulogne-Billancourt\t\t\t\t\t\t\t<\/a>\n\t\t\t\t\t\t<\/div>\n\t\t\t\t\t\t\t\t\t\t\t\t<div class=\"lien\">\n\t\t\t\t\t\t\t<a href=\"https:\/\/www.agencekatz.com\/agence-immobiliere\/boulogne-billancourt-92100\/estimation-bien-immobilier-boulogne-billancourt\" title=\"Estimation de bien immobilier \u00e0 Boulogne-Billancourt\" target=\"_self\">\n\t\t\t\t\t\t\t\tEstimation de bien immobilier \u00e0 Boulogne-Billancourt\t\t\t\t\t\t\t<\/a>\n\t\t\t\t\t\t<\/div>\n\t\t\t\t\t\t\t\t\t\t\t\t<div class=\"lien\">\n\t\t\t\t\t\t\t<a href=\"https:\/\/www.agencekatz.com\/agence-immobiliere\/boulogne-billancourt-92100\/duplex-boulogne-billancourt\" title=\"Duplex Boulogne-Billancourt\" target=\"_self\">\n\t\t\t\t\t\t\t\tDuplex Boulogne-Billancourt\t\t\t\t\t\t\t<\/a>\n\t\t\t\t\t\t<\/div>\n\t\t\t\t\t\t\t\t\t\t\t\t<div class=\"lien\">\n\t\t\t\t\t\t\t<a href=\"https:\/\/www.agencekatz.com\/agence-immobiliere\/boulogne-billancourt-92100\/appartement-boulogne-billancourt\" title=\"Appartement \u00e0 Boulogne-Billancourt\" target=\"_self\">\n\t\t\t\t\t\t\t\tAppartement \u00e0 Boulogne-Billancourt\t\t\t\t\t\t\t<\/a>\n\t\t\t\t\t\t<\/div>\n\t\t\t\t\t\t\t\t\t\t<\/div>\n\t\t\t\t\t\t<\/div>\n\t<\/div>\n<\/div>","protected":false},"excerpt":{"rendered":"<p>Proche de Paris, un grand espace vert, de nombreux transports en commun, une kyrielle de commodit\u00e9s&#8230; D\u00e9cid\u00e9ment, Boulogne Billancourt a tout pour plaire ! Des jeunes familles dynamiques aux s\u00e9niors qui affectionnent le calme et la tranquillit\u00e9, la ville r\u00e9pond parfaitement aux attentes de chacun. D\u2019ailleurs, de nombreux demandeurs souhaitent s\u2019y installer. Et pour profiter [&hellip;]<\/p>\n","protected":false},"author":2,"featured_media":0,"parent":29424,"menu_order":0,"comment_status":"closed","ping_status":"closed","template":"","meta":[],"acf":[],"_links":{"self":[{"href":"https:\/\/www.agencekatz.com\/agence-immobiliere\/wp-json\/wp\/v2\/pages\/29453"}],"collection":[{"href":"https:\/\/www.agencekatz.com\/agence-immobiliere\/wp-json\/wp\/v2\/pages"}],"about":[{"href":"https:\/\/www.agencekatz.com\/agence-immobiliere\/wp-json\/wp\/v2\/types\/page"}],"author":[{"embeddable":true,"href":"https:\/\/www.agencekatz.com\/agence-immobiliere\/wp-json\/wp\/v2\/users\/2"}],"replies":[{"embeddable":true,"href":"https:\/\/www.agencekatz.com\/agence-immobiliere\/wp-json\/wp\/v2\/comments?post=29453"}],"version-history":[{"count":6,"href":"https:\/\/www.agencekatz.com\/agence-immobiliere\/wp-json\/wp\/v2\/pages\/29453\/revisions"}],"predecessor-version":[{"id":29550,"href":"https:\/\/www.agencekatz.com\/agence-immobiliere\/wp-json\/wp\/v2\/pages\/29453\/revisions\/29550"}],"up":[{"embeddable":true,"href":"https:\/\/www.agencekatz.com\/agence-immobiliere\/wp-json\/wp\/v2\/pages\/29424"}],"wp:attachment":[{"href":"https:\/\/www.agencekatz.com\/agence-immobiliere\/wp-json\/wp\/v2\/media?parent=29453"}],"curies":[{"name":"wp","href":"https:\/\/api.w.org\/{rel}","templated":true}]}}