{"id":29452,"date":"2021-05-03T10:57:54","date_gmt":"2021-05-03T08:57:54","guid":{"rendered":"https:\/\/www.agencekatz.com\/agence-immobiliere\/?page_id=29452"},"modified":"2021-05-14T13:00:14","modified_gmt":"2021-05-14T11:00:14","slug":"location-parking-boulogne-billancourt","status":"publish","type":"page","link":"https:\/\/www.agencekatz.com\/agence-immobiliere\/boulogne-billancourt-92100\/location-parking-boulogne-billancourt\/","title":{"rendered":"Location de parking \u00e0 Boulogne-Billancourt ou garage box avec Katz"},"content":{"rendered":"<div class=\"block-katz paragraph\">\n<p>Boulogne-Billancourt est une ville charmante qui fait partie de la communaut\u00e9 de communes du Pays Neslois. Elle s\u00e9duit effectivement pour son c\u00f4t\u00e9 calme et agr\u00e9able. Certaines rues s\u2019av\u00e8rent cependant plus vivantes et dynamiques que d\u2019autres. Une <strong>location de parking \u00e0 Boulogne-Billancourt<\/strong> offre un confort accru. En tout cas, la ville est agr\u00e9able \u00e0 vivre et pr\u00e9sente de nombreux atouts sur le plan culturel avec ses nombreuses salles de th\u00e9\u00e2tre comme le th\u00e9\u00e2tre de la Clart\u00e9, l\u2019espace Bernard Palissy ou Boulbi Th\u00e9\u00e2tre. Sans oublier la visite des parcs, mus\u00e9es \u00e0 proximit\u00e9&#8230;<\/p>\n<\/div>\n\n<\/div>\n<div class=\"block-katz moteurrecherche\">\n\t<div id=\"buy-location\">\n\t\t<section class=\"filter-search mt-md\">\n\t\t\t<form name=\"katz_search\" method=\"get\" id=\"search-form\" action=\"https:\/\/www.agencekatz.com\/acheter-appartement-maison#search-form\">\n\t\t\t\t<div class=\"container\">\n\t\t\t\t\t<p class=\"font-lato-bold font-size-26 color-blue text-uppercase text-center letter-spacing-400\">\n\t\t\t\t\t\tVous cherchez un bien sur Boulogne-Billancourt 92100 ? \t\t\t\t\t<\/p>\n\t\t\t\t\t<div class=\"row\">\n\t\t\t\t\t\t<div class=\"col-lg-10 offset-lg-1\">\n\t\t\t\t\t\t\t<div class=\"container-fluid selector-container mt-md mb-sm\">\n\t\t\t\t\t\t\t\t<div class=\"row no-gutters\">\n\t\t\t\t\t\t\t\t\t<div class=\"col-lg-6\">\n\t\t\t\t\t\t\t\t\t\t<div class=\"switch d-flex \">\n\t\t\t\t\t\t\t\t\t\t\t<a href=\"https:\/\/www.agencekatz.com\/acheter-appartement-maison\" class=\"link-elmt active\" target=\"_self\">\n\t\t\t\t\t\t\t\t\t\t\t\tAchat\n\t\t\t\t\t\t\t\t\t\t\t<\/a>\n\t\t\t\t\t\t\t\t\t\t\t<a href=\"https:\/\/www.agencekatz.com\/location-appartement-maison\" class=\"link-elmt \" target=\"_self\">\n\t\t\t\t\t\t\t\t\t\t\t\tLouer\n\t\t\t\t\t\t\t\t\t\t\t<\/a>\n\t\t\t\t\t\t\t\t\t\t<\/div>\n\t\t\t\t\t\t\t\t\t<\/div>\n\t\t\t\t\t\t\t\t\t<div class=\"col-lg-6 input-search\">\n\t\t\t\t\t\t\t\t\t\t<select id=\"katz_search_place\" name=\"katz_search[place]\" class=\"select-two\" placeholder=\"Ville, Code postal...\">\n\t\t\t\t\t\t\t\t\t\t\t<option value=\"\"><\/option>\n\t\t\t\t\t\t\t\t\t\t\t<option value=\"Beynes\" selected=\"selected\">Beynes &#8211; 78650<\/option>\n\t\t\t\t\t\t\t\t\t\t\t<option value=\"Bougival\">Bougival &#8211; 78380<\/option>\n\t\t\t\t\t\t\t\t\t\t\t<option value=\"Garches\">Garches &#8211; 92380<\/option>\n\t\t\t\t\t\t\t\t\t\t\t<option value=\"Goupilli\u00e8res\">Goupilli\u00e8res &#8211; 78770<\/option>\n\t\t\t\t\t\t\t\t\t\t\t<option value=\"Issy-les-Moulineaux\">Issy-les-Moulineaux &#8211; 92130<\/option>\n\t\t\t\t\t\t\t\t\t\t\t<option value=\"La Celle-Saint-Cloud\">La Celle-Saint-Cloud &#8211; 78170<\/option>\n\t\t\t\t\t\t\t\t\t\t\t<option value=\"Marnes-la-Coquette\">Marnes-la-Coquette &#8211; 92430<\/option>\n\t\t\t\t\t\t\t\t\t\t\t<option value=\"Montrouge\">Montrouge &#8211; 92120<\/option>\n\t\t\t\t\t\t\t\t\t\t\t<option value=\"Paris\">Paris &#8211; 75018<\/option>\n\t\t\t\t\t\t\t\t\t\t\t<option value=\"Paris 18\">Paris 18 &#8211; 75018<\/option>\n\t\t\t\t\t\t\t\t\t\t\t<option value=\"Vaucresson\">Vaucresson &#8211; 92420<\/option>\n\t\t\t\t\t\t\t\t\t\t\t<option value=\"Ville-d&#039;Avray\">Ville-d&#039;Avray &#8211; 92410<\/option>\n\t\t\t\t\t\t\t\t\t\t<\/select>\n\t\t\t\t\t\t\t\t\t<\/div>\n\t\t\t\t\t\t\t\t<\/div>\n\t\t\t\t\t\t\t<\/div>\n\t\t\t\t\t\t<\/div>\n\t\t\t\t\t<\/div>\n\t\t\t\t<\/div>\n\t\t\t\t<div class=\"container-fluid py-sm bg-blue color-white text-center\">\n\t\t\t\t\t<div class=\"container\">\n\t\t\t\t\t\t<div class=\"col-md-10 offset-md-1 col-12\">\n\t\t\t\t\t\t\t<div class=\"filter d-flex justify-content-between\">\n\t\t\t\t\t\t\t\t<select id=\"katz_search_typeOffre\" name=\"katz_search[typeOffre]\">\n\t\t\t\t\t\t\t\t\t<option value=\"\">Type de bien<\/option>\n\t\t\t\t\t\t\t\t\t<option value=\"1\">Appartement<\/option>\n\t\t\t\t\t\t\t\t\t<option value=\"2\">Maison<\/option>\n\t\t\t\t\t\t\t\t\t<option value=\"5\">Local<\/option>\n\t\t\t\t\t\t\t\t\t<option value=\"7\">Parking<\/option>\n\t\t\t\t\t\t\t\t\t<option value=\"3\">Terrain<\/option>\n\t\t\t\t\t\t\t\t\t<option value=\"4\">Immeuble<\/option>\n\t\t\t\t\t\t\t\t<\/select>\n\t\t\t\t\t\t\t\t<select id=\"katz_search_nbPieces\" name=\"katz_search[nbPieces]\">\n\t\t\t\t\t\t\t\t\t<option value=\"\">Pi\u00e8ces<\/option>\n\t\t\t\t\t\t\t\t\t<option value=\"1\">1<\/option>\n\t\t\t\t\t\t\t\t\t<option value=\"2\">2<\/option>\n\t\t\t\t\t\t\t\t\t<option value=\"3\">3<\/option>\n\t\t\t\t\t\t\t\t\t<option value=\"4\">4<\/option>\n\t\t\t\t\t\t\t\t\t<option value=\"5\">5 et +<\/option>\n\t\t\t\t\t\t\t\t<\/select>\n\t\t\t\t\t\t\t\t<div class=\"filter-item\">\n\t\t\t\t\t\t\t\t\t<span>Surface:<\/span>\n\t\t\t\t\t\t\t\t\t<input type=\"number\" id=\"katz_search_surfHabMin\" name=\"katz_search[surfHabMin]\" placeholder=\"min\" min=\"0\" value=\"\" \/>\n\t\t\t\t\t\t\t\t\t<input type=\"number\" id=\"katz_search_surfHabMax\" name=\"katz_search[surfHabMax]\" placeholder=\"max\" min=\"0\" value=\"\" \/>\n\t\t\t\t\t\t\t\t<\/div>\n\t\t\t\t\t\t\t\t<div class=\"filter-item\">\n\t\t\t\t\t\t\t\t\t<span>Prix:<\/span>\n\t\t\t\t\t\t\t\t\t<input type=\"number\" id=\"katz_search_prixMin\" name=\"katz_search[prixMin]\" placeholder=\"min\" min=\"0\" value=\"\" \/>\n\t\t\t\t\t\t\t\t\t<input type=\"number\" id=\"katz_search_prixMax\" name=\"katz_search[prixMax]\" placeholder=\"max\" min=\"0\" value=\"\" \/>\n\t\t\t\t\t\t\t\t<\/div>\n\t\t\t\t\t\t\t<\/div>\n\t\t\t\t\t\t<\/div>\n\t\t\t\t\t<\/div>\n\t\t\t\t<\/div>\n\t\t\t\t<div class=\"container\">\n\t\t\t\t\t<div class=\"row\">\n\t\t\t\t\t\t<div class=\"col-lg-10 offset-lg-1 text-right\">\n\t\t\t\t\t\t\t<div class=\"link-elmt submit mt-sm\" id=\"submit-button-search-form\">Rechercher<\/div>\n\t\t\t\t\t\t<\/div>\n\t\t\t\t\t<\/div>\n\t\t\t\t<\/div>\n\t\t\t<\/form>\n\t\t<\/section>\n\t<\/div>\n<\/div>\n<div class=\"container\">\n\n<div class=\"block-katz paragraph\">\n<p>Aucun doute, la commune de Billancourt attire. Si vous y vivez ou \u00eates r\u00e9guli\u00e8rement de passage, la <strong>location de garage ou box \u00e0 Boulogne-Billancourt 92100<\/strong> avec Katz Immobilier vous int\u00e9ressera certainement.<\/p>\n<\/div>\n\n<div class=\"block-katz heading\">\n<h2><strong>Pourquoi envisager de louer un parking \u00e0 Boulogne-Billancourt ?<\/strong><\/h2>\n<\/div>\n\n<div class=\"block-katz paragraph\">\n<p>Se garer en ville devient parfois vite un parcours du combattant. En effet, les places peuvent \u00eatre toutes occup\u00e9es, les zones de stationnement \u00e0 la longue reviennent ch\u00e8res d\u00e8s le moindre \u00e9cart, certains parkings sont mal entretenus&#8230; En r\u00e9sum\u00e9, des inconv\u00e9nients dont vous vous passerez bien.<\/p>\n<\/div>\n\n<div class=\"block-katz paragraph\">\n<p>Bien que <strong>se garer \u00e0 Boulogne-Billancourt<\/strong> n\u2019est pas toujours une \u00e9vidence, se passer de sa voiture peut \u00eatre compliqu\u00e9. Encore plus, pour les personnes qui se d\u00e9placent fr\u00e9quemment.<\/p>\n<\/div>\n\n<div class=\"block-katz paragraph\">\n<p>Katz Immobilier vous propose comme solution la location parking \u00e0 Boulogne Billancourt. Ce sont des espaces entretenus pour entreposer votre voiture ou moto en toute s\u00e9r\u00e9nit\u00e9.<\/p>\n<\/div>\n\n<\/div>\n<div class=\"block-katz titre3photos\">\n\t<div class=\"container\">\n\t\t<div class=\"row\">\n\t\t\t\t\t\t\t<div class=\"col-12 text-center\">\n\t\t\t\t\t<h2>Recherche d&rsquo;un box, garage ou parking sur Boulogne Billancourt<\/h2>\n\t\t\t\t<\/div>\n\t\t\t\t\t\t\t\t<div class=\"col-md-4 col-12\">\n\t\t\t\t\t<img src=\"https:\/\/www.agencekatz.com\/agence-immobiliere\/wp-content\/uploads\/2021\/05\/garage-400x400.jpg\" alt=\"garage\" \/>\n\t\t\t\t<\/div>\n\t\t\t\t\t\t\t\t<div class=\"col-md-4 col-12\">\n\t\t\t\t\t<img src=\"https:\/\/www.agencekatz.com\/agence-immobiliere\/wp-content\/uploads\/2021\/02\/defautkatz-400x400.png\" alt=\"Katz Immobilier\" \/>\n\t\t\t\t<\/div>\n\t\t\t\t\t\t\t\t<div class=\"col-md-4 col-12\">\n\t\t\t\t\t<img src=\"https:\/\/www.agencekatz.com\/agence-immobiliere\/wp-content\/uploads\/2021\/05\/parking-boulogne-400x400.jpg\" alt=\"parking Boulogne\" \/>\n\t\t\t\t<\/div>\n\t\t\t\t\t\t\t\t<div class=\"col-12 text-center\">\n\t\t\t\t\t<a href=\"https:\/\/www.agencekatz.com\/contact\" class=\"link link-gold\" title=\"Contactez-nous\" target=\"_self\">Contactez-nous<\/a>\n\t\t\t\t<\/div>\n\t\t\t\t\t\t<\/div>\n\t<\/div>\n<\/div>\n<div class=\"container\">\n\n<div class=\"block-katz heading\">\n<h3><strong>Location parking Boulogne Billancourt pour particulier<\/strong><\/h3>\n<\/div>\n\n<div class=\"block-katz paragraph\">\n<p>Que vous soyez \u00e0 la recherche d\u2019un <strong>parking voiture ou parking moto \u00e0 Boulogne-Billancourt<\/strong>, Katz Immobilier saura vous accompagner. Vous pouvez notamment compter sur nos 50 ans d\u2019exp\u00e9rience et notre connaissance du march\u00e9 pour vous trouver la location parking id\u00e9ale pour vous.<\/p>\n<\/div>\n\n<div class=\"block-katz paragraph\">\n<p>Pour que nous puissions vous accompagner comme il se doit, contactez-nous. Apr\u00e8s nous avoir expos\u00e9 vos besoins en mati\u00e8re de location parking \u00e0 Billancourt et de box Boulogne, les probl\u00e8mes de <strong>stationnement 92100 <\/strong>seront de l\u2019histoire ancienne.<\/p>\n<\/div>\n\n<div class=\"block-katz liens\">\n\t<div class=\"row\">\n\t\t<div class=\"col-12\">\n\t\t\t\t\t\t\t<p class=\"titre\">Nos services immobiliers \u00e0 Boulogne-Billancourt 92100<\/p>\n\t\t\t\t\t\t\t\t<div class=\"bloc-liens\">\n\t\t\t\t\t\t\t\t\t\t\t<div class=\"lien\">\n\t\t\t\t\t\t\t<a href=\"https:\/\/www.agencekatz.com\/agence-immobiliere\/boulogne-billancourt-92100\/\" title=\"Agence immobili\u00e8re \u00e0 Boulogne-Billancourt\" target=\"_self\">\n\t\t\t\t\t\t\t\tAgence immobili\u00e8re \u00e0 Boulogne-Billancourt\t\t\t\t\t\t\t<\/a>\n\t\t\t\t\t\t<\/div>\n\t\t\t\t\t\t\t\t\t\t\t\t<div class=\"lien\">\n\t\t\t\t\t\t\t<a href=\"https:\/\/www.agencekatz.com\/agence-immobiliere\/boulogne-billancourt-92100\/terrain-boulogne-billancourt\" title=\"Terrain \u00e0 Boulogne-Billancourt\" target=\"_self\">\n\t\t\t\t\t\t\t\tTerrain \u00e0 Boulogne-Billancourt\t\t\t\t\t\t\t<\/a>\n\t\t\t\t\t\t<\/div>\n\t\t\t\t\t\t\t\t\t\t\t\t<div class=\"lien\">\n\t\t\t\t\t\t\t<a href=\"https:\/\/www.agencekatz.com\/agence-immobiliere\/boulogne-billancourt-92100\/studio-boulogne-billancourt\" title=\"Studio \u00e0 Boulogne-Billancourt\" target=\"_self\">\n\t\t\t\t\t\t\t\tStudio \u00e0 Boulogne-Billancourt\t\t\t\t\t\t\t<\/a>\n\t\t\t\t\t\t<\/div>\n\t\t\t\t\t\t\t\t\t\t\t\t<div class=\"lien\">\n\t\t\t\t\t\t\t<a href=\"https:\/\/www.agencekatz.com\/agence-immobiliere\/boulogne-billancourt-92100\/maison-boulogne-billancourt\" title=\"Maison \u00e0 Boulogne-Billancourt\" target=\"_self\">\n\t\t\t\t\t\t\t\tMaison \u00e0 Boulogne-Billancourt\t\t\t\t\t\t\t<\/a>\n\t\t\t\t\t\t<\/div>\n\t\t\t\t\t\t\t\t\t\t\t\t<div class=\"lien\">\n\t\t\t\t\t\t\t<a href=\"https:\/\/www.agencekatz.com\/agence-immobiliere\/boulogne-billancourt-92100\/immobilier-neuf-boulogne-billancourt\" title=\"Immobilier neuf \u00e0 Boulogne-Billancourt\" target=\"_self\">\n\t\t\t\t\t\t\t\tImmobilier neuf \u00e0 Boulogne-Billancourt\t\t\t\t\t\t\t<\/a>\n\t\t\t\t\t\t<\/div>\n\t\t\t\t\t\t\t\t\t\t\t\t<div class=\"lien\">\n\t\t\t\t\t\t\t<a href=\"https:\/\/www.agencekatz.com\/agence-immobiliere\/boulogne-billancourt-92100\/immobilier-boulogne-billancourt\" title=\"Immobilier \u00e0 Boulogne-Billancourt\" target=\"_self\">\n\t\t\t\t\t\t\t\tImmobilier \u00e0 Boulogne-Billancourt\t\t\t\t\t\t\t<\/a>\n\t\t\t\t\t\t<\/div>\n\t\t\t\t\t\t\t\t\t\t\t\t<div class=\"lien\">\n\t\t\t\t\t\t\t<a href=\"https:\/\/www.agencekatz.com\/agence-immobiliere\/boulogne-billancourt-92100\/estimation-bien-immobilier-boulogne-billancourt\" title=\"Estimation de bien immobilier \u00e0 Boulogne-Billancourt\" target=\"_self\">\n\t\t\t\t\t\t\t\tEstimation de bien immobilier \u00e0 Boulogne-Billancourt\t\t\t\t\t\t\t<\/a>\n\t\t\t\t\t\t<\/div>\n\t\t\t\t\t\t\t\t\t\t\t\t<div class=\"lien\">\n\t\t\t\t\t\t\t<a href=\"https:\/\/www.agencekatz.com\/agence-immobiliere\/boulogne-billancourt-92100\/duplex-boulogne-billancourt\" title=\"Duplex Boulogne-Billancourt\" target=\"_self\">\n\t\t\t\t\t\t\t\tDuplex Boulogne-Billancourt\t\t\t\t\t\t\t<\/a>\n\t\t\t\t\t\t<\/div>\n\t\t\t\t\t\t\t\t\t\t\t\t<div class=\"lien\">\n\t\t\t\t\t\t\t<a href=\"https:\/\/www.agencekatz.com\/agence-immobiliere\/boulogne-billancourt-92100\/appartement-boulogne-billancourt\" title=\"Appartement \u00e0 Boulogne-Billancourt\" target=\"_self\">\n\t\t\t\t\t\t\t\tAppartement \u00e0 Boulogne-Billancourt\t\t\t\t\t\t\t<\/a>\n\t\t\t\t\t\t<\/div>\n\t\t\t\t\t\t\t\t\t\t<\/div>\n\t\t\t\t\t\t<\/div>\n\t<\/div>\n<\/div>","protected":false},"excerpt":{"rendered":"<p>Boulogne-Billancourt est une ville charmante qui fait partie de la communaut\u00e9 de communes du Pays Neslois. Elle s\u00e9duit effectivement pour son c\u00f4t\u00e9 calme et agr\u00e9able. Certaines rues s\u2019av\u00e8rent cependant plus vivantes et dynamiques que d\u2019autres. Une location de parking \u00e0 Boulogne-Billancourt offre un confort accru. En tout cas, la ville est agr\u00e9able \u00e0 vivre et [&hellip;]<\/p>\n","protected":false},"author":2,"featured_media":0,"parent":29424,"menu_order":0,"comment_status":"closed","ping_status":"closed","template":"","meta":[],"acf":[],"_links":{"self":[{"href":"https:\/\/www.agencekatz.com\/agence-immobiliere\/wp-json\/wp\/v2\/pages\/29452"}],"collection":[{"href":"https:\/\/www.agencekatz.com\/agence-immobiliere\/wp-json\/wp\/v2\/pages"}],"about":[{"href":"https:\/\/www.agencekatz.com\/agence-immobiliere\/wp-json\/wp\/v2\/types\/page"}],"author":[{"embeddable":true,"href":"https:\/\/www.agencekatz.com\/agence-immobiliere\/wp-json\/wp\/v2\/users\/2"}],"replies":[{"embeddable":true,"href":"https:\/\/www.agencekatz.com\/agence-immobiliere\/wp-json\/wp\/v2\/comments?post=29452"}],"version-history":[{"count":6,"href":"https:\/\/www.agencekatz.com\/agence-immobiliere\/wp-json\/wp\/v2\/pages\/29452\/revisions"}],"predecessor-version":[{"id":29552,"href":"https:\/\/www.agencekatz.com\/agence-immobiliere\/wp-json\/wp\/v2\/pages\/29452\/revisions\/29552"}],"up":[{"embeddable":true,"href":"https:\/\/www.agencekatz.com\/agence-immobiliere\/wp-json\/wp\/v2\/pages\/29424"}],"wp:attachment":[{"href":"https:\/\/www.agencekatz.com\/agence-immobiliere\/wp-json\/wp\/v2\/media?parent=29452"}],"curies":[{"name":"wp","href":"https:\/\/api.w.org\/{rel}","templated":true}]}}