{"id":29438,"date":"2021-04-30T11:04:07","date_gmt":"2021-04-30T09:04:07","guid":{"rendered":"https:\/\/www.agencekatz.com\/agence-immobiliere\/?page_id=29438"},"modified":"2021-05-14T12:59:45","modified_gmt":"2021-05-14T10:59:45","slug":"immobilier-boulogne-billancourt","status":"publish","type":"page","link":"https:\/\/www.agencekatz.com\/agence-immobiliere\/boulogne-billancourt-92100\/immobilier-boulogne-billancourt\/","title":{"rendered":"Immobilier Boulogne Billancourt\u00a0: une seule adresse, KATZ\u00a0!"},"content":{"rendered":"<div class=\"block-katz paragraph\">\n<p>Que vous recherchiez \u00e0 vendre, \u00e0 acheter, \u00e0 louer ou \u00e0 investir dans l\u2019immobilier, Boulogne Billancourt est l\u2019une des meilleures villes \u00e0 mettre dans vos options avant de vous d\u00e9cider d\u00e9finitivement. \u00c9tant la deuxi\u00e8me ville la plus peupl\u00e9e de la r\u00e9gion de l\u2019Ile-de-France, elle est dot\u00e9e de multiples atouts qui ne laissent pas indiff\u00e9rents, tant sur son cadre de vie que sur le plan \u00e9conomique. Pour tous vos <strong>projets immobiliers sur le 92100<\/strong>, faites-vous accompagner par une agence immobili\u00e8re fiable et comp\u00e9tente telle que Katz Immobilier.<\/p>\n<\/div>\n\n<\/div>\n<div class=\"block-katz moteurrecherche\">\n\t<div id=\"buy-location\">\n\t\t<section class=\"filter-search mt-md\">\n\t\t\t<form name=\"katz_search\" method=\"get\" id=\"search-form\" action=\"https:\/\/www.agencekatz.com\/acheter-appartement-maison#search-form\">\n\t\t\t\t<div class=\"container\">\n\t\t\t\t\t<p class=\"font-lato-bold font-size-26 color-blue text-uppercase text-center letter-spacing-400\">\n\t\t\t\t\t\tVous cherchez un bien sur Boulogne-Billancourt 92100 ? \t\t\t\t\t<\/p>\n\t\t\t\t\t<div class=\"row\">\n\t\t\t\t\t\t<div class=\"col-lg-10 offset-lg-1\">\n\t\t\t\t\t\t\t<div class=\"container-fluid selector-container mt-md mb-sm\">\n\t\t\t\t\t\t\t\t<div class=\"row no-gutters\">\n\t\t\t\t\t\t\t\t\t<div class=\"col-lg-6\">\n\t\t\t\t\t\t\t\t\t\t<div class=\"switch d-flex \">\n\t\t\t\t\t\t\t\t\t\t\t<a href=\"https:\/\/www.agencekatz.com\/acheter-appartement-maison\" class=\"link-elmt active\" target=\"_self\">\n\t\t\t\t\t\t\t\t\t\t\t\tAchat\n\t\t\t\t\t\t\t\t\t\t\t<\/a>\n\t\t\t\t\t\t\t\t\t\t\t<a href=\"https:\/\/www.agencekatz.com\/location-appartement-maison\" class=\"link-elmt \" target=\"_self\">\n\t\t\t\t\t\t\t\t\t\t\t\tLouer\n\t\t\t\t\t\t\t\t\t\t\t<\/a>\n\t\t\t\t\t\t\t\t\t\t<\/div>\n\t\t\t\t\t\t\t\t\t<\/div>\n\t\t\t\t\t\t\t\t\t<div class=\"col-lg-6 input-search\">\n\t\t\t\t\t\t\t\t\t\t<select id=\"katz_search_place\" name=\"katz_search[place]\" class=\"select-two\" placeholder=\"Ville, Code postal...\">\n\t\t\t\t\t\t\t\t\t\t\t<option value=\"\"><\/option>\n\t\t\t\t\t\t\t\t\t\t\t<option value=\"Beynes\" selected=\"selected\">Beynes &#8211; 78650<\/option>\n\t\t\t\t\t\t\t\t\t\t\t<option value=\"Bougival\">Bougival &#8211; 78380<\/option>\n\t\t\t\t\t\t\t\t\t\t\t<option value=\"Garches\">Garches &#8211; 92380<\/option>\n\t\t\t\t\t\t\t\t\t\t\t<option value=\"Goupilli\u00e8res\">Goupilli\u00e8res &#8211; 78770<\/option>\n\t\t\t\t\t\t\t\t\t\t\t<option value=\"Issy-les-Moulineaux\">Issy-les-Moulineaux &#8211; 92130<\/option>\n\t\t\t\t\t\t\t\t\t\t\t<option value=\"La Celle-Saint-Cloud\">La Celle-Saint-Cloud &#8211; 78170<\/option>\n\t\t\t\t\t\t\t\t\t\t\t<option value=\"Marnes-la-Coquette\">Marnes-la-Coquette &#8211; 92430<\/option>\n\t\t\t\t\t\t\t\t\t\t\t<option value=\"Montrouge\">Montrouge &#8211; 92120<\/option>\n\t\t\t\t\t\t\t\t\t\t\t<option value=\"Paris\">Paris &#8211; 75018<\/option>\n\t\t\t\t\t\t\t\t\t\t\t<option value=\"Paris 18\">Paris 18 &#8211; 75018<\/option>\n\t\t\t\t\t\t\t\t\t\t\t<option value=\"Vaucresson\">Vaucresson &#8211; 92420<\/option>\n\t\t\t\t\t\t\t\t\t\t\t<option value=\"Ville-d&#039;Avray\">Ville-d&#039;Avray &#8211; 92410<\/option>\n\t\t\t\t\t\t\t\t\t\t<\/select>\n\t\t\t\t\t\t\t\t\t<\/div>\n\t\t\t\t\t\t\t\t<\/div>\n\t\t\t\t\t\t\t<\/div>\n\t\t\t\t\t\t<\/div>\n\t\t\t\t\t<\/div>\n\t\t\t\t<\/div>\n\t\t\t\t<div class=\"container-fluid py-sm bg-blue color-white text-center\">\n\t\t\t\t\t<div class=\"container\">\n\t\t\t\t\t\t<div class=\"col-md-10 offset-md-1 col-12\">\n\t\t\t\t\t\t\t<div class=\"filter d-flex justify-content-between\">\n\t\t\t\t\t\t\t\t<select id=\"katz_search_typeOffre\" name=\"katz_search[typeOffre]\">\n\t\t\t\t\t\t\t\t\t<option value=\"\">Type de bien<\/option>\n\t\t\t\t\t\t\t\t\t<option value=\"1\">Appartement<\/option>\n\t\t\t\t\t\t\t\t\t<option value=\"2\">Maison<\/option>\n\t\t\t\t\t\t\t\t\t<option value=\"5\">Local<\/option>\n\t\t\t\t\t\t\t\t\t<option value=\"7\">Parking<\/option>\n\t\t\t\t\t\t\t\t\t<option value=\"3\">Terrain<\/option>\n\t\t\t\t\t\t\t\t\t<option value=\"4\">Immeuble<\/option>\n\t\t\t\t\t\t\t\t<\/select>\n\t\t\t\t\t\t\t\t<select id=\"katz_search_nbPieces\" name=\"katz_search[nbPieces]\">\n\t\t\t\t\t\t\t\t\t<option value=\"\">Pi\u00e8ces<\/option>\n\t\t\t\t\t\t\t\t\t<option value=\"1\">1<\/option>\n\t\t\t\t\t\t\t\t\t<option value=\"2\">2<\/option>\n\t\t\t\t\t\t\t\t\t<option value=\"3\">3<\/option>\n\t\t\t\t\t\t\t\t\t<option value=\"4\">4<\/option>\n\t\t\t\t\t\t\t\t\t<option value=\"5\">5 et +<\/option>\n\t\t\t\t\t\t\t\t<\/select>\n\t\t\t\t\t\t\t\t<div class=\"filter-item\">\n\t\t\t\t\t\t\t\t\t<span>Surface:<\/span>\n\t\t\t\t\t\t\t\t\t<input type=\"number\" id=\"katz_search_surfHabMin\" name=\"katz_search[surfHabMin]\" placeholder=\"min\" min=\"0\" value=\"\" \/>\n\t\t\t\t\t\t\t\t\t<input type=\"number\" id=\"katz_search_surfHabMax\" name=\"katz_search[surfHabMax]\" placeholder=\"max\" min=\"0\" value=\"\" \/>\n\t\t\t\t\t\t\t\t<\/div>\n\t\t\t\t\t\t\t\t<div class=\"filter-item\">\n\t\t\t\t\t\t\t\t\t<span>Prix:<\/span>\n\t\t\t\t\t\t\t\t\t<input type=\"number\" id=\"katz_search_prixMin\" name=\"katz_search[prixMin]\" placeholder=\"min\" min=\"0\" value=\"\" \/>\n\t\t\t\t\t\t\t\t\t<input type=\"number\" id=\"katz_search_prixMax\" name=\"katz_search[prixMax]\" placeholder=\"max\" min=\"0\" value=\"\" \/>\n\t\t\t\t\t\t\t\t<\/div>\n\t\t\t\t\t\t\t<\/div>\n\t\t\t\t\t\t<\/div>\n\t\t\t\t\t<\/div>\n\t\t\t\t<\/div>\n\t\t\t\t<div class=\"container\">\n\t\t\t\t\t<div class=\"row\">\n\t\t\t\t\t\t<div class=\"col-lg-10 offset-lg-1 text-right\">\n\t\t\t\t\t\t\t<div class=\"link-elmt submit mt-sm\" id=\"submit-button-search-form\">Rechercher<\/div>\n\t\t\t\t\t\t<\/div>\n\t\t\t\t\t<\/div>\n\t\t\t\t<\/div>\n\t\t\t<\/form>\n\t\t<\/section>\n\t<\/div>\n<\/div>\n<div class=\"container\">\n\n<div class=\"block-katz heading\">\n<h2>Immobilier <strong>Boulogne-Billancourt : la ville id\u00e9ale pour un investissement<\/strong><\/h2>\n<\/div>\n\n<div class=\"block-katz paragraph\">\n<p>\u00c9tendue sur une superficie de 616 hectares, Boulogne Billancourt est une ville tr\u00e8s pris\u00e9e aussi bien par les jeunes que les familles, et ce, gr\u00e2ce \u00e0 la bonne ambiance qui y r\u00e8gne. Les transports en commun sont facilement accessibles et certains m\u00e8nent directement \u00e0 Paris. En outre, la culture et le tourisme y sont fortement d\u00e9velopp\u00e9s. Les monuments historiques et architecturaux t\u00e9moignent de la richesse du patrimoine sans oublier les divers projets d\u00e9j\u00e0 mis en marche pour l\u2019accueil des diff\u00e9rents \u00e9v\u00e9nements culturels. L&rsquo;<strong>immobilier de Boulogne-Billancourt est donc pris\u00e9<\/strong>. Mais plus que tout cela, la ville pr\u00e9sente un dynamisme \u00e9conomique r\u00e9el. Les chiffres le refl\u00e8tent puisque les actifs sont de 74 %, les \u00e9tudiants 10 % et les ch\u00f4meurs 8 % seulement.<\/p>\n<\/div>\n\n<div class=\"block-katz paragraph\">\n<p>En ce qui concerne l\u2019immobilier Boulogne Billancourt, il est florissant. Le prix immobilier Boulogne Billancourt diff\u00e8re selon les biens immobiliers. Les appartements sont estim\u00e9s entre 8000 euros en moyenne tandis que les maisons \u00e0 10 000 euros et plus. En tout cas, les deux se vendent tr\u00e8s bien sur le march\u00e9 de Boulogne Billancourt immobilier. De <strong>particulier \u00e0 particulier<\/strong> ou via une agence.<\/p>\n<\/div>\n\n<\/div>\n<div class=\"block-katz titre3photos\">\n\t<div class=\"container\">\n\t\t<div class=\"row\">\n\t\t\t\t\t\t\t<div class=\"col-12 text-center\">\n\t\t\t\t\t<h2>Un projet immobilier sur Boulogne Billancourt 92100 ?<\/h2>\n\t\t\t\t<\/div>\n\t\t\t\t\t\t\t\t<div class=\"col-md-4 col-12\">\n\t\t\t\t\t<img src=\"https:\/\/www.agencekatz.com\/agence-immobiliere\/wp-content\/uploads\/2021\/02\/appartement-neuf-400x400.png\" alt=\"Appartement neuf\" \/>\n\t\t\t\t<\/div>\n\t\t\t\t\t\t\t\t<div class=\"col-md-4 col-12\">\n\t\t\t\t\t<img src=\"https:\/\/www.agencekatz.com\/agence-immobiliere\/wp-content\/uploads\/2021\/02\/defautkatz-400x400.png\" alt=\"Katz Immobilier\" \/>\n\t\t\t\t<\/div>\n\t\t\t\t\t\t\t\t<div class=\"col-md-4 col-12\">\n\t\t\t\t\t<img src=\"https:\/\/www.agencekatz.com\/agence-immobiliere\/wp-content\/uploads\/2021\/02\/programme-neuf-400x400.jpg\" alt=\"Programme immobilier neuf\" \/>\n\t\t\t\t<\/div>\n\t\t\t\t\t\t\t\t<div class=\"col-12 text-center\">\n\t\t\t\t\t<a href=\"https:\/\/www.agencekatz.com\/contact\" class=\"link link-gold\" title=\"Contactez-nous\" target=\"_self\">Contactez-nous<\/a>\n\t\t\t\t<\/div>\n\t\t\t\t\t\t<\/div>\n\t<\/div>\n<\/div>\n<div class=\"container\">\n\n<div class=\"block-katz heading\">\n<h3>Boulogne Billancourt immobilier : f<strong>aites confiance \u00e0 Katz immobilier pour tous vos projets <\/strong><\/h3>\n<\/div>\n\n<div class=\"block-katz paragraph\">\n<p>\u00c7a y est, vous avez fait votre choix et vous avez finalement opt\u00e9 pour Boulogne Billancourt immobilier. Pour mener \u00e0 bien vos <strong>projets de vente, d\u2019achat, d\u2019investissement ou de location<\/strong>, faites appel \u00e0 Katz Immobilier. L\u2019\u00e9quipe habite dans le secteur et conna\u00eet mieux que quiconque comment se porte l\u2019immobilier meubl\u00e9 \u00e0 Boulogne Billancourt. Ainsi, au lieu de faire contacter des particuliers dans votre projet immobilier Boulogne Billancourt<strong>,<\/strong> nous prendrons en charge la rel\u00e8ve et nous allons nous charger de toutes les proc\u00e9dures afin de vous trouver l\u2019appartement ou la maison id\u00e9ale, dans des d\u00e9lais courts.<\/p>\n<\/div>\n\n<div class=\"block-katz paragraph\">\n<p>Quelle que soit la nature de vos projets, nous sommes \u00e0 votre \u00e9coute et dispos\u00e9s \u00e0 offrir la meilleure solution selon vos crit\u00e8res, qu\u2019il s\u2019agisse d\u2019immobilier neuf ou ancien \u00e0 Boulogne Billancourt (92). N\u2019h\u00e9sitez pas donc \u00e0 venir dans nos locaux pour plus d\u2019informations \u00ab\u00a0<strong>immobilier Boulogne<\/strong>\u00ab\u00a0. Nous nous ferons un plaisir de vous recevoir et de vous assister. Par exemple si vous vous demandez comment se porte l&rsquo;immobilier meubl\u00e9 \u00e0 Boulogne Billancourt.<\/p>\n<\/div>\n\n<div class=\"block-katz liens\">\n\t<div class=\"row\">\n\t\t<div class=\"col-12\">\n\t\t\t\t\t\t\t<p class=\"titre\">Nos services immobiliers \u00e0 Boulogne-Billancourt 92100<\/p>\n\t\t\t\t\t\t\t\t<div class=\"bloc-liens\">\n\t\t\t\t\t\t\t\t\t\t\t<div class=\"lien\">\n\t\t\t\t\t\t\t<a href=\"https:\/\/www.agencekatz.com\/agence-immobiliere\/boulogne-billancourt-92100\/\" title=\"Agence immobili\u00e8re \u00e0 Boulogne-Billancourt\" target=\"_self\">\n\t\t\t\t\t\t\t\tAgence immobili\u00e8re \u00e0 Boulogne-Billancourt\t\t\t\t\t\t\t<\/a>\n\t\t\t\t\t\t<\/div>\n\t\t\t\t\t\t\t\t\t\t\t\t<div class=\"lien\">\n\t\t\t\t\t\t\t<a href=\"https:\/\/www.agencekatz.com\/agence-immobiliere\/boulogne-billancourt-92100\/terrain-boulogne-billancourt\" title=\"Terrain \u00e0 Boulogne-Billancourt\" target=\"_self\">\n\t\t\t\t\t\t\t\tTerrain \u00e0 Boulogne-Billancourt\t\t\t\t\t\t\t<\/a>\n\t\t\t\t\t\t<\/div>\n\t\t\t\t\t\t\t\t\t\t\t\t<div class=\"lien\">\n\t\t\t\t\t\t\t<a href=\"https:\/\/www.agencekatz.com\/agence-immobiliere\/boulogne-billancourt-92100\/studio-boulogne-billancourt\" title=\"Studio \u00e0 Boulogne-Billancourt\" target=\"_self\">\n\t\t\t\t\t\t\t\tStudio \u00e0 Boulogne-Billancourt\t\t\t\t\t\t\t<\/a>\n\t\t\t\t\t\t<\/div>\n\t\t\t\t\t\t\t\t\t\t\t\t<div class=\"lien\">\n\t\t\t\t\t\t\t<a href=\"https:\/\/www.agencekatz.com\/agence-immobiliere\/boulogne-billancourt-92100\/maison-boulogne-billancourt\" title=\"Maison \u00e0 Boulogne-Billancourt\" target=\"_self\">\n\t\t\t\t\t\t\t\tMaison \u00e0 Boulogne-Billancourt\t\t\t\t\t\t\t<\/a>\n\t\t\t\t\t\t<\/div>\n\t\t\t\t\t\t\t\t\t\t\t\t<div class=\"lien\">\n\t\t\t\t\t\t\t<a href=\"https:\/\/www.agencekatz.com\/agence-immobiliere\/boulogne-billancourt-92100\/location-parking-boulogne-billancourt\" title=\"Location de parking \u00e0 Boulogne-Billancourt\" target=\"_self\">\n\t\t\t\t\t\t\t\tLocation de parking \u00e0 Boulogne-Billancourt\t\t\t\t\t\t\t<\/a>\n\t\t\t\t\t\t<\/div>\n\t\t\t\t\t\t\t\t\t\t\t\t<div class=\"lien\">\n\t\t\t\t\t\t\t<a href=\"https:\/\/www.agencekatz.com\/agence-immobiliere\/boulogne-billancourt-92100\/immobilier-neuf-boulogne-billancourt\" title=\"Immobilier neuf \u00e0 Boulogne-Billancourt\" target=\"_self\">\n\t\t\t\t\t\t\t\tImmobilier neuf \u00e0 Boulogne-Billancourt\t\t\t\t\t\t\t<\/a>\n\t\t\t\t\t\t<\/div>\n\t\t\t\t\t\t\t\t\t\t\t\t<div class=\"lien\">\n\t\t\t\t\t\t\t<a href=\"https:\/\/www.agencekatz.com\/agence-immobiliere\/boulogne-billancourt-92100\/estimation-bien-immobilier-boulogne-billancourt\" title=\"Estimation de bien immobilier \u00e0 Boulogne-Billancourt\" target=\"_self\">\n\t\t\t\t\t\t\t\tEstimation de bien immobilier \u00e0 Boulogne-Billancourt\t\t\t\t\t\t\t<\/a>\n\t\t\t\t\t\t<\/div>\n\t\t\t\t\t\t\t\t\t\t\t\t<div class=\"lien\">\n\t\t\t\t\t\t\t<a href=\"https:\/\/www.agencekatz.com\/agence-immobiliere\/boulogne-billancourt-92100\/duplex-boulogne-billancourt\" title=\"Duplex Boulogne-Billancourt\" target=\"_self\">\n\t\t\t\t\t\t\t\tDuplex Boulogne-Billancourt\t\t\t\t\t\t\t<\/a>\n\t\t\t\t\t\t<\/div>\n\t\t\t\t\t\t\t\t\t\t\t\t<div class=\"lien\">\n\t\t\t\t\t\t\t<a href=\"https:\/\/www.agencekatz.com\/agence-immobiliere\/boulogne-billancourt-92100\/appartement-boulogne-billancourt\" title=\"Appartement \u00e0 Boulogne-Billancourt\" target=\"_self\">\n\t\t\t\t\t\t\t\tAppartement \u00e0 Boulogne-Billancourt\t\t\t\t\t\t\t<\/a>\n\t\t\t\t\t\t<\/div>\n\t\t\t\t\t\t\t\t\t\t<\/div>\n\t\t\t\t\t\t<\/div>\n\t<\/div>\n<\/div>","protected":false},"excerpt":{"rendered":"<p>Que vous recherchiez \u00e0 vendre, \u00e0 acheter, \u00e0 louer ou \u00e0 investir dans l\u2019immobilier, Boulogne Billancourt est l\u2019une des meilleures villes \u00e0 mettre dans vos options avant de vous d\u00e9cider d\u00e9finitivement. \u00c9tant la deuxi\u00e8me ville la plus peupl\u00e9e de la r\u00e9gion de l\u2019Ile-de-France, elle est dot\u00e9e de multiples atouts qui ne laissent pas indiff\u00e9rents, tant [&hellip;]<\/p>\n","protected":false},"author":2,"featured_media":0,"parent":29424,"menu_order":0,"comment_status":"closed","ping_status":"closed","template":"","meta":[],"acf":[],"_links":{"self":[{"href":"https:\/\/www.agencekatz.com\/agence-immobiliere\/wp-json\/wp\/v2\/pages\/29438"}],"collection":[{"href":"https:\/\/www.agencekatz.com\/agence-immobiliere\/wp-json\/wp\/v2\/pages"}],"about":[{"href":"https:\/\/www.agencekatz.com\/agence-immobiliere\/wp-json\/wp\/v2\/types\/page"}],"author":[{"embeddable":true,"href":"https:\/\/www.agencekatz.com\/agence-immobiliere\/wp-json\/wp\/v2\/users\/2"}],"replies":[{"embeddable":true,"href":"https:\/\/www.agencekatz.com\/agence-immobiliere\/wp-json\/wp\/v2\/comments?post=29438"}],"version-history":[{"count":4,"href":"https:\/\/www.agencekatz.com\/agence-immobiliere\/wp-json\/wp\/v2\/pages\/29438\/revisions"}],"predecessor-version":[{"id":29548,"href":"https:\/\/www.agencekatz.com\/agence-immobiliere\/wp-json\/wp\/v2\/pages\/29438\/revisions\/29548"}],"up":[{"embeddable":true,"href":"https:\/\/www.agencekatz.com\/agence-immobiliere\/wp-json\/wp\/v2\/pages\/29424"}],"wp:attachment":[{"href":"https:\/\/www.agencekatz.com\/agence-immobiliere\/wp-json\/wp\/v2\/media?parent=29438"}],"curies":[{"name":"wp","href":"https:\/\/api.w.org\/{rel}","templated":true}]}}