{"id":29437,"date":"2021-04-30T10:53:20","date_gmt":"2021-04-30T08:53:20","guid":{"rendered":"https:\/\/www.agencekatz.com\/agence-immobiliere\/?page_id=29437"},"modified":"2021-05-14T13:01:52","modified_gmt":"2021-05-14T11:01:52","slug":"maison-boulogne-billancourt","status":"publish","type":"page","link":"https:\/\/www.agencekatz.com\/agence-immobiliere\/boulogne-billancourt-92100\/maison-boulogne-billancourt\/","title":{"rendered":"Maison Boulogne Billancourt\u00a0: louer, acheter ou vendre avec KATZ"},"content":{"rendered":"<div class=\"block-katz paragraph\">\n<p>Vous songez depuis des ann\u00e9es \u00e0 louer ou acheter une maison boulognaise comme la belle <strong>maison de Cyril Hanouna \u00e0 Boulogne Billancourt<\/strong> ? Faites confiance au savoir-faire de Katz Immobilier dans le secteur. De m\u00eame, laissez-vous accompagner par une \u00e9quipe experte dans le cadre d\u2019une <strong>maison \u00e0 vendre Boulogne Billancourt<\/strong>.<\/p>\n<\/div>\n\n<\/div>\n<div class=\"block-katz titre3photos\">\n\t<div class=\"container\">\n\t\t<div class=\"row\">\n\t\t\t\t\t\t\t<div class=\"col-12 text-center\">\n\t\t\t\t\t<h2>Acheter, louer ou vendre une maison \u00e0 Boulogne Billancourt avec KATZ<\/h2>\n\t\t\t\t<\/div>\n\t\t\t\t\t\t\t\t<div class=\"col-md-4 col-12\">\n\t\t\t\t\t<img src=\"https:\/\/www.agencekatz.com\/agence-immobiliere\/wp-content\/uploads\/2021\/04\/maison-saint-cloud-400x400.jpg\" alt=\"maison Saint Cloud\" \/>\n\t\t\t\t<\/div>\n\t\t\t\t\t\t\t\t<div class=\"col-md-4 col-12\">\n\t\t\t\t\t<img src=\"https:\/\/www.agencekatz.com\/agence-immobiliere\/wp-content\/uploads\/2021\/02\/defautkatz-400x400.png\" alt=\"Katz Immobilier\" \/>\n\t\t\t\t<\/div>\n\t\t\t\t\t\t\t\t<div class=\"col-md-4 col-12\">\n\t\t\t\t\t<img src=\"https:\/\/www.agencekatz.com\/agence-immobiliere\/wp-content\/uploads\/2021\/02\/satisfaction-katz-immobilier-400x400.jpg\" alt=\"Katz Immobilier - Satisfaction client 94%\" \/>\n\t\t\t\t<\/div>\n\t\t\t\t\t\t\t\t<div class=\"col-12 text-center\">\n\t\t\t\t\t<a href=\"https:\/\/www.agencekatz.com\/contact\" class=\"link link-gold\" title=\"Contactez-nous\" target=\"_self\">Contactez-nous<\/a>\n\t\t\t\t<\/div>\n\t\t\t\t\t\t<\/div>\n\t<\/div>\n<\/div>\n<div class=\"container\">\n\n<div class=\"block-katz heading\">\n<h2><strong>Pourquoi investir dans une maison \u00e0 Boulogne Billancourt ?<\/strong><\/h2>\n<\/div>\n\n<div class=\"block-katz paragraph\">\n<p>\u00ab <em>Une ville agr\u00e9able \u00e0 vivre<\/em> \u00bb c\u2019est la phrase qui se r\u00e9p\u00e8te \u00e0 chaque paragraphe si vous faites une petite recherche sur <strong>Boulogne Billancourt 92100<\/strong>. Des commentaires qui en disent largement sur cette commune \u00e0 forte d\u00e9mographie. Cependant, sa valeur ne se limite pas \u00e0 ces avis subjectifs. Plus que cela, la ville d\u00e9ploie un <strong>cadre de vie id\u00e9al<\/strong> avec 39 espaces verts au minimum, des \u00e9tablissements scolaires multiples. Ainsi que divers espaces culturels, sans oublier sa proximit\u00e9 avec la capitale. D\u2019ailleurs, c\u00f4t\u00e9 transport, les moyens ne manquent pas et il existe m\u00eame une <strong>ligne directe Boulogne-Paris<\/strong>.<\/p>\n<\/div>\n\n<div class=\"block-katz liens\">\n\t<div class=\"row\">\n\t\t<div class=\"col-12\">\n\t\t\t\t\t\t\t<p class=\"titre\">Nos services immobiliers \u00e0 Boulogne-Billancourt 92100<\/p>\n\t\t\t\t\t\t\t\t<div class=\"bloc-liens\">\n\t\t\t\t\t\t\t\t\t\t\t<div class=\"lien\">\n\t\t\t\t\t\t\t<a href=\"https:\/\/www.agencekatz.com\/agence-immobiliere\/boulogne-billancourt-92100\/\" title=\"Agence immobili\u00e8re \u00e0 Boulogne-Billancourt\" target=\"_self\">\n\t\t\t\t\t\t\t\tAgence immobili\u00e8re \u00e0 Boulogne-Billancourt\t\t\t\t\t\t\t<\/a>\n\t\t\t\t\t\t<\/div>\n\t\t\t\t\t\t\t\t\t\t\t\t<div class=\"lien\">\n\t\t\t\t\t\t\t<a href=\"https:\/\/www.agencekatz.com\/agence-immobiliere\/boulogne-billancourt-92100\/terrain-boulogne-billancourt\" title=\"Terrain \u00e0 Boulogne-Billancourt\" target=\"_self\">\n\t\t\t\t\t\t\t\tTerrain \u00e0 Boulogne-Billancourt\t\t\t\t\t\t\t<\/a>\n\t\t\t\t\t\t<\/div>\n\t\t\t\t\t\t\t\t\t\t\t\t<div class=\"lien\">\n\t\t\t\t\t\t\t<a href=\"https:\/\/www.agencekatz.com\/agence-immobiliere\/boulogne-billancourt-92100\/studio-boulogne-billancourt\" title=\"Studio \u00e0 Boulogne-Billancourt\" target=\"_self\">\n\t\t\t\t\t\t\t\tStudio \u00e0 Boulogne-Billancourt\t\t\t\t\t\t\t<\/a>\n\t\t\t\t\t\t<\/div>\n\t\t\t\t\t\t\t\t\t\t\t\t<div class=\"lien\">\n\t\t\t\t\t\t\t<a href=\"https:\/\/www.agencekatz.com\/agence-immobiliere\/boulogne-billancourt-92100\/location-parking-boulogne-billancourt\" title=\"Location de parking \u00e0 Boulogne-Billancourt\" target=\"_self\">\n\t\t\t\t\t\t\t\tLocation de parking \u00e0 Boulogne-Billancourt\t\t\t\t\t\t\t<\/a>\n\t\t\t\t\t\t<\/div>\n\t\t\t\t\t\t\t\t\t\t\t\t<div class=\"lien\">\n\t\t\t\t\t\t\t<a href=\"https:\/\/www.agencekatz.com\/agence-immobiliere\/boulogne-billancourt-92100\/immobilier-neuf-boulogne-billancourt\" title=\"Immobilier neuf \u00e0 Boulogne-Billancourt\" target=\"_self\">\n\t\t\t\t\t\t\t\tImmobilier neuf \u00e0 Boulogne-Billancourt\t\t\t\t\t\t\t<\/a>\n\t\t\t\t\t\t<\/div>\n\t\t\t\t\t\t\t\t\t\t\t\t<div class=\"lien\">\n\t\t\t\t\t\t\t<a href=\"https:\/\/www.agencekatz.com\/agence-immobiliere\/boulogne-billancourt-92100\/immobilier-boulogne-billancourt\" title=\"Immobilier \u00e0 Boulogne-Billancourt\" target=\"_self\">\n\t\t\t\t\t\t\t\tImmobilier \u00e0 Boulogne-Billancourt\t\t\t\t\t\t\t<\/a>\n\t\t\t\t\t\t<\/div>\n\t\t\t\t\t\t\t\t\t\t\t\t<div class=\"lien\">\n\t\t\t\t\t\t\t<a href=\"https:\/\/www.agencekatz.com\/agence-immobiliere\/boulogne-billancourt-92100\/estimation-bien-immobilier-boulogne-billancourt\" title=\"Estimation de bien immobilier \u00e0 Boulogne-Billancourt\" target=\"_self\">\n\t\t\t\t\t\t\t\tEstimation de bien immobilier \u00e0 Boulogne-Billancourt\t\t\t\t\t\t\t<\/a>\n\t\t\t\t\t\t<\/div>\n\t\t\t\t\t\t\t\t\t\t\t\t<div class=\"lien\">\n\t\t\t\t\t\t\t<a href=\"https:\/\/www.agencekatz.com\/agence-immobiliere\/boulogne-billancourt-92100\/duplex-boulogne-billancourt\" title=\"Duplex Boulogne-Billancourt\" target=\"_self\">\n\t\t\t\t\t\t\t\tDuplex Boulogne-Billancourt\t\t\t\t\t\t\t<\/a>\n\t\t\t\t\t\t<\/div>\n\t\t\t\t\t\t\t\t\t\t\t\t<div class=\"lien\">\n\t\t\t\t\t\t\t<a href=\"https:\/\/www.agencekatz.com\/agence-immobiliere\/boulogne-billancourt-92100\/appartement-boulogne-billancourt\" title=\"Appartement \u00e0 Boulogne-Billancourt\" target=\"_self\">\n\t\t\t\t\t\t\t\tAppartement \u00e0 Boulogne-Billancourt\t\t\t\t\t\t\t<\/a>\n\t\t\t\t\t\t<\/div>\n\t\t\t\t\t\t\t\t\t\t<\/div>\n\t\t\t\t\t\t<\/div>\n\t<\/div>\n<\/div>\n\n<div class=\"block-katz paragraph\">\n<p>Par ailleurs, la ville pr\u00e9sente un r\u00e9el potentiel pour le secteur immobilier, notamment pour la location, la vente ou l\u2019achat <strong>maison Boulogne Billancourt<\/strong>. Si vous avez une maison \u00e0 vendre \u00e0 Boulogne Billancourt, soyez s\u00fbr qu\u2019elle ne restera pas tr\u00e8s longtemps votre propri\u00e9t\u00e9. Les biens immobiliers y sont tr\u00e8s pris\u00e9s et les familles appr\u00e9cient particuli\u00e8rement la ville. Notez entre autres que le m2 tourne autour de 9.000 euros en moyenne. Mais cela reste variable en fonction des quartiers de Boulogne (<strong>nord<\/strong>, sud&#8230;).<\/p>\n<\/div>\n\n<div class=\"block-katz heading\">\n<h3><strong>Katz Immobilier : votre partenaire immobilier de r\u00e9f\u00e9rence<\/strong><\/h3>\n<\/div>\n\n<div class=\"block-katz paragraph\">\n<p>Une vente ou un achat de maison \u00e0 Boulogne Billancourt 92100 en vue\u202f? Faites de<strong> Katz Immobilier<\/strong> votre alli\u00e9. Si vous \u00eates parmi ceux qui aspirent \u00e0 trouver la maison de vos r\u00eaves dans cette ville, nous avons un large choix conforme \u00e0 vos attentes. Nous sommes au courant de la r\u00e9alit\u00e9 du terrain \u00e9tant donn\u00e9 que nos agents habitent au c\u0153ur et \u00e0 proximit\u00e9 de la commune. Par ailleurs, notre sens de l\u2019\u00e9coute saura satisfaire vos exigences.<\/p>\n<\/div>\n\n<\/div>\n<div class=\"block-katz moteurrecherche\">\n\t<div id=\"buy-location\">\n\t\t<section class=\"filter-search mt-md\">\n\t\t\t<form name=\"katz_search\" method=\"get\" id=\"search-form\" action=\"https:\/\/www.agencekatz.com\/acheter-appartement-maison#search-form\">\n\t\t\t\t<div class=\"container\">\n\t\t\t\t\t<p class=\"font-lato-bold font-size-26 color-blue text-uppercase text-center letter-spacing-400\">\n\t\t\t\t\t\tVous cherchez une maison \u00e0 Boulogne-Billancourt 92100 ? \t\t\t\t\t<\/p>\n\t\t\t\t\t<div class=\"row\">\n\t\t\t\t\t\t<div class=\"col-lg-10 offset-lg-1\">\n\t\t\t\t\t\t\t<div class=\"container-fluid selector-container mt-md mb-sm\">\n\t\t\t\t\t\t\t\t<div class=\"row no-gutters\">\n\t\t\t\t\t\t\t\t\t<div class=\"col-lg-6\">\n\t\t\t\t\t\t\t\t\t\t<div class=\"switch d-flex \">\n\t\t\t\t\t\t\t\t\t\t\t<a href=\"https:\/\/www.agencekatz.com\/acheter-appartement-maison\" class=\"link-elmt active\" target=\"_self\">\n\t\t\t\t\t\t\t\t\t\t\t\tAchat\n\t\t\t\t\t\t\t\t\t\t\t<\/a>\n\t\t\t\t\t\t\t\t\t\t\t<a href=\"https:\/\/www.agencekatz.com\/location-appartement-maison\" class=\"link-elmt \" target=\"_self\">\n\t\t\t\t\t\t\t\t\t\t\t\tLouer\n\t\t\t\t\t\t\t\t\t\t\t<\/a>\n\t\t\t\t\t\t\t\t\t\t<\/div>\n\t\t\t\t\t\t\t\t\t<\/div>\n\t\t\t\t\t\t\t\t\t<div class=\"col-lg-6 input-search\">\n\t\t\t\t\t\t\t\t\t\t<select id=\"katz_search_place\" name=\"katz_search[place]\" class=\"select-two\" placeholder=\"Ville, Code postal...\">\n\t\t\t\t\t\t\t\t\t\t\t<option value=\"\"><\/option>\n\t\t\t\t\t\t\t\t\t\t\t<option value=\"Beynes\" selected=\"selected\">Beynes &#8211; 78650<\/option>\n\t\t\t\t\t\t\t\t\t\t\t<option value=\"Bougival\">Bougival &#8211; 78380<\/option>\n\t\t\t\t\t\t\t\t\t\t\t<option value=\"Garches\">Garches &#8211; 92380<\/option>\n\t\t\t\t\t\t\t\t\t\t\t<option value=\"Goupilli\u00e8res\">Goupilli\u00e8res &#8211; 78770<\/option>\n\t\t\t\t\t\t\t\t\t\t\t<option value=\"Issy-les-Moulineaux\">Issy-les-Moulineaux &#8211; 92130<\/option>\n\t\t\t\t\t\t\t\t\t\t\t<option value=\"La Celle-Saint-Cloud\">La Celle-Saint-Cloud &#8211; 78170<\/option>\n\t\t\t\t\t\t\t\t\t\t\t<option value=\"Marnes-la-Coquette\">Marnes-la-Coquette &#8211; 92430<\/option>\n\t\t\t\t\t\t\t\t\t\t\t<option value=\"Montrouge\">Montrouge &#8211; 92120<\/option>\n\t\t\t\t\t\t\t\t\t\t\t<option value=\"Paris\">Paris &#8211; 75018<\/option>\n\t\t\t\t\t\t\t\t\t\t\t<option value=\"Paris 18\">Paris 18 &#8211; 75018<\/option>\n\t\t\t\t\t\t\t\t\t\t\t<option value=\"Vaucresson\">Vaucresson &#8211; 92420<\/option>\n\t\t\t\t\t\t\t\t\t\t\t<option value=\"Ville-d&#039;Avray\">Ville-d&#039;Avray &#8211; 92410<\/option>\n\t\t\t\t\t\t\t\t\t\t<\/select>\n\t\t\t\t\t\t\t\t\t<\/div>\n\t\t\t\t\t\t\t\t<\/div>\n\t\t\t\t\t\t\t<\/div>\n\t\t\t\t\t\t<\/div>\n\t\t\t\t\t<\/div>\n\t\t\t\t<\/div>\n\t\t\t\t<div class=\"container-fluid py-sm bg-blue color-white text-center\">\n\t\t\t\t\t<div class=\"container\">\n\t\t\t\t\t\t<div class=\"col-md-10 offset-md-1 col-12\">\n\t\t\t\t\t\t\t<div class=\"filter d-flex justify-content-between\">\n\t\t\t\t\t\t\t\t<select id=\"katz_search_typeOffre\" name=\"katz_search[typeOffre]\">\n\t\t\t\t\t\t\t\t\t<option value=\"\">Type de bien<\/option>\n\t\t\t\t\t\t\t\t\t<option value=\"1\">Appartement<\/option>\n\t\t\t\t\t\t\t\t\t<option value=\"2\">Maison<\/option>\n\t\t\t\t\t\t\t\t\t<option value=\"5\">Local<\/option>\n\t\t\t\t\t\t\t\t\t<option value=\"7\">Parking<\/option>\n\t\t\t\t\t\t\t\t\t<option value=\"3\">Terrain<\/option>\n\t\t\t\t\t\t\t\t\t<option value=\"4\">Immeuble<\/option>\n\t\t\t\t\t\t\t\t<\/select>\n\t\t\t\t\t\t\t\t<select id=\"katz_search_nbPieces\" name=\"katz_search[nbPieces]\">\n\t\t\t\t\t\t\t\t\t<option value=\"\">Pi\u00e8ces<\/option>\n\t\t\t\t\t\t\t\t\t<option value=\"1\">1<\/option>\n\t\t\t\t\t\t\t\t\t<option value=\"2\">2<\/option>\n\t\t\t\t\t\t\t\t\t<option value=\"3\">3<\/option>\n\t\t\t\t\t\t\t\t\t<option value=\"4\">4<\/option>\n\t\t\t\t\t\t\t\t\t<option value=\"5\">5 et +<\/option>\n\t\t\t\t\t\t\t\t<\/select>\n\t\t\t\t\t\t\t\t<div class=\"filter-item\">\n\t\t\t\t\t\t\t\t\t<span>Surface:<\/span>\n\t\t\t\t\t\t\t\t\t<input type=\"number\" id=\"katz_search_surfHabMin\" name=\"katz_search[surfHabMin]\" placeholder=\"min\" min=\"0\" value=\"\" \/>\n\t\t\t\t\t\t\t\t\t<input type=\"number\" id=\"katz_search_surfHabMax\" name=\"katz_search[surfHabMax]\" placeholder=\"max\" min=\"0\" value=\"\" \/>\n\t\t\t\t\t\t\t\t<\/div>\n\t\t\t\t\t\t\t\t<div class=\"filter-item\">\n\t\t\t\t\t\t\t\t\t<span>Prix:<\/span>\n\t\t\t\t\t\t\t\t\t<input type=\"number\" id=\"katz_search_prixMin\" name=\"katz_search[prixMin]\" placeholder=\"min\" min=\"0\" value=\"\" \/>\n\t\t\t\t\t\t\t\t\t<input type=\"number\" id=\"katz_search_prixMax\" name=\"katz_search[prixMax]\" placeholder=\"max\" min=\"0\" value=\"\" \/>\n\t\t\t\t\t\t\t\t<\/div>\n\t\t\t\t\t\t\t<\/div>\n\t\t\t\t\t\t<\/div>\n\t\t\t\t\t<\/div>\n\t\t\t\t<\/div>\n\t\t\t\t<div class=\"container\">\n\t\t\t\t\t<div class=\"row\">\n\t\t\t\t\t\t<div class=\"col-lg-10 offset-lg-1 text-right\">\n\t\t\t\t\t\t\t<div class=\"link-elmt submit mt-sm\" id=\"submit-button-search-form\">Rechercher<\/div>\n\t\t\t\t\t\t<\/div>\n\t\t\t\t\t<\/div>\n\t\t\t\t<\/div>\n\t\t\t<\/form>\n\t\t<\/section>\n\t<\/div>\n<\/div>\n<div class=\"container\">\n\n<div class=\"block-katz paragraph\">\n<p>S\u2019il s\u2019agit en revanche d\u2019une <strong>maison \u00e0 vendre Boulogne-Billancourt<\/strong>, nous prenons soin de r\u00e9aliser les actions n\u00e9cessaires pour diffuser l\u2019information et lors des visites guid\u00e9es, de mettre en valeur votre bien, autrement dit la maison Boulogne.<\/p>\n<\/div>\n\n<div class=\"block-katz paragraph\">\n<p>Nous tenons \u00e0 ce que vous sachiez que notre efficacit\u00e9 r\u00e9sulte de nos nombreuses ann\u00e9es d\u2019exp\u00e9riences dans le domaine, de la connaissance aiguis\u00e9e du terrain et de notre sens du relationnel. N\u2019h\u00e9sitez pas \u00e0 nous choisir et \u00e0 venir dans nos bureaux pour obtenir des informations plus d\u00e9taill\u00e9es.<\/p>\n<\/div>","protected":false},"excerpt":{"rendered":"<p>Vous songez depuis des ann\u00e9es \u00e0 louer ou acheter une maison boulognaise comme la belle maison de Cyril Hanouna \u00e0 Boulogne Billancourt ? Faites confiance au savoir-faire de Katz Immobilier dans le secteur. De m\u00eame, laissez-vous accompagner par une \u00e9quipe experte dans le cadre d\u2019une maison \u00e0 vendre Boulogne Billancourt. Pourquoi investir dans une maison [&hellip;]<\/p>\n","protected":false},"author":2,"featured_media":0,"parent":29424,"menu_order":0,"comment_status":"closed","ping_status":"closed","template":"","meta":[],"acf":[],"_links":{"self":[{"href":"https:\/\/www.agencekatz.com\/agence-immobiliere\/wp-json\/wp\/v2\/pages\/29437"}],"collection":[{"href":"https:\/\/www.agencekatz.com\/agence-immobiliere\/wp-json\/wp\/v2\/pages"}],"about":[{"href":"https:\/\/www.agencekatz.com\/agence-immobiliere\/wp-json\/wp\/v2\/types\/page"}],"author":[{"embeddable":true,"href":"https:\/\/www.agencekatz.com\/agence-immobiliere\/wp-json\/wp\/v2\/users\/2"}],"replies":[{"embeddable":true,"href":"https:\/\/www.agencekatz.com\/agence-immobiliere\/wp-json\/wp\/v2\/comments?post=29437"}],"version-history":[{"count":6,"href":"https:\/\/www.agencekatz.com\/agence-immobiliere\/wp-json\/wp\/v2\/pages\/29437\/revisions"}],"predecessor-version":[{"id":29558,"href":"https:\/\/www.agencekatz.com\/agence-immobiliere\/wp-json\/wp\/v2\/pages\/29437\/revisions\/29558"}],"up":[{"embeddable":true,"href":"https:\/\/www.agencekatz.com\/agence-immobiliere\/wp-json\/wp\/v2\/pages\/29424"}],"wp:attachment":[{"href":"https:\/\/www.agencekatz.com\/agence-immobiliere\/wp-json\/wp\/v2\/media?parent=29437"}],"curies":[{"name":"wp","href":"https:\/\/api.w.org\/{rel}","templated":true}]}}