{"id":29408,"date":"2021-04-28T13:40:01","date_gmt":"2021-04-28T11:40:01","guid":{"rendered":"https:\/\/www.agencekatz.com\/agence-immobiliere\/?page_id=29408"},"modified":"2021-04-29T10:12:15","modified_gmt":"2021-04-29T08:12:15","slug":"immobilier-marnes-la-coquette","status":"publish","type":"page","link":"https:\/\/www.agencekatz.com\/agence-immobiliere\/marnes-la-coquette-92430\/immobilier-marnes-la-coquette\/","title":{"rendered":"Immobilier Marnes-la-Coquette"},"content":{"rendered":"<div class=\"block-katz paragraph\">\n<p>Aux portes de Paris, mais isol\u00e9e de l\u2019effervescence et de la vie \u00e0 cent \u00e0 l\u2019heure de la capitale, Marnes-la-Coquette est une petite commune tranquille o\u00f9 il fait bon vivre. Par ailleurs, c\u2019est un des quartiers r\u00e9sidentiels du d\u00e9partement des Hauts-de-Seine. Avec le cadre de vie qu\u2019elle offre, il n\u2019est pas rare que des familles ais\u00e9es s&rsquo;int\u00e9ressent \u00e0 l&rsquo;<strong>immobilier de Marnes-la-Coquette<\/strong>. Si vous \u00eates \u00e0 la recherche d\u2019une maison \u00e0 vendre \u00e0 Marnes-la-Coquette 92430&#8230; D&rsquo;un appartement pour y vivre ou investir, faites-vous accompagner par Katz Immobilier afin de trouver plus facilement votre futur bien.<\/p>\n<\/div>\n\n<\/div>\n<div class=\"block-katz titre3photos\">\n\t<div class=\"container\">\n\t\t<div class=\"row\">\n\t\t\t\t\t\t\t<div class=\"col-12 text-center\">\n\t\t\t\t\t<h2>Un projet immobilier \u00e0 Marnes la Coquette (92430) ?<\/h2>\n\t\t\t\t<\/div>\n\t\t\t\t\t\t\t\t<div class=\"col-md-4 col-12\">\n\t\t\t\t\t<img src=\"https:\/\/www.agencekatz.com\/agence-immobiliere\/wp-content\/uploads\/2021\/02\/appartement-neuf-400x400.png\" alt=\"Appartement neuf\" \/>\n\t\t\t\t<\/div>\n\t\t\t\t\t\t\t\t<div class=\"col-md-4 col-12\">\n\t\t\t\t\t<img src=\"https:\/\/www.agencekatz.com\/agence-immobiliere\/wp-content\/uploads\/2021\/02\/defautkatz-400x400.png\" alt=\"Katz Immobilier\" \/>\n\t\t\t\t<\/div>\n\t\t\t\t\t\t\t\t<div class=\"col-md-4 col-12\">\n\t\t\t\t\t<img src=\"https:\/\/www.agencekatz.com\/agence-immobiliere\/wp-content\/uploads\/2021\/02\/programme-neuf-400x400.jpg\" alt=\"Programme immobilier neuf\" \/>\n\t\t\t\t<\/div>\n\t\t\t\t\t\t\t\t<div class=\"col-12 text-center\">\n\t\t\t\t\t<a href=\"https:\/\/www.agencekatz.com\/contact\" class=\"link link-gold\" title=\"Contactez-nous\" target=\"_self\">Contactez-nous<\/a>\n\t\t\t\t<\/div>\n\t\t\t\t\t\t<\/div>\n\t<\/div>\n<\/div>\n<div class=\"container\">\n\n<div class=\"block-katz heading\">\n<h2>Marnes-la-Coquette : la ville de l\u2019immobilier de prestige<\/h2>\n<\/div>\n\n<div class=\"block-katz paragraph\">\n<p>Malgr\u00e9 son allure de petit hameau, <strong>Marnes-la-Coquette compte un belle offre en immobilier neuf<\/strong>. En tout, sachez que la commune rassemble \u00e0 peu pr\u00e8s 700 logements, dont la majorit\u00e9 est compos\u00e9e de <strong>belles maisons individuelles<\/strong>.<\/p>\n<\/div>\n\n<div class=\"block-katz paragraph\">\n<p>Des grands immeubles de standing avec des <strong>appartements 3 pi\u00e8ces<\/strong> aux villas cossues avec piscine et jardin vert, il s\u2019en va de dire que <strong>Marnes-la-Coquette<\/strong> est un \u00e9picentre du logement de luxe. Un tel paysage immobilier attire notamment les jeunes cadres et les familles.<\/p>\n<\/div>\n\n<div class=\"block-katz heading\">\n<h3>Projet immobilier \u00e0 Marnes-la-Coquette : les int\u00e9r\u00eats de passer par Katz Immobilier<\/h3>\n<\/div>\n\n<div class=\"block-katz paragraph\">\n<p>Qu\u2019il s\u2019agisse d\u2019une vente de maison \u00e0 Marnes-la-Coquette ou au contraire de l\u2019achat d\u2019un appartement, la conclusion d\u2019une <strong>transaction immobili\u00e8re<\/strong> est une vraie course contre la montre \u00e0 Marnes-la-Coquette, car c\u2019est une tr\u00e8s petite ville. Afin de mettre toutes les chances de votre c\u00f4t\u00e9 face au rush des demandes, la solution par excellence est de passer par une agence immobili\u00e8re chevronn\u00e9e \u00e0 l\u2019instar de <strong>Katz Immobilier<\/strong>.<\/p>\n<\/div>\n\n<\/div>\n<div class=\"block-katz moteurrecherche\">\n\t<div id=\"buy-location\">\n\t\t<section class=\"filter-search mt-md\">\n\t\t\t<form name=\"katz_search\" method=\"get\" id=\"search-form\" action=\"https:\/\/www.agencekatz.com\/acheter-appartement-maison#search-form\">\n\t\t\t\t<div class=\"container\">\n\t\t\t\t\t<p class=\"font-lato-bold font-size-26 color-blue text-uppercase text-center letter-spacing-400\">\n\t\t\t\t\t\tVous cherchez un bien immobilier \u00e0 Marnes-la-Coquette ? \t\t\t\t\t<\/p>\n\t\t\t\t\t<div class=\"row\">\n\t\t\t\t\t\t<div class=\"col-lg-10 offset-lg-1\">\n\t\t\t\t\t\t\t<div class=\"container-fluid selector-container mt-md mb-sm\">\n\t\t\t\t\t\t\t\t<div class=\"row no-gutters\">\n\t\t\t\t\t\t\t\t\t<div class=\"col-lg-6\">\n\t\t\t\t\t\t\t\t\t\t<div class=\"switch d-flex \">\n\t\t\t\t\t\t\t\t\t\t\t<a href=\"https:\/\/www.agencekatz.com\/acheter-appartement-maison\" class=\"link-elmt active\" target=\"_self\">\n\t\t\t\t\t\t\t\t\t\t\t\tAchat\n\t\t\t\t\t\t\t\t\t\t\t<\/a>\n\t\t\t\t\t\t\t\t\t\t\t<a href=\"https:\/\/www.agencekatz.com\/location-appartement-maison\" class=\"link-elmt \" target=\"_self\">\n\t\t\t\t\t\t\t\t\t\t\t\tLouer\n\t\t\t\t\t\t\t\t\t\t\t<\/a>\n\t\t\t\t\t\t\t\t\t\t<\/div>\n\t\t\t\t\t\t\t\t\t<\/div>\n\t\t\t\t\t\t\t\t\t<div class=\"col-lg-6 input-search\">\n\t\t\t\t\t\t\t\t\t\t<select id=\"katz_search_place\" name=\"katz_search[place]\" class=\"select-two\" placeholder=\"Ville, Code postal...\">\n\t\t\t\t\t\t\t\t\t\t\t<option value=\"\"><\/option>\n\t\t\t\t\t\t\t\t\t\t\t<option value=\"Beynes\" selected=\"selected\">Beynes &#8211; 78650<\/option>\n\t\t\t\t\t\t\t\t\t\t\t<option value=\"Bougival\">Bougival &#8211; 78380<\/option>\n\t\t\t\t\t\t\t\t\t\t\t<option value=\"Garches\">Garches &#8211; 92380<\/option>\n\t\t\t\t\t\t\t\t\t\t\t<option value=\"Goupilli\u00e8res\">Goupilli\u00e8res &#8211; 78770<\/option>\n\t\t\t\t\t\t\t\t\t\t\t<option value=\"Issy-les-Moulineaux\">Issy-les-Moulineaux &#8211; 92130<\/option>\n\t\t\t\t\t\t\t\t\t\t\t<option value=\"La Celle-Saint-Cloud\">La Celle-Saint-Cloud &#8211; 78170<\/option>\n\t\t\t\t\t\t\t\t\t\t\t<option value=\"Marnes-la-Coquette\">Marnes-la-Coquette &#8211; 92430<\/option>\n\t\t\t\t\t\t\t\t\t\t\t<option value=\"Montrouge\">Montrouge &#8211; 92120<\/option>\n\t\t\t\t\t\t\t\t\t\t\t<option value=\"Paris\">Paris &#8211; 75018<\/option>\n\t\t\t\t\t\t\t\t\t\t\t<option value=\"Paris 18\">Paris 18 &#8211; 75018<\/option>\n\t\t\t\t\t\t\t\t\t\t\t<option value=\"Vaucresson\">Vaucresson &#8211; 92420<\/option>\n\t\t\t\t\t\t\t\t\t\t\t<option value=\"Ville-d&#039;Avray\">Ville-d&#039;Avray &#8211; 92410<\/option>\n\t\t\t\t\t\t\t\t\t\t<\/select>\n\t\t\t\t\t\t\t\t\t<\/div>\n\t\t\t\t\t\t\t\t<\/div>\n\t\t\t\t\t\t\t<\/div>\n\t\t\t\t\t\t<\/div>\n\t\t\t\t\t<\/div>\n\t\t\t\t<\/div>\n\t\t\t\t<div class=\"container-fluid py-sm bg-blue color-white text-center\">\n\t\t\t\t\t<div class=\"container\">\n\t\t\t\t\t\t<div class=\"col-md-10 offset-md-1 col-12\">\n\t\t\t\t\t\t\t<div class=\"filter d-flex justify-content-between\">\n\t\t\t\t\t\t\t\t<select id=\"katz_search_typeOffre\" name=\"katz_search[typeOffre]\">\n\t\t\t\t\t\t\t\t\t<option value=\"\">Type de bien<\/option>\n\t\t\t\t\t\t\t\t\t<option value=\"1\">Appartement<\/option>\n\t\t\t\t\t\t\t\t\t<option value=\"2\">Maison<\/option>\n\t\t\t\t\t\t\t\t\t<option value=\"5\">Local<\/option>\n\t\t\t\t\t\t\t\t\t<option value=\"7\">Parking<\/option>\n\t\t\t\t\t\t\t\t\t<option value=\"3\">Terrain<\/option>\n\t\t\t\t\t\t\t\t\t<option value=\"4\">Immeuble<\/option>\n\t\t\t\t\t\t\t\t<\/select>\n\t\t\t\t\t\t\t\t<select id=\"katz_search_nbPieces\" name=\"katz_search[nbPieces]\">\n\t\t\t\t\t\t\t\t\t<option value=\"\">Pi\u00e8ces<\/option>\n\t\t\t\t\t\t\t\t\t<option value=\"1\">1<\/option>\n\t\t\t\t\t\t\t\t\t<option value=\"2\">2<\/option>\n\t\t\t\t\t\t\t\t\t<option value=\"3\">3<\/option>\n\t\t\t\t\t\t\t\t\t<option value=\"4\">4<\/option>\n\t\t\t\t\t\t\t\t\t<option value=\"5\">5 et +<\/option>\n\t\t\t\t\t\t\t\t<\/select>\n\t\t\t\t\t\t\t\t<div class=\"filter-item\">\n\t\t\t\t\t\t\t\t\t<span>Surface:<\/span>\n\t\t\t\t\t\t\t\t\t<input type=\"number\" id=\"katz_search_surfHabMin\" name=\"katz_search[surfHabMin]\" placeholder=\"min\" min=\"0\" value=\"\" \/>\n\t\t\t\t\t\t\t\t\t<input type=\"number\" id=\"katz_search_surfHabMax\" name=\"katz_search[surfHabMax]\" placeholder=\"max\" min=\"0\" value=\"\" \/>\n\t\t\t\t\t\t\t\t<\/div>\n\t\t\t\t\t\t\t\t<div class=\"filter-item\">\n\t\t\t\t\t\t\t\t\t<span>Prix:<\/span>\n\t\t\t\t\t\t\t\t\t<input type=\"number\" id=\"katz_search_prixMin\" name=\"katz_search[prixMin]\" placeholder=\"min\" min=\"0\" value=\"\" \/>\n\t\t\t\t\t\t\t\t\t<input type=\"number\" id=\"katz_search_prixMax\" name=\"katz_search[prixMax]\" placeholder=\"max\" min=\"0\" value=\"\" \/>\n\t\t\t\t\t\t\t\t<\/div>\n\t\t\t\t\t\t\t<\/div>\n\t\t\t\t\t\t<\/div>\n\t\t\t\t\t<\/div>\n\t\t\t\t<\/div>\n\t\t\t\t<div class=\"container\">\n\t\t\t\t\t<div class=\"row\">\n\t\t\t\t\t\t<div class=\"col-lg-10 offset-lg-1 text-right\">\n\t\t\t\t\t\t\t<div class=\"link-elmt submit mt-sm\" id=\"submit-button-search-form\">Rechercher<\/div>\n\t\t\t\t\t\t<\/div>\n\t\t\t\t\t<\/div>\n\t\t\t\t<\/div>\n\t\t\t<\/form>\n\t\t<\/section>\n\t<\/div>\n<\/div>\n<div class=\"container\">\n\n<div class=\"block-katz paragraph\">\n<p>Avec notre implantation \u00e0 Garches, nous sommes LA r\u00e9f\u00e9rence dans l\u2019immobilier de l\u2019ouest de Paris. Nous avons ainsi tout ce qu\u2019il faut pour d\u00e9nicher rapidement le bien de vos r\u00eaves avant les autres.<\/p>\n<\/div>\n\n<div class=\"block-katz paragraph\">\n<p>Ainsi, si vous avez une maison en vente ou \u00e0 louer , ou si vous \u00eates \u00e0 la recherche d\u2019un <strong>bien immobilier \u00e0 Marnes-la-Coquette<\/strong>, vous savez d\u00e9sormais \u00e0 qui vous adresser !<\/p>\n<\/div>\n\n<div class=\"block-katz liens\">\n\t<div class=\"row\">\n\t\t<div class=\"col-12\">\n\t\t\t\t\t\t\t<p class=\"titre\">Nos solutions immobili\u00e8res sur Marnes-la-Coquette (92430)<\/p>\n\t\t\t\t\t\t\t\t<div class=\"bloc-liens\">\n\t\t\t\t\t\t\t\t\t\t\t<div class=\"lien\">\n\t\t\t\t\t\t\t<a href=\"https:\/\/www.agencekatz.com\/agence-immobiliere\/marnes-la-coquette-92430\/\" title=\"Agence immobili\u00e8re Marnes-la-Coquette\" target=\"_self\">\n\t\t\t\t\t\t\t\tAgence immobili\u00e8re Marnes-la-Coquette\t\t\t\t\t\t\t<\/a>\n\t\t\t\t\t\t<\/div>\n\t\t\t\t\t\t\t\t\t\t\t\t<div class=\"lien\">\n\t\t\t\t\t\t\t<a href=\"https:\/\/www.agencekatz.com\/agence-immobiliere\/marnes-la-coquette-92430\/appartement-marnes-la-coquette\/\" title=\"Appartement Marnes-la-Coquette\" target=\"_self\">\n\t\t\t\t\t\t\t\tAppartement Marnes-la-Coquette\t\t\t\t\t\t\t<\/a>\n\t\t\t\t\t\t<\/div>\n\t\t\t\t\t\t\t\t\t\t\t\t<div class=\"lien\">\n\t\t\t\t\t\t\t<a href=\"https:\/\/www.agencekatz.com\/agence-immobiliere\/garches-92380\/appartement-garches\/\" title=\"Maison Marnes-la-Coquette\" target=\"_self\">\n\t\t\t\t\t\t\t\tMaison Marnes-la-Coquette\t\t\t\t\t\t\t<\/a>\n\t\t\t\t\t\t<\/div>\n\t\t\t\t\t\t\t\t\t\t<\/div>\n\t\t\t\t\t\t<\/div>\n\t<\/div>\n<\/div>","protected":false},"excerpt":{"rendered":"<p>Aux portes de Paris, mais isol\u00e9e de l\u2019effervescence et de la vie \u00e0 cent \u00e0 l\u2019heure de la capitale, Marnes-la-Coquette est une petite commune tranquille o\u00f9 il fait bon vivre. Par ailleurs, c\u2019est un des quartiers r\u00e9sidentiels du d\u00e9partement des Hauts-de-Seine. Avec le cadre de vie qu\u2019elle offre, il n\u2019est pas rare que des familles [&hellip;]<\/p>\n","protected":false},"author":2,"featured_media":0,"parent":29399,"menu_order":0,"comment_status":"closed","ping_status":"closed","template":"","meta":[],"acf":[],"_links":{"self":[{"href":"https:\/\/www.agencekatz.com\/agence-immobiliere\/wp-json\/wp\/v2\/pages\/29408"}],"collection":[{"href":"https:\/\/www.agencekatz.com\/agence-immobiliere\/wp-json\/wp\/v2\/pages"}],"about":[{"href":"https:\/\/www.agencekatz.com\/agence-immobiliere\/wp-json\/wp\/v2\/types\/page"}],"author":[{"embeddable":true,"href":"https:\/\/www.agencekatz.com\/agence-immobiliere\/wp-json\/wp\/v2\/users\/2"}],"replies":[{"embeddable":true,"href":"https:\/\/www.agencekatz.com\/agence-immobiliere\/wp-json\/wp\/v2\/comments?post=29408"}],"version-history":[{"count":5,"href":"https:\/\/www.agencekatz.com\/agence-immobiliere\/wp-json\/wp\/v2\/pages\/29408\/revisions"}],"predecessor-version":[{"id":29421,"href":"https:\/\/www.agencekatz.com\/agence-immobiliere\/wp-json\/wp\/v2\/pages\/29408\/revisions\/29421"}],"up":[{"embeddable":true,"href":"https:\/\/www.agencekatz.com\/agence-immobiliere\/wp-json\/wp\/v2\/pages\/29399"}],"wp:attachment":[{"href":"https:\/\/www.agencekatz.com\/agence-immobiliere\/wp-json\/wp\/v2\/media?parent=29408"}],"curies":[{"name":"wp","href":"https:\/\/api.w.org\/{rel}","templated":true}]}}