{"id":29399,"date":"2021-04-26T13:02:54","date_gmt":"2021-04-26T11:02:54","guid":{"rendered":"https:\/\/www.agencekatz.com\/agence-immobiliere\/?page_id=29399"},"modified":"2021-04-29T10:11:49","modified_gmt":"2021-04-29T08:11:49","slug":"marnes-la-coquette-92430","status":"publish","type":"page","link":"https:\/\/www.agencekatz.com\/agence-immobiliere\/marnes-la-coquette-92430\/","title":{"rendered":"Agence immobili\u00e8re Marnes la Coquette"},"content":{"rendered":"<div class=\"block-katz chapo\">\n\t<p class=\"color-blue font-playfair-regular text-uppercase font-size-18 \">\n\t\tSp\u00e9cialiste de l\u2019Ouest parisien, Katz Immobilier se tient \u00e0 votre disposition pour l\u2019accomplissement de votre projet immobilier. Notre agence immobili\u00e8re \u00e0 Marnes-la-Coquette vous fait b\u00e9n\u00e9ficier de son savoir-faire, aussi bien dans l\u2019ancien que dans le neuf.\t<\/p>\n<\/div>\n\n<div class=\"block-katz paragraph\">\n<p>Sa proximit\u00e9 avec Paris et le calme particulier de son cadre de vie font de <strong>Marnes-la-Coquette<\/strong> une ville pl\u00e9biscit\u00e9e par plus d\u2019un. Parmi les plus nombreux demandeurs immobiliers de la ville, il y a les cadres et les familles ais\u00e9es. Si vous avez un projet immobilier \u00e0 Marnes-la-Coquette, il est recommand\u00e9 de travailler avec une <strong>agence immobili\u00e8re<\/strong> pour conclure une offre avec brio. Katz Immobilier figure sur le palmar\u00e8s des agences immobili\u00e8res dans cette r\u00e9gion.<\/p>\n<\/div>\n\n<\/div>\n<div class=\"block-katz moteurrecherche\">\n\t<div id=\"buy-location\">\n\t\t<section class=\"filter-search mt-md\">\n\t\t\t<form name=\"katz_search\" method=\"get\" id=\"search-form\" action=\"https:\/\/www.agencekatz.com\/acheter-appartement-maison#search-form\">\n\t\t\t\t<div class=\"container\">\n\t\t\t\t\t<p class=\"font-lato-bold font-size-26 color-blue text-uppercase text-center letter-spacing-400\">\n\t\t\t\t\t\tVous cherchez un bien sur Marnes la Coquette ? \t\t\t\t\t<\/p>\n\t\t\t\t\t<div class=\"row\">\n\t\t\t\t\t\t<div class=\"col-lg-10 offset-lg-1\">\n\t\t\t\t\t\t\t<div class=\"container-fluid selector-container mt-md mb-sm\">\n\t\t\t\t\t\t\t\t<div class=\"row no-gutters\">\n\t\t\t\t\t\t\t\t\t<div class=\"col-lg-6\">\n\t\t\t\t\t\t\t\t\t\t<div class=\"switch d-flex \">\n\t\t\t\t\t\t\t\t\t\t\t<a href=\"https:\/\/www.agencekatz.com\/acheter-appartement-maison\" class=\"link-elmt active\" target=\"_self\">\n\t\t\t\t\t\t\t\t\t\t\t\tAchat\n\t\t\t\t\t\t\t\t\t\t\t<\/a>\n\t\t\t\t\t\t\t\t\t\t\t<a href=\"https:\/\/www.agencekatz.com\/location-appartement-maison\" class=\"link-elmt \" target=\"_self\">\n\t\t\t\t\t\t\t\t\t\t\t\tLouer\n\t\t\t\t\t\t\t\t\t\t\t<\/a>\n\t\t\t\t\t\t\t\t\t\t<\/div>\n\t\t\t\t\t\t\t\t\t<\/div>\n\t\t\t\t\t\t\t\t\t<div class=\"col-lg-6 input-search\">\n\t\t\t\t\t\t\t\t\t\t<select id=\"katz_search_place\" name=\"katz_search[place]\" class=\"select-two\" placeholder=\"Ville, Code postal...\">\n\t\t\t\t\t\t\t\t\t\t\t<option value=\"\"><\/option>\n\t\t\t\t\t\t\t\t\t\t\t<option value=\"Beynes\" selected=\"selected\">Beynes &#8211; 78650<\/option>\n\t\t\t\t\t\t\t\t\t\t\t<option value=\"Bougival\">Bougival &#8211; 78380<\/option>\n\t\t\t\t\t\t\t\t\t\t\t<option value=\"Garches\">Garches &#8211; 92380<\/option>\n\t\t\t\t\t\t\t\t\t\t\t<option value=\"Goupilli\u00e8res\">Goupilli\u00e8res &#8211; 78770<\/option>\n\t\t\t\t\t\t\t\t\t\t\t<option value=\"Issy-les-Moulineaux\">Issy-les-Moulineaux &#8211; 92130<\/option>\n\t\t\t\t\t\t\t\t\t\t\t<option value=\"La Celle-Saint-Cloud\">La Celle-Saint-Cloud &#8211; 78170<\/option>\n\t\t\t\t\t\t\t\t\t\t\t<option value=\"Marnes-la-Coquette\">Marnes-la-Coquette &#8211; 92430<\/option>\n\t\t\t\t\t\t\t\t\t\t\t<option value=\"Montrouge\">Montrouge &#8211; 92120<\/option>\n\t\t\t\t\t\t\t\t\t\t\t<option value=\"Paris\">Paris &#8211; 75018<\/option>\n\t\t\t\t\t\t\t\t\t\t\t<option value=\"Paris 18\">Paris 18 &#8211; 75018<\/option>\n\t\t\t\t\t\t\t\t\t\t\t<option value=\"Vaucresson\">Vaucresson &#8211; 92420<\/option>\n\t\t\t\t\t\t\t\t\t\t\t<option value=\"Ville-d&#039;Avray\">Ville-d&#039;Avray &#8211; 92410<\/option>\n\t\t\t\t\t\t\t\t\t\t<\/select>\n\t\t\t\t\t\t\t\t\t<\/div>\n\t\t\t\t\t\t\t\t<\/div>\n\t\t\t\t\t\t\t<\/div>\n\t\t\t\t\t\t<\/div>\n\t\t\t\t\t<\/div>\n\t\t\t\t<\/div>\n\t\t\t\t<div class=\"container-fluid py-sm bg-blue color-white text-center\">\n\t\t\t\t\t<div class=\"container\">\n\t\t\t\t\t\t<div class=\"col-md-10 offset-md-1 col-12\">\n\t\t\t\t\t\t\t<div class=\"filter d-flex justify-content-between\">\n\t\t\t\t\t\t\t\t<select id=\"katz_search_typeOffre\" name=\"katz_search[typeOffre]\">\n\t\t\t\t\t\t\t\t\t<option value=\"\">Type de bien<\/option>\n\t\t\t\t\t\t\t\t\t<option value=\"1\">Appartement<\/option>\n\t\t\t\t\t\t\t\t\t<option value=\"2\">Maison<\/option>\n\t\t\t\t\t\t\t\t\t<option value=\"5\">Local<\/option>\n\t\t\t\t\t\t\t\t\t<option value=\"7\">Parking<\/option>\n\t\t\t\t\t\t\t\t\t<option value=\"3\">Terrain<\/option>\n\t\t\t\t\t\t\t\t\t<option value=\"4\">Immeuble<\/option>\n\t\t\t\t\t\t\t\t<\/select>\n\t\t\t\t\t\t\t\t<select id=\"katz_search_nbPieces\" name=\"katz_search[nbPieces]\">\n\t\t\t\t\t\t\t\t\t<option value=\"\">Pi\u00e8ces<\/option>\n\t\t\t\t\t\t\t\t\t<option value=\"1\">1<\/option>\n\t\t\t\t\t\t\t\t\t<option value=\"2\">2<\/option>\n\t\t\t\t\t\t\t\t\t<option value=\"3\">3<\/option>\n\t\t\t\t\t\t\t\t\t<option value=\"4\">4<\/option>\n\t\t\t\t\t\t\t\t\t<option value=\"5\">5 et +<\/option>\n\t\t\t\t\t\t\t\t<\/select>\n\t\t\t\t\t\t\t\t<div class=\"filter-item\">\n\t\t\t\t\t\t\t\t\t<span>Surface:<\/span>\n\t\t\t\t\t\t\t\t\t<input type=\"number\" id=\"katz_search_surfHabMin\" name=\"katz_search[surfHabMin]\" placeholder=\"min\" min=\"0\" value=\"\" \/>\n\t\t\t\t\t\t\t\t\t<input type=\"number\" id=\"katz_search_surfHabMax\" name=\"katz_search[surfHabMax]\" placeholder=\"max\" min=\"0\" value=\"\" \/>\n\t\t\t\t\t\t\t\t<\/div>\n\t\t\t\t\t\t\t\t<div class=\"filter-item\">\n\t\t\t\t\t\t\t\t\t<span>Prix:<\/span>\n\t\t\t\t\t\t\t\t\t<input type=\"number\" id=\"katz_search_prixMin\" name=\"katz_search[prixMin]\" placeholder=\"min\" min=\"0\" value=\"\" \/>\n\t\t\t\t\t\t\t\t\t<input type=\"number\" id=\"katz_search_prixMax\" name=\"katz_search[prixMax]\" placeholder=\"max\" min=\"0\" value=\"\" \/>\n\t\t\t\t\t\t\t\t<\/div>\n\t\t\t\t\t\t\t<\/div>\n\t\t\t\t\t\t<\/div>\n\t\t\t\t\t<\/div>\n\t\t\t\t<\/div>\n\t\t\t\t<div class=\"container\">\n\t\t\t\t\t<div class=\"row\">\n\t\t\t\t\t\t<div class=\"col-lg-10 offset-lg-1 text-right\">\n\t\t\t\t\t\t\t<div class=\"link-elmt submit mt-sm\" id=\"submit-button-search-form\">Rechercher<\/div>\n\t\t\t\t\t\t<\/div>\n\t\t\t\t\t<\/div>\n\t\t\t\t<\/div>\n\t\t\t<\/form>\n\t\t<\/section>\n\t<\/div>\n<\/div>\n<div class=\"container\">\n\n<div class=\"block-katz heading\">\n<h2>Tour d\u2019horizon sur l\u2019immobilier marnois<\/h2>\n<\/div>\n\n<div class=\"block-katz paragraph\">\n<p>Marnes-la-Coquette, c\u2019est le synonyme de <strong>grandes villas<\/strong> hupp\u00e9es et de maisons luxueuses. Eh oui, cette petite commune est la ville de l\u2019<strong>immobilier de prestige<\/strong> du d\u00e9partement des Hauts-de-Seine.<\/p>\n<\/div>\n\n<div class=\"block-katz paragraph\">\n<p>Avec quelques milliers d\u2019habitants, ce sont pr\u00e8s de 700 logements qui recouvrent le territoire marnois. Parmi ces chiffres, comptez \u00e0 peu pr\u00e8s <strong>70 % de maisons individuelles et 30 % d\u2019appartements \u00e0 Marnes la Coquette 92430<\/strong>.<\/p>\n<\/div>\n\n<div class=\"block-katz heading\">\n<h2>Se faire accompagner par une agence immobili\u00e8re de prestige de Marnes-la-Coquette : pourquoi ?<\/h2>\n<\/div>\n\n<div class=\"block-katz paragraph\">\n<p>Marnes-la-Coquette figure parmi les villes o\u00f9 les demandes immobili\u00e8res de prestige sont particuli\u00e8rement hautes. Cela s\u2019explique effectivement par le cadre de vie optimum qu\u2019elle offre. <strong>Louer une maison <\/strong>ou devenir propri\u00e9taire \u00e0 Marnes-la-Coquette, c\u2019est profiter d\u2019un lieu de vie calme et \u00e0 proximit\u00e9 de la nature.<\/p>\n<\/div>\n\n<\/div>\n<div class=\"block-katz titre3photos\">\n\t<div class=\"container\">\n\t\t<div class=\"row\">\n\t\t\t\t\t\t\t<div class=\"col-12 text-center\">\n\t\t\t\t\t<h2>Un projet sur Marnes la Coquette 92430 ?<\/h2>\n\t\t\t\t<\/div>\n\t\t\t\t\t\t\t\t<div class=\"col-md-4 col-12\">\n\t\t\t\t\t<img src=\"https:\/\/www.agencekatz.com\/agence-immobiliere\/wp-content\/uploads\/2021\/02\/appartement-neuf-400x400.png\" alt=\"Appartement neuf\" \/>\n\t\t\t\t<\/div>\n\t\t\t\t\t\t\t\t<div class=\"col-md-4 col-12\">\n\t\t\t\t\t<img src=\"https:\/\/www.agencekatz.com\/agence-immobiliere\/wp-content\/uploads\/2021\/02\/defautkatz-400x400.png\" alt=\"Katz Immobilier\" \/>\n\t\t\t\t<\/div>\n\t\t\t\t\t\t\t\t<div class=\"col-md-4 col-12\">\n\t\t\t\t\t<img src=\"https:\/\/www.agencekatz.com\/agence-immobiliere\/wp-content\/uploads\/2021\/02\/programme-neuf-400x400.jpg\" alt=\"Programme immobilier neuf\" \/>\n\t\t\t\t<\/div>\n\t\t\t\t\t\t\t\t<div class=\"col-12 text-center\">\n\t\t\t\t\t<a href=\"https:\/\/www.agencekatz.com\/contact\" class=\"link link-gold\" title=\"Contactez-nous\" target=\"_self\">Contactez-nous<\/a>\n\t\t\t\t<\/div>\n\t\t\t\t\t\t<\/div>\n\t<\/div>\n<\/div>\n<div class=\"container\">\n\n<div class=\"block-katz paragraph\">\n<p>Si vous envisagez d\u2019acheter ou de louer un bien immobilier dans la ville, pensez \u00e0 faire appel \u00e0 une <strong>agence immobili\u00e8re de Marnes-la-Coquette 92430<\/strong>. En travaillant avec un professionnel dans le secteur, vous serez s\u00fbr de trouver le bien de vos r\u00eaves avant les autres demandeurs.<\/p>\n<\/div>\n\n<div class=\"block-katz paragraph\">\n<p>Mais encore, l\u2019agence immobili\u00e8re garantit un accompagnement de A \u00e0 Z. De fait, en plus de chercher le bien r\u00e9pondant \u00e0 vos exigences, l\u2019agent pour n\u00e9gocie les prix et proc\u00e8de aux d\u00e9marches administratives.<\/p>\n<\/div>\n\n<div class=\"block-katz heading\">\n<h3>Katz Immobilier : votre agence immobili\u00e8re \u00e0 Marnes-la-Coquette<\/h3>\n<\/div>\n\n<div class=\"block-katz paragraph\">\n<p>Depuis plus de 50 ans, <strong>Katz Immobilier<\/strong> propose ses services dans la location, la vente, la recherche et l\u2019estimation immobili\u00e8re dans l\u2019Ouest parisien (maisons, appartements, garages, etc.). Cela fait de nous la r\u00e9f\u00e9rence immobili\u00e8re dans ce secteur.<\/p>\n<\/div>\n\n<div class=\"block-katz liens\">\n\t<div class=\"row\">\n\t\t<div class=\"col-12\">\n\t\t\t\t\t\t\t<p class=\"titre\">Nos solutions immobili\u00e8res sur Marnes-la-Coquette (92430)<\/p>\n\t\t\t\t\t\t\t\t<div class=\"bloc-liens\">\n\t\t\t\t\t\t\t\t\t\t\t<div class=\"lien\">\n\t\t\t\t\t\t\t<a href=\"https:\/\/www.agencekatz.com\/agence-immobiliere\/marnes-la-coquette-92430\/appartement-marnes-la-coquette\/\" title=\"Appartement Marnes-la-Coquette\" target=\"_self\">\n\t\t\t\t\t\t\t\tAppartement Marnes-la-Coquette\t\t\t\t\t\t\t<\/a>\n\t\t\t\t\t\t<\/div>\n\t\t\t\t\t\t\t\t\t\t\t\t<div class=\"lien\">\n\t\t\t\t\t\t\t<a href=\"https:\/\/www.agencekatz.com\/agence-immobiliere\/garches-92380\/appartement-garches\/\" title=\"Maison Marnes-la-Coquette\" target=\"_self\">\n\t\t\t\t\t\t\t\tMaison Marnes-la-Coquette\t\t\t\t\t\t\t<\/a>\n\t\t\t\t\t\t<\/div>\n\t\t\t\t\t\t\t\t\t\t\t\t<div class=\"lien\">\n\t\t\t\t\t\t\t<a href=\"https:\/\/www.agencekatz.com\/agence-immobiliere\/garches-92380\/location-appartement-garches\/\" title=\"Immobilier Marnes-la-Coquette\" target=\"_self\">\n\t\t\t\t\t\t\t\tImmobilier Marnes-la-Coquette\t\t\t\t\t\t\t<\/a>\n\t\t\t\t\t\t<\/div>\n\t\t\t\t\t\t\t\t\t\t<\/div>\n\t\t\t\t\t\t<\/div>\n\t<\/div>\n<\/div>\n\n<div class=\"block-katz paragraph\">\n<p>Avec une agence situ\u00e9e juste en face de la gare Garches \u2014 Marnes-la-Coquette, nous sommes au courant de toutes les actualit\u00e9s immobili\u00e8res dans la ville. Voil\u00e0 pourquoi vous pouvez pleinement nous faire confiance pour votre <strong>projet immobilier \u00e0 Marnes-la-Coquette<\/strong>.<\/p>\n<\/div>","protected":false},"excerpt":{"rendered":"<p>Sa proximit\u00e9 avec Paris et le calme particulier de son cadre de vie font de Marnes-la-Coquette une ville pl\u00e9biscit\u00e9e par plus d\u2019un. Parmi les plus nombreux demandeurs immobiliers de la ville, il y a les cadres et les familles ais\u00e9es. Si vous avez un projet immobilier \u00e0 Marnes-la-Coquette, il est recommand\u00e9 de travailler avec une [&hellip;]<\/p>\n","protected":false},"author":2,"featured_media":0,"parent":0,"menu_order":0,"comment_status":"closed","ping_status":"closed","template":"","meta":[],"acf":[],"_links":{"self":[{"href":"https:\/\/www.agencekatz.com\/agence-immobiliere\/wp-json\/wp\/v2\/pages\/29399"}],"collection":[{"href":"https:\/\/www.agencekatz.com\/agence-immobiliere\/wp-json\/wp\/v2\/pages"}],"about":[{"href":"https:\/\/www.agencekatz.com\/agence-immobiliere\/wp-json\/wp\/v2\/types\/page"}],"author":[{"embeddable":true,"href":"https:\/\/www.agencekatz.com\/agence-immobiliere\/wp-json\/wp\/v2\/users\/2"}],"replies":[{"embeddable":true,"href":"https:\/\/www.agencekatz.com\/agence-immobiliere\/wp-json\/wp\/v2\/comments?post=29399"}],"version-history":[{"count":4,"href":"https:\/\/www.agencekatz.com\/agence-immobiliere\/wp-json\/wp\/v2\/pages\/29399\/revisions"}],"predecessor-version":[{"id":29414,"href":"https:\/\/www.agencekatz.com\/agence-immobiliere\/wp-json\/wp\/v2\/pages\/29399\/revisions\/29414"}],"wp:attachment":[{"href":"https:\/\/www.agencekatz.com\/agence-immobiliere\/wp-json\/wp\/v2\/media?parent=29399"}],"curies":[{"name":"wp","href":"https:\/\/api.w.org\/{rel}","templated":true}]}}