{"id":29380,"date":"2021-04-22T13:07:56","date_gmt":"2021-04-22T11:07:56","guid":{"rendered":"https:\/\/www.agencekatz.com\/agence-immobiliere\/?page_id=29380"},"modified":"2021-04-22T13:14:54","modified_gmt":"2021-04-22T11:14:54","slug":"parking-vaucresson","status":"publish","type":"page","link":"https:\/\/www.agencekatz.com\/agence-immobiliere\/vaucresson-92420\/parking-vaucresson\/","title":{"rendered":"Parking Vaucresson : location et vente chez KATZ Immo"},"content":{"rendered":"<div class=\"block-katz paragraph\">\n<p>V\u00e9ritable \u00ab Ville verte \u00bb, Vaucresson poss\u00e8de un espace vert de 308 hectares, dont 85 sont class\u00e9s zone de loisirs et 22 hectares en zone naturelle. C\u2019est s\u00fbr, il y fait bon vivre. Mais se stationner peut \u00eatre compliqu\u00e9. Pour une <strong>vente de parking Vaucresson<\/strong> ou une location, vous \u00eates \u00e0 la bonne adresse !<\/p>\n<\/div>\n\n<\/div>\n<div class=\"block-katz moteurrecherche\">\n\t<div id=\"buy-location\">\n\t\t<section class=\"filter-search mt-md\">\n\t\t\t<form name=\"katz_search\" method=\"get\" id=\"search-form\" action=\"https:\/\/www.agencekatz.com\/acheter-appartement-maison#search-form\">\n\t\t\t\t<div class=\"container\">\n\t\t\t\t\t<p class=\"font-lato-bold font-size-26 color-blue text-uppercase text-center letter-spacing-400\">\n\t\t\t\t\t\tCherchez un parking \u00e0 Vaucresson (Achat et Location)\t\t\t\t\t<\/p>\n\t\t\t\t\t<div class=\"row\">\n\t\t\t\t\t\t<div class=\"col-lg-10 offset-lg-1\">\n\t\t\t\t\t\t\t<div class=\"container-fluid selector-container mt-md mb-sm\">\n\t\t\t\t\t\t\t\t<div class=\"row no-gutters\">\n\t\t\t\t\t\t\t\t\t<div class=\"col-lg-6\">\n\t\t\t\t\t\t\t\t\t\t<div class=\"switch d-flex \">\n\t\t\t\t\t\t\t\t\t\t\t<a href=\"https:\/\/www.agencekatz.com\/acheter-appartement-maison\" class=\"link-elmt active\" target=\"_self\">\n\t\t\t\t\t\t\t\t\t\t\t\tAchat\n\t\t\t\t\t\t\t\t\t\t\t<\/a>\n\t\t\t\t\t\t\t\t\t\t\t<a href=\"https:\/\/www.agencekatz.com\/location-appartement-maison\" class=\"link-elmt \" target=\"_self\">\n\t\t\t\t\t\t\t\t\t\t\t\tLouer\n\t\t\t\t\t\t\t\t\t\t\t<\/a>\n\t\t\t\t\t\t\t\t\t\t<\/div>\n\t\t\t\t\t\t\t\t\t<\/div>\n\t\t\t\t\t\t\t\t\t<div class=\"col-lg-6 input-search\">\n\t\t\t\t\t\t\t\t\t\t<select id=\"katz_search_place\" name=\"katz_search[place]\" class=\"select-two\" placeholder=\"Ville, Code postal...\">\n\t\t\t\t\t\t\t\t\t\t\t<option value=\"\"><\/option>\n\t\t\t\t\t\t\t\t\t\t\t<option value=\"Beynes\" selected=\"selected\">Beynes &#8211; 78650<\/option>\n\t\t\t\t\t\t\t\t\t\t\t<option value=\"Bougival\">Bougival &#8211; 78380<\/option>\n\t\t\t\t\t\t\t\t\t\t\t<option value=\"Garches\">Garches &#8211; 92380<\/option>\n\t\t\t\t\t\t\t\t\t\t\t<option value=\"Goupilli\u00e8res\">Goupilli\u00e8res &#8211; 78770<\/option>\n\t\t\t\t\t\t\t\t\t\t\t<option value=\"Issy-les-Moulineaux\">Issy-les-Moulineaux &#8211; 92130<\/option>\n\t\t\t\t\t\t\t\t\t\t\t<option value=\"La Celle-Saint-Cloud\">La Celle-Saint-Cloud &#8211; 78170<\/option>\n\t\t\t\t\t\t\t\t\t\t\t<option value=\"Marnes-la-Coquette\">Marnes-la-Coquette &#8211; 92430<\/option>\n\t\t\t\t\t\t\t\t\t\t\t<option value=\"Montrouge\">Montrouge &#8211; 92120<\/option>\n\t\t\t\t\t\t\t\t\t\t\t<option value=\"Paris\">Paris &#8211; 75018<\/option>\n\t\t\t\t\t\t\t\t\t\t\t<option value=\"Paris 18\">Paris 18 &#8211; 75018<\/option>\n\t\t\t\t\t\t\t\t\t\t\t<option value=\"Vaucresson\">Vaucresson &#8211; 92420<\/option>\n\t\t\t\t\t\t\t\t\t\t\t<option value=\"Ville-d&#039;Avray\">Ville-d&#039;Avray &#8211; 92410<\/option>\n\t\t\t\t\t\t\t\t\t\t<\/select>\n\t\t\t\t\t\t\t\t\t<\/div>\n\t\t\t\t\t\t\t\t<\/div>\n\t\t\t\t\t\t\t<\/div>\n\t\t\t\t\t\t<\/div>\n\t\t\t\t\t<\/div>\n\t\t\t\t<\/div>\n\t\t\t\t<div class=\"container-fluid py-sm bg-blue color-white text-center\">\n\t\t\t\t\t<div class=\"container\">\n\t\t\t\t\t\t<div class=\"col-md-10 offset-md-1 col-12\">\n\t\t\t\t\t\t\t<div class=\"filter d-flex justify-content-between\">\n\t\t\t\t\t\t\t\t<select id=\"katz_search_typeOffre\" name=\"katz_search[typeOffre]\">\n\t\t\t\t\t\t\t\t\t<option value=\"\">Type de bien<\/option>\n\t\t\t\t\t\t\t\t\t<option value=\"1\">Appartement<\/option>\n\t\t\t\t\t\t\t\t\t<option value=\"2\">Maison<\/option>\n\t\t\t\t\t\t\t\t\t<option value=\"5\">Local<\/option>\n\t\t\t\t\t\t\t\t\t<option value=\"7\">Parking<\/option>\n\t\t\t\t\t\t\t\t\t<option value=\"3\">Terrain<\/option>\n\t\t\t\t\t\t\t\t\t<option value=\"4\">Immeuble<\/option>\n\t\t\t\t\t\t\t\t<\/select>\n\t\t\t\t\t\t\t\t<select id=\"katz_search_nbPieces\" name=\"katz_search[nbPieces]\">\n\t\t\t\t\t\t\t\t\t<option value=\"\">Pi\u00e8ces<\/option>\n\t\t\t\t\t\t\t\t\t<option value=\"1\">1<\/option>\n\t\t\t\t\t\t\t\t\t<option value=\"2\">2<\/option>\n\t\t\t\t\t\t\t\t\t<option value=\"3\">3<\/option>\n\t\t\t\t\t\t\t\t\t<option value=\"4\">4<\/option>\n\t\t\t\t\t\t\t\t\t<option value=\"5\">5 et +<\/option>\n\t\t\t\t\t\t\t\t<\/select>\n\t\t\t\t\t\t\t\t<div class=\"filter-item\">\n\t\t\t\t\t\t\t\t\t<span>Surface:<\/span>\n\t\t\t\t\t\t\t\t\t<input type=\"number\" id=\"katz_search_surfHabMin\" name=\"katz_search[surfHabMin]\" placeholder=\"min\" min=\"0\" value=\"\" \/>\n\t\t\t\t\t\t\t\t\t<input type=\"number\" id=\"katz_search_surfHabMax\" name=\"katz_search[surfHabMax]\" placeholder=\"max\" min=\"0\" value=\"\" \/>\n\t\t\t\t\t\t\t\t<\/div>\n\t\t\t\t\t\t\t\t<div class=\"filter-item\">\n\t\t\t\t\t\t\t\t\t<span>Prix:<\/span>\n\t\t\t\t\t\t\t\t\t<input type=\"number\" id=\"katz_search_prixMin\" name=\"katz_search[prixMin]\" placeholder=\"min\" min=\"0\" value=\"\" \/>\n\t\t\t\t\t\t\t\t\t<input type=\"number\" id=\"katz_search_prixMax\" name=\"katz_search[prixMax]\" placeholder=\"max\" min=\"0\" value=\"\" \/>\n\t\t\t\t\t\t\t\t<\/div>\n\t\t\t\t\t\t\t<\/div>\n\t\t\t\t\t\t<\/div>\n\t\t\t\t\t<\/div>\n\t\t\t\t<\/div>\n\t\t\t\t<div class=\"container\">\n\t\t\t\t\t<div class=\"row\">\n\t\t\t\t\t\t<div class=\"col-lg-10 offset-lg-1 text-right\">\n\t\t\t\t\t\t\t<div class=\"link-elmt submit mt-sm\" id=\"submit-button-search-form\">Rechercher<\/div>\n\t\t\t\t\t\t<\/div>\n\t\t\t\t\t<\/div>\n\t\t\t\t<\/div>\n\t\t\t<\/form>\n\t\t<\/section>\n\t<\/div>\n<\/div>\n<div class=\"container\">\n\n<div class=\"block-katz paragraph\">\n<p>De nombreux cadres de la capitale emm\u00e9nagent chaque ann\u00e9e dans le CP 92420 pour profiter de son cadre agr\u00e9able. Ce qui fait que<strong> se garer \u00e0 Vaucresson<\/strong> peut \u00eatre un vrai parcours du combattant. D\u2019ailleurs, vous en avez s\u00fbrement d\u00e9j\u00e0 fait l\u2019exp\u00e9rience. Apr\u00e8s avoir fait quelques d\u00e9placements en voiture dans la ville, vous avez eu du mal \u00e0 trouver une place de parking. Avec Katz Immobilier, trouvez une<strong> location de parking \u00e0 Vaucresson<\/strong> \u00e0 bon prix.<\/p>\n<\/div>\n\n<div class=\"block-katz heading\">\n<h2>Louer un parking en passant par Katz Immobilier<\/h2>\n<\/div>\n\n<div class=\"block-katz paragraph\">\n<p>Katz Immobilier est une agence immobili\u00e8re bas\u00e9e \u00e0 Garches qui cumule plus de 50 ans d\u2019exp\u00e9rience. Il va sans dire que notre \u00e9quipe connait tr\u00e8s bien le march\u00e9 immobilier du c\u00f4t\u00e9 ouest de Paris. On peut m\u00eame dire que nous sommes parfaitement plac\u00e9s pour vous indiquer les meilleurs emplacements de stationnement \u00e0 Vaucresson.<\/p>\n<\/div>\n\n<div class=\"block-katz paragraph\">\n<p>Il vous suffit de nous contacter pour que nous puissions vous orienter vers une prestation ad\u00e9quate de location de parking \u00e0 Vaucresson. N\u2019h\u00e9sitez pas \u00e0 faire part de vos besoins et vos attentes pour ne plus avoir \u00e0 vous soucier de trouver une bonne place \u00e0 votre v\u00e9hicule.<\/p>\n<\/div>\n\n<\/div>\n<div class=\"block-katz titre3photos\">\n\t<div class=\"container\">\n\t\t<div class=\"row\">\n\t\t\t\t\t\t\t<div class=\"col-12 text-center\">\n\t\t\t\t\t<h2>Un projet sur Vaucresson ?<\/h2>\n\t\t\t\t<\/div>\n\t\t\t\t\t\t\t\t<div class=\"col-md-4 col-12\">\n\t\t\t\t\t<img src=\"https:\/\/www.agencekatz.com\/agence-immobiliere\/wp-content\/uploads\/2021\/02\/appartement-neuf-400x400.png\" alt=\"Appartement neuf\" \/>\n\t\t\t\t<\/div>\n\t\t\t\t\t\t\t\t<div class=\"col-md-4 col-12\">\n\t\t\t\t\t<img src=\"https:\/\/www.agencekatz.com\/agence-immobiliere\/wp-content\/uploads\/2021\/02\/defautkatz-400x400.png\" alt=\"Katz Immobilier\" \/>\n\t\t\t\t<\/div>\n\t\t\t\t\t\t\t\t<div class=\"col-md-4 col-12\">\n\t\t\t\t\t<img src=\"https:\/\/www.agencekatz.com\/agence-immobiliere\/wp-content\/uploads\/2021\/02\/programme-neuf-400x400.jpg\" alt=\"Programme immobilier neuf\" \/>\n\t\t\t\t<\/div>\n\t\t\t\t\t\t\t\t<div class=\"col-12 text-center\">\n\t\t\t\t\t<a href=\"https:\/\/www.agencekatz.com\/contact\" class=\"link link-gold\" title=\"Contactez-nous\" target=\"_self\">Contactez-nous<\/a>\n\t\t\t\t<\/div>\n\t\t\t\t\t\t<\/div>\n\t<\/div>\n<\/div>\n<div class=\"container\">\n\n<div class=\"block-katz heading\">\n<h3>Se garer \u00e0 Vaucresson<\/h3>\n<\/div>\n\n<div class=\"block-katz paragraph\">\n<p>Comme toute ville, Vaucresson poss\u00e8de plusieurs parkings. Mais au fil des ann\u00e9es, quelques-uns d\u2019entre eux ont acquis la r\u00e9putation d\u2019\u00eatre mal entretenus (nids de poule, v\u00e9g\u00e9tation qui pousse, etc.). Pire encore, ils sont r\u00e9guli\u00e8rement satur\u00e9s. Ainsi, il est devenu commun de voir des conducteurs oblig\u00e9s de se garer partout o\u00f9 ils peuvent : terre-plein, trottoirs&#8230;<\/p>\n<\/div>\n\n<div class=\"block-katz paragraph\">\n<p>Pourtant, se passer de voiture \u00e0 Vaucresson peut \u00eatre compliqu\u00e9 pour de nombreuses personnes. Surtout, si elles doivent se rendre r\u00e9guli\u00e8rement \u00e0 Paris ou dans une autre ville. La solution est de choisir la <strong>location d\u2019un parking payant \u00e0 Vaucresson<\/strong>, entretenu par une personne s\u00e9rieuse.<\/p>\n<\/div>\n\n<div class=\"block-katz heading\">\n<h3>Achat d\u2019un parking \u00e0 Vaucresson<\/h3>\n<\/div>\n\n<div class=\"block-katz paragraph\">\n<p>Il va de soi que l&rsquo;<strong>achat d&rsquo;un parking \u00e0 Vaucresson<\/strong> diff\u00e8re de celle d\u2019une maison ou d\u2019un appartement. En effet, pour ces derniers les potentiels acqu\u00e9reurs doivent prendre en compte environ une dizaine de crit\u00e8res. Par contre, pour un <strong>garage<\/strong>, 4 sont importants : la surface du bien immobilier, sa proximit\u00e9 du lieu de r\u00e9sidence de l\u2019int\u00e9ress\u00e9, son \u00e9tat g\u00e9n\u00e9ral et le montant des charges.<\/p>\n<\/div>\n\n<div class=\"block-katz paragraph\">\n<p>Avant la mise en vente box parking \u00e0 Vaucresson, vous devrez r\u00e9aliser des diagnostics. Il s\u2019agit du diagnostic amiante, du diagnostic termites et l\u2019\u00e9tat des risques naturels et technologiques. Puis, viennent l\u2019estimation du prix et la publication de l\u2019annonce pour trouver preneur. Enfin, il y a l\u2019organisation des visites.<\/p>\n<\/div>\n\n<div class=\"block-katz liens\">\n\t<div class=\"row\">\n\t\t<div class=\"col-12\">\n\t\t\t\t\t\t\t<p class=\"titre\">Nos solutions immobili\u00e8res sur Vaucresson<\/p>\n\t\t\t\t\t\t\t\t<div class=\"bloc-liens\">\n\t\t\t\t\t\t\t\t\t\t\t<div class=\"lien\">\n\t\t\t\t\t\t\t<a href=\"https:\/\/www.agencekatz.com\/agence-immobiliere\/vaucresson-92420\/maison-vaucresson\" title=\"Maison \u00e0 Vaucresson\" target=\"_self\">\n\t\t\t\t\t\t\t\tMaison \u00e0 Vaucresson\t\t\t\t\t\t\t<\/a>\n\t\t\t\t\t\t<\/div>\n\t\t\t\t\t\t\t\t\t\t\t\t<div class=\"lien\">\n\t\t\t\t\t\t\t<a href=\"https:\/\/www.agencekatz.com\/agence-immobiliere\/vaucresson-92420\/immobilier-vaucresson\" title=\"Immobilier Vaucresson\" target=\"_self\">\n\t\t\t\t\t\t\t\tImmobilier Vaucresson\t\t\t\t\t\t\t<\/a>\n\t\t\t\t\t\t<\/div>\n\t\t\t\t\t\t\t\t\t\t\t\t<div class=\"lien\">\n\t\t\t\t\t\t\t<a href=\"https:\/\/www.agencekatz.com\/agence-immobiliere\/vaucresson-92420\/appartement-vaucresson\/\" title=\"Appartement Vaucresson\" target=\"_self\">\n\t\t\t\t\t\t\t\tAppartement Vaucresson\t\t\t\t\t\t\t<\/a>\n\t\t\t\t\t\t<\/div>\n\t\t\t\t\t\t\t\t\t\t\t\t<div class=\"lien\">\n\t\t\t\t\t\t\t<a href=\"https:\/\/www.agencekatz.com\/agence-immobiliere\/vaucresson-92420\/\" title=\"Agence immobili\u00e8re Vaucresson\" target=\"_self\">\n\t\t\t\t\t\t\t\tAgence immobili\u00e8re Vaucresson\t\t\t\t\t\t\t<\/a>\n\t\t\t\t\t\t<\/div>\n\t\t\t\t\t\t\t\t\t\t<\/div>\n\t\t\t\t\t\t<\/div>\n\t<\/div>\n<\/div>\n\n<div class=\"block-katz heading\">\n<h2>Vendre son parking situ\u00e9 \u00e0 Vaucresson avec Katz Immobilier<\/h2>\n<\/div>\n\n<div class=\"block-katz paragraph\">\n<p>Une <strong>vente parking Vaucresson<\/strong> peut se montrer d\u00e9licates. Entre autres, l\u2019estimation peut \u00eatre trop \u00e9lev\u00e9e ou trop basse, l\u2019annonce passe inaper\u00e7ue ou le temps manque \u00e0 l\u2019organisation des visites.<\/p>\n<\/div>\n\n<div class=\"block-katz paragraph\">\n<p>Mettez toutes les chances de votre c\u00f4t\u00e9 avec Katz Immobilier. Nous prenons en charge votre projet de A \u00e0 Z. De plus, vous b\u00e9n\u00e9ficierez de toutes nos connaissances concernant les sp\u00e9cificit\u00e9s relatives \u00e0 la <strong>vente d\u2019un garage \u00e0 Vaucresson<\/strong>. De m\u00eame, si vous envisagez l\u2019acquisition d\u2019un parking en vente, nous pourrons vous accompagner dans votre projet.<\/p>\n<\/div>","protected":false},"excerpt":{"rendered":"<p>V\u00e9ritable \u00ab Ville verte \u00bb, Vaucresson poss\u00e8de un espace vert de 308 hectares, dont 85 sont class\u00e9s zone de loisirs et 22 hectares en zone naturelle. C\u2019est s\u00fbr, il y fait bon vivre. Mais se stationner peut \u00eatre compliqu\u00e9. Pour une vente de parking Vaucresson ou une location, vous \u00eates \u00e0 la bonne adresse ! [&hellip;]<\/p>\n","protected":false},"author":2,"featured_media":0,"parent":29347,"menu_order":0,"comment_status":"closed","ping_status":"closed","template":"","meta":[],"acf":[],"_links":{"self":[{"href":"https:\/\/www.agencekatz.com\/agence-immobiliere\/wp-json\/wp\/v2\/pages\/29380"}],"collection":[{"href":"https:\/\/www.agencekatz.com\/agence-immobiliere\/wp-json\/wp\/v2\/pages"}],"about":[{"href":"https:\/\/www.agencekatz.com\/agence-immobiliere\/wp-json\/wp\/v2\/types\/page"}],"author":[{"embeddable":true,"href":"https:\/\/www.agencekatz.com\/agence-immobiliere\/wp-json\/wp\/v2\/users\/2"}],"replies":[{"embeddable":true,"href":"https:\/\/www.agencekatz.com\/agence-immobiliere\/wp-json\/wp\/v2\/comments?post=29380"}],"version-history":[{"count":6,"href":"https:\/\/www.agencekatz.com\/agence-immobiliere\/wp-json\/wp\/v2\/pages\/29380\/revisions"}],"predecessor-version":[{"id":29387,"href":"https:\/\/www.agencekatz.com\/agence-immobiliere\/wp-json\/wp\/v2\/pages\/29380\/revisions\/29387"}],"up":[{"embeddable":true,"href":"https:\/\/www.agencekatz.com\/agence-immobiliere\/wp-json\/wp\/v2\/pages\/29347"}],"wp:attachment":[{"href":"https:\/\/www.agencekatz.com\/agence-immobiliere\/wp-json\/wp\/v2\/media?parent=29380"}],"curies":[{"name":"wp","href":"https:\/\/api.w.org\/{rel}","templated":true}]}}