{"id":29372,"date":"2021-04-20T12:50:33","date_gmt":"2021-04-20T10:50:33","guid":{"rendered":"https:\/\/www.agencekatz.com\/agence-immobiliere\/?page_id=29372"},"modified":"2021-04-22T13:23:54","modified_gmt":"2021-04-22T11:23:54","slug":"appartement-vaucresson","status":"publish","type":"page","link":"https:\/\/www.agencekatz.com\/agence-immobiliere\/vaucresson-92420\/appartement-vaucresson\/","title":{"rendered":"Appartement Vaucresson : louer, acheter ou vendre avec KATZ"},"content":{"rendered":"<div class=\"block-katz paragraph\">\n<p>Habiter \u00e0 Vaucresson 92420 fait r\u00eaver plus d\u2019un. C\u2019est une petite ville sympa au cadre naturel. Avec ses espaces bois\u00e9s et ses parcs verdoyants, elle fait bon vivre. Cependant, trouver un logement dans cette commune des Hauts-de-Seine n\u2019est pas chose facile. C\u2019est pourquoi Katz Immobilier vous propose de vous accompagner dans le cadre d\u2019un achat, d\u2019une location ou m\u00eame d\u2019une vente d\u2019un <strong>appartement \u00e0 Vaucresson<\/strong>.<\/p>\n<\/div>\n\n<\/div>\n<div class=\"block-katz titre3photos\">\n\t<div class=\"container\">\n\t\t<div class=\"row\">\n\t\t\t\t\t\t\t<div class=\"col-12 text-center\">\n\t\t\t\t\t<h2>Acheter, vendre ou louer un appart \u00e0 Vaucresson<\/h2>\n\t\t\t\t<\/div>\n\t\t\t\t\t\t\t\t<div class=\"col-md-4 col-12\">\n\t\t\t\t\t<img src=\"https:\/\/www.agencekatz.com\/agence-immobiliere\/wp-content\/uploads\/2021\/02\/appartement-neuf-400x400.png\" alt=\"Appartement neuf\" \/>\n\t\t\t\t<\/div>\n\t\t\t\t\t\t\t\t<div class=\"col-md-4 col-12\">\n\t\t\t\t\t<img src=\"https:\/\/www.agencekatz.com\/agence-immobiliere\/wp-content\/uploads\/2021\/02\/defautkatz-400x400.png\" alt=\"Katz Immobilier\" \/>\n\t\t\t\t<\/div>\n\t\t\t\t\t\t\t\t<div class=\"col-md-4 col-12\">\n\t\t\t\t\t<img src=\"https:\/\/www.agencekatz.com\/agence-immobiliere\/wp-content\/uploads\/2021\/02\/programme-neuf-400x400.jpg\" alt=\"Programme immobilier neuf\" \/>\n\t\t\t\t<\/div>\n\t\t\t\t\t\t\t\t<div class=\"col-12 text-center\">\n\t\t\t\t\t<a href=\"https:\/\/www.agencekatz.com\/contact\" class=\"link link-gold\" title=\"Contactez-nous\" target=\"_self\">Contactez-nous<\/a>\n\t\t\t\t<\/div>\n\t\t\t\t\t\t<\/div>\n\t<\/div>\n<\/div>\n<div class=\"container\">\n\n<div class=\"block-katz heading\">\n<h2>Vaucresson, la ville id\u00e9ale pour vivre zen<\/h2>\n<\/div>\n\n<div class=\"block-katz paragraph\">\n<p>Vaucresson est un village situ\u00e9 \u00e0 une dizaine de kilom\u00e8tres \u00e0 l\u2019ouest de Paris, entre Versailles et Saint-Cloud. Propre, tranquille et avec beaucoup de verdure, cette banlieue parisienne offre un cadre de vie agr\u00e9able. Elle est d\u2019ailleurs un v\u00e9ritable rep\u00e8re des riches. Ses quelque 8.700 habitants comptent des chefs d\u2019entreprises, des cadres sup\u00e9rieurs et m\u00eame quelques c\u00e9l\u00e9brit\u00e9s. Cela n\u2019emp\u00eache pas \u00e0 un simple particulier de se loger du c\u00f4t\u00e9 de <strong>Vaucresson dans un appartemen<\/strong>t cossu.<\/p>\n<\/div>\n\n<div class=\"block-katz paragraph\">\n<p>Vaucresson (92420) se distingue par son environnement naturel et verdoyant. Avec ses <strong>30 hectares d\u2019espaces bois\u00e9s <\/strong>et ses 22 hectares de parcs naturels, elle m\u00e9rite son titre de ville verte. C\u2019est l\u2019endroit parfait pour les promenades et les activit\u00e9s sportives en plein air.<\/p>\n<\/div>\n\n<div class=\"block-katz paragraph\">\n<p>Niveau infrastructure, cette petite ville fran\u00e7aise dispose des avantages des grandes. Centres commerciaux, salles de cin\u00e9ma, \u00e9coles, centres hospitaliers n\u2019y manquent pas. Ses bus et autoroutes vous m\u00e8nent directement \u00e0 Paris, Versailles et Marnes-la-Coquette.<\/p>\n<\/div>\n\n<\/div>\n<div class=\"block-katz moteurrecherche\">\n\t<div id=\"buy-location\">\n\t\t<section class=\"filter-search mt-md\">\n\t\t\t<form name=\"katz_search\" method=\"get\" id=\"search-form\" action=\"https:\/\/www.agencekatz.com\/acheter-appartement-maison#search-form\">\n\t\t\t\t<div class=\"container\">\n\t\t\t\t\t<p class=\"font-lato-bold font-size-26 color-blue text-uppercase text-center letter-spacing-400\">\n\t\t\t\t\t\tChercher un appartement sur Vaucresson (location, achat, vente) \t\t\t\t\t<\/p>\n\t\t\t\t\t<div class=\"row\">\n\t\t\t\t\t\t<div class=\"col-lg-10 offset-lg-1\">\n\t\t\t\t\t\t\t<div class=\"container-fluid selector-container mt-md mb-sm\">\n\t\t\t\t\t\t\t\t<div class=\"row no-gutters\">\n\t\t\t\t\t\t\t\t\t<div class=\"col-lg-6\">\n\t\t\t\t\t\t\t\t\t\t<div class=\"switch d-flex \">\n\t\t\t\t\t\t\t\t\t\t\t<a href=\"https:\/\/www.agencekatz.com\/acheter-appartement-maison\" class=\"link-elmt active\" target=\"_self\">\n\t\t\t\t\t\t\t\t\t\t\t\tAchat\n\t\t\t\t\t\t\t\t\t\t\t<\/a>\n\t\t\t\t\t\t\t\t\t\t\t<a href=\"https:\/\/www.agencekatz.com\/location-appartement-maison\" class=\"link-elmt \" target=\"_self\">\n\t\t\t\t\t\t\t\t\t\t\t\tLouer\n\t\t\t\t\t\t\t\t\t\t\t<\/a>\n\t\t\t\t\t\t\t\t\t\t<\/div>\n\t\t\t\t\t\t\t\t\t<\/div>\n\t\t\t\t\t\t\t\t\t<div class=\"col-lg-6 input-search\">\n\t\t\t\t\t\t\t\t\t\t<select id=\"katz_search_place\" name=\"katz_search[place]\" class=\"select-two\" placeholder=\"Ville, Code postal...\">\n\t\t\t\t\t\t\t\t\t\t\t<option value=\"\"><\/option>\n\t\t\t\t\t\t\t\t\t\t\t<option value=\"Beynes\" selected=\"selected\">Beynes &#8211; 78650<\/option>\n\t\t\t\t\t\t\t\t\t\t\t<option value=\"Bougival\">Bougival &#8211; 78380<\/option>\n\t\t\t\t\t\t\t\t\t\t\t<option value=\"Garches\">Garches &#8211; 92380<\/option>\n\t\t\t\t\t\t\t\t\t\t\t<option value=\"Goupilli\u00e8res\">Goupilli\u00e8res &#8211; 78770<\/option>\n\t\t\t\t\t\t\t\t\t\t\t<option value=\"Issy-les-Moulineaux\">Issy-les-Moulineaux &#8211; 92130<\/option>\n\t\t\t\t\t\t\t\t\t\t\t<option value=\"La Celle-Saint-Cloud\">La Celle-Saint-Cloud &#8211; 78170<\/option>\n\t\t\t\t\t\t\t\t\t\t\t<option value=\"Marnes-la-Coquette\">Marnes-la-Coquette &#8211; 92430<\/option>\n\t\t\t\t\t\t\t\t\t\t\t<option value=\"Montrouge\">Montrouge &#8211; 92120<\/option>\n\t\t\t\t\t\t\t\t\t\t\t<option value=\"Paris\">Paris &#8211; 75018<\/option>\n\t\t\t\t\t\t\t\t\t\t\t<option value=\"Paris 18\">Paris 18 &#8211; 75018<\/option>\n\t\t\t\t\t\t\t\t\t\t\t<option value=\"Vaucresson\">Vaucresson &#8211; 92420<\/option>\n\t\t\t\t\t\t\t\t\t\t\t<option value=\"Ville-d&#039;Avray\">Ville-d&#039;Avray &#8211; 92410<\/option>\n\t\t\t\t\t\t\t\t\t\t<\/select>\n\t\t\t\t\t\t\t\t\t<\/div>\n\t\t\t\t\t\t\t\t<\/div>\n\t\t\t\t\t\t\t<\/div>\n\t\t\t\t\t\t<\/div>\n\t\t\t\t\t<\/div>\n\t\t\t\t<\/div>\n\t\t\t\t<div class=\"container-fluid py-sm bg-blue color-white text-center\">\n\t\t\t\t\t<div class=\"container\">\n\t\t\t\t\t\t<div class=\"col-md-10 offset-md-1 col-12\">\n\t\t\t\t\t\t\t<div class=\"filter d-flex justify-content-between\">\n\t\t\t\t\t\t\t\t<select id=\"katz_search_typeOffre\" name=\"katz_search[typeOffre]\">\n\t\t\t\t\t\t\t\t\t<option value=\"\">Type de bien<\/option>\n\t\t\t\t\t\t\t\t\t<option value=\"1\">Appartement<\/option>\n\t\t\t\t\t\t\t\t\t<option value=\"2\">Maison<\/option>\n\t\t\t\t\t\t\t\t\t<option value=\"5\">Local<\/option>\n\t\t\t\t\t\t\t\t\t<option value=\"7\">Parking<\/option>\n\t\t\t\t\t\t\t\t\t<option value=\"3\">Terrain<\/option>\n\t\t\t\t\t\t\t\t\t<option value=\"4\">Immeuble<\/option>\n\t\t\t\t\t\t\t\t<\/select>\n\t\t\t\t\t\t\t\t<select id=\"katz_search_nbPieces\" name=\"katz_search[nbPieces]\">\n\t\t\t\t\t\t\t\t\t<option value=\"\">Pi\u00e8ces<\/option>\n\t\t\t\t\t\t\t\t\t<option value=\"1\">1<\/option>\n\t\t\t\t\t\t\t\t\t<option value=\"2\">2<\/option>\n\t\t\t\t\t\t\t\t\t<option value=\"3\">3<\/option>\n\t\t\t\t\t\t\t\t\t<option value=\"4\">4<\/option>\n\t\t\t\t\t\t\t\t\t<option value=\"5\">5 et +<\/option>\n\t\t\t\t\t\t\t\t<\/select>\n\t\t\t\t\t\t\t\t<div class=\"filter-item\">\n\t\t\t\t\t\t\t\t\t<span>Surface:<\/span>\n\t\t\t\t\t\t\t\t\t<input type=\"number\" id=\"katz_search_surfHabMin\" name=\"katz_search[surfHabMin]\" placeholder=\"min\" min=\"0\" value=\"\" \/>\n\t\t\t\t\t\t\t\t\t<input type=\"number\" id=\"katz_search_surfHabMax\" name=\"katz_search[surfHabMax]\" placeholder=\"max\" min=\"0\" value=\"\" \/>\n\t\t\t\t\t\t\t\t<\/div>\n\t\t\t\t\t\t\t\t<div class=\"filter-item\">\n\t\t\t\t\t\t\t\t\t<span>Prix:<\/span>\n\t\t\t\t\t\t\t\t\t<input type=\"number\" id=\"katz_search_prixMin\" name=\"katz_search[prixMin]\" placeholder=\"min\" min=\"0\" value=\"\" \/>\n\t\t\t\t\t\t\t\t\t<input type=\"number\" id=\"katz_search_prixMax\" name=\"katz_search[prixMax]\" placeholder=\"max\" min=\"0\" value=\"\" \/>\n\t\t\t\t\t\t\t\t<\/div>\n\t\t\t\t\t\t\t<\/div>\n\t\t\t\t\t\t<\/div>\n\t\t\t\t\t<\/div>\n\t\t\t\t<\/div>\n\t\t\t\t<div class=\"container\">\n\t\t\t\t\t<div class=\"row\">\n\t\t\t\t\t\t<div class=\"col-lg-10 offset-lg-1 text-right\">\n\t\t\t\t\t\t\t<div class=\"link-elmt submit mt-sm\" id=\"submit-button-search-form\">Rechercher<\/div>\n\t\t\t\t\t\t<\/div>\n\t\t\t\t\t<\/div>\n\t\t\t\t<\/div>\n\t\t\t<\/form>\n\t\t<\/section>\n\t<\/div>\n<\/div>\n<div class=\"container\">\n\n<div class=\"block-katz heading\">\n<h2>L\u2019int\u00e9r\u00eat de faire appel \u00e0 une agence immobili\u00e8re<\/h2>\n<\/div>\n\n<div class=\"block-katz paragraph\">\n<p>L\u2019<strong>acquisition, la location et la mise en vente d\u2019un appartement \u00e0 Vaucresson<\/strong> sont des d\u00e9marches importantes et complexes. Passer par un professionnel en transaction immobili\u00e8re se r\u00e9v\u00e8le alors utile pour se lib\u00e9rer des contraintes de ces processus. Inform\u00e9 sur les derni\u00e8res l\u00e9gislations applicables \u00e0 l\u2019immobilier, il est le mieux plac\u00e9 pour entamer vos d\u00e9marches administratives.<\/p>\n<\/div>\n\n<div class=\"block-katz heading\">\n<h3>Katz immobilier&nbsp;: un alli\u00e9 cl\u00e9 pour vos projets immobiliers dans l&rsquo;ouest parisien<\/h3>\n<\/div>\n\n<div class=\"block-katz paragraph\">\n<p>Vous \u00eates en qu\u00eate d\u2019un <strong>appartement avec terrasse \u00e0 vendre \u00e0 Vaucresson<\/strong>\u00a0? Ou bien souhaitez-vous trouver un appartement \u00e0 louer dans la ville verte de type <strong>T1, T2, T3, T4 ou T5<\/strong>\u00a0? Quel que soit votre projet, Katz immobilier est en mesure de simplifier votre recherche.<\/p>\n<\/div>\n\n<div class=\"block-katz liens\">\n\t<div class=\"row\">\n\t\t<div class=\"col-12\">\n\t\t\t\t\t\t\t<p class=\"titre\">Nos solutions immobili\u00e8res sur Vaucresson<\/p>\n\t\t\t\t\t\t\t\t<div class=\"bloc-liens\">\n\t\t\t\t\t\t\t\t\t\t\t<div class=\"lien\">\n\t\t\t\t\t\t\t<a href=\"https:\/\/www.agencekatz.com\/agence-immobiliere\/vaucresson-92420\/maison-vaucresson\" title=\"Maison \u00e0 Vaucresson\" target=\"_self\">\n\t\t\t\t\t\t\t\tMaison \u00e0 Vaucresson\t\t\t\t\t\t\t<\/a>\n\t\t\t\t\t\t<\/div>\n\t\t\t\t\t\t\t\t\t\t\t\t<div class=\"lien\">\n\t\t\t\t\t\t\t<a href=\"https:\/\/www.agencekatz.com\/agence-immobiliere\/vaucresson-92420\/immobilier-vaucresson\" title=\"Immobilier Vaucresson\" target=\"_self\">\n\t\t\t\t\t\t\t\tImmobilier Vaucresson\t\t\t\t\t\t\t<\/a>\n\t\t\t\t\t\t<\/div>\n\t\t\t\t\t\t\t\t\t\t\t\t<div class=\"lien\">\n\t\t\t\t\t\t\t<a href=\"https:\/\/www.agencekatz.com\/agence-immobiliere\/vaucresson-92420\/\" title=\"Agence immobili\u00e8re Vaucresson\" target=\"_self\">\n\t\t\t\t\t\t\t\tAgence immobili\u00e8re Vaucresson\t\t\t\t\t\t\t<\/a>\n\t\t\t\t\t\t<\/div>\n\t\t\t\t\t\t\t\t\t\t\t\t<div class=\"lien\">\n\t\t\t\t\t\t\t<a href=\"https:\/\/www.agencekatz.com\/agence-immobiliere\/vaucresson-92420\/parking-vaucresson\" title=\"Parking Vaucresson\" target=\"_self\">\n\t\t\t\t\t\t\t\tParking Vaucresson\t\t\t\t\t\t\t<\/a>\n\t\t\t\t\t\t<\/div>\n\t\t\t\t\t\t\t\t\t\t<\/div>\n\t\t\t\t\t\t<\/div>\n\t<\/div>\n<\/div>\n\n<div class=\"block-katz paragraph\">\n<p>Notre agence immobili\u00e8re situ\u00e9e \u00e0 Garches se sp\u00e9cialise dans la transaction immobili\u00e8re dans l\u2019Ouest parisien. Depuis 50 ans, des milliers de clients nous ont fait confiance pour leurs <strong>projets d\u2019achat, de location ou d\u2019appartement \u00e0 vendre \u00e0 Vaucresson<\/strong>. Disposant d\u2019un catalogue de biens destin\u00e9s \u00e0 la vente, la location ou l\u2019achat, nous sommes l\u2019interlocuteur id\u00e9al pour trouver facilement une r\u00e9sidence dans cette ville hupp\u00e9e. D\u00e8s lors, quels que soient vos besoins et votre budget, du <strong>studio <\/strong>au T5 nous, vous accompagnons tout au long de votre d\u00e9marche d\u2019acquisition ou de location d\u2019appartement \u00e0 Vaucresson.<\/p>\n<\/div>","protected":false},"excerpt":{"rendered":"<p>Habiter \u00e0 Vaucresson 92420 fait r\u00eaver plus d\u2019un. C\u2019est une petite ville sympa au cadre naturel. Avec ses espaces bois\u00e9s et ses parcs verdoyants, elle fait bon vivre. Cependant, trouver un logement dans cette commune des Hauts-de-Seine n\u2019est pas chose facile. C\u2019est pourquoi Katz Immobilier vous propose de vous accompagner dans le cadre d\u2019un achat, [&hellip;]<\/p>\n","protected":false},"author":2,"featured_media":0,"parent":29347,"menu_order":0,"comment_status":"closed","ping_status":"closed","template":"","meta":[],"acf":[],"_links":{"self":[{"href":"https:\/\/www.agencekatz.com\/agence-immobiliere\/wp-json\/wp\/v2\/pages\/29372"}],"collection":[{"href":"https:\/\/www.agencekatz.com\/agence-immobiliere\/wp-json\/wp\/v2\/pages"}],"about":[{"href":"https:\/\/www.agencekatz.com\/agence-immobiliere\/wp-json\/wp\/v2\/types\/page"}],"author":[{"embeddable":true,"href":"https:\/\/www.agencekatz.com\/agence-immobiliere\/wp-json\/wp\/v2\/users\/2"}],"replies":[{"embeddable":true,"href":"https:\/\/www.agencekatz.com\/agence-immobiliere\/wp-json\/wp\/v2\/comments?post=29372"}],"version-history":[{"count":6,"href":"https:\/\/www.agencekatz.com\/agence-immobiliere\/wp-json\/wp\/v2\/pages\/29372\/revisions"}],"predecessor-version":[{"id":29396,"href":"https:\/\/www.agencekatz.com\/agence-immobiliere\/wp-json\/wp\/v2\/pages\/29372\/revisions\/29396"}],"up":[{"embeddable":true,"href":"https:\/\/www.agencekatz.com\/agence-immobiliere\/wp-json\/wp\/v2\/pages\/29347"}],"wp:attachment":[{"href":"https:\/\/www.agencekatz.com\/agence-immobiliere\/wp-json\/wp\/v2\/media?parent=29372"}],"curies":[{"name":"wp","href":"https:\/\/api.w.org\/{rel}","templated":true}]}}