{"id":29369,"date":"2021-04-20T12:41:10","date_gmt":"2021-04-20T10:41:10","guid":{"rendered":"https:\/\/www.agencekatz.com\/agence-immobiliere\/?page_id=29369"},"modified":"2021-04-22T13:20:42","modified_gmt":"2021-04-22T11:20:42","slug":"maison-vaucresson","status":"publish","type":"page","link":"https:\/\/www.agencekatz.com\/agence-immobiliere\/vaucresson-92420\/maison-vaucresson\/","title":{"rendered":"Maison Vaucresson \u00e0 vendre, achat et location avec KATZ"},"content":{"rendered":"<div class=\"block-katz paragraph\">\n<p>Situ\u00e9e dans le d\u00e9partement des Hauts-de-Seine, la commune de Vaucresson plait \u00e9norm\u00e9ment aux cadres. En effet, cette ville verte, \u00e0 mi-chemin entre Versailles et Saint-Cloud, offre un cadre de vie agr\u00e9able. Ainsi, si vous souhaitez vous installer dans cette localit\u00e9 francilienne, sachez que vous pouvez parfaitement bien y trouver une <strong>maison \u00e0 Vaucresson \u00e0 vendre<\/strong>, \u00e0 louer ou \u00e0 acheter. En tout cas, pensez \u00e0 vous faire accompagner par une agence immobili\u00e8re de r\u00e9f\u00e9rence comme <strong>Katz Immobilier<\/strong> pour assurer la r\u00e9ussite de votre projet.<\/p>\n<\/div>\n\n<\/div>\n<div class=\"block-katz moteurrecherche\">\n\t<div id=\"buy-location\">\n\t\t<section class=\"filter-search mt-md\">\n\t\t\t<form name=\"katz_search\" method=\"get\" id=\"search-form\" action=\"https:\/\/www.agencekatz.com\/acheter-appartement-maison#search-form\">\n\t\t\t\t<div class=\"container\">\n\t\t\t\t\t<p class=\"font-lato-bold font-size-26 color-blue text-uppercase text-center letter-spacing-400\">\n\t\t\t\t\t\tVous cherchez une maison \u00e0 Vaucresson ? \t\t\t\t\t<\/p>\n\t\t\t\t\t<div class=\"row\">\n\t\t\t\t\t\t<div class=\"col-lg-10 offset-lg-1\">\n\t\t\t\t\t\t\t<div class=\"container-fluid selector-container mt-md mb-sm\">\n\t\t\t\t\t\t\t\t<div class=\"row no-gutters\">\n\t\t\t\t\t\t\t\t\t<div class=\"col-lg-6\">\n\t\t\t\t\t\t\t\t\t\t<div class=\"switch d-flex \">\n\t\t\t\t\t\t\t\t\t\t\t<a href=\"https:\/\/www.agencekatz.com\/acheter-appartement-maison\" class=\"link-elmt active\" target=\"_self\">\n\t\t\t\t\t\t\t\t\t\t\t\tAchat\n\t\t\t\t\t\t\t\t\t\t\t<\/a>\n\t\t\t\t\t\t\t\t\t\t\t<a href=\"https:\/\/www.agencekatz.com\/location-appartement-maison\" class=\"link-elmt \" target=\"_self\">\n\t\t\t\t\t\t\t\t\t\t\t\tLouer\n\t\t\t\t\t\t\t\t\t\t\t<\/a>\n\t\t\t\t\t\t\t\t\t\t<\/div>\n\t\t\t\t\t\t\t\t\t<\/div>\n\t\t\t\t\t\t\t\t\t<div class=\"col-lg-6 input-search\">\n\t\t\t\t\t\t\t\t\t\t<select id=\"katz_search_place\" name=\"katz_search[place]\" class=\"select-two\" placeholder=\"Ville, Code postal...\">\n\t\t\t\t\t\t\t\t\t\t\t<option value=\"\"><\/option>\n\t\t\t\t\t\t\t\t\t\t\t<option value=\"Beynes\" selected=\"selected\">Beynes &#8211; 78650<\/option>\n\t\t\t\t\t\t\t\t\t\t\t<option value=\"Bougival\">Bougival &#8211; 78380<\/option>\n\t\t\t\t\t\t\t\t\t\t\t<option value=\"Garches\">Garches &#8211; 92380<\/option>\n\t\t\t\t\t\t\t\t\t\t\t<option value=\"Goupilli\u00e8res\">Goupilli\u00e8res &#8211; 78770<\/option>\n\t\t\t\t\t\t\t\t\t\t\t<option value=\"Issy-les-Moulineaux\">Issy-les-Moulineaux &#8211; 92130<\/option>\n\t\t\t\t\t\t\t\t\t\t\t<option value=\"La Celle-Saint-Cloud\">La Celle-Saint-Cloud &#8211; 78170<\/option>\n\t\t\t\t\t\t\t\t\t\t\t<option value=\"Marnes-la-Coquette\">Marnes-la-Coquette &#8211; 92430<\/option>\n\t\t\t\t\t\t\t\t\t\t\t<option value=\"Montrouge\">Montrouge &#8211; 92120<\/option>\n\t\t\t\t\t\t\t\t\t\t\t<option value=\"Paris\">Paris &#8211; 75018<\/option>\n\t\t\t\t\t\t\t\t\t\t\t<option value=\"Paris 18\">Paris 18 &#8211; 75018<\/option>\n\t\t\t\t\t\t\t\t\t\t\t<option value=\"Vaucresson\">Vaucresson &#8211; 92420<\/option>\n\t\t\t\t\t\t\t\t\t\t\t<option value=\"Ville-d&#039;Avray\">Ville-d&#039;Avray &#8211; 92410<\/option>\n\t\t\t\t\t\t\t\t\t\t<\/select>\n\t\t\t\t\t\t\t\t\t<\/div>\n\t\t\t\t\t\t\t\t<\/div>\n\t\t\t\t\t\t\t<\/div>\n\t\t\t\t\t\t<\/div>\n\t\t\t\t\t<\/div>\n\t\t\t\t<\/div>\n\t\t\t\t<div class=\"container-fluid py-sm bg-blue color-white text-center\">\n\t\t\t\t\t<div class=\"container\">\n\t\t\t\t\t\t<div class=\"col-md-10 offset-md-1 col-12\">\n\t\t\t\t\t\t\t<div class=\"filter d-flex justify-content-between\">\n\t\t\t\t\t\t\t\t<select id=\"katz_search_typeOffre\" name=\"katz_search[typeOffre]\">\n\t\t\t\t\t\t\t\t\t<option value=\"\">Type de bien<\/option>\n\t\t\t\t\t\t\t\t\t<option value=\"1\">Appartement<\/option>\n\t\t\t\t\t\t\t\t\t<option value=\"2\">Maison<\/option>\n\t\t\t\t\t\t\t\t\t<option value=\"5\">Local<\/option>\n\t\t\t\t\t\t\t\t\t<option value=\"7\">Parking<\/option>\n\t\t\t\t\t\t\t\t\t<option value=\"3\">Terrain<\/option>\n\t\t\t\t\t\t\t\t\t<option value=\"4\">Immeuble<\/option>\n\t\t\t\t\t\t\t\t<\/select>\n\t\t\t\t\t\t\t\t<select id=\"katz_search_nbPieces\" name=\"katz_search[nbPieces]\">\n\t\t\t\t\t\t\t\t\t<option value=\"\">Pi\u00e8ces<\/option>\n\t\t\t\t\t\t\t\t\t<option value=\"1\">1<\/option>\n\t\t\t\t\t\t\t\t\t<option value=\"2\">2<\/option>\n\t\t\t\t\t\t\t\t\t<option value=\"3\">3<\/option>\n\t\t\t\t\t\t\t\t\t<option value=\"4\">4<\/option>\n\t\t\t\t\t\t\t\t\t<option value=\"5\">5 et +<\/option>\n\t\t\t\t\t\t\t\t<\/select>\n\t\t\t\t\t\t\t\t<div class=\"filter-item\">\n\t\t\t\t\t\t\t\t\t<span>Surface:<\/span>\n\t\t\t\t\t\t\t\t\t<input type=\"number\" id=\"katz_search_surfHabMin\" name=\"katz_search[surfHabMin]\" placeholder=\"min\" min=\"0\" value=\"\" \/>\n\t\t\t\t\t\t\t\t\t<input type=\"number\" id=\"katz_search_surfHabMax\" name=\"katz_search[surfHabMax]\" placeholder=\"max\" min=\"0\" value=\"\" \/>\n\t\t\t\t\t\t\t\t<\/div>\n\t\t\t\t\t\t\t\t<div class=\"filter-item\">\n\t\t\t\t\t\t\t\t\t<span>Prix:<\/span>\n\t\t\t\t\t\t\t\t\t<input type=\"number\" id=\"katz_search_prixMin\" name=\"katz_search[prixMin]\" placeholder=\"min\" min=\"0\" value=\"\" \/>\n\t\t\t\t\t\t\t\t\t<input type=\"number\" id=\"katz_search_prixMax\" name=\"katz_search[prixMax]\" placeholder=\"max\" min=\"0\" value=\"\" \/>\n\t\t\t\t\t\t\t\t<\/div>\n\t\t\t\t\t\t\t<\/div>\n\t\t\t\t\t\t<\/div>\n\t\t\t\t\t<\/div>\n\t\t\t\t<\/div>\n\t\t\t\t<div class=\"container\">\n\t\t\t\t\t<div class=\"row\">\n\t\t\t\t\t\t<div class=\"col-lg-10 offset-lg-1 text-right\">\n\t\t\t\t\t\t\t<div class=\"link-elmt submit mt-sm\" id=\"submit-button-search-form\">Rechercher<\/div>\n\t\t\t\t\t\t<\/div>\n\t\t\t\t\t<\/div>\n\t\t\t\t<\/div>\n\t\t\t<\/form>\n\t\t<\/section>\n\t<\/div>\n<\/div>\n<div class=\"container\">\n\n<div class=\"block-katz heading\">\n<h2>L\u2019immobilier \u00e0 Vaucresson<\/h2>\n<\/div>\n\n<div class=\"block-katz paragraph\">\n<p>Comptant plus de 8&nbsp;000 habitants, Vaucresson pr\u00e9sente un paysage immobilier relativement mixte. Effectivement, vous pouvez retrouver dans la commune aussi bien des appartements dans le neuf et l\u2019ancien que des <strong>maisons et pavillons<\/strong> contemporains. Concr\u00e8tement, les appartements y constituent la grande majorit\u00e9 des habitations. En tout cas, le secteur immobilier \u00e0 Vaucresson est propice \u00e0 l\u2019installation des familles. Les cadres appr\u00e9cient \u00e9galement la qualit\u00e9 de vie appr\u00e9ciable qu\u2019elle offre.<\/p>\n<\/div>\n\n<div class=\"block-katz heading\">\n<h2>Louer ou acheter une maison \u00e0 Vaucresson&nbsp;: l\u2019int\u00e9r\u00eat de passer par une agence immobili\u00e8re<\/h2>\n<\/div>\n\n<div class=\"block-katz paragraph\">\n<p>Vous recherchez une maison \u00e0 vendre \u00e0 Vaucresson ou bien une maison \u00e0 louer&nbsp;? Alors, faites appel \u00e0 une agence immobili\u00e8re pour vous aider dans votre d\u00e9marche. De fait, cela vous permet de b\u00e9n\u00e9ficier de l\u2019accompagnement d\u2019un sp\u00e9cialiste qui peut vous faciliter la t\u00e2che au maximum. De la recherche du logement id\u00e9al aux diff\u00e9rentes d\u00e9marches administratives obligatoires, votre <strong>agent immobilier \u00e0 Vaucresson<\/strong> vous lib\u00e8re de toutes les contraintes que votre projet d\u2019acquisition ou de location impose. Il prend en plus en compte vos besoins et vos attentes pour votre plus grande satisfaction.<\/p>\n<\/div>\n\n<\/div>\n<div class=\"block-katz titre3photos\">\n\t<div class=\"container\">\n\t\t<div class=\"row\">\n\t\t\t\t\t\t\t<div class=\"col-12 text-center\">\n\t\t\t\t\t<h2>Acheter, vendre ou louer une maison \u00e0 Vaucresson<\/h2>\n\t\t\t\t<\/div>\n\t\t\t\t\t\t\t\t<div class=\"col-md-4 col-12\">\n\t\t\t\t\t<img src=\"https:\/\/www.agencekatz.com\/agence-immobiliere\/wp-content\/uploads\/2021\/02\/appartement-neuf-400x400.png\" alt=\"Appartement neuf\" \/>\n\t\t\t\t<\/div>\n\t\t\t\t\t\t\t\t<div class=\"col-md-4 col-12\">\n\t\t\t\t\t<img src=\"https:\/\/www.agencekatz.com\/agence-immobiliere\/wp-content\/uploads\/2021\/02\/defautkatz-400x400.png\" alt=\"Katz Immobilier\" \/>\n\t\t\t\t<\/div>\n\t\t\t\t\t\t\t\t<div class=\"col-md-4 col-12\">\n\t\t\t\t\t<img src=\"https:\/\/www.agencekatz.com\/agence-immobiliere\/wp-content\/uploads\/2021\/02\/programme-neuf-400x400.jpg\" alt=\"Programme immobilier neuf\" \/>\n\t\t\t\t<\/div>\n\t\t\t\t\t\t\t\t<div class=\"col-12 text-center\">\n\t\t\t\t\t<a href=\"https:\/\/www.agencekatz.com\/contact\" class=\"link link-gold\" title=\"Contactez-nous\" target=\"_self\">Contactez-nous<\/a>\n\t\t\t\t<\/div>\n\t\t\t\t\t\t<\/div>\n\t<\/div>\n<\/div>\n<div class=\"container\">\n\n<div class=\"block-katz heading\">\n<h2>Comment bien vendre sa maison ou trouver facilement une maison \u00e0 vendre \u00e0 Vaucresson ?<\/h2>\n<\/div>\n\n<div class=\"block-katz paragraph\">\n<p>Situ\u00e9e en \u00cele-de-France dans le d\u00e9partement des Hauts-de-Seine, Vaucresson poss\u00e8de un parc immobilier mixte. Les <strong>maisons de Vaucresson<\/strong> repr\u00e9sentent 31 % de l\u2019immobilier contre 67 % pour les appartements. 73 % sont des propri\u00e9taires.<\/p>\n<\/div>\n\n<div class=\"block-katz paragraph\">\n<p>M\u00eame si tous n\u2019envisagent pas de mettre leurs propri\u00e9t\u00e9s en vente, la concurrence est rude du c\u00f4t\u00e9 des vendeurs. Pour mettre toutes les chances de votre c\u00f4t\u00e9, pensez \u00e0 un professionnel de l\u2019immobilier. Il pourra estimer votre maison au juste prix et acc\u00e9l\u00e9rer ainsi la vente maison Vaucresson.<\/p>\n<\/div>\n\n<div class=\"block-katz paragraph\">\n<p>Du c\u00f4t\u00e9 des acqu\u00e9reurs, trouver des <strong>maisons 3 chambres<\/strong> et plus \u00e0 vendre peut devenir un vrai parcours du combattant du fait que la moiti\u00e9 du parc immobilier du 92420 est compos\u00e9e d\u2019appartements. Pour trouver une maison \u00e0 vendre Vaucresson qui correspond \u00e0 vos attentes, l\u2019aide d\u2019un professionnel est primordiale. En effet, d\u00e8s qu\u2019une maison est mise sur le march\u00e9, ce professionnel est mis au courant et il peut donc vous obtenir une visite rapidement.<\/p>\n<\/div>\n\n<div class=\"block-katz liens\">\n\t<div class=\"row\">\n\t\t<div class=\"col-12\">\n\t\t\t\t\t\t\t<p class=\"titre\">Nos solutions immobili\u00e8res sur Vaucresson<\/p>\n\t\t\t\t\t\t\t\t<div class=\"bloc-liens\">\n\t\t\t\t\t\t\t\t\t\t\t<div class=\"lien\">\n\t\t\t\t\t\t\t<a href=\"https:\/\/www.agencekatz.com\/agence-immobiliere\/vaucresson-92420\/immobilier-vaucresson\" title=\"Immobilier Vaucresson\" target=\"_self\">\n\t\t\t\t\t\t\t\tImmobilier Vaucresson\t\t\t\t\t\t\t<\/a>\n\t\t\t\t\t\t<\/div>\n\t\t\t\t\t\t\t\t\t\t\t\t<div class=\"lien\">\n\t\t\t\t\t\t\t<a href=\"https:\/\/www.agencekatz.com\/agence-immobiliere\/vaucresson-92420\/appartement-vaucresson\/\" title=\"Appartement Vaucresson\" target=\"_self\">\n\t\t\t\t\t\t\t\tAppartement Vaucresson\t\t\t\t\t\t\t<\/a>\n\t\t\t\t\t\t<\/div>\n\t\t\t\t\t\t\t\t\t\t\t\t<div class=\"lien\">\n\t\t\t\t\t\t\t<a href=\"https:\/\/www.agencekatz.com\/agence-immobiliere\/vaucresson-92420\/\" title=\"Agence immobili\u00e8re Vaucresson\" target=\"_self\">\n\t\t\t\t\t\t\t\tAgence immobili\u00e8re Vaucresson\t\t\t\t\t\t\t<\/a>\n\t\t\t\t\t\t<\/div>\n\t\t\t\t\t\t\t\t\t\t\t\t<div class=\"lien\">\n\t\t\t\t\t\t\t<a href=\"https:\/\/www.agencekatz.com\/agence-immobiliere\/vaucresson-92420\/parking-vaucresson\" title=\"Parking Vaucresson\" target=\"_self\">\n\t\t\t\t\t\t\t\tParking Vaucresson\t\t\t\t\t\t\t<\/a>\n\t\t\t\t\t\t<\/div>\n\t\t\t\t\t\t\t\t\t\t<\/div>\n\t\t\t\t\t\t<\/div>\n\t<\/div>\n<\/div>\n\n<div class=\"block-katz heading\">\n<h3>Faites confiance \u00e0 Katz Immobilier pour votre projet d\u2019acquisition ou de location de maison \u00e0 Vaucresson<\/h3>\n<\/div>\n\n<div class=\"block-katz paragraph\">\n<p>Vous voulez solliciter l\u2019intervention d\u2019une agence immobili\u00e8re pour l\u2019achat ou la location de votre maison \u00e0 Garches ou \u00e0 <strong>Vaucresson 92420<\/strong>&nbsp;? Dans ce cas, confiez votre projet \u00e0 Katz Immobilier, LA r\u00e9f\u00e9rence en la mati\u00e8re dans l\u2019Ouest de Paris. Notre agence ind\u00e9pendante dispose en effet de plus de 50 ans d\u2019exp\u00e9rience dans le secteur.<\/p>\n<\/div>\n\n<div class=\"block-katz paragraph\">\n<p>D\u2019ailleurs, en nous choisissant, vous vous assurez une prestation de qualit\u00e9 et sur mesure. Effectivement, avec <strong>Katz Immobilier<\/strong>, vous pouvez compter sur le professionnalisme d\u2019une \u00e9quipe dynamique et rigoureuse. Enti\u00e8rement \u00e0 votre \u00e9coute, notre petite \u00e9quipe vous propose une solution personnalis\u00e9e qui prend en consid\u00e9ration votre budget et vos demandes sp\u00e9cifiques.<\/p>\n<\/div>\n\n<div class=\"block-katz paragraph\">\n<p>Pour b\u00e9n\u00e9ficier d\u2019un accompagnement \u00e0 la hauteur de vos attentes, n\u2019h\u00e9sitez donc pas \u00e0 nous contacter en ligne. Sinon, vous avez toujours la possibilit\u00e9 de passer directement par notre agence du 92420.<\/p>\n<\/div>","protected":false},"excerpt":{"rendered":"<p>Situ\u00e9e dans le d\u00e9partement des Hauts-de-Seine, la commune de Vaucresson plait \u00e9norm\u00e9ment aux cadres. En effet, cette ville verte, \u00e0 mi-chemin entre Versailles et Saint-Cloud, offre un cadre de vie agr\u00e9able. Ainsi, si vous souhaitez vous installer dans cette localit\u00e9 francilienne, sachez que vous pouvez parfaitement bien y trouver une maison \u00e0 Vaucresson \u00e0 vendre, [&hellip;]<\/p>\n","protected":false},"author":2,"featured_media":0,"parent":29347,"menu_order":0,"comment_status":"closed","ping_status":"closed","template":"","meta":[],"acf":[],"_links":{"self":[{"href":"https:\/\/www.agencekatz.com\/agence-immobiliere\/wp-json\/wp\/v2\/pages\/29369"}],"collection":[{"href":"https:\/\/www.agencekatz.com\/agence-immobiliere\/wp-json\/wp\/v2\/pages"}],"about":[{"href":"https:\/\/www.agencekatz.com\/agence-immobiliere\/wp-json\/wp\/v2\/types\/page"}],"author":[{"embeddable":true,"href":"https:\/\/www.agencekatz.com\/agence-immobiliere\/wp-json\/wp\/v2\/users\/2"}],"replies":[{"embeddable":true,"href":"https:\/\/www.agencekatz.com\/agence-immobiliere\/wp-json\/wp\/v2\/comments?post=29369"}],"version-history":[{"count":4,"href":"https:\/\/www.agencekatz.com\/agence-immobiliere\/wp-json\/wp\/v2\/pages\/29369\/revisions"}],"predecessor-version":[{"id":29394,"href":"https:\/\/www.agencekatz.com\/agence-immobiliere\/wp-json\/wp\/v2\/pages\/29369\/revisions\/29394"}],"up":[{"embeddable":true,"href":"https:\/\/www.agencekatz.com\/agence-immobiliere\/wp-json\/wp\/v2\/pages\/29347"}],"wp:attachment":[{"href":"https:\/\/www.agencekatz.com\/agence-immobiliere\/wp-json\/wp\/v2\/media?parent=29369"}],"curies":[{"name":"wp","href":"https:\/\/api.w.org\/{rel}","templated":true}]}}