{"id":29350,"date":"2021-04-16T12:10:45","date_gmt":"2021-04-16T10:10:45","guid":{"rendered":"https:\/\/www.agencekatz.com\/agence-immobiliere\/?page_id=29350"},"modified":"2021-04-22T13:18:50","modified_gmt":"2021-04-22T11:18:50","slug":"immobilier-vaucresson","status":"publish","type":"page","link":"https:\/\/www.agencekatz.com\/agence-immobiliere\/vaucresson-92420\/immobilier-vaucresson\/","title":{"rendered":"Immobilier Vaucresson : une seule adresse, KATZ !"},"content":{"rendered":"<div class=\"block-katz paragraph\">\n<p>Situ\u00e9e entre for\u00eat et autoroute, Vaucresson 92420 fait partie des villes au cadre de vie les plus agr\u00e9ables dans le d\u00e9partement des Hauts-de-Seine. En outre, elle compte \u00e9galement parmi les villes hupp\u00e9es d\u2019Ile-de-France. De fait, de nombreux cadres et familles ais\u00e9s aspirent \u00e0 acheter ou \u00e0 louer un <strong>bien immobilier \u00e0 Vaucresson<\/strong>. Si vous \u00eates \u00e0 la recherche d\u2019une maison ou d\u2019un appartement dans cette ville, Katz Immobilier, expert en immobilier dans l\u2019Ouest parisien est LE professionnel \u00e0 qui faire appel.<\/p>\n<\/div>\n\n<\/div>\n<div class=\"block-katz titre3photos\">\n\t<div class=\"container\">\n\t\t<div class=\"row\">\n\t\t\t\t\t\t\t<div class=\"col-12 text-center\">\n\t\t\t\t\t<h2>Un projet sur Vaucresson ?<\/h2>\n\t\t\t\t<\/div>\n\t\t\t\t\t\t\t\t<div class=\"col-md-4 col-12\">\n\t\t\t\t\t<img src=\"https:\/\/www.agencekatz.com\/agence-immobiliere\/wp-content\/uploads\/2021\/02\/appartement-neuf-400x400.png\" alt=\"Appartement neuf\" \/>\n\t\t\t\t<\/div>\n\t\t\t\t\t\t\t\t<div class=\"col-md-4 col-12\">\n\t\t\t\t\t<img src=\"https:\/\/www.agencekatz.com\/agence-immobiliere\/wp-content\/uploads\/2021\/02\/defautkatz-400x400.png\" alt=\"Katz Immobilier\" \/>\n\t\t\t\t<\/div>\n\t\t\t\t\t\t\t\t<div class=\"col-md-4 col-12\">\n\t\t\t\t\t<img src=\"https:\/\/www.agencekatz.com\/agence-immobiliere\/wp-content\/uploads\/2021\/02\/programme-neuf-400x400.jpg\" alt=\"Programme immobilier neuf\" \/>\n\t\t\t\t<\/div>\n\t\t\t\t\t\t\t\t<div class=\"col-12 text-center\">\n\t\t\t\t\t<a href=\"https:\/\/www.agencekatz.com\/contact\" class=\"link link-gold\" title=\"Contactez-nous\" target=\"_self\">Contactez-nous<\/a>\n\t\t\t\t<\/div>\n\t\t\t\t\t\t<\/div>\n\t<\/div>\n<\/div>\n<div class=\"container\">\n\n<div class=\"block-katz heading\">\n<h2>Vaucresson : un contraste immobilier bien pr\u00e9sent<\/h2>\n<\/div>\n\n<div class=\"block-katz paragraph\">\n<p>Le <strong>paysage immobilier vaucressonnais<\/strong> est compos\u00e9 d\u2019un m\u00e9lange de maisons individuelles et d\u2019appartements. Le centre-ville, plus urbain et dynamique, regroupe la plupart des biens immobiliers. Majoritairement compos\u00e9 d\u2019appartements neufs ou r\u00e9nov\u00e9s, il abrite \u00e9galement quelques maisons individuelles neuves et particuli\u00e8rement luxueuses. En p\u00e9riph\u00e9rie, vous trouverez essentiellement des <strong>pavillons <\/strong>et des r\u00e9sidences individuelles anciennes dans un cadre plus vert et plus calme.<\/p>\n<\/div>\n\n<div class=\"block-katz paragraph\">\n<p>La plupart des biens immobiliers de Vaucresson datent des ann\u00e9es 1960.<\/p>\n<\/div>\n\n<div class=\"block-katz heading\">\n<h2>Katz Immobilier : l\u2019interm\u00e9diaire par excellence pour tout projet immobilier \u00e0 Vaucresson<\/h2>\n<\/div>\n\n<div class=\"block-katz paragraph\">\n<p>Que vous envisagiez la location ou l\u2019achat d\u2019un bien immobilier \u00e0 Vaucresson, l\u2019accompagnement par un professionnel reste la d\u00e9cision la plus sage. Gr\u00e2ce \u00e0 son emplacement \u00e0 Garches, <strong>Katz Immobilier<\/strong> reste la r\u00e9f\u00e9rence des agences immobili\u00e8res de la r\u00e9gion pouvant vous proposer des services optimums en rapport \u00e0 votre projet.<\/p>\n<\/div>\n\n<div class=\"block-katz paragraph\">\n<p>De A \u00e0 Z, notre \u00e9quipe sera l\u00e0 pour vous assister et vous \u00e9pauler lors de toutes les \u00e9tapes de l\u2019acquisition du bien. En effet, de la recherche jusqu\u2019\u00e0 la signature de l\u2019acte de vente, en passant par les proc\u00e9dures administratives et les n\u00e9gociations de prix, vous pouvez faire confiance au professionnalisme et au savoir-faire de notre \u00e9quipe.<\/p>\n<\/div>\n\n<\/div>\n<div class=\"block-katz moteurrecherche\">\n\t<div id=\"buy-location\">\n\t\t<section class=\"filter-search mt-md\">\n\t\t\t<form name=\"katz_search\" method=\"get\" id=\"search-form\" action=\"https:\/\/www.agencekatz.com\/acheter-appartement-maison#search-form\">\n\t\t\t\t<div class=\"container\">\n\t\t\t\t\t<p class=\"font-lato-bold font-size-26 color-blue text-uppercase text-center letter-spacing-400\">\n\t\t\t\t\t\tCherchez un bien \u00e0 Vaucresson\t\t\t\t\t<\/p>\n\t\t\t\t\t<div class=\"row\">\n\t\t\t\t\t\t<div class=\"col-lg-10 offset-lg-1\">\n\t\t\t\t\t\t\t<div class=\"container-fluid selector-container mt-md mb-sm\">\n\t\t\t\t\t\t\t\t<div class=\"row no-gutters\">\n\t\t\t\t\t\t\t\t\t<div class=\"col-lg-6\">\n\t\t\t\t\t\t\t\t\t\t<div class=\"switch d-flex \">\n\t\t\t\t\t\t\t\t\t\t\t<a href=\"https:\/\/www.agencekatz.com\/acheter-appartement-maison\" class=\"link-elmt active\" target=\"_self\">\n\t\t\t\t\t\t\t\t\t\t\t\tAchat\n\t\t\t\t\t\t\t\t\t\t\t<\/a>\n\t\t\t\t\t\t\t\t\t\t\t<a href=\"https:\/\/www.agencekatz.com\/location-appartement-maison\" class=\"link-elmt \" target=\"_self\">\n\t\t\t\t\t\t\t\t\t\t\t\tLouer\n\t\t\t\t\t\t\t\t\t\t\t<\/a>\n\t\t\t\t\t\t\t\t\t\t<\/div>\n\t\t\t\t\t\t\t\t\t<\/div>\n\t\t\t\t\t\t\t\t\t<div class=\"col-lg-6 input-search\">\n\t\t\t\t\t\t\t\t\t\t<select id=\"katz_search_place\" name=\"katz_search[place]\" class=\"select-two\" placeholder=\"Ville, Code postal...\">\n\t\t\t\t\t\t\t\t\t\t\t<option value=\"\"><\/option>\n\t\t\t\t\t\t\t\t\t\t\t<option value=\"Beynes\" selected=\"selected\">Beynes &#8211; 78650<\/option>\n\t\t\t\t\t\t\t\t\t\t\t<option value=\"Bougival\">Bougival &#8211; 78380<\/option>\n\t\t\t\t\t\t\t\t\t\t\t<option value=\"Garches\">Garches &#8211; 92380<\/option>\n\t\t\t\t\t\t\t\t\t\t\t<option value=\"Goupilli\u00e8res\">Goupilli\u00e8res &#8211; 78770<\/option>\n\t\t\t\t\t\t\t\t\t\t\t<option value=\"Issy-les-Moulineaux\">Issy-les-Moulineaux &#8211; 92130<\/option>\n\t\t\t\t\t\t\t\t\t\t\t<option value=\"La Celle-Saint-Cloud\">La Celle-Saint-Cloud &#8211; 78170<\/option>\n\t\t\t\t\t\t\t\t\t\t\t<option value=\"Marnes-la-Coquette\">Marnes-la-Coquette &#8211; 92430<\/option>\n\t\t\t\t\t\t\t\t\t\t\t<option value=\"Montrouge\">Montrouge &#8211; 92120<\/option>\n\t\t\t\t\t\t\t\t\t\t\t<option value=\"Paris\">Paris &#8211; 75018<\/option>\n\t\t\t\t\t\t\t\t\t\t\t<option value=\"Paris 18\">Paris 18 &#8211; 75018<\/option>\n\t\t\t\t\t\t\t\t\t\t\t<option value=\"Vaucresson\">Vaucresson &#8211; 92420<\/option>\n\t\t\t\t\t\t\t\t\t\t\t<option value=\"Ville-d&#039;Avray\">Ville-d&#039;Avray &#8211; 92410<\/option>\n\t\t\t\t\t\t\t\t\t\t<\/select>\n\t\t\t\t\t\t\t\t\t<\/div>\n\t\t\t\t\t\t\t\t<\/div>\n\t\t\t\t\t\t\t<\/div>\n\t\t\t\t\t\t<\/div>\n\t\t\t\t\t<\/div>\n\t\t\t\t<\/div>\n\t\t\t\t<div class=\"container-fluid py-sm bg-blue color-white text-center\">\n\t\t\t\t\t<div class=\"container\">\n\t\t\t\t\t\t<div class=\"col-md-10 offset-md-1 col-12\">\n\t\t\t\t\t\t\t<div class=\"filter d-flex justify-content-between\">\n\t\t\t\t\t\t\t\t<select id=\"katz_search_typeOffre\" name=\"katz_search[typeOffre]\">\n\t\t\t\t\t\t\t\t\t<option value=\"\">Type de bien<\/option>\n\t\t\t\t\t\t\t\t\t<option value=\"1\">Appartement<\/option>\n\t\t\t\t\t\t\t\t\t<option value=\"2\">Maison<\/option>\n\t\t\t\t\t\t\t\t\t<option value=\"5\">Local<\/option>\n\t\t\t\t\t\t\t\t\t<option value=\"7\">Parking<\/option>\n\t\t\t\t\t\t\t\t\t<option value=\"3\">Terrain<\/option>\n\t\t\t\t\t\t\t\t\t<option value=\"4\">Immeuble<\/option>\n\t\t\t\t\t\t\t\t<\/select>\n\t\t\t\t\t\t\t\t<select id=\"katz_search_nbPieces\" name=\"katz_search[nbPieces]\">\n\t\t\t\t\t\t\t\t\t<option value=\"\">Pi\u00e8ces<\/option>\n\t\t\t\t\t\t\t\t\t<option value=\"1\">1<\/option>\n\t\t\t\t\t\t\t\t\t<option value=\"2\">2<\/option>\n\t\t\t\t\t\t\t\t\t<option value=\"3\">3<\/option>\n\t\t\t\t\t\t\t\t\t<option value=\"4\">4<\/option>\n\t\t\t\t\t\t\t\t\t<option value=\"5\">5 et +<\/option>\n\t\t\t\t\t\t\t\t<\/select>\n\t\t\t\t\t\t\t\t<div class=\"filter-item\">\n\t\t\t\t\t\t\t\t\t<span>Surface:<\/span>\n\t\t\t\t\t\t\t\t\t<input type=\"number\" id=\"katz_search_surfHabMin\" name=\"katz_search[surfHabMin]\" placeholder=\"min\" min=\"0\" value=\"\" \/>\n\t\t\t\t\t\t\t\t\t<input type=\"number\" id=\"katz_search_surfHabMax\" name=\"katz_search[surfHabMax]\" placeholder=\"max\" min=\"0\" value=\"\" \/>\n\t\t\t\t\t\t\t\t<\/div>\n\t\t\t\t\t\t\t\t<div class=\"filter-item\">\n\t\t\t\t\t\t\t\t\t<span>Prix:<\/span>\n\t\t\t\t\t\t\t\t\t<input type=\"number\" id=\"katz_search_prixMin\" name=\"katz_search[prixMin]\" placeholder=\"min\" min=\"0\" value=\"\" \/>\n\t\t\t\t\t\t\t\t\t<input type=\"number\" id=\"katz_search_prixMax\" name=\"katz_search[prixMax]\" placeholder=\"max\" min=\"0\" value=\"\" \/>\n\t\t\t\t\t\t\t\t<\/div>\n\t\t\t\t\t\t\t<\/div>\n\t\t\t\t\t\t<\/div>\n\t\t\t\t\t<\/div>\n\t\t\t\t<\/div>\n\t\t\t\t<div class=\"container\">\n\t\t\t\t\t<div class=\"row\">\n\t\t\t\t\t\t<div class=\"col-lg-10 offset-lg-1 text-right\">\n\t\t\t\t\t\t\t<div class=\"link-elmt submit mt-sm\" id=\"submit-button-search-form\">Rechercher<\/div>\n\t\t\t\t\t\t<\/div>\n\t\t\t\t\t<\/div>\n\t\t\t\t<\/div>\n\t\t\t<\/form>\n\t\t<\/section>\n\t<\/div>\n<\/div>\n<div class=\"container\">\n\n<div class=\"block-katz heading\">\n<h3>Le prix de l\u2019immobilier \u00e0 Vaucresson<\/h3>\n<\/div>\n\n<div class=\"block-katz paragraph\">\n<p>Selon les derniers chiffres sur le march\u00e9 de l\u2019immobilier, la fourchette de prix d\u2019un appartement \u00e0 Vaucresson se situe entre 3 900 et 7 200 \u20ac\/m. De 5 100 \u00e0 12 600 \u20ac\/m pour une maison individuelle.<\/p>\n<\/div>\n\n<div class=\"block-katz paragraph\">\n<p>Au c\u0153ur m\u00eame du d\u00e9partement des Hauts-de-Seine (92), nous restons au courant de toutes les <strong>actualit\u00e9s immobili\u00e8res vaucressonnaises<\/strong>. De fait, peu importe le type de bien que vous recherchez, vous pouvez faire confiance \u00e0 notre \u00e9quipe pour vous d\u00e9goter le bien de vos r\u00eaves. Il vous suffit de nous soumettre vos demandes sp\u00e9cifiques ainsi que le budget pr\u00e9vu et notre \u00e9quipe fera des pieds et des mains pour rechercher le bien id\u00e9al r\u00e9pondant \u00e0 toutes vos exigences.<\/p>\n<\/div>\n\n<div class=\"block-katz liens\">\n\t<div class=\"row\">\n\t\t<div class=\"col-12\">\n\t\t\t\t\t\t\t<p class=\"titre\">Nos solutions immobili\u00e8res sur Vaucresson<\/p>\n\t\t\t\t\t\t\t\t<div class=\"bloc-liens\">\n\t\t\t\t\t\t\t\t\t\t\t<div class=\"lien\">\n\t\t\t\t\t\t\t<a href=\"https:\/\/www.agencekatz.com\/agence-immobiliere\/vaucresson-92420\/maison-vaucresson\" title=\"Maison Vaucresson\" target=\"_self\">\n\t\t\t\t\t\t\t\tMaison Vaucresson\t\t\t\t\t\t\t<\/a>\n\t\t\t\t\t\t<\/div>\n\t\t\t\t\t\t\t\t\t\t\t\t<div class=\"lien\">\n\t\t\t\t\t\t\t<a href=\"https:\/\/www.agencekatz.com\/agence-immobiliere\/vaucresson-92420\/appartement-vaucresson\/\" title=\"Appartement Vaucresson\" target=\"_self\">\n\t\t\t\t\t\t\t\tAppartement Vaucresson\t\t\t\t\t\t\t<\/a>\n\t\t\t\t\t\t<\/div>\n\t\t\t\t\t\t\t\t\t\t\t\t<div class=\"lien\">\n\t\t\t\t\t\t\t<a href=\"https:\/\/www.agencekatz.com\/agence-immobiliere\/vaucresson-92420\/\" title=\"Agence immobili\u00e8re Vaucresson\" target=\"_self\">\n\t\t\t\t\t\t\t\tAgence immobili\u00e8re Vaucresson\t\t\t\t\t\t\t<\/a>\n\t\t\t\t\t\t<\/div>\n\t\t\t\t\t\t\t\t\t\t\t\t<div class=\"lien\">\n\t\t\t\t\t\t\t<a href=\"https:\/\/www.agencekatz.com\/agence-immobiliere\/vaucresson-92420\/parking-vaucresson\" title=\"Parking Vaucresson\" target=\"_self\">\n\t\t\t\t\t\t\t\tParking Vaucresson\t\t\t\t\t\t\t<\/a>\n\t\t\t\t\t\t<\/div>\n\t\t\t\t\t\t\t\t\t\t<\/div>\n\t\t\t\t\t\t<\/div>\n\t<\/div>\n<\/div>\n\n<div class=\"block-katz paragraph\">\n<p>Contactez-nous alors sans plus attendre en ligne ou venez nous voir dans notre<strong> agence sp\u00e9cialis\u00e9e sur Vaucresson<\/strong> pour discuter ensemble de votre projet.<\/p>\n<\/div>","protected":false},"excerpt":{"rendered":"<p>Situ\u00e9e entre for\u00eat et autoroute, Vaucresson 92420 fait partie des villes au cadre de vie les plus agr\u00e9ables dans le d\u00e9partement des Hauts-de-Seine. En outre, elle compte \u00e9galement parmi les villes hupp\u00e9es d\u2019Ile-de-France. De fait, de nombreux cadres et familles ais\u00e9s aspirent \u00e0 acheter ou \u00e0 louer un bien immobilier \u00e0 Vaucresson. Si vous \u00eates [&hellip;]<\/p>\n","protected":false},"author":2,"featured_media":0,"parent":29347,"menu_order":0,"comment_status":"closed","ping_status":"closed","template":"","meta":[],"acf":[],"_links":{"self":[{"href":"https:\/\/www.agencekatz.com\/agence-immobiliere\/wp-json\/wp\/v2\/pages\/29350"}],"collection":[{"href":"https:\/\/www.agencekatz.com\/agence-immobiliere\/wp-json\/wp\/v2\/pages"}],"about":[{"href":"https:\/\/www.agencekatz.com\/agence-immobiliere\/wp-json\/wp\/v2\/types\/page"}],"author":[{"embeddable":true,"href":"https:\/\/www.agencekatz.com\/agence-immobiliere\/wp-json\/wp\/v2\/users\/2"}],"replies":[{"embeddable":true,"href":"https:\/\/www.agencekatz.com\/agence-immobiliere\/wp-json\/wp\/v2\/comments?post=29350"}],"version-history":[{"count":4,"href":"https:\/\/www.agencekatz.com\/agence-immobiliere\/wp-json\/wp\/v2\/pages\/29350\/revisions"}],"predecessor-version":[{"id":29391,"href":"https:\/\/www.agencekatz.com\/agence-immobiliere\/wp-json\/wp\/v2\/pages\/29350\/revisions\/29391"}],"up":[{"embeddable":true,"href":"https:\/\/www.agencekatz.com\/agence-immobiliere\/wp-json\/wp\/v2\/pages\/29347"}],"wp:attachment":[{"href":"https:\/\/www.agencekatz.com\/agence-immobiliere\/wp-json\/wp\/v2\/media?parent=29350"}],"curies":[{"name":"wp","href":"https:\/\/api.w.org\/{rel}","templated":true}]}}