{"id":29347,"date":"2021-04-16T11:59:08","date_gmt":"2021-04-16T09:59:08","guid":{"rendered":"https:\/\/www.agencekatz.com\/agence-immobiliere\/?page_id=29347"},"modified":"2021-04-22T13:28:51","modified_gmt":"2021-04-22T11:28:51","slug":"vaucresson-92420","status":"publish","type":"page","link":"https:\/\/www.agencekatz.com\/agence-immobiliere\/vaucresson-92420\/","title":{"rendered":"Katz, votre agence immobili\u00e8re \u00e0 Vaucresson"},"content":{"rendered":"<div class=\"block-katz chapo\">\n\t<p class=\"color-blue font-playfair-regular text-uppercase font-size-18 \">\n\t\tSp\u00e9cialiste de l\u2019Ouest parisien, Katz Immobilier se tient \u00e0 votre disposition pour l\u2019accomplissement de vos projets immobiliers \u00e0 Vaucresson (maison, appartement, garage&#8230;). Notre agence immobili\u00e8re vous fait b\u00e9n\u00e9ficier de son savoir-faire, aussi bien dans l\u2019ancien que dans le neuf.\t<\/p>\n<\/div>\n\n<div class=\"block-katz paragraph\">\n<p>La transaction immobili\u00e8re est souvent une op\u00e9ration compliqu\u00e9e. D\u2019autant plus qu\u2019il n\u2019est pas toujours \u00e9vident de trouver le bien qui convient \u00e0 ses exigences et \u00e0 son budget. Faire appel \u00e0 un professionnel est alors une \u00e9tape cruciale. Vous \u00eates \u00e0 la recherche d\u2019une <strong>agence immobili\u00e8re \u00e0 Vaucresson (92)<\/strong> pour acheter ou vendre une maison, un appartement, un garage&nbsp;? Avec Katz Immobilier, soyez s\u00fbr d\u2019investir dans le bien immobilier qui r\u00e9pond parfaitement \u00e0 vos crit\u00e8res de choix.<\/p>\n<\/div>\n\n<\/div>\n<div class=\"block-katz moteurrecherche\">\n\t<div id=\"buy-location\">\n\t\t<section class=\"filter-search mt-md\">\n\t\t\t<form name=\"katz_search\" method=\"get\" id=\"search-form\" action=\"https:\/\/www.agencekatz.com\/acheter-appartement-maison#search-form\">\n\t\t\t\t<div class=\"container\">\n\t\t\t\t\t<p class=\"font-lato-bold font-size-26 color-blue text-uppercase text-center letter-spacing-400\">\n\t\t\t\t\t\tVous cherchez un bien sur Vaucresson ? \t\t\t\t\t<\/p>\n\t\t\t\t\t<div class=\"row\">\n\t\t\t\t\t\t<div class=\"col-lg-10 offset-lg-1\">\n\t\t\t\t\t\t\t<div class=\"container-fluid selector-container mt-md mb-sm\">\n\t\t\t\t\t\t\t\t<div class=\"row no-gutters\">\n\t\t\t\t\t\t\t\t\t<div class=\"col-lg-6\">\n\t\t\t\t\t\t\t\t\t\t<div class=\"switch d-flex \">\n\t\t\t\t\t\t\t\t\t\t\t<a href=\"https:\/\/www.agencekatz.com\/acheter-appartement-maison\" class=\"link-elmt active\" target=\"_self\">\n\t\t\t\t\t\t\t\t\t\t\t\tAchat\n\t\t\t\t\t\t\t\t\t\t\t<\/a>\n\t\t\t\t\t\t\t\t\t\t\t<a href=\"https:\/\/www.agencekatz.com\/location-appartement-maison\" class=\"link-elmt \" target=\"_self\">\n\t\t\t\t\t\t\t\t\t\t\t\tLouer\n\t\t\t\t\t\t\t\t\t\t\t<\/a>\n\t\t\t\t\t\t\t\t\t\t<\/div>\n\t\t\t\t\t\t\t\t\t<\/div>\n\t\t\t\t\t\t\t\t\t<div class=\"col-lg-6 input-search\">\n\t\t\t\t\t\t\t\t\t\t<select id=\"katz_search_place\" name=\"katz_search[place]\" class=\"select-two\" placeholder=\"Ville, Code postal...\">\n\t\t\t\t\t\t\t\t\t\t\t<option value=\"\"><\/option>\n\t\t\t\t\t\t\t\t\t\t\t<option value=\"Beynes\" selected=\"selected\">Beynes &#8211; 78650<\/option>\n\t\t\t\t\t\t\t\t\t\t\t<option value=\"Bougival\">Bougival &#8211; 78380<\/option>\n\t\t\t\t\t\t\t\t\t\t\t<option value=\"Garches\">Garches &#8211; 92380<\/option>\n\t\t\t\t\t\t\t\t\t\t\t<option value=\"Goupilli\u00e8res\">Goupilli\u00e8res &#8211; 78770<\/option>\n\t\t\t\t\t\t\t\t\t\t\t<option value=\"Issy-les-Moulineaux\">Issy-les-Moulineaux &#8211; 92130<\/option>\n\t\t\t\t\t\t\t\t\t\t\t<option value=\"La Celle-Saint-Cloud\">La Celle-Saint-Cloud &#8211; 78170<\/option>\n\t\t\t\t\t\t\t\t\t\t\t<option value=\"Marnes-la-Coquette\">Marnes-la-Coquette &#8211; 92430<\/option>\n\t\t\t\t\t\t\t\t\t\t\t<option value=\"Montrouge\">Montrouge &#8211; 92120<\/option>\n\t\t\t\t\t\t\t\t\t\t\t<option value=\"Paris\">Paris &#8211; 75018<\/option>\n\t\t\t\t\t\t\t\t\t\t\t<option value=\"Paris 18\">Paris 18 &#8211; 75018<\/option>\n\t\t\t\t\t\t\t\t\t\t\t<option value=\"Vaucresson\">Vaucresson &#8211; 92420<\/option>\n\t\t\t\t\t\t\t\t\t\t\t<option value=\"Ville-d&#039;Avray\">Ville-d&#039;Avray &#8211; 92410<\/option>\n\t\t\t\t\t\t\t\t\t\t<\/select>\n\t\t\t\t\t\t\t\t\t<\/div>\n\t\t\t\t\t\t\t\t<\/div>\n\t\t\t\t\t\t\t<\/div>\n\t\t\t\t\t\t<\/div>\n\t\t\t\t\t<\/div>\n\t\t\t\t<\/div>\n\t\t\t\t<div class=\"container-fluid py-sm bg-blue color-white text-center\">\n\t\t\t\t\t<div class=\"container\">\n\t\t\t\t\t\t<div class=\"col-md-10 offset-md-1 col-12\">\n\t\t\t\t\t\t\t<div class=\"filter d-flex justify-content-between\">\n\t\t\t\t\t\t\t\t<select id=\"katz_search_typeOffre\" name=\"katz_search[typeOffre]\">\n\t\t\t\t\t\t\t\t\t<option value=\"\">Type de bien<\/option>\n\t\t\t\t\t\t\t\t\t<option value=\"1\">Appartement<\/option>\n\t\t\t\t\t\t\t\t\t<option value=\"2\">Maison<\/option>\n\t\t\t\t\t\t\t\t\t<option value=\"5\">Local<\/option>\n\t\t\t\t\t\t\t\t\t<option value=\"7\">Parking<\/option>\n\t\t\t\t\t\t\t\t\t<option value=\"3\">Terrain<\/option>\n\t\t\t\t\t\t\t\t\t<option value=\"4\">Immeuble<\/option>\n\t\t\t\t\t\t\t\t<\/select>\n\t\t\t\t\t\t\t\t<select id=\"katz_search_nbPieces\" name=\"katz_search[nbPieces]\">\n\t\t\t\t\t\t\t\t\t<option value=\"\">Pi\u00e8ces<\/option>\n\t\t\t\t\t\t\t\t\t<option value=\"1\">1<\/option>\n\t\t\t\t\t\t\t\t\t<option value=\"2\">2<\/option>\n\t\t\t\t\t\t\t\t\t<option value=\"3\">3<\/option>\n\t\t\t\t\t\t\t\t\t<option value=\"4\">4<\/option>\n\t\t\t\t\t\t\t\t\t<option value=\"5\">5 et +<\/option>\n\t\t\t\t\t\t\t\t<\/select>\n\t\t\t\t\t\t\t\t<div class=\"filter-item\">\n\t\t\t\t\t\t\t\t\t<span>Surface:<\/span>\n\t\t\t\t\t\t\t\t\t<input type=\"number\" id=\"katz_search_surfHabMin\" name=\"katz_search[surfHabMin]\" placeholder=\"min\" min=\"0\" value=\"\" \/>\n\t\t\t\t\t\t\t\t\t<input type=\"number\" id=\"katz_search_surfHabMax\" name=\"katz_search[surfHabMax]\" placeholder=\"max\" min=\"0\" value=\"\" \/>\n\t\t\t\t\t\t\t\t<\/div>\n\t\t\t\t\t\t\t\t<div class=\"filter-item\">\n\t\t\t\t\t\t\t\t\t<span>Prix:<\/span>\n\t\t\t\t\t\t\t\t\t<input type=\"number\" id=\"katz_search_prixMin\" name=\"katz_search[prixMin]\" placeholder=\"min\" min=\"0\" value=\"\" \/>\n\t\t\t\t\t\t\t\t\t<input type=\"number\" id=\"katz_search_prixMax\" name=\"katz_search[prixMax]\" placeholder=\"max\" min=\"0\" value=\"\" \/>\n\t\t\t\t\t\t\t\t<\/div>\n\t\t\t\t\t\t\t<\/div>\n\t\t\t\t\t\t<\/div>\n\t\t\t\t\t<\/div>\n\t\t\t\t<\/div>\n\t\t\t\t<div class=\"container\">\n\t\t\t\t\t<div class=\"row\">\n\t\t\t\t\t\t<div class=\"col-lg-10 offset-lg-1 text-right\">\n\t\t\t\t\t\t\t<div class=\"link-elmt submit mt-sm\" id=\"submit-button-search-form\">Rechercher<\/div>\n\t\t\t\t\t\t<\/div>\n\t\t\t\t\t<\/div>\n\t\t\t\t<\/div>\n\t\t\t<\/form>\n\t\t<\/section>\n\t<\/div>\n<\/div>\n<div class=\"container\">\n\n<div class=\"block-katz heading\">\n<h2>L\u2019immobilier \u00e0 Vaucresson<\/h2>\n<\/div>\n\n<div class=\"block-katz paragraph\">\n<p><strong>Vaucresson 92420 <\/strong>est une commune fran\u00e7aise dans les Hauts-de-Seine o\u00f9 il fait bon vivre. Elle offre en effet un environnement naturel, une verdure exceptionnelle avec des espaces bois\u00e9s et un cadre de vie agr\u00e9able \u00e0 ses quelque 9 000 habitants. Situ\u00e9e \u00e0 proximit\u00e9 de Versailles et de Paris, elle regroupe de nombreuses infrastructures de commerce, de march\u00e9, d\u2019\u00e9cole, de transport, etc.<\/p>\n<\/div>\n\n<div class=\"block-katz paragraph\">\n<p>L\u2019immobilier tient une place importante dans cette ville. On y retrouve des studios et des appartements T5 qui repr\u00e9sentent les meilleurs rendements locatifs avec une rentabilit\u00e9 brute moyenne de 4,3 %. Le prix du m\u00e8tre carr\u00e9 varie suivant le type de logement. Pour un appartement par exemple, il s\u2019\u00e9l\u00e8ve \u00e0 5 000 euros. Dans le cas d\u2019une maison, il est estim\u00e9 \u00e0 7\u202f500 euros. Ainsi, investir dans l\u2019<strong>immobilier \u00e0 Vaucresson<\/strong> est int\u00e9ressant pour r\u00e9aliser une bonne plus-value des biens immobiliers.<\/p>\n<\/div>\n\n<\/div>\n<div class=\"block-katz titre3photos\">\n\t<div class=\"container\">\n\t\t<div class=\"row\">\n\t\t\t\t\t\t\t<div class=\"col-12 text-center\">\n\t\t\t\t\t<h2>Un projet sur Vaucresson ?<\/h2>\n\t\t\t\t<\/div>\n\t\t\t\t\t\t\t\t<div class=\"col-md-4 col-12\">\n\t\t\t\t\t<img src=\"https:\/\/www.agencekatz.com\/agence-immobiliere\/wp-content\/uploads\/2021\/02\/appartement-neuf-400x400.png\" alt=\"Appartement neuf\" \/>\n\t\t\t\t<\/div>\n\t\t\t\t\t\t\t\t<div class=\"col-md-4 col-12\">\n\t\t\t\t\t<img src=\"https:\/\/www.agencekatz.com\/agence-immobiliere\/wp-content\/uploads\/2021\/02\/defautkatz-400x400.png\" alt=\"Katz Immobilier\" \/>\n\t\t\t\t<\/div>\n\t\t\t\t\t\t\t\t<div class=\"col-md-4 col-12\">\n\t\t\t\t\t<img src=\"https:\/\/www.agencekatz.com\/agence-immobiliere\/wp-content\/uploads\/2021\/02\/programme-neuf-400x400.jpg\" alt=\"Programme immobilier neuf\" \/>\n\t\t\t\t<\/div>\n\t\t\t\t\t\t\t\t<div class=\"col-12 text-center\">\n\t\t\t\t\t<a href=\"https:\/\/www.agencekatz.com\/contact\" class=\"link link-gold\" title=\"Contactez-nous\" target=\"_self\">Contactez-nous<\/a>\n\t\t\t\t<\/div>\n\t\t\t\t\t\t<\/div>\n\t<\/div>\n<\/div>\n<div class=\"container\">\n\n<div class=\"block-katz heading\">\n<h2>Pourquoi faire appel \u00e0 une agence immobili\u00e8re&nbsp;?<\/h2>\n<\/div>\n\n<div class=\"block-katz paragraph\">\n<p>Qu\u2019il s\u2019agisse d\u2019un achat, d\u2019une location ou d\u2019une vente, une agence immobili\u00e8re peut vous apporter de nombreux avantages. Effectivement, elle dispose d\u2019une bonne connaissance du march\u00e9 et de la r\u00e9glementation. Elle peut alors vous aider \u00e0 n\u00e9gocier les prix des biens par rapport au prix du march\u00e9. Mais ce n\u2019est pas tout ! L\u2019agence s\u2019occupe \u00e9galement de toutes les \u00e9tapes de la <strong>transaction immobili\u00e8re 92420<\/strong> en mettant en valeur votre bien mis en vente ou en trouvant rapidement le bien de votre r\u00eave. Un professionnel du domaine est \u00e0 m\u00eame de vous apporter des conseils pour r\u00e9ussir tous vos projets immobiliers.<\/p>\n<\/div>\n\n<div class=\"block-katz liens\">\n\t<div class=\"row\">\n\t\t<div class=\"col-12\">\n\t\t\t\t\t\t\t<p class=\"titre\">Nos solutions immobili\u00e8res sur Vaucresson<\/p>\n\t\t\t\t\t\t\t\t<div class=\"bloc-liens\">\n\t\t\t\t\t\t\t\t\t\t\t<div class=\"lien\">\n\t\t\t\t\t\t\t<a href=\"https:\/\/www.agencekatz.com\/agence-immobiliere\/vaucresson-92420\/maison-vaucresson\" title=\"Maison \u00e0 Vaucresson\" target=\"_self\">\n\t\t\t\t\t\t\t\tMaison \u00e0 Vaucresson\t\t\t\t\t\t\t<\/a>\n\t\t\t\t\t\t<\/div>\n\t\t\t\t\t\t\t\t\t\t\t\t<div class=\"lien\">\n\t\t\t\t\t\t\t<a href=\"https:\/\/www.agencekatz.com\/agence-immobiliere\/vaucresson-92420\/immobilier-vaucresson\" title=\"Immobilier Vaucresson\" target=\"_self\">\n\t\t\t\t\t\t\t\tImmobilier Vaucresson\t\t\t\t\t\t\t<\/a>\n\t\t\t\t\t\t<\/div>\n\t\t\t\t\t\t\t\t\t\t\t\t<div class=\"lien\">\n\t\t\t\t\t\t\t<a href=\"https:\/\/www.agencekatz.com\/agence-immobiliere\/vaucresson-92420\/appartement-vaucresson\/\" title=\"Appartement Vaucresson\" target=\"_self\">\n\t\t\t\t\t\t\t\tAppartement Vaucresson\t\t\t\t\t\t\t<\/a>\n\t\t\t\t\t\t<\/div>\n\t\t\t\t\t\t\t\t\t\t\t\t<div class=\"lien\">\n\t\t\t\t\t\t\t<a href=\"https:\/\/www.agencekatz.com\/agence-immobiliere\/vaucresson-92420\/parking-vaucresson\" title=\"Parking Vaucresson\" target=\"_self\">\n\t\t\t\t\t\t\t\tParking Vaucresson\t\t\t\t\t\t\t<\/a>\n\t\t\t\t\t\t<\/div>\n\t\t\t\t\t\t\t\t\t\t<\/div>\n\t\t\t\t\t\t<\/div>\n\t<\/div>\n<\/div>\n\n<div class=\"block-katz heading\">\n<h3>Votre agence immobili\u00e8re Katz Immobilier \u00e0 Vaucresson<\/h3>\n<\/div>\n\n<div class=\"block-katz paragraph\">\n<p>Vous avez un projet <strong>immobilier \u00e0 Vaucresson<\/strong> ? L\u2019agence immobili\u00e8re Katz Immobilier est l\u00e0 pour vous accompagner. En faisant appel \u00e0 nous, vous pouvez acheter, louer ou vendre un bien en toute confiance. D\u2019ailleurs, l\u2019<strong>agence immobili\u00e8re dans la banlieue ouest \u00e0 Vaucresson<\/strong> (92) met avant toute son expertise \u00e0 travers une \u00e9quipe qualifi\u00e9e pour vous apporter une enti\u00e8re satisfaction. Ainsi, les r\u00e9sultats obtenus ne pourront que d\u00e9passer largement vos attentes.<\/p>\n<\/div>\n\n<div class=\"block-katz paragraph\">\n<p>Depuis plus de 50 ans, Katz Immobilier est une <strong>agence immobili\u00e8re reconnue<\/strong> <strong>\u00e0 Vaucresson<\/strong>, \u00e0 Garches&#8230; Alors, n\u2019attendez plus pour nous confier votre projet immobilier \u00e0 Vaucresson.<\/p>\n<\/div>","protected":false},"excerpt":{"rendered":"<p>La transaction immobili\u00e8re est souvent une op\u00e9ration compliqu\u00e9e. D\u2019autant plus qu\u2019il n\u2019est pas toujours \u00e9vident de trouver le bien qui convient \u00e0 ses exigences et \u00e0 son budget. Faire appel \u00e0 un professionnel est alors une \u00e9tape cruciale. Vous \u00eates \u00e0 la recherche d\u2019une agence immobili\u00e8re \u00e0 Vaucresson (92) pour acheter ou vendre une maison, [&hellip;]<\/p>\n","protected":false},"author":2,"featured_media":0,"parent":0,"menu_order":0,"comment_status":"closed","ping_status":"closed","template":"","meta":[],"acf":[],"_links":{"self":[{"href":"https:\/\/www.agencekatz.com\/agence-immobiliere\/wp-json\/wp\/v2\/pages\/29347"}],"collection":[{"href":"https:\/\/www.agencekatz.com\/agence-immobiliere\/wp-json\/wp\/v2\/pages"}],"about":[{"href":"https:\/\/www.agencekatz.com\/agence-immobiliere\/wp-json\/wp\/v2\/types\/page"}],"author":[{"embeddable":true,"href":"https:\/\/www.agencekatz.com\/agence-immobiliere\/wp-json\/wp\/v2\/users\/2"}],"replies":[{"embeddable":true,"href":"https:\/\/www.agencekatz.com\/agence-immobiliere\/wp-json\/wp\/v2\/comments?post=29347"}],"version-history":[{"count":11,"href":"https:\/\/www.agencekatz.com\/agence-immobiliere\/wp-json\/wp\/v2\/pages\/29347\/revisions"}],"predecessor-version":[{"id":29398,"href":"https:\/\/www.agencekatz.com\/agence-immobiliere\/wp-json\/wp\/v2\/pages\/29347\/revisions\/29398"}],"wp:attachment":[{"href":"https:\/\/www.agencekatz.com\/agence-immobiliere\/wp-json\/wp\/v2\/media?parent=29347"}],"curies":[{"name":"wp","href":"https:\/\/api.w.org\/{rel}","templated":true}]}}