{"id":29292,"date":"2021-04-07T10:44:35","date_gmt":"2021-04-07T08:44:35","guid":{"rendered":"https:\/\/www.agencekatz.com\/agence-immobiliere\/?page_id=29292"},"modified":"2021-05-03T10:44:26","modified_gmt":"2021-05-03T08:44:26","slug":"programme-immobilier-saint-cloud","status":"publish","type":"page","link":"https:\/\/www.agencekatz.com\/agence-immobiliere\/saint-cloud-92210\/programme-immobilier-saint-cloud\/","title":{"rendered":"Programme immobilier Saint-Cloud avec KATZ"},"content":{"rendered":"<div class=\"block-katz paragraph\">\n<p>Construire une maison ou miser sur un logement neuf, \u00e0 chacun d\u2019opter pour ce qui lui correspond le mieux. Quoi qu\u2019il en soit, il est indispensable de suivre des \u00e9tapes pour mener \u00e0 bien son <strong>programme immobilier \u00e0 Saint-Cloud<\/strong>. De plus, l\u2019accompagnement d\u2019un sp\u00e9cialiste comme Katz Immobilier a toujours son int\u00e9r\u00eat dans le cadre de ce type d\u2019op\u00e9ration.<\/p>\n<\/div>\n\n<\/div>\n<div class=\"block-katz titre3photos\">\n\t<div class=\"container\">\n\t\t<div class=\"row\">\n\t\t\t\t\t\t\t<div class=\"col-12 text-center\">\n\t\t\t\t\t<h2>Un projet immobilier \u00e0 St-Cloud ?<\/h2>\n\t\t\t\t<\/div>\n\t\t\t\t\t\t\t\t<div class=\"col-md-4 col-12\">\n\t\t\t\t\t<img src=\"https:\/\/www.agencekatz.com\/agence-immobiliere\/wp-content\/uploads\/2021\/02\/appartement-neuf-400x400.png\" alt=\"Appartement neuf\" \/>\n\t\t\t\t<\/div>\n\t\t\t\t\t\t\t\t<div class=\"col-md-4 col-12\">\n\t\t\t\t\t<img src=\"https:\/\/www.agencekatz.com\/agence-immobiliere\/wp-content\/uploads\/2021\/02\/defautkatz-400x400.png\" alt=\"Katz Immobilier\" \/>\n\t\t\t\t<\/div>\n\t\t\t\t\t\t\t\t<div class=\"col-md-4 col-12\">\n\t\t\t\t\t<img src=\"https:\/\/www.agencekatz.com\/agence-immobiliere\/wp-content\/uploads\/2021\/02\/programme-neuf-400x400.jpg\" alt=\"Programme immobilier neuf\" \/>\n\t\t\t\t<\/div>\n\t\t\t\t\t\t\t\t<div class=\"col-12 text-center\">\n\t\t\t\t\t<a href=\"https:\/\/www.agencekatz.com\/contact\" class=\"link link-gold\" title=\"Contactez-nous\" target=\"_self\">Contactez-nous<\/a>\n\t\t\t\t<\/div>\n\t\t\t\t\t\t<\/div>\n\t<\/div>\n<\/div>\n<div class=\"container\">\n\n<div class=\"block-katz heading\">\n<h2>Investir dans le secteur immobilier \u00e0 Saint-Cloud&nbsp;: les avantages<\/h2>\n<\/div>\n\n<div class=\"block-katz paragraph\">\n<p>S\u2019il faut d\u00e9penser de l\u2019argent, autant miser l\u00e0 o\u00f9 c\u2019est le plus b\u00e9n\u00e9fique. D\u2019autant plus qu\u2019il s\u2019agit de notre <strong>r\u00e9sidence<\/strong>. Saint-Cloud pr\u00e9sente tous les atouts recherch\u00e9s pour rentabiliser. Elle combine s\u00e9curit\u00e9 et convivialit\u00e9. En effet, la ville est c\u00e9l\u00e8bre pour la commodit\u00e9 qu\u2019elle offre. Gr\u00e2ce \u00e0 son emplacement, transports, commerces et \u00e9tablissements scolaires sont accessibles \u00e0 proximit\u00e9.<\/p>\n<\/div>\n\n<div class=\"block-katz paragraph\">\n<p>Outre le confort, l\u2019aspect esth\u00e9tique n\u2019est pas non plus en reste. L\u2019architecture des belles maisons rajoute un charme in\u00e9galable \u00e0 la commune, sans compter les nombreux espaces verts existants. D\u2019ailleurs, ils sont bien entretenus. C\u2019est pourquoi elle constitue un excellent choix pour <strong>b\u00e2tir un bien immobilier neuf 92210 destin\u00e9 \u00e0 la location<\/strong>. Qui plus est, le march\u00e9 de l\u2019immobilier y est tr\u00e8s prosp\u00e8re. <\/p>\n<\/div>\n\n<\/div>\n<div class=\"block-katz moteurrecherche\">\n\t<div id=\"buy-location\">\n\t\t<section class=\"filter-search mt-md\">\n\t\t\t<form name=\"katz_search\" method=\"get\" id=\"search-form\" action=\"https:\/\/www.agencekatz.com\/acheter-appartement-maison#search-form\">\n\t\t\t\t<div class=\"container\">\n\t\t\t\t\t<p class=\"font-lato-bold font-size-26 color-blue text-uppercase text-center letter-spacing-400\">\n\t\t\t\t\t\tVous cherchez un bien sur Saint-Cloud ? \t\t\t\t\t<\/p>\n\t\t\t\t\t<div class=\"row\">\n\t\t\t\t\t\t<div class=\"col-lg-10 offset-lg-1\">\n\t\t\t\t\t\t\t<div class=\"container-fluid selector-container mt-md mb-sm\">\n\t\t\t\t\t\t\t\t<div class=\"row no-gutters\">\n\t\t\t\t\t\t\t\t\t<div class=\"col-lg-6\">\n\t\t\t\t\t\t\t\t\t\t<div class=\"switch d-flex \">\n\t\t\t\t\t\t\t\t\t\t\t<a href=\"https:\/\/www.agencekatz.com\/acheter-appartement-maison\" class=\"link-elmt active\" target=\"_self\">\n\t\t\t\t\t\t\t\t\t\t\t\tAchat\n\t\t\t\t\t\t\t\t\t\t\t<\/a>\n\t\t\t\t\t\t\t\t\t\t\t<a href=\"https:\/\/www.agencekatz.com\/location-appartement-maison\" class=\"link-elmt \" target=\"_self\">\n\t\t\t\t\t\t\t\t\t\t\t\tLouer\n\t\t\t\t\t\t\t\t\t\t\t<\/a>\n\t\t\t\t\t\t\t\t\t\t<\/div>\n\t\t\t\t\t\t\t\t\t<\/div>\n\t\t\t\t\t\t\t\t\t<div class=\"col-lg-6 input-search\">\n\t\t\t\t\t\t\t\t\t\t<select id=\"katz_search_place\" name=\"katz_search[place]\" class=\"select-two\" placeholder=\"Ville, Code postal...\">\n\t\t\t\t\t\t\t\t\t\t\t<option value=\"\"><\/option>\n\t\t\t\t\t\t\t\t\t\t\t<option value=\"Beynes\" selected=\"selected\">Beynes &#8211; 78650<\/option>\n\t\t\t\t\t\t\t\t\t\t\t<option value=\"Bougival\">Bougival &#8211; 78380<\/option>\n\t\t\t\t\t\t\t\t\t\t\t<option value=\"Garches\">Garches &#8211; 92380<\/option>\n\t\t\t\t\t\t\t\t\t\t\t<option value=\"Goupilli\u00e8res\">Goupilli\u00e8res &#8211; 78770<\/option>\n\t\t\t\t\t\t\t\t\t\t\t<option value=\"Issy-les-Moulineaux\">Issy-les-Moulineaux &#8211; 92130<\/option>\n\t\t\t\t\t\t\t\t\t\t\t<option value=\"La Celle-Saint-Cloud\">La Celle-Saint-Cloud &#8211; 78170<\/option>\n\t\t\t\t\t\t\t\t\t\t\t<option value=\"Marnes-la-Coquette\">Marnes-la-Coquette &#8211; 92430<\/option>\n\t\t\t\t\t\t\t\t\t\t\t<option value=\"Montrouge\">Montrouge &#8211; 92120<\/option>\n\t\t\t\t\t\t\t\t\t\t\t<option value=\"Paris\">Paris &#8211; 75018<\/option>\n\t\t\t\t\t\t\t\t\t\t\t<option value=\"Paris 18\">Paris 18 &#8211; 75018<\/option>\n\t\t\t\t\t\t\t\t\t\t\t<option value=\"Vaucresson\">Vaucresson &#8211; 92420<\/option>\n\t\t\t\t\t\t\t\t\t\t\t<option value=\"Ville-d&#039;Avray\">Ville-d&#039;Avray &#8211; 92410<\/option>\n\t\t\t\t\t\t\t\t\t\t<\/select>\n\t\t\t\t\t\t\t\t\t<\/div>\n\t\t\t\t\t\t\t\t<\/div>\n\t\t\t\t\t\t\t<\/div>\n\t\t\t\t\t\t<\/div>\n\t\t\t\t\t<\/div>\n\t\t\t\t<\/div>\n\t\t\t\t<div class=\"container-fluid py-sm bg-blue color-white text-center\">\n\t\t\t\t\t<div class=\"container\">\n\t\t\t\t\t\t<div class=\"col-md-10 offset-md-1 col-12\">\n\t\t\t\t\t\t\t<div class=\"filter d-flex justify-content-between\">\n\t\t\t\t\t\t\t\t<select id=\"katz_search_typeOffre\" name=\"katz_search[typeOffre]\">\n\t\t\t\t\t\t\t\t\t<option value=\"\">Type de bien<\/option>\n\t\t\t\t\t\t\t\t\t<option value=\"1\">Appartement<\/option>\n\t\t\t\t\t\t\t\t\t<option value=\"2\">Maison<\/option>\n\t\t\t\t\t\t\t\t\t<option value=\"5\">Local<\/option>\n\t\t\t\t\t\t\t\t\t<option value=\"7\">Parking<\/option>\n\t\t\t\t\t\t\t\t\t<option value=\"3\">Terrain<\/option>\n\t\t\t\t\t\t\t\t\t<option value=\"4\">Immeuble<\/option>\n\t\t\t\t\t\t\t\t<\/select>\n\t\t\t\t\t\t\t\t<select id=\"katz_search_nbPieces\" name=\"katz_search[nbPieces]\">\n\t\t\t\t\t\t\t\t\t<option value=\"\">Pi\u00e8ces<\/option>\n\t\t\t\t\t\t\t\t\t<option value=\"1\">1<\/option>\n\t\t\t\t\t\t\t\t\t<option value=\"2\">2<\/option>\n\t\t\t\t\t\t\t\t\t<option value=\"3\">3<\/option>\n\t\t\t\t\t\t\t\t\t<option value=\"4\">4<\/option>\n\t\t\t\t\t\t\t\t\t<option value=\"5\">5 et +<\/option>\n\t\t\t\t\t\t\t\t<\/select>\n\t\t\t\t\t\t\t\t<div class=\"filter-item\">\n\t\t\t\t\t\t\t\t\t<span>Surface:<\/span>\n\t\t\t\t\t\t\t\t\t<input type=\"number\" id=\"katz_search_surfHabMin\" name=\"katz_search[surfHabMin]\" placeholder=\"min\" min=\"0\" value=\"\" \/>\n\t\t\t\t\t\t\t\t\t<input type=\"number\" id=\"katz_search_surfHabMax\" name=\"katz_search[surfHabMax]\" placeholder=\"max\" min=\"0\" value=\"\" \/>\n\t\t\t\t\t\t\t\t<\/div>\n\t\t\t\t\t\t\t\t<div class=\"filter-item\">\n\t\t\t\t\t\t\t\t\t<span>Prix:<\/span>\n\t\t\t\t\t\t\t\t\t<input type=\"number\" id=\"katz_search_prixMin\" name=\"katz_search[prixMin]\" placeholder=\"min\" min=\"0\" value=\"\" \/>\n\t\t\t\t\t\t\t\t\t<input type=\"number\" id=\"katz_search_prixMax\" name=\"katz_search[prixMax]\" placeholder=\"max\" min=\"0\" value=\"\" \/>\n\t\t\t\t\t\t\t\t<\/div>\n\t\t\t\t\t\t\t<\/div>\n\t\t\t\t\t\t<\/div>\n\t\t\t\t\t<\/div>\n\t\t\t\t<\/div>\n\t\t\t\t<div class=\"container\">\n\t\t\t\t\t<div class=\"row\">\n\t\t\t\t\t\t<div class=\"col-lg-10 offset-lg-1 text-right\">\n\t\t\t\t\t\t\t<div class=\"link-elmt submit mt-sm\" id=\"submit-button-search-form\">Rechercher<\/div>\n\t\t\t\t\t\t<\/div>\n\t\t\t\t\t<\/div>\n\t\t\t\t<\/div>\n\t\t\t<\/form>\n\t\t<\/section>\n\t<\/div>\n<\/div>\n<div class=\"container\">\n\n<div class=\"block-katz heading\">\n<h3>R\u00e9ussir efficacement son programme immobilier Saint-Cloud\u202favec Katz Immobilier<\/h3>\n<\/div>\n\n<div class=\"block-katz paragraph\">\n<p>Comme mentionn\u00e9 pr\u00e9c\u00e9demment, un programme immobilier \u00e0 Saint-Cloud doit \u00eatre bien \u00e9tudi\u00e9 avant d\u2019\u00eatre mat\u00e9rialis\u00e9. Voici les indispensables \u00e0 conna\u00eetre&nbsp;: <\/p>\n<\/div>\n\n\n<ul><li>La d\u00e9finition du projet<\/li><li>La recherche du foncier<\/li><li>La commercialisation<\/li><li>La construction <\/li><li>Et enfin la livraison<\/li><\/ul>\n\n\n<div class=\"block-katz paragraph\">\n<p>D\u2019ailleurs, en parlant du territoire, le choix du lieu se r\u00e9v\u00e8le primordial. Effectivement, certains se montrent plus favorables \u00e0 ce projet que d\u2019autres. D\u2019o\u00f9 l\u2019int\u00e9r\u00eat de solliciter l\u2019aide d\u2019un sp\u00e9cialiste de la promotion immobili\u00e8re pour vous aider. Via un <strong>programme immobilier \u00e0 La Celle Saint-Cloud<\/strong> ou ailleurs.<\/p>\n<\/div>\n\n<div class=\"block-katz liens\">\n\t<div class=\"row\">\n\t\t<div class=\"col-12\">\n\t\t\t\t\t\t\t<p class=\"titre\">Nos solutions immobili\u00e8res sur Saint-Cloud<\/p>\n\t\t\t\t\t\t\t\t<div class=\"bloc-liens\">\n\t\t\t\t\t\t\t\t\t\t\t<div class=\"lien\">\n\t\t\t\t\t\t\t<a href=\"https:\/\/www.agencekatz.com\/agence-immobiliere\/saint-cloud-92210\/immobilier-saint-cloud\/\" title=\"Immobilier Saint-Cloud\" target=\"_self\">\n\t\t\t\t\t\t\t\tImmobilier Saint-Cloud\t\t\t\t\t\t\t<\/a>\n\t\t\t\t\t\t<\/div>\n\t\t\t\t\t\t\t\t\t\t\t\t<div class=\"lien\">\n\t\t\t\t\t\t\t<a href=\"https:\/\/www.agencekatz.com\/agence-immobiliere\/saint-cloud-92210\/\" title=\"Agence immobili\u00e8re Saint-Cloud\" target=\"_self\">\n\t\t\t\t\t\t\t\tAgence immobili\u00e8re Saint-Cloud\t\t\t\t\t\t\t<\/a>\n\t\t\t\t\t\t<\/div>\n\t\t\t\t\t\t\t\t\t\t\t\t<div class=\"lien\">\n\t\t\t\t\t\t\t<a href=\"https:\/\/www.agencekatz.com\/agence-immobiliere\/saint-cloud-92210\/maison-saint-cloud\/\" title=\"Maison Saint-Cloud\" target=\"_self\">\n\t\t\t\t\t\t\t\tMaison Saint-Cloud\t\t\t\t\t\t\t<\/a>\n\t\t\t\t\t\t<\/div>\n\t\t\t\t\t\t\t\t\t\t\t\t<div class=\"lien\">\n\t\t\t\t\t\t\t<a href=\"https:\/\/www.agencekatz.com\/agence-immobiliere\/saint-cloud-92210\/appartement-saint-cloud\/\" title=\"Appartement Saint-Cloud\" target=\"_self\">\n\t\t\t\t\t\t\t\tAppartement Saint-Cloud\t\t\t\t\t\t\t<\/a>\n\t\t\t\t\t\t<\/div>\n\t\t\t\t\t\t\t\t\t\t\t\t<div class=\"lien\">\n\t\t\t\t\t\t\t<a href=\"https:\/\/www.agencekatz.com\/agence-immobiliere\/saint-cloud-92210\/location-appartement-saint-cloud\/\" title=\"Location appartement Saint-Cloud\" target=\"_self\">\n\t\t\t\t\t\t\t\tLocation appartement Saint-Cloud\t\t\t\t\t\t\t<\/a>\n\t\t\t\t\t\t<\/div>\n\t\t\t\t\t\t\t\t\t\t\t\t<div class=\"lien\">\n\t\t\t\t\t\t\t<a href=\"https:\/\/www.agencekatz.com\/agence-immobiliere\/saint-cloud-92210\/maison-vendre-saint-cloud\/\" title=\"Maison \u00e0 vendre Saint-Cloud\" target=\"_self\">\n\t\t\t\t\t\t\t\tMaison \u00e0 vendre Saint-Cloud\t\t\t\t\t\t\t<\/a>\n\t\t\t\t\t\t<\/div>\n\t\t\t\t\t\t\t\t\t\t\t\t<div class=\"lien\">\n\t\t\t\t\t\t\t<a href=\"https:\/\/www.agencekatz.com\/agence-immobiliere\/saint-cloud-92210\/achat-appartement-saint-cloud\/\" title=\"Achat appartement Saint-Cloud\" target=\"_self\">\n\t\t\t\t\t\t\t\tAchat appartement Saint-Cloud\t\t\t\t\t\t\t<\/a>\n\t\t\t\t\t\t<\/div>\n\t\t\t\t\t\t\t\t\t\t\t\t<div class=\"lien\">\n\t\t\t\t\t\t\t<a href=\"https:\/\/www.agencekatz.com\/agence-immobiliere\/saint-cloud-92210\/achat-maison-saint-cloud\/\" title=\"Achat maison Saint-Cloud\" target=\"_self\">\n\t\t\t\t\t\t\t\tAchat maison Saint-Cloud\t\t\t\t\t\t\t<\/a>\n\t\t\t\t\t\t<\/div>\n\t\t\t\t\t\t\t\t\t\t\t\t<div class=\"lien\">\n\t\t\t\t\t\t\t<a href=\"https:\/\/www.agencekatz.com\/agence-immobiliere\/saint-cloud-92210\/appartement-vendre-saint-cloud\/\" title=\"Appartement \u00e0 vendre Saint-Cloud\" target=\"_self\">\n\t\t\t\t\t\t\t\tAppartement \u00e0 vendre Saint-Cloud\t\t\t\t\t\t\t<\/a>\n\t\t\t\t\t\t<\/div>\n\t\t\t\t\t\t\t\t\t\t\t\t<div class=\"lien\">\n\t\t\t\t\t\t\t<a href=\"https:\/\/www.agencekatz.com\/agence-immobiliere\/saint-cloud-92210\/vente-appartement-saint-cloud\/\" title=\"Vente appartement Saint-Cloud\" target=\"_self\">\n\t\t\t\t\t\t\t\tVente appartement Saint-Cloud\t\t\t\t\t\t\t<\/a>\n\t\t\t\t\t\t<\/div>\n\t\t\t\t\t\t\t\t\t\t\t\t<div class=\"lien\">\n\t\t\t\t\t\t\t<a href=\"https:\/\/www.agencekatz.com\/agence-immobiliere\/saint-cloud-92210\/vente-maison-saint-cloud\/\" title=\"Vente maison Saint-Cloud\" target=\"_self\">\n\t\t\t\t\t\t\t\tVente maison Saint-Cloud\t\t\t\t\t\t\t<\/a>\n\t\t\t\t\t\t<\/div>\n\t\t\t\t\t\t\t\t\t\t\t\t<div class=\"lien\">\n\t\t\t\t\t\t\t<a href=\"https:\/\/www.agencekatz.com\/agence-immobiliere\/saint-cloud-92210\/maison-louer-saint-cloud\/\" title=\"Maison \u00e0 louer Saint-Cloud\" target=\"_self\">\n\t\t\t\t\t\t\t\tMaison \u00e0 louer Saint-Cloud\t\t\t\t\t\t\t<\/a>\n\t\t\t\t\t\t<\/div>\n\t\t\t\t\t\t\t\t\t\t\t\t<div class=\"lien\">\n\t\t\t\t\t\t\t<a href=\"https:\/\/www.agencekatz.com\/agence-immobiliere\/saint-cloud-92210\/location-maison-saint-cloud\/\" title=\"Location maison Saint-Cloud\" target=\"_self\">\n\t\t\t\t\t\t\t\tLocation maison Saint-Cloud\t\t\t\t\t\t\t<\/a>\n\t\t\t\t\t\t<\/div>\n\t\t\t\t\t\t\t\t\t\t<\/div>\n\t\t\t\t\t\t<\/div>\n\t<\/div>\n<\/div>\n\n<div class=\"block-katz paragraph\">\n<p>Peu importe le type de bien immobilier que vous souhaitez r\u00e9habiliter ou construire, Katz Immobilier est le partenaire id\u00e9al pour atteindre vos objectifs avec succ\u00e8s. Nous sommes \u00e0 l\u2019\u00e9coute de vos besoins et assurons la bonne r\u00e9alisation de votre<strong> programme immobilier neuf \u00e0 Saint-Cloud<\/strong>, jusqu\u2019au moindre d\u00e9tail. Mais aussi du c\u00f4t\u00e9 de Versailles.<\/p>\n<\/div>","protected":false},"excerpt":{"rendered":"<p>Construire une maison ou miser sur un logement neuf, \u00e0 chacun d\u2019opter pour ce qui lui correspond le mieux. Quoi qu\u2019il en soit, il est indispensable de suivre des \u00e9tapes pour mener \u00e0 bien son programme immobilier \u00e0 Saint-Cloud. De plus, l\u2019accompagnement d\u2019un sp\u00e9cialiste comme Katz Immobilier a toujours son int\u00e9r\u00eat dans le cadre de [&hellip;]<\/p>\n","protected":false},"author":2,"featured_media":0,"parent":29265,"menu_order":0,"comment_status":"closed","ping_status":"closed","template":"","meta":[],"acf":[],"_links":{"self":[{"href":"https:\/\/www.agencekatz.com\/agence-immobiliere\/wp-json\/wp\/v2\/pages\/29292"}],"collection":[{"href":"https:\/\/www.agencekatz.com\/agence-immobiliere\/wp-json\/wp\/v2\/pages"}],"about":[{"href":"https:\/\/www.agencekatz.com\/agence-immobiliere\/wp-json\/wp\/v2\/types\/page"}],"author":[{"embeddable":true,"href":"https:\/\/www.agencekatz.com\/agence-immobiliere\/wp-json\/wp\/v2\/users\/2"}],"replies":[{"embeddable":true,"href":"https:\/\/www.agencekatz.com\/agence-immobiliere\/wp-json\/wp\/v2\/comments?post=29292"}],"version-history":[{"count":9,"href":"https:\/\/www.agencekatz.com\/agence-immobiliere\/wp-json\/wp\/v2\/pages\/29292\/revisions"}],"predecessor-version":[{"id":29479,"href":"https:\/\/www.agencekatz.com\/agence-immobiliere\/wp-json\/wp\/v2\/pages\/29292\/revisions\/29479"}],"up":[{"embeddable":true,"href":"https:\/\/www.agencekatz.com\/agence-immobiliere\/wp-json\/wp\/v2\/pages\/29265"}],"wp:attachment":[{"href":"https:\/\/www.agencekatz.com\/agence-immobiliere\/wp-json\/wp\/v2\/media?parent=29292"}],"curies":[{"name":"wp","href":"https:\/\/api.w.org\/{rel}","templated":true}]}}