{"id":29277,"date":"2021-04-02T13:48:12","date_gmt":"2021-04-02T11:48:12","guid":{"rendered":"https:\/\/www.agencekatz.com\/agence-immobiliere\/?page_id=29277"},"modified":"2021-05-03T10:42:10","modified_gmt":"2021-05-03T08:42:10","slug":"appartement-saint-cloud","status":"publish","type":"page","link":"https:\/\/www.agencekatz.com\/agence-immobiliere\/saint-cloud-92210\/appartement-saint-cloud\/","title":{"rendered":"Appartement Saint-Cloud"},"content":{"rendered":"<div class=\"block-katz paragraph\">\n<p>Vous souhaitez d\u00e9m\u00e9nager ou investir dans un quartier chic, s\u00e9curis\u00e9, mais \u00e9galement anim\u00e9&nbsp;? <strong>Appartement Saint-Cloud<\/strong> (92210) est un terme de recherche qui fait r\u00eaver de nombreux Franciliens. Que vous d\u00e9siriez trouver un <strong>appartement \u00e0 vendre \u00e0 Saint-Cloud<\/strong> ou une location, nous vous accompagnerons dans la r\u00e9alisation de votre projet immobilier.<\/p>\n<\/div>\n\n<\/div>\n<div class=\"block-katz moteurrecherche\">\n\t<div id=\"buy-location\">\n\t\t<section class=\"filter-search mt-md\">\n\t\t\t<form name=\"katz_search\" method=\"get\" id=\"search-form\" action=\"https:\/\/www.agencekatz.com\/acheter-appartement-maison#search-form\">\n\t\t\t\t<div class=\"container\">\n\t\t\t\t\t<p class=\"font-lato-bold font-size-26 color-blue text-uppercase text-center letter-spacing-400\">\n\t\t\t\t\t\tAppartement Saint-Cloud \u00e0 vendre ou \u00e0 louer ? \t\t\t\t\t<\/p>\n\t\t\t\t\t<div class=\"row\">\n\t\t\t\t\t\t<div class=\"col-lg-10 offset-lg-1\">\n\t\t\t\t\t\t\t<div class=\"container-fluid selector-container mt-md mb-sm\">\n\t\t\t\t\t\t\t\t<div class=\"row no-gutters\">\n\t\t\t\t\t\t\t\t\t<div class=\"col-lg-6\">\n\t\t\t\t\t\t\t\t\t\t<div class=\"switch d-flex \">\n\t\t\t\t\t\t\t\t\t\t\t<a href=\"https:\/\/www.agencekatz.com\/acheter-appartement-maison\" class=\"link-elmt active\" target=\"_self\">\n\t\t\t\t\t\t\t\t\t\t\t\tAchat\n\t\t\t\t\t\t\t\t\t\t\t<\/a>\n\t\t\t\t\t\t\t\t\t\t\t<a href=\"https:\/\/www.agencekatz.com\/location-appartement-maison\" class=\"link-elmt \" target=\"_self\">\n\t\t\t\t\t\t\t\t\t\t\t\tLouer\n\t\t\t\t\t\t\t\t\t\t\t<\/a>\n\t\t\t\t\t\t\t\t\t\t<\/div>\n\t\t\t\t\t\t\t\t\t<\/div>\n\t\t\t\t\t\t\t\t\t<div class=\"col-lg-6 input-search\">\n\t\t\t\t\t\t\t\t\t\t<select id=\"katz_search_place\" name=\"katz_search[place]\" class=\"select-two\" placeholder=\"Ville, Code postal...\">\n\t\t\t\t\t\t\t\t\t\t\t<option value=\"\"><\/option>\n\t\t\t\t\t\t\t\t\t\t\t<option value=\"Beynes\" selected=\"selected\">Beynes &#8211; 78650<\/option>\n\t\t\t\t\t\t\t\t\t\t\t<option value=\"Bougival\">Bougival &#8211; 78380<\/option>\n\t\t\t\t\t\t\t\t\t\t\t<option value=\"Garches\">Garches &#8211; 92380<\/option>\n\t\t\t\t\t\t\t\t\t\t\t<option value=\"Goupilli\u00e8res\">Goupilli\u00e8res &#8211; 78770<\/option>\n\t\t\t\t\t\t\t\t\t\t\t<option value=\"Issy-les-Moulineaux\">Issy-les-Moulineaux &#8211; 92130<\/option>\n\t\t\t\t\t\t\t\t\t\t\t<option value=\"La Celle-Saint-Cloud\">La Celle-Saint-Cloud &#8211; 78170<\/option>\n\t\t\t\t\t\t\t\t\t\t\t<option value=\"Marnes-la-Coquette\">Marnes-la-Coquette &#8211; 92430<\/option>\n\t\t\t\t\t\t\t\t\t\t\t<option value=\"Montrouge\">Montrouge &#8211; 92120<\/option>\n\t\t\t\t\t\t\t\t\t\t\t<option value=\"Paris\">Paris &#8211; 75018<\/option>\n\t\t\t\t\t\t\t\t\t\t\t<option value=\"Paris 18\">Paris 18 &#8211; 75018<\/option>\n\t\t\t\t\t\t\t\t\t\t\t<option value=\"Vaucresson\">Vaucresson &#8211; 92420<\/option>\n\t\t\t\t\t\t\t\t\t\t\t<option value=\"Ville-d&#039;Avray\">Ville-d&#039;Avray &#8211; 92410<\/option>\n\t\t\t\t\t\t\t\t\t\t<\/select>\n\t\t\t\t\t\t\t\t\t<\/div>\n\t\t\t\t\t\t\t\t<\/div>\n\t\t\t\t\t\t\t<\/div>\n\t\t\t\t\t\t<\/div>\n\t\t\t\t\t<\/div>\n\t\t\t\t<\/div>\n\t\t\t\t<div class=\"container-fluid py-sm bg-blue color-white text-center\">\n\t\t\t\t\t<div class=\"container\">\n\t\t\t\t\t\t<div class=\"col-md-10 offset-md-1 col-12\">\n\t\t\t\t\t\t\t<div class=\"filter d-flex justify-content-between\">\n\t\t\t\t\t\t\t\t<select id=\"katz_search_typeOffre\" name=\"katz_search[typeOffre]\">\n\t\t\t\t\t\t\t\t\t<option value=\"\">Type de bien<\/option>\n\t\t\t\t\t\t\t\t\t<option value=\"1\">Appartement<\/option>\n\t\t\t\t\t\t\t\t\t<option value=\"2\">Maison<\/option>\n\t\t\t\t\t\t\t\t\t<option value=\"5\">Local<\/option>\n\t\t\t\t\t\t\t\t\t<option value=\"7\">Parking<\/option>\n\t\t\t\t\t\t\t\t\t<option value=\"3\">Terrain<\/option>\n\t\t\t\t\t\t\t\t\t<option value=\"4\">Immeuble<\/option>\n\t\t\t\t\t\t\t\t<\/select>\n\t\t\t\t\t\t\t\t<select id=\"katz_search_nbPieces\" name=\"katz_search[nbPieces]\">\n\t\t\t\t\t\t\t\t\t<option value=\"\">Pi\u00e8ces<\/option>\n\t\t\t\t\t\t\t\t\t<option value=\"1\">1<\/option>\n\t\t\t\t\t\t\t\t\t<option value=\"2\">2<\/option>\n\t\t\t\t\t\t\t\t\t<option value=\"3\">3<\/option>\n\t\t\t\t\t\t\t\t\t<option value=\"4\">4<\/option>\n\t\t\t\t\t\t\t\t\t<option value=\"5\">5 et +<\/option>\n\t\t\t\t\t\t\t\t<\/select>\n\t\t\t\t\t\t\t\t<div class=\"filter-item\">\n\t\t\t\t\t\t\t\t\t<span>Surface:<\/span>\n\t\t\t\t\t\t\t\t\t<input type=\"number\" id=\"katz_search_surfHabMin\" name=\"katz_search[surfHabMin]\" placeholder=\"min\" min=\"0\" value=\"\" \/>\n\t\t\t\t\t\t\t\t\t<input type=\"number\" id=\"katz_search_surfHabMax\" name=\"katz_search[surfHabMax]\" placeholder=\"max\" min=\"0\" value=\"\" \/>\n\t\t\t\t\t\t\t\t<\/div>\n\t\t\t\t\t\t\t\t<div class=\"filter-item\">\n\t\t\t\t\t\t\t\t\t<span>Prix:<\/span>\n\t\t\t\t\t\t\t\t\t<input type=\"number\" id=\"katz_search_prixMin\" name=\"katz_search[prixMin]\" placeholder=\"min\" min=\"0\" value=\"\" \/>\n\t\t\t\t\t\t\t\t\t<input type=\"number\" id=\"katz_search_prixMax\" name=\"katz_search[prixMax]\" placeholder=\"max\" min=\"0\" value=\"\" \/>\n\t\t\t\t\t\t\t\t<\/div>\n\t\t\t\t\t\t\t<\/div>\n\t\t\t\t\t\t<\/div>\n\t\t\t\t\t<\/div>\n\t\t\t\t<\/div>\n\t\t\t\t<div class=\"container\">\n\t\t\t\t\t<div class=\"row\">\n\t\t\t\t\t\t<div class=\"col-lg-10 offset-lg-1 text-right\">\n\t\t\t\t\t\t\t<div class=\"link-elmt submit mt-sm\" id=\"submit-button-search-form\">Rechercher<\/div>\n\t\t\t\t\t\t<\/div>\n\t\t\t\t\t<\/div>\n\t\t\t\t<\/div>\n\t\t\t<\/form>\n\t\t<\/section>\n\t<\/div>\n<\/div>\n<div class=\"container\">\n\n<div class=\"block-katz heading\">\n<h2>Les bonnes raisons de s\u2019installer \u00e0 Saint-Cloud<\/h2>\n<\/div>\n\n<div class=\"block-katz paragraph\">\n<p>\u00c0 une dizaine de kilom\u00e8tres du centre de la capitale, Saint-Cloud offre un cadre \u00e0 la fois urbain et vert. Cette commune ne manque pas d\u2019activit\u00e9s tout au long de l\u2019ann\u00e9e. Elle jouit \u00e9galement de toutes les commodit\u00e9s&nbsp;: \u00e9coles, commerces, m\u00e9decins ainsi qu\u2019un march\u00e9 du travail tr\u00e8s actif.<\/p>\n<\/div>\n\n<div class=\"block-katz paragraph\">\n<p>Si vous souhaitez y acheter un <strong>appartement en vente \u00e0 St-Cloud<\/strong>, vous ne risquez pas de vous ennuyer, car la commune compte plusieurs clubs et associations sportives, des salles de sport, gymnases, stades, courts de tennis, une piscine, un hippodrome, un golf et un skate parc. Une fois que vous aurez d\u00e9cid\u00e9 de vous y installer, vous aurez le choix entre des lieux calmes comme Fouilleuse ou Pasteur, ou bien des quartiers pleins de vie tels que Coteaux.<\/p>\n<\/div>\n\n<div class=\"block-katz paragraph\">\n<p>Du reste, la ville est desservie par le train \u00e0 la gare de Saint-Cloud et \u00e0 la gare Val D&rsquo;Or ainsi que par diverses lignes de bus. Autant d\u2019arguments pour r\u00e9aliser votre <strong>achat d\u2019appartement \u00e0 Saint-Cloud<\/strong>.<\/p>\n<\/div>\n\n<\/div>\n<div class=\"block-katz titre3photos\">\n\t<div class=\"container\">\n\t\t<div class=\"row\">\n\t\t\t\t\t\t\t<div class=\"col-12 text-center\">\n\t\t\t\t\t<h2>Trouver votre appartement \u00e0 Saint-Cloud (location &#8211; vente)<\/h2>\n\t\t\t\t<\/div>\n\t\t\t\t\t\t\t\t<div class=\"col-md-4 col-12\">\n\t\t\t\t\t<img src=\"https:\/\/www.agencekatz.com\/agence-immobiliere\/wp-content\/uploads\/2021\/02\/appartement-neuf-400x400.png\" alt=\"Appartement neuf\" \/>\n\t\t\t\t<\/div>\n\t\t\t\t\t\t\t\t<div class=\"col-md-4 col-12\">\n\t\t\t\t\t<img src=\"https:\/\/www.agencekatz.com\/agence-immobiliere\/wp-content\/uploads\/2021\/02\/defautkatz-400x400.png\" alt=\"Katz Immobilier\" \/>\n\t\t\t\t<\/div>\n\t\t\t\t\t\t\t\t<div class=\"col-md-4 col-12\">\n\t\t\t\t\t<img src=\"https:\/\/www.agencekatz.com\/agence-immobiliere\/wp-content\/uploads\/2021\/02\/programme-neuf-400x400.jpg\" alt=\"Programme immobilier neuf\" \/>\n\t\t\t\t<\/div>\n\t\t\t\t\t\t\t\t<div class=\"col-12 text-center\">\n\t\t\t\t\t<a href=\"https:\/\/www.agencekatz.com\/contact\" class=\"link link-gold\" title=\"Contactez-nous\" target=\"_self\">Contactez-nous<\/a>\n\t\t\t\t<\/div>\n\t\t\t\t\t\t<\/div>\n\t<\/div>\n<\/div>\n<div class=\"container\">\n\n<div class=\"block-katz heading\">\n<h3>Pourquoi choisir KATZ Immobilier pour trouver un appartement \u00e0 Saint-Cloud&nbsp;?<\/h3>\n<\/div>\n\n<div class=\"block-katz paragraph\">\n<p>KATZ Immobilier est une entreprise sp\u00e9cialis\u00e9e dans l\u2019immobilier sur l\u2019Ouest parisien. Nous conseillons nos clients dans la vente, l\u2019<strong>achat d&rsquo;un appartement \u00e0 Saint-Cloud<\/strong> ou la location d\u2019habitation de leur choix. Si vous souhaitez proc\u00e9der \u00e0 l\u2019achat ou \u00e0 la location d\u2019un studio, 2 pi\u00e8ces, 3 pi\u00e8ces, duplex \u00e0 Saint-Cloud, nous vous proposons volontiers nos services \u00e0 travers des solutions personnalis\u00e9es, adapt\u00e9es \u00e0 vos besoins.<\/p>\n<\/div>\n\n<div class=\"block-katz paragraph\">\n<p>Que vous optiez pour un bien cl\u00e9 en main dans lequel il suffit de poser ses affaires ou alors un logement avec quelques travaux, dans un petit immeuble ou une r\u00e9sidence ultra moderne, l\u2019accompagnement d&rsquo;une <a class=\"rank-math-link\" href=\"https:\/\/www.agencekatz.com\/agence-immobiliere\/saint-cloud-92210\/\">agence immobili\u00e8re de St-Cloud<\/a> s\u00e9rieuse demeure essentiel.<\/p>\n<\/div>\n\n<div class=\"block-katz image\">\n<div class=\"wp-block-image\"><figure class=\"aligncenter size-large\"><img loading=\"lazy\" width=\"1024\" height=\"706\" src=\"https:\/\/www.agencekatz.com\/agence-immobiliere\/wp-content\/uploads\/2021\/04\/appartement-st-cloud-1024x706.jpg\" alt=\"appartement Saint-Cloud\" class=\"wp-image-29279\" srcset=\"https:\/\/www.agencekatz.com\/agence-immobiliere\/wp-content\/uploads\/2021\/04\/appartement-st-cloud-1024x706.jpg 1024w, https:\/\/www.agencekatz.com\/agence-immobiliere\/wp-content\/uploads\/2021\/04\/appartement-st-cloud-300x207.jpg 300w, https:\/\/www.agencekatz.com\/agence-immobiliere\/wp-content\/uploads\/2021\/04\/appartement-st-cloud-768x529.jpg 768w, https:\/\/www.agencekatz.com\/agence-immobiliere\/wp-content\/uploads\/2021\/04\/appartement-st-cloud.jpg 1280w\" sizes=\"(max-width: 1024px) 100vw, 1024px\" \/><\/figure><\/div>\n<\/div>\n\n<div class=\"block-katz paragraph\">\n<p>Fort de 50 ans d\u2019exp\u00e9rience, <strong>KATZ Immobilier<\/strong> poss\u00e8de une connaissance parfaite du march\u00e9. Nous pouvons ais\u00e9ment anticiper et combler vos exigences. Cela facilitera vos recherches et vous permettra d\u2019\u00e9conomiser sur votre temps et votre argent lorsque vous serez \u00e0 la recherche d\u2019un <strong>appartement \u00e0 La Celle-Saint-Cloud<\/strong> ou Saint-Cloud 92210 tout court. En plus de l\u2019expertise, notre agence a une \u00e9quipe professionnelle disponible dont certains vivent dans ce secteur.<\/p>\n<\/div>\n\n<div class=\"block-katz liens\">\n\t<div class=\"row\">\n\t\t<div class=\"col-12\">\n\t\t\t\t\t\t\t<p class=\"titre\">Nos solutions immobili\u00e8res sur Saint-Cloud<\/p>\n\t\t\t\t\t\t\t\t<div class=\"bloc-liens\">\n\t\t\t\t\t\t\t\t\t\t\t<div class=\"lien\">\n\t\t\t\t\t\t\t<a href=\"https:\/\/www.agencekatz.com\/agence-immobiliere\/saint-cloud-92210\/immobilier-saint-cloud\/\" title=\"Immobilier Saint-Cloud\" target=\"_self\">\n\t\t\t\t\t\t\t\tImmobilier Saint-Cloud\t\t\t\t\t\t\t<\/a>\n\t\t\t\t\t\t<\/div>\n\t\t\t\t\t\t\t\t\t\t\t\t<div class=\"lien\">\n\t\t\t\t\t\t\t<a href=\"https:\/\/www.agencekatz.com\/agence-immobiliere\/saint-cloud-92210\/\" title=\"Agence immobili\u00e8re Saint-Cloud\" target=\"_self\">\n\t\t\t\t\t\t\t\tAgence immobili\u00e8re Saint-Cloud\t\t\t\t\t\t\t<\/a>\n\t\t\t\t\t\t<\/div>\n\t\t\t\t\t\t\t\t\t\t\t\t<div class=\"lien\">\n\t\t\t\t\t\t\t<a href=\"https:\/\/www.agencekatz.com\/agence-immobiliere\/saint-cloud-92210\/maison-saint-cloud\/\" title=\"Maison Saint-Cloud\" target=\"_self\">\n\t\t\t\t\t\t\t\tMaison Saint-Cloud\t\t\t\t\t\t\t<\/a>\n\t\t\t\t\t\t<\/div>\n\t\t\t\t\t\t\t\t\t\t\t\t<div class=\"lien\">\n\t\t\t\t\t\t\t<a href=\"https:\/\/www.agencekatz.com\/agence-immobiliere\/saint-cloud-92210\/location-appartement-saint-cloud\/\" title=\"Location appartement Saint-Cloud\" target=\"_self\">\n\t\t\t\t\t\t\t\tLocation appartement Saint-Cloud\t\t\t\t\t\t\t<\/a>\n\t\t\t\t\t\t<\/div>\n\t\t\t\t\t\t\t\t\t\t\t\t<div class=\"lien\">\n\t\t\t\t\t\t\t<a href=\"https:\/\/www.agencekatz.com\/agence-immobiliere\/saint-cloud-92210\/maison-vendre-saint-cloud\/\" title=\"Maison \u00e0 vendre Saint-Cloud\" target=\"_self\">\n\t\t\t\t\t\t\t\tMaison \u00e0 vendre Saint-Cloud\t\t\t\t\t\t\t<\/a>\n\t\t\t\t\t\t<\/div>\n\t\t\t\t\t\t\t\t\t\t\t\t<div class=\"lien\">\n\t\t\t\t\t\t\t<a href=\"https:\/\/www.agencekatz.com\/agence-immobiliere\/saint-cloud-92210\/achat-appartement-saint-cloud\/\" title=\"Achat appartement Saint-Cloud\" target=\"_self\">\n\t\t\t\t\t\t\t\tAchat appartement Saint-Cloud\t\t\t\t\t\t\t<\/a>\n\t\t\t\t\t\t<\/div>\n\t\t\t\t\t\t\t\t\t\t\t\t<div class=\"lien\">\n\t\t\t\t\t\t\t<a href=\"https:\/\/www.agencekatz.com\/agence-immobiliere\/saint-cloud-92210\/achat-maison-saint-cloud\/\" title=\"Achat maison Saint-Cloud\" target=\"_self\">\n\t\t\t\t\t\t\t\tAchat maison Saint-Cloud\t\t\t\t\t\t\t<\/a>\n\t\t\t\t\t\t<\/div>\n\t\t\t\t\t\t\t\t\t\t\t\t<div class=\"lien\">\n\t\t\t\t\t\t\t<a href=\"https:\/\/www.agencekatz.com\/agence-immobiliere\/saint-cloud-92210\/appartement-vendre-saint-cloud\/\" title=\"Appartement \u00e0 vendre Saint-Cloud\" target=\"_self\">\n\t\t\t\t\t\t\t\tAppartement \u00e0 vendre Saint-Cloud\t\t\t\t\t\t\t<\/a>\n\t\t\t\t\t\t<\/div>\n\t\t\t\t\t\t\t\t\t\t\t\t<div class=\"lien\">\n\t\t\t\t\t\t\t<a href=\"https:\/\/www.agencekatz.com\/agence-immobiliere\/saint-cloud-92210\/vente-appartement-saint-cloud\/\" title=\"Vente appartement Saint-Cloud\" target=\"_self\">\n\t\t\t\t\t\t\t\tVente appartement Saint-Cloud\t\t\t\t\t\t\t<\/a>\n\t\t\t\t\t\t<\/div>\n\t\t\t\t\t\t\t\t\t\t\t\t<div class=\"lien\">\n\t\t\t\t\t\t\t<a href=\"https:\/\/www.agencekatz.com\/agence-immobiliere\/saint-cloud-92210\/vente-maison-saint-cloud\/\" title=\"Vente maison Saint-Cloud\" target=\"_self\">\n\t\t\t\t\t\t\t\tVente maison Saint-Cloud\t\t\t\t\t\t\t<\/a>\n\t\t\t\t\t\t<\/div>\n\t\t\t\t\t\t\t\t\t\t\t\t<div class=\"lien\">\n\t\t\t\t\t\t\t<a href=\"https:\/\/www.agencekatz.com\/agence-immobiliere\/saint-cloud-92210\/maison-louer-saint-cloud\/\" title=\"Maison \u00e0 louer Saint-Cloud\" target=\"_self\">\n\t\t\t\t\t\t\t\tMaison \u00e0 louer Saint-Cloud\t\t\t\t\t\t\t<\/a>\n\t\t\t\t\t\t<\/div>\n\t\t\t\t\t\t\t\t\t\t\t\t<div class=\"lien\">\n\t\t\t\t\t\t\t<a href=\"https:\/\/www.agencekatz.com\/agence-immobiliere\/saint-cloud-92210\/location-maison-saint-cloud\/\" title=\"Location maison Saint-Cloud\" target=\"_self\">\n\t\t\t\t\t\t\t\tLocation maison Saint-Cloud\t\t\t\t\t\t\t<\/a>\n\t\t\t\t\t\t<\/div>\n\t\t\t\t\t\t\t\t\t\t\t\t<div class=\"lien\">\n\t\t\t\t\t\t\t<a href=\"https:\/\/www.agencekatz.com\/agence-immobiliere\/saint-cloud-92210\/programme-immobilier-saint-cloud\/\" title=\"Programme immobilier Saint-Cloud\" target=\"_self\">\n\t\t\t\t\t\t\t\tProgramme immobilier Saint-Cloud\t\t\t\t\t\t\t<\/a>\n\t\t\t\t\t\t<\/div>\n\t\t\t\t\t\t\t\t\t\t<\/div>\n\t\t\t\t\t\t<\/div>\n\t<\/div>\n<\/div>\n\n<div class=\"block-katz paragraph\">\n<p>Confiez-nous vos recherches de <strong>location d&rsquo;appartement \u00e0 Saint-Cloud<\/strong>. Notre seul objectif est celui de concr\u00e9tiser vos projets immobiliers dans les meilleures conditions.<\/p>\n<\/div>","protected":false},"excerpt":{"rendered":"<p>Vous souhaitez d\u00e9m\u00e9nager ou investir dans un quartier chic, s\u00e9curis\u00e9, mais \u00e9galement anim\u00e9&nbsp;? Appartement Saint-Cloud (92210) est un terme de recherche qui fait r\u00eaver de nombreux Franciliens. Que vous d\u00e9siriez trouver un appartement \u00e0 vendre \u00e0 Saint-Cloud ou une location, nous vous accompagnerons dans la r\u00e9alisation de votre projet immobilier. Les bonnes raisons de s\u2019installer [&hellip;]<\/p>\n","protected":false},"author":2,"featured_media":0,"parent":29265,"menu_order":0,"comment_status":"closed","ping_status":"closed","template":"","meta":[],"acf":[],"_links":{"self":[{"href":"https:\/\/www.agencekatz.com\/agence-immobiliere\/wp-json\/wp\/v2\/pages\/29277"}],"collection":[{"href":"https:\/\/www.agencekatz.com\/agence-immobiliere\/wp-json\/wp\/v2\/pages"}],"about":[{"href":"https:\/\/www.agencekatz.com\/agence-immobiliere\/wp-json\/wp\/v2\/types\/page"}],"author":[{"embeddable":true,"href":"https:\/\/www.agencekatz.com\/agence-immobiliere\/wp-json\/wp\/v2\/users\/2"}],"replies":[{"embeddable":true,"href":"https:\/\/www.agencekatz.com\/agence-immobiliere\/wp-json\/wp\/v2\/comments?post=29277"}],"version-history":[{"count":7,"href":"https:\/\/www.agencekatz.com\/agence-immobiliere\/wp-json\/wp\/v2\/pages\/29277\/revisions"}],"predecessor-version":[{"id":29463,"href":"https:\/\/www.agencekatz.com\/agence-immobiliere\/wp-json\/wp\/v2\/pages\/29277\/revisions\/29463"}],"up":[{"embeddable":true,"href":"https:\/\/www.agencekatz.com\/agence-immobiliere\/wp-json\/wp\/v2\/pages\/29265"}],"wp:attachment":[{"href":"https:\/\/www.agencekatz.com\/agence-immobiliere\/wp-json\/wp\/v2\/media?parent=29277"}],"curies":[{"name":"wp","href":"https:\/\/api.w.org\/{rel}","templated":true}]}}