{"id":29270,"date":"2021-04-02T13:27:54","date_gmt":"2021-04-02T11:27:54","guid":{"rendered":"https:\/\/www.agencekatz.com\/agence-immobiliere\/?page_id=29270"},"modified":"2021-05-03T10:47:13","modified_gmt":"2021-05-03T08:47:13","slug":"maison-saint-cloud","status":"publish","type":"page","link":"https:\/\/www.agencekatz.com\/agence-immobiliere\/saint-cloud-92210\/maison-saint-cloud\/","title":{"rendered":"Maison Saint-Cloud : Katz Immobilier, pour une transaction r\u00e9ussie"},"content":{"rendered":"<div class=\"block-katz paragraph\">\n<p>Maison Saint-Cloud, ces 3 mots r\u00e9sonnent comme un r\u00eave. Il faut dire que c\u2019est une commune aux quartiers cosmopolites constitu\u00e9e de splendides maisons aux prix tr\u00e8s int\u00e9ressants. La s\u00e9curit\u00e9 de la ville, le march\u00e9 de travail dynamique et les espaces verts \u00e0 couper le souffle offrent \u00e0 ses habitants un cadre de vie exceptionnel qui ne s\u2019ach\u00e8te pas. A moins que&#8230; Vous songez donc \u00e0 investir dans le secteur immobilier (villa, pavillon&#8230;) dans cette commune des Hauts-de-Seine&nbsp;? L\u2019agence Katz Immobilier est l\u00e0 pour vous accompagner, notamment pour acheter ou vendre votre <strong>maison \u00e0 Saint-Cloud<\/strong>.<\/p>\n<\/div>\n\n<\/div>\n<div class=\"block-katz moteurrecherche\">\n\t<div id=\"buy-location\">\n\t\t<section class=\"filter-search mt-md\">\n\t\t\t<form name=\"katz_search\" method=\"get\" id=\"search-form\" action=\"https:\/\/www.agencekatz.com\/acheter-appartement-maison#search-form\">\n\t\t\t\t<div class=\"container\">\n\t\t\t\t\t<p class=\"font-lato-bold font-size-26 color-blue text-uppercase text-center letter-spacing-400\">\n\t\t\t\t\t\tVous cherchez une maison sur Saint-Cloud ? \t\t\t\t\t<\/p>\n\t\t\t\t\t<div class=\"row\">\n\t\t\t\t\t\t<div class=\"col-lg-10 offset-lg-1\">\n\t\t\t\t\t\t\t<div class=\"container-fluid selector-container mt-md mb-sm\">\n\t\t\t\t\t\t\t\t<div class=\"row no-gutters\">\n\t\t\t\t\t\t\t\t\t<div class=\"col-lg-6\">\n\t\t\t\t\t\t\t\t\t\t<div class=\"switch d-flex \">\n\t\t\t\t\t\t\t\t\t\t\t<a href=\"https:\/\/www.agencekatz.com\/acheter-appartement-maison\" class=\"link-elmt active\" target=\"_self\">\n\t\t\t\t\t\t\t\t\t\t\t\tAchat\n\t\t\t\t\t\t\t\t\t\t\t<\/a>\n\t\t\t\t\t\t\t\t\t\t\t<a href=\"https:\/\/www.agencekatz.com\/location-appartement-maison\" class=\"link-elmt \" target=\"_self\">\n\t\t\t\t\t\t\t\t\t\t\t\tLouer\n\t\t\t\t\t\t\t\t\t\t\t<\/a>\n\t\t\t\t\t\t\t\t\t\t<\/div>\n\t\t\t\t\t\t\t\t\t<\/div>\n\t\t\t\t\t\t\t\t\t<div class=\"col-lg-6 input-search\">\n\t\t\t\t\t\t\t\t\t\t<select id=\"katz_search_place\" name=\"katz_search[place]\" class=\"select-two\" placeholder=\"Ville, Code postal...\">\n\t\t\t\t\t\t\t\t\t\t\t<option value=\"\"><\/option>\n\t\t\t\t\t\t\t\t\t\t\t<option value=\"Beynes\" selected=\"selected\">Beynes &#8211; 78650<\/option>\n\t\t\t\t\t\t\t\t\t\t\t<option value=\"Bougival\">Bougival &#8211; 78380<\/option>\n\t\t\t\t\t\t\t\t\t\t\t<option value=\"Garches\">Garches &#8211; 92380<\/option>\n\t\t\t\t\t\t\t\t\t\t\t<option value=\"Goupilli\u00e8res\">Goupilli\u00e8res &#8211; 78770<\/option>\n\t\t\t\t\t\t\t\t\t\t\t<option value=\"Issy-les-Moulineaux\">Issy-les-Moulineaux &#8211; 92130<\/option>\n\t\t\t\t\t\t\t\t\t\t\t<option value=\"La Celle-Saint-Cloud\">La Celle-Saint-Cloud &#8211; 78170<\/option>\n\t\t\t\t\t\t\t\t\t\t\t<option value=\"Marnes-la-Coquette\">Marnes-la-Coquette &#8211; 92430<\/option>\n\t\t\t\t\t\t\t\t\t\t\t<option value=\"Montrouge\">Montrouge &#8211; 92120<\/option>\n\t\t\t\t\t\t\t\t\t\t\t<option value=\"Paris\">Paris &#8211; 75018<\/option>\n\t\t\t\t\t\t\t\t\t\t\t<option value=\"Paris 18\">Paris 18 &#8211; 75018<\/option>\n\t\t\t\t\t\t\t\t\t\t\t<option value=\"Vaucresson\">Vaucresson &#8211; 92420<\/option>\n\t\t\t\t\t\t\t\t\t\t\t<option value=\"Ville-d&#039;Avray\">Ville-d&#039;Avray &#8211; 92410<\/option>\n\t\t\t\t\t\t\t\t\t\t<\/select>\n\t\t\t\t\t\t\t\t\t<\/div>\n\t\t\t\t\t\t\t\t<\/div>\n\t\t\t\t\t\t\t<\/div>\n\t\t\t\t\t\t<\/div>\n\t\t\t\t\t<\/div>\n\t\t\t\t<\/div>\n\t\t\t\t<div class=\"container-fluid py-sm bg-blue color-white text-center\">\n\t\t\t\t\t<div class=\"container\">\n\t\t\t\t\t\t<div class=\"col-md-10 offset-md-1 col-12\">\n\t\t\t\t\t\t\t<div class=\"filter d-flex justify-content-between\">\n\t\t\t\t\t\t\t\t<select id=\"katz_search_typeOffre\" name=\"katz_search[typeOffre]\">\n\t\t\t\t\t\t\t\t\t<option value=\"\">Type de bien<\/option>\n\t\t\t\t\t\t\t\t\t<option value=\"1\">Appartement<\/option>\n\t\t\t\t\t\t\t\t\t<option value=\"2\">Maison<\/option>\n\t\t\t\t\t\t\t\t\t<option value=\"5\">Local<\/option>\n\t\t\t\t\t\t\t\t\t<option value=\"7\">Parking<\/option>\n\t\t\t\t\t\t\t\t\t<option value=\"3\">Terrain<\/option>\n\t\t\t\t\t\t\t\t\t<option value=\"4\">Immeuble<\/option>\n\t\t\t\t\t\t\t\t<\/select>\n\t\t\t\t\t\t\t\t<select id=\"katz_search_nbPieces\" name=\"katz_search[nbPieces]\">\n\t\t\t\t\t\t\t\t\t<option value=\"\">Pi\u00e8ces<\/option>\n\t\t\t\t\t\t\t\t\t<option value=\"1\">1<\/option>\n\t\t\t\t\t\t\t\t\t<option value=\"2\">2<\/option>\n\t\t\t\t\t\t\t\t\t<option value=\"3\">3<\/option>\n\t\t\t\t\t\t\t\t\t<option value=\"4\">4<\/option>\n\t\t\t\t\t\t\t\t\t<option value=\"5\">5 et +<\/option>\n\t\t\t\t\t\t\t\t<\/select>\n\t\t\t\t\t\t\t\t<div class=\"filter-item\">\n\t\t\t\t\t\t\t\t\t<span>Surface:<\/span>\n\t\t\t\t\t\t\t\t\t<input type=\"number\" id=\"katz_search_surfHabMin\" name=\"katz_search[surfHabMin]\" placeholder=\"min\" min=\"0\" value=\"\" \/>\n\t\t\t\t\t\t\t\t\t<input type=\"number\" id=\"katz_search_surfHabMax\" name=\"katz_search[surfHabMax]\" placeholder=\"max\" min=\"0\" value=\"\" \/>\n\t\t\t\t\t\t\t\t<\/div>\n\t\t\t\t\t\t\t\t<div class=\"filter-item\">\n\t\t\t\t\t\t\t\t\t<span>Prix:<\/span>\n\t\t\t\t\t\t\t\t\t<input type=\"number\" id=\"katz_search_prixMin\" name=\"katz_search[prixMin]\" placeholder=\"min\" min=\"0\" value=\"\" \/>\n\t\t\t\t\t\t\t\t\t<input type=\"number\" id=\"katz_search_prixMax\" name=\"katz_search[prixMax]\" placeholder=\"max\" min=\"0\" value=\"\" \/>\n\t\t\t\t\t\t\t\t<\/div>\n\t\t\t\t\t\t\t<\/div>\n\t\t\t\t\t\t<\/div>\n\t\t\t\t\t<\/div>\n\t\t\t\t<\/div>\n\t\t\t\t<div class=\"container\">\n\t\t\t\t\t<div class=\"row\">\n\t\t\t\t\t\t<div class=\"col-lg-10 offset-lg-1 text-right\">\n\t\t\t\t\t\t\t<div class=\"link-elmt submit mt-sm\" id=\"submit-button-search-form\">Rechercher<\/div>\n\t\t\t\t\t\t<\/div>\n\t\t\t\t\t<\/div>\n\t\t\t\t<\/div>\n\t\t\t<\/form>\n\t\t<\/section>\n\t<\/div>\n<\/div>\n<div class=\"container\">\n\n<div class=\"block-katz heading\">\n<h2>Maison Saint-Cloud : les raisons d\u2019investir<\/h2>\n<\/div>\n\n<div class=\"block-katz paragraph\">\n<p>\u00c9tant l\u2019une des zones les plus pris\u00e9es \u00e0 l\u2019ouest de la capitale, la ville de Saint-Cloud a de quoi vous plaire. Entre les vues panoramiques sur Paris, les quartiers r\u00e9sidentiels, les activit\u00e9s culturelles qui se tiennent chaque ann\u00e9e ou encore les paysages verdoyants surplombant la colline, elle ne vous garantit que le plaisir d\u2019y vivre. Et ce n\u2019est pas tout&nbsp;! La commune dispose \u00e9galement de nombreuses infrastructures comme les \u00e9coles, les commerces, les march\u00e9s, les cr\u00e8ches, etc. Un lieu id\u00e9al pour acheter une villa, un pavillon, etc.<\/p>\n<\/div>\n\n<div class=\"block-katz image\">\n<div class=\"wp-block-image\"><figure class=\"aligncenter size-large\"><img loading=\"lazy\" width=\"1024\" height=\"577\" src=\"https:\/\/www.agencekatz.com\/agence-immobiliere\/wp-content\/uploads\/2021\/04\/maison-saint-cloud-1024x577.jpg\" alt=\"maison Saint Cloud\" class=\"wp-image-29271\" srcset=\"https:\/\/www.agencekatz.com\/agence-immobiliere\/wp-content\/uploads\/2021\/04\/maison-saint-cloud-1024x577.jpg 1024w, https:\/\/www.agencekatz.com\/agence-immobiliere\/wp-content\/uploads\/2021\/04\/maison-saint-cloud-300x169.jpg 300w, https:\/\/www.agencekatz.com\/agence-immobiliere\/wp-content\/uploads\/2021\/04\/maison-saint-cloud-768x433.jpg 768w, https:\/\/www.agencekatz.com\/agence-immobiliere\/wp-content\/uploads\/2021\/04\/maison-saint-cloud.jpg 1280w\" sizes=\"(max-width: 1024px) 100vw, 1024px\" \/><\/figure><\/div>\n<\/div>\n\n<div class=\"block-katz paragraph\">\n<p>Par ailleurs, les gares de Saint-Cloud et de <strong>Val-d\u2019Or<\/strong> facilitent l\u2019acc\u00e8s \u00e0 tous les recoins de la ville et ses environs. Mieux encore, elle est travers\u00e9e par l\u2019<strong>autoroute&nbsp;A13<\/strong> qui permet de rejoindre Versailles et Saint-Quentin-en-Yvelines. Id\u00e9alement proche de la D\u00e9fense (premier quartier d\u2019affaires europ\u00e9en), St-Cloud conquiert les plus grandes entreprises, \u00e0 l\u2019instar de Moody\u2019s ou Lafarge. Aussi connue pour son immense parc de 460 hectares et ses 23 squares et jardins, Saint-Cloud propose un environnement vert et harmonieux \u00e0 tous les amoureux de la nature.<\/p>\n<\/div>\n\n<div class=\"block-katz paragraph\">\n<p>Tous ces facteurs font que la ville devienne un lieu incontournable du march\u00e9 immobilier. <strong>Je cherche une maison \u00e0 vendre \u00e0 Saint Cloud<\/strong> ? Vous \u00eates au bon endroit ! Attention toutefois \u00e0 ne pas confondre avec une <strong>maison de La Celle Saint Cloud<\/strong>, plus \u00e0 l&rsquo;ouest.<\/p>\n<\/div>\n\n<div class=\"block-katz heading\">\n<h2>Des quartiers attractifs dans la ville<\/h2>\n<\/div>\n\n<div class=\"block-katz paragraph\">\n<p>Que ce soit en centre-ville ou en p\u00e9riph\u00e9rie, le march\u00e9 immobilier s\u2019av\u00e8re tr\u00e8s actif \u00e0 Saint-Cloud. Avec ses nombreux atouts \u00e9conomiques, touristiques et culturels, la commune vous permet de d\u00e9nicher s\u00fbrement le quartier id\u00e9al pour une maison, une villa ou un pavillon. Par exemple, pr\u00e8s de la <strong>maison m\u00e9dicale de Saint-Cloud<\/strong>. Bien entendu, tout cela d\u00e9pendra de vos pr\u00e9f\u00e9rences et de votre contexte financier.<\/p>\n<\/div>\n\n<\/div>\n<div class=\"block-katz titre3photos\">\n\t<div class=\"container\">\n\t\t<div class=\"row\">\n\t\t\t\t\t\t\t<div class=\"col-12 text-center\">\n\t\t\t\t\t<h2>Trouver votre maison \u00e0 Saint-Cloud ou vendre<\/h2>\n\t\t\t\t<\/div>\n\t\t\t\t\t\t\t\t<div class=\"col-md-4 col-12\">\n\t\t\t\t\t<img src=\"https:\/\/www.agencekatz.com\/agence-immobiliere\/wp-content\/uploads\/2021\/02\/appartement-neuf-400x400.png\" alt=\"Appartement neuf\" \/>\n\t\t\t\t<\/div>\n\t\t\t\t\t\t\t\t<div class=\"col-md-4 col-12\">\n\t\t\t\t\t<img src=\"https:\/\/www.agencekatz.com\/agence-immobiliere\/wp-content\/uploads\/2021\/02\/defautkatz-400x400.png\" alt=\"Katz Immobilier\" \/>\n\t\t\t\t<\/div>\n\t\t\t\t\t\t\t\t<div class=\"col-md-4 col-12\">\n\t\t\t\t\t<img src=\"https:\/\/www.agencekatz.com\/agence-immobiliere\/wp-content\/uploads\/2020\/12\/5fe28883baacb_3906_01_33390451_g-1-400x400.jpg\" alt=\"Immeuble ancien\" \/>\n\t\t\t\t<\/div>\n\t\t\t\t\t\t\t\t<div class=\"col-12 text-center\">\n\t\t\t\t\t<a href=\"https:\/\/www.agencekatz.com\/contact\" class=\"link link-gold\" title=\"Contactez-nous\" target=\"_self\">Contactez-nous<\/a>\n\t\t\t\t<\/div>\n\t\t\t\t\t\t<\/div>\n\t<\/div>\n<\/div>\n<div class=\"container\">\n\n<div class=\"block-katz paragraph\">\n<p>En tout cas, pour trouver de <strong>belles villas familiales<\/strong>, le <strong>quartier Fouilleuse<\/strong> en Val-d\u2019Or vous conviendra parfaitement. Dans cette partie nord de la ville et \u00e0 proximit\u00e9 de la gare, le prix moyen d\u2019une maison est de 6.500&nbsp;euros le m\u00b2. En revanche, le quartier de Coteaux en Bords-de-Seine reste un lieu tr\u00e8s demand\u00e9 bien qu\u2019il affiche un prix du m\u00b2 plus \u00e9lev\u00e9, entre 8.000&nbsp;euros et 11&nbsp;000&nbsp;euros en moyenne.<\/p>\n<\/div>\n\n<div class=\"block-katz heading\">\n<h3>Investissez la maison de vos r\u00eaves \u00e0 Saint-Cloud avec Katz Immobilier<\/h3>\n<\/div>\n\n<div class=\"block-katz paragraph\">\n<p><strong>Katz Immobilier<\/strong>, une <a href=\"https:\/\/www.agencekatz.com\/agence-immobiliere\/saint-cloud-92210\/\" class=\"rank-math-link\">agence immobili\u00e8re dont St-Cloud<\/a> est une sp\u00e9cialit\u00e9, vous accompagne pour tous vos projets immobiliers afin de conclure rapidement vos transactions. Qu\u2019il s\u2019agisse d\u2019un achat, d\u2019une location ou d\u2019une <strong>vente de maison \u00e0 St-Cloud<\/strong>, soyez s\u00fbr d\u2019\u00eatre parfaitement satisfait avec le professionnalisme de taille et les comp\u00e9tences acquises par l\u2019entreprise au cours de ses 50 ans d\u2019existence. La <a href=\"https:\/\/www.agencekatz.com\/gestion-biens-immobiliers\" class=\"rank-math-link\">gestion de location<\/a> est \u00e9galement un domaine dans lequel nous intervenons.<\/p>\n<\/div>\n\n<div class=\"block-katz liens\">\n\t<div class=\"row\">\n\t\t<div class=\"col-12\">\n\t\t\t\t\t\t\t<p class=\"titre\">Nos solutions immobili\u00e8res sur Saint-Cloud<\/p>\n\t\t\t\t\t\t\t\t<div class=\"bloc-liens\">\n\t\t\t\t\t\t\t\t\t\t\t<div class=\"lien\">\n\t\t\t\t\t\t\t<a href=\"https:\/\/www.agencekatz.com\/agence-immobiliere\/saint-cloud-92210\/immobilier-saint-cloud\/\" title=\"Immobilier Saint-Cloud\" target=\"_self\">\n\t\t\t\t\t\t\t\tImmobilier Saint-Cloud\t\t\t\t\t\t\t<\/a>\n\t\t\t\t\t\t<\/div>\n\t\t\t\t\t\t\t\t\t\t\t\t<div class=\"lien\">\n\t\t\t\t\t\t\t<a href=\"https:\/\/www.agencekatz.com\/agence-immobiliere\/saint-cloud-92210\/\" title=\"Agence immobili\u00e8re Saint-Cloud\" target=\"_self\">\n\t\t\t\t\t\t\t\tAgence immobili\u00e8re Saint-Cloud\t\t\t\t\t\t\t<\/a>\n\t\t\t\t\t\t<\/div>\n\t\t\t\t\t\t\t\t\t\t\t\t<div class=\"lien\">\n\t\t\t\t\t\t\t<a href=\"https:\/\/www.agencekatz.com\/agence-immobiliere\/saint-cloud-92210\/appartement-saint-cloud\/\" title=\"Appartement Saint-Cloud\" target=\"_self\">\n\t\t\t\t\t\t\t\tAppartement Saint-Cloud\t\t\t\t\t\t\t<\/a>\n\t\t\t\t\t\t<\/div>\n\t\t\t\t\t\t\t\t\t\t\t\t<div class=\"lien\">\n\t\t\t\t\t\t\t<a href=\"https:\/\/www.agencekatz.com\/agence-immobiliere\/saint-cloud-92210\/location-appartement-saint-cloud\/\" title=\"Location appartement Saint-Cloud\" target=\"_self\">\n\t\t\t\t\t\t\t\tLocation appartement Saint-Cloud\t\t\t\t\t\t\t<\/a>\n\t\t\t\t\t\t<\/div>\n\t\t\t\t\t\t\t\t\t\t\t\t<div class=\"lien\">\n\t\t\t\t\t\t\t<a href=\"https:\/\/www.agencekatz.com\/agence-immobiliere\/saint-cloud-92210\/maison-vendre-saint-cloud\/\" title=\"Maison \u00e0 vendre Saint-Cloud\" target=\"_self\">\n\t\t\t\t\t\t\t\tMaison \u00e0 vendre Saint-Cloud\t\t\t\t\t\t\t<\/a>\n\t\t\t\t\t\t<\/div>\n\t\t\t\t\t\t\t\t\t\t\t\t<div class=\"lien\">\n\t\t\t\t\t\t\t<a href=\"https:\/\/www.agencekatz.com\/agence-immobiliere\/saint-cloud-92210\/achat-appartement-saint-cloud\/\" title=\"Achat appartement Saint-Cloud\" target=\"_self\">\n\t\t\t\t\t\t\t\tAchat appartement Saint-Cloud\t\t\t\t\t\t\t<\/a>\n\t\t\t\t\t\t<\/div>\n\t\t\t\t\t\t\t\t\t\t\t\t<div class=\"lien\">\n\t\t\t\t\t\t\t<a href=\"https:\/\/www.agencekatz.com\/agence-immobiliere\/saint-cloud-92210\/achat-maison-saint-cloud\/\" title=\"Achat maison Saint-Cloud\" target=\"_self\">\n\t\t\t\t\t\t\t\tAchat maison Saint-Cloud\t\t\t\t\t\t\t<\/a>\n\t\t\t\t\t\t<\/div>\n\t\t\t\t\t\t\t\t\t\t\t\t<div class=\"lien\">\n\t\t\t\t\t\t\t<a href=\"https:\/\/www.agencekatz.com\/agence-immobiliere\/saint-cloud-92210\/appartement-vendre-saint-cloud\/\" title=\"Appartement \u00e0 vendre Saint-Cloud\" target=\"_self\">\n\t\t\t\t\t\t\t\tAppartement \u00e0 vendre Saint-Cloud\t\t\t\t\t\t\t<\/a>\n\t\t\t\t\t\t<\/div>\n\t\t\t\t\t\t\t\t\t\t\t\t<div class=\"lien\">\n\t\t\t\t\t\t\t<a href=\"https:\/\/www.agencekatz.com\/agence-immobiliere\/saint-cloud-92210\/vente-appartement-saint-cloud\/\" title=\"Vente appartement Saint-Cloud\" target=\"_self\">\n\t\t\t\t\t\t\t\tVente appartement Saint-Cloud\t\t\t\t\t\t\t<\/a>\n\t\t\t\t\t\t<\/div>\n\t\t\t\t\t\t\t\t\t\t\t\t<div class=\"lien\">\n\t\t\t\t\t\t\t<a href=\"https:\/\/www.agencekatz.com\/agence-immobiliere\/saint-cloud-92210\/vente-maison-saint-cloud\/\" title=\"Vente maison Saint-Cloud\" target=\"_self\">\n\t\t\t\t\t\t\t\tVente maison Saint-Cloud\t\t\t\t\t\t\t<\/a>\n\t\t\t\t\t\t<\/div>\n\t\t\t\t\t\t\t\t\t\t\t\t<div class=\"lien\">\n\t\t\t\t\t\t\t<a href=\"https:\/\/www.agencekatz.com\/agence-immobiliere\/saint-cloud-92210\/maison-louer-saint-cloud\/\" title=\"Maison \u00e0 louer Saint-Cloud\" target=\"_self\">\n\t\t\t\t\t\t\t\tMaison \u00e0 louer Saint-Cloud\t\t\t\t\t\t\t<\/a>\n\t\t\t\t\t\t<\/div>\n\t\t\t\t\t\t\t\t\t\t\t\t<div class=\"lien\">\n\t\t\t\t\t\t\t<a href=\"https:\/\/www.agencekatz.com\/agence-immobiliere\/saint-cloud-92210\/location-maison-saint-cloud\/\" title=\"Location maison Saint-Cloud\" target=\"_self\">\n\t\t\t\t\t\t\t\tLocation maison Saint-Cloud\t\t\t\t\t\t\t<\/a>\n\t\t\t\t\t\t<\/div>\n\t\t\t\t\t\t\t\t\t\t\t\t<div class=\"lien\">\n\t\t\t\t\t\t\t<a href=\"https:\/\/www.agencekatz.com\/agence-immobiliere\/saint-cloud-92210\/programme-immobilier-saint-cloud\/\" title=\"Programme immobilier Saint-Cloud\" target=\"_self\">\n\t\t\t\t\t\t\t\tProgramme immobilier Saint-Cloud\t\t\t\t\t\t\t<\/a>\n\t\t\t\t\t\t<\/div>\n\t\t\t\t\t\t\t\t\t\t<\/div>\n\t\t\t\t\t\t<\/div>\n\t<\/div>\n<\/div>\n\n<div class=\"block-katz paragraph\">\n<p>Peu importe le quartier o\u00f9 vous souhaitez investir dans une <strong>maison du 92210<\/strong>, nous vous garantissons un r\u00e9sultat qui d\u00e9passera largement vos attentes. De plus, nous sommes dispos\u00e9s \u00e0 vous apporter des conseils relatifs \u00e0 votre projet immobilier. Sachez \u00e9galement que nos professionnels r\u00e9alisent quotidiennement des op\u00e9rations pour de nombreux clients. Alors, qu\u2019attendez-vous&nbsp;? Faites confiance \u00e0 Katz Immobilier pour un <strong>achat de<\/strong> <strong>maison \u00e0 Saint-Cloud<\/strong> en toute s\u00e9r\u00e9nit\u00e9.<\/p>\n<\/div>","protected":false},"excerpt":{"rendered":"<p>Maison Saint-Cloud, ces 3 mots r\u00e9sonnent comme un r\u00eave. Il faut dire que c\u2019est une commune aux quartiers cosmopolites constitu\u00e9e de splendides maisons aux prix tr\u00e8s int\u00e9ressants. La s\u00e9curit\u00e9 de la ville, le march\u00e9 de travail dynamique et les espaces verts \u00e0 couper le souffle offrent \u00e0 ses habitants un cadre de vie exceptionnel qui [&hellip;]<\/p>\n","protected":false},"author":2,"featured_media":0,"parent":29265,"menu_order":0,"comment_status":"closed","ping_status":"closed","template":"","meta":[],"acf":[],"_links":{"self":[{"href":"https:\/\/www.agencekatz.com\/agence-immobiliere\/wp-json\/wp\/v2\/pages\/29270"}],"collection":[{"href":"https:\/\/www.agencekatz.com\/agence-immobiliere\/wp-json\/wp\/v2\/pages"}],"about":[{"href":"https:\/\/www.agencekatz.com\/agence-immobiliere\/wp-json\/wp\/v2\/types\/page"}],"author":[{"embeddable":true,"href":"https:\/\/www.agencekatz.com\/agence-immobiliere\/wp-json\/wp\/v2\/users\/2"}],"replies":[{"embeddable":true,"href":"https:\/\/www.agencekatz.com\/agence-immobiliere\/wp-json\/wp\/v2\/comments?post=29270"}],"version-history":[{"count":9,"href":"https:\/\/www.agencekatz.com\/agence-immobiliere\/wp-json\/wp\/v2\/pages\/29270\/revisions"}],"predecessor-version":[{"id":29487,"href":"https:\/\/www.agencekatz.com\/agence-immobiliere\/wp-json\/wp\/v2\/pages\/29270\/revisions\/29487"}],"up":[{"embeddable":true,"href":"https:\/\/www.agencekatz.com\/agence-immobiliere\/wp-json\/wp\/v2\/pages\/29265"}],"wp:attachment":[{"href":"https:\/\/www.agencekatz.com\/agence-immobiliere\/wp-json\/wp\/v2\/media?parent=29270"}],"curies":[{"name":"wp","href":"https:\/\/api.w.org\/{rel}","templated":true}]}}