{"id":29265,"date":"2021-03-31T12:31:08","date_gmt":"2021-03-31T10:31:08","guid":{"rendered":"https:\/\/www.agencekatz.com\/agence-immobiliere\/?page_id=29265"},"modified":"2021-05-03T10:45:45","modified_gmt":"2021-05-03T08:45:45","slug":"saint-cloud-92210","status":"publish","type":"page","link":"https:\/\/www.agencekatz.com\/agence-immobiliere\/saint-cloud-92210\/","title":{"rendered":"Agence immobili\u00e8re Saint-Cloud"},"content":{"rendered":"<div class=\"block-katz chapo\">\n\t<p class=\"color-blue font-playfair-regular text-uppercase font-size-18 \">\n\t\tSp\u00e9cialiste de l\u2019Ouest parisien, Katz Immobilier se tient \u00e0 votre disposition pour l\u2019accomplissement de votre projet immobilier \u00e0 Saint-Cloud. Notre agence immobili\u00e8re St-Cloud vous fait b\u00e9n\u00e9ficier de son savoir-faire, aussi bien dans l\u2019ancien que dans le neuf.\t<\/p>\n<\/div>\n\n<\/div>\n<div class=\"block-katz moteurrecherche\">\n\t<div id=\"buy-location\">\n\t\t<section class=\"filter-search mt-md\">\n\t\t\t<form name=\"katz_search\" method=\"get\" id=\"search-form\" action=\"https:\/\/www.agencekatz.com\/acheter-appartement-maison#search-form\">\n\t\t\t\t<div class=\"container\">\n\t\t\t\t\t<p class=\"font-lato-bold font-size-26 color-blue text-uppercase text-center letter-spacing-400\">\n\t\t\t\t\t\tVous cherchez un bien sur Saint-Cloud ? \t\t\t\t\t<\/p>\n\t\t\t\t\t<div class=\"row\">\n\t\t\t\t\t\t<div class=\"col-lg-10 offset-lg-1\">\n\t\t\t\t\t\t\t<div class=\"container-fluid selector-container mt-md mb-sm\">\n\t\t\t\t\t\t\t\t<div class=\"row no-gutters\">\n\t\t\t\t\t\t\t\t\t<div class=\"col-lg-6\">\n\t\t\t\t\t\t\t\t\t\t<div class=\"switch d-flex \">\n\t\t\t\t\t\t\t\t\t\t\t<a href=\"https:\/\/www.agencekatz.com\/acheter-appartement-maison\" class=\"link-elmt active\" target=\"_self\">\n\t\t\t\t\t\t\t\t\t\t\t\tAchat\n\t\t\t\t\t\t\t\t\t\t\t<\/a>\n\t\t\t\t\t\t\t\t\t\t\t<a href=\"https:\/\/www.agencekatz.com\/location-appartement-maison\" class=\"link-elmt \" target=\"_self\">\n\t\t\t\t\t\t\t\t\t\t\t\tLouer\n\t\t\t\t\t\t\t\t\t\t\t<\/a>\n\t\t\t\t\t\t\t\t\t\t<\/div>\n\t\t\t\t\t\t\t\t\t<\/div>\n\t\t\t\t\t\t\t\t\t<div class=\"col-lg-6 input-search\">\n\t\t\t\t\t\t\t\t\t\t<select id=\"katz_search_place\" name=\"katz_search[place]\" class=\"select-two\" placeholder=\"Ville, Code postal...\">\n\t\t\t\t\t\t\t\t\t\t\t<option value=\"\"><\/option>\n\t\t\t\t\t\t\t\t\t\t\t<option value=\"Beynes\" selected=\"selected\">Beynes &#8211; 78650<\/option>\n\t\t\t\t\t\t\t\t\t\t\t<option value=\"Bougival\">Bougival &#8211; 78380<\/option>\n\t\t\t\t\t\t\t\t\t\t\t<option value=\"Garches\">Garches &#8211; 92380<\/option>\n\t\t\t\t\t\t\t\t\t\t\t<option value=\"Goupilli\u00e8res\">Goupilli\u00e8res &#8211; 78770<\/option>\n\t\t\t\t\t\t\t\t\t\t\t<option value=\"Issy-les-Moulineaux\">Issy-les-Moulineaux &#8211; 92130<\/option>\n\t\t\t\t\t\t\t\t\t\t\t<option value=\"La Celle-Saint-Cloud\">La Celle-Saint-Cloud &#8211; 78170<\/option>\n\t\t\t\t\t\t\t\t\t\t\t<option value=\"Marnes-la-Coquette\">Marnes-la-Coquette &#8211; 92430<\/option>\n\t\t\t\t\t\t\t\t\t\t\t<option value=\"Montrouge\">Montrouge &#8211; 92120<\/option>\n\t\t\t\t\t\t\t\t\t\t\t<option value=\"Paris\">Paris &#8211; 75018<\/option>\n\t\t\t\t\t\t\t\t\t\t\t<option value=\"Paris 18\">Paris 18 &#8211; 75018<\/option>\n\t\t\t\t\t\t\t\t\t\t\t<option value=\"Vaucresson\">Vaucresson &#8211; 92420<\/option>\n\t\t\t\t\t\t\t\t\t\t\t<option value=\"Ville-d&#039;Avray\">Ville-d&#039;Avray &#8211; 92410<\/option>\n\t\t\t\t\t\t\t\t\t\t<\/select>\n\t\t\t\t\t\t\t\t\t<\/div>\n\t\t\t\t\t\t\t\t<\/div>\n\t\t\t\t\t\t\t<\/div>\n\t\t\t\t\t\t<\/div>\n\t\t\t\t\t<\/div>\n\t\t\t\t<\/div>\n\t\t\t\t<div class=\"container-fluid py-sm bg-blue color-white text-center\">\n\t\t\t\t\t<div class=\"container\">\n\t\t\t\t\t\t<div class=\"col-md-10 offset-md-1 col-12\">\n\t\t\t\t\t\t\t<div class=\"filter d-flex justify-content-between\">\n\t\t\t\t\t\t\t\t<select id=\"katz_search_typeOffre\" name=\"katz_search[typeOffre]\">\n\t\t\t\t\t\t\t\t\t<option value=\"\">Type de bien<\/option>\n\t\t\t\t\t\t\t\t\t<option value=\"1\">Appartement<\/option>\n\t\t\t\t\t\t\t\t\t<option value=\"2\">Maison<\/option>\n\t\t\t\t\t\t\t\t\t<option value=\"5\">Local<\/option>\n\t\t\t\t\t\t\t\t\t<option value=\"7\">Parking<\/option>\n\t\t\t\t\t\t\t\t\t<option value=\"3\">Terrain<\/option>\n\t\t\t\t\t\t\t\t\t<option value=\"4\">Immeuble<\/option>\n\t\t\t\t\t\t\t\t<\/select>\n\t\t\t\t\t\t\t\t<select id=\"katz_search_nbPieces\" name=\"katz_search[nbPieces]\">\n\t\t\t\t\t\t\t\t\t<option value=\"\">Pi\u00e8ces<\/option>\n\t\t\t\t\t\t\t\t\t<option value=\"1\">1<\/option>\n\t\t\t\t\t\t\t\t\t<option value=\"2\">2<\/option>\n\t\t\t\t\t\t\t\t\t<option value=\"3\">3<\/option>\n\t\t\t\t\t\t\t\t\t<option value=\"4\">4<\/option>\n\t\t\t\t\t\t\t\t\t<option value=\"5\">5 et +<\/option>\n\t\t\t\t\t\t\t\t<\/select>\n\t\t\t\t\t\t\t\t<div class=\"filter-item\">\n\t\t\t\t\t\t\t\t\t<span>Surface:<\/span>\n\t\t\t\t\t\t\t\t\t<input type=\"number\" id=\"katz_search_surfHabMin\" name=\"katz_search[surfHabMin]\" placeholder=\"min\" min=\"0\" value=\"\" \/>\n\t\t\t\t\t\t\t\t\t<input type=\"number\" id=\"katz_search_surfHabMax\" name=\"katz_search[surfHabMax]\" placeholder=\"max\" min=\"0\" value=\"\" \/>\n\t\t\t\t\t\t\t\t<\/div>\n\t\t\t\t\t\t\t\t<div class=\"filter-item\">\n\t\t\t\t\t\t\t\t\t<span>Prix:<\/span>\n\t\t\t\t\t\t\t\t\t<input type=\"number\" id=\"katz_search_prixMin\" name=\"katz_search[prixMin]\" placeholder=\"min\" min=\"0\" value=\"\" \/>\n\t\t\t\t\t\t\t\t\t<input type=\"number\" id=\"katz_search_prixMax\" name=\"katz_search[prixMax]\" placeholder=\"max\" min=\"0\" value=\"\" \/>\n\t\t\t\t\t\t\t\t<\/div>\n\t\t\t\t\t\t\t<\/div>\n\t\t\t\t\t\t<\/div>\n\t\t\t\t\t<\/div>\n\t\t\t\t<\/div>\n\t\t\t\t<div class=\"container\">\n\t\t\t\t\t<div class=\"row\">\n\t\t\t\t\t\t<div class=\"col-lg-10 offset-lg-1 text-right\">\n\t\t\t\t\t\t\t<div class=\"link-elmt submit mt-sm\" id=\"submit-button-search-form\">Rechercher<\/div>\n\t\t\t\t\t\t<\/div>\n\t\t\t\t\t<\/div>\n\t\t\t\t<\/div>\n\t\t\t<\/form>\n\t\t<\/section>\n\t<\/div>\n<\/div>\n<div class=\"container\">\n\n<div class=\"block-katz heading\">\n<h2>Pourquoi faire appel \u00e0 une agence immobili\u00e8re pour son projet immobilier ?<\/h2>\n<\/div>\n\n<div class=\"block-katz paragraph\">\n<p>L\u2019achat d\u2019un bien immobilier \u00e0 Saint-Cloud, qu\u2019il s\u2019agisse d\u2019une maison ou d\u2019un appartement Saint-Cloud, est un projet \u00e0 long terme qui vous engage financi\u00e8rement, notamment en cas de cr\u00e9dit immobilier. De ce fait, il est primordial de mettre toutes les chances de son c\u00f4t\u00e9 afin de ne rien rater en s&rsquo;adressant \u00e0 une <strong>agence immobili\u00e8re Saint-Cloud<\/strong> r\u00e9put\u00e9e telle que Katz.<\/p>\n<\/div>\n\n<div class=\"block-katz paragraph\">\n<p>La commune parisienne compte plusieurs agents. Par exemple l&rsquo;agence immobili\u00e8re Rombaut La Celle Saint-Cloud, De Havilland, Delaunay. <strong>Katz Immobilier<\/strong> est le partenaire id\u00e9al pour trouver le bien adapt\u00e9 \u00e0 ses go\u00fbts et \u00e0 ses besoins. En effet, nos aimables agents connaissent parfaitement le secteur de la commune et peuvent vous avertir d\u00e8s qu\u2019une maison, un appartement ou un studio est mis en vente dans le secteur.<\/p>\n<\/div>\n\n<div class=\"block-katz paragraph\">\n<p>De m\u00eame, la vente d\u2019une maison est loin d\u2019\u00eatre un projet banal. Pour trouver rapidement un acqu\u00e9reur et <strong>vendre sa maison ou appartement \u00e0 Saint-Cloud \u00e0 un prix juste<\/strong>, l\u2019expertise d\u2019une agence immobili\u00e8re est recommand\u00e9e. Non seulement le professionnel vous aide \u00e0 estimer votre bien immobilier, mai il s\u2019occupera \u00e9galement de toutes les formalit\u00e9s : publication d\u2019une annonce, visite, contre-visite, etc. Et tout cela gratuitement. En effet, tant que la vente de votre bien immobilier Saint-Cloud n\u2019est pas r\u00e9alis\u00e9e, l&rsquo;agence immobili\u00e8re ne touche pas de commission.<\/p>\n<\/div>\n\n<div class=\"block-katz paragraph\">\n<p>En outre, pour louer ou faire louer un studio ou une maison quand on n&rsquo;est pas de la commune, l\u2019aide d\u2019une professionnel est conseill\u00e9e pour gagner du temps.<\/p>\n<\/div>\n\n<\/div>\n<div class=\"block-katz titre3photos\">\n\t<div class=\"container\">\n\t\t<div class=\"row\">\n\t\t\t\t\t\t\t<div class=\"col-12 text-center\">\n\t\t\t\t\t<h2>Un projet sur St-Cloud<\/h2>\n\t\t\t\t<\/div>\n\t\t\t\t\t\t\t\t<div class=\"col-md-4 col-12\">\n\t\t\t\t\t<img src=\"https:\/\/www.agencekatz.com\/agence-immobiliere\/wp-content\/uploads\/2021\/02\/appartement-neuf-400x400.png\" alt=\"Appartement neuf\" \/>\n\t\t\t\t<\/div>\n\t\t\t\t\t\t\t\t<div class=\"col-md-4 col-12\">\n\t\t\t\t\t<img src=\"https:\/\/www.agencekatz.com\/agence-immobiliere\/wp-content\/uploads\/2021\/02\/defautkatz-400x400.png\" alt=\"Katz Immobilier\" \/>\n\t\t\t\t<\/div>\n\t\t\t\t\t\t\t\t<div class=\"col-md-4 col-12\">\n\t\t\t\t\t<img src=\"https:\/\/www.agencekatz.com\/agence-immobiliere\/wp-content\/uploads\/2021\/02\/programme-neuf-400x400.jpg\" alt=\"Programme immobilier neuf\" \/>\n\t\t\t\t<\/div>\n\t\t\t\t\t\t\t\t<div class=\"col-12 text-center\">\n\t\t\t\t\t<a href=\"https:\/\/www.agencekatz.com\/contact\" class=\"link link-gold\" title=\"Contactez-nous\" target=\"_self\">Contactez-nous<\/a>\n\t\t\t\t<\/div>\n\t\t\t\t\t\t<\/div>\n\t<\/div>\n<\/div>\n<div class=\"container\">\n\n<div class=\"block-katz heading\">\n<h3>Katz immobilier : votre agence immobili\u00e8re Saint-Cloud<\/h3>\n<\/div>\n\n<div class=\"block-katz paragraph\">\n<p>Un projet de <strong>vente, d\u2019achat, de location ou gestion immobili\u00e8re \u00e0 Saint-Cloud<\/strong> ? Faites confiance \u00e0 une agence immobili\u00e8re implant\u00e9e dans la r\u00e9gion depuis plus de 50 ans. <strong>Katz Immobilier, agence immobili\u00e8re Saint-Cloud<\/strong> est votre partenaire id\u00e9al pour mener \u00e0 bien tous vos projets immobiliers dans l\u2019ouest de Paris. Parmi les autres options bien connues, il y a l&rsquo;agence immobili\u00e8re Trode Saint-Cloud.<\/p>\n<\/div>\n\n<div class=\"block-katz paragraph\">\n<p>Nos agents immobiliers, implant\u00e9s dans la commune, connaissent parfaitement le march\u00e9 immobilier et peuvent vous proposer dans les plus brefs d\u00e9lais des biens correspondant \u00e0 votre demande. Recherche de maison, d\u2019appartement ou de terrain, confiez-nous votre projet, nous en faisons notre priorit\u00e9. Gr\u00e2ce \u00e0 notre expertise et \u00e0 notre exp\u00e9rience, nous en ferons une totale r\u00e9ussite.<\/p>\n<\/div>\n\n<div class=\"block-katz liens\">\n\t<div class=\"row\">\n\t\t<div class=\"col-12\">\n\t\t\t\t\t\t\t<p class=\"titre\">Nos solutions immobili\u00e8res sur Saint-Cloud<\/p>\n\t\t\t\t\t\t\t\t<div class=\"bloc-liens\">\n\t\t\t\t\t\t\t\t\t\t\t<div class=\"lien\">\n\t\t\t\t\t\t\t<a href=\"https:\/\/www.agencekatz.com\/agence-immobiliere\/saint-cloud-92210\/immobilier-saint-cloud\/\" title=\"Immobilier Saint-Cloud\" target=\"_self\">\n\t\t\t\t\t\t\t\tImmobilier Saint-Cloud\t\t\t\t\t\t\t<\/a>\n\t\t\t\t\t\t<\/div>\n\t\t\t\t\t\t\t\t\t\t\t\t<div class=\"lien\">\n\t\t\t\t\t\t\t<a href=\"https:\/\/www.agencekatz.com\/agence-immobiliere\/saint-cloud-92210\/maison-saint-cloud\/\" title=\"Maison Saint-Cloud\" target=\"_self\">\n\t\t\t\t\t\t\t\tMaison Saint-Cloud\t\t\t\t\t\t\t<\/a>\n\t\t\t\t\t\t<\/div>\n\t\t\t\t\t\t\t\t\t\t\t\t<div class=\"lien\">\n\t\t\t\t\t\t\t<a href=\"https:\/\/www.agencekatz.com\/agence-immobiliere\/saint-cloud-92210\/appartement-saint-cloud\/\" title=\"Appartement Saint-Cloud\" target=\"_self\">\n\t\t\t\t\t\t\t\tAppartement Saint-Cloud\t\t\t\t\t\t\t<\/a>\n\t\t\t\t\t\t<\/div>\n\t\t\t\t\t\t\t\t\t\t\t\t<div class=\"lien\">\n\t\t\t\t\t\t\t<a href=\"https:\/\/www.agencekatz.com\/agence-immobiliere\/saint-cloud-92210\/location-appartement-saint-cloud\/\" title=\"Location appartement Saint-Cloud\" target=\"_self\">\n\t\t\t\t\t\t\t\tLocation appartement Saint-Cloud\t\t\t\t\t\t\t<\/a>\n\t\t\t\t\t\t<\/div>\n\t\t\t\t\t\t\t\t\t\t\t\t<div class=\"lien\">\n\t\t\t\t\t\t\t<a href=\"https:\/\/www.agencekatz.com\/agence-immobiliere\/saint-cloud-92210\/maison-vendre-saint-cloud\/\" title=\"Maison \u00e0 vendre Saint-Cloud\" target=\"_self\">\n\t\t\t\t\t\t\t\tMaison \u00e0 vendre Saint-Cloud\t\t\t\t\t\t\t<\/a>\n\t\t\t\t\t\t<\/div>\n\t\t\t\t\t\t\t\t\t\t\t\t<div class=\"lien\">\n\t\t\t\t\t\t\t<a href=\"https:\/\/www.agencekatz.com\/agence-immobiliere\/saint-cloud-92210\/achat-appartement-saint-cloud\/\" title=\"Achat appartement Saint-Cloud\" target=\"_self\">\n\t\t\t\t\t\t\t\tAchat appartement Saint-Cloud\t\t\t\t\t\t\t<\/a>\n\t\t\t\t\t\t<\/div>\n\t\t\t\t\t\t\t\t\t\t\t\t<div class=\"lien\">\n\t\t\t\t\t\t\t<a href=\"https:\/\/www.agencekatz.com\/agence-immobiliere\/saint-cloud-92210\/achat-maison-saint-cloud\/\" title=\"Achat maison Saint-Cloud\" target=\"_self\">\n\t\t\t\t\t\t\t\tAchat maison Saint-Cloud\t\t\t\t\t\t\t<\/a>\n\t\t\t\t\t\t<\/div>\n\t\t\t\t\t\t\t\t\t\t\t\t<div class=\"lien\">\n\t\t\t\t\t\t\t<a href=\"https:\/\/www.agencekatz.com\/agence-immobiliere\/saint-cloud-92210\/appartement-vendre-saint-cloud\/\" title=\"Appartement \u00e0 vendre Saint-Cloud\" target=\"_self\">\n\t\t\t\t\t\t\t\tAppartement \u00e0 vendre Saint-Cloud\t\t\t\t\t\t\t<\/a>\n\t\t\t\t\t\t<\/div>\n\t\t\t\t\t\t\t\t\t\t\t\t<div class=\"lien\">\n\t\t\t\t\t\t\t<a href=\"https:\/\/www.agencekatz.com\/agence-immobiliere\/saint-cloud-92210\/vente-appartement-saint-cloud\/\" title=\"Vente appartement Saint-Cloud\" target=\"_self\">\n\t\t\t\t\t\t\t\tVente appartement Saint-Cloud\t\t\t\t\t\t\t<\/a>\n\t\t\t\t\t\t<\/div>\n\t\t\t\t\t\t\t\t\t\t\t\t<div class=\"lien\">\n\t\t\t\t\t\t\t<a href=\"https:\/\/www.agencekatz.com\/agence-immobiliere\/saint-cloud-92210\/vente-maison-saint-cloud\/\" title=\"Vente maison Saint-Cloud\" target=\"_self\">\n\t\t\t\t\t\t\t\tVente maison Saint-Cloud\t\t\t\t\t\t\t<\/a>\n\t\t\t\t\t\t<\/div>\n\t\t\t\t\t\t\t\t\t\t\t\t<div class=\"lien\">\n\t\t\t\t\t\t\t<a href=\"https:\/\/www.agencekatz.com\/agence-immobiliere\/saint-cloud-92210\/maison-louer-saint-cloud\/\" title=\"Maison \u00e0 louer Saint-Cloud\" target=\"_self\">\n\t\t\t\t\t\t\t\tMaison \u00e0 louer Saint-Cloud\t\t\t\t\t\t\t<\/a>\n\t\t\t\t\t\t<\/div>\n\t\t\t\t\t\t\t\t\t\t\t\t<div class=\"lien\">\n\t\t\t\t\t\t\t<a href=\"https:\/\/www.agencekatz.com\/agence-immobiliere\/saint-cloud-92210\/location-maison-saint-cloud\/\" title=\"Location maison Saint-Cloud\" target=\"_self\">\n\t\t\t\t\t\t\t\tLocation maison Saint-Cloud\t\t\t\t\t\t\t<\/a>\n\t\t\t\t\t\t<\/div>\n\t\t\t\t\t\t\t\t\t\t\t\t<div class=\"lien\">\n\t\t\t\t\t\t\t<a href=\"https:\/\/www.agencekatz.com\/agence-immobiliere\/saint-cloud-92210\/programme-immobilier-saint-cloud\/\" title=\"Programme immobilier Saint-Cloud\" target=\"_self\">\n\t\t\t\t\t\t\t\tProgramme immobilier Saint-Cloud\t\t\t\t\t\t\t<\/a>\n\t\t\t\t\t\t<\/div>\n\t\t\t\t\t\t\t\t\t\t<\/div>\n\t\t\t\t\t\t<\/div>\n\t<\/div>\n<\/div>\n\n<div class=\"block-katz paragraph\">\n<p>Pour la vente de votre bien immobilier \u00e0 Saint-Cloud, nous nous occupons de tout, de l\u2019estimation immobili\u00e8re \u00e0 la signature du compromis de vente. En outre, si vous cherchez un bien en location ou souhaitez mettre votre <strong>maison ou appartement \u00e0 Saint-Cloud<\/strong> en location, notre \u00e9quipe est ravie de prendre en main votre projet. Nous nous occupons de la recherche de location, de la gestion des locations, etc.<\/p>\n<\/div>\n\n<div class=\"block-katz paragraph\">\n<p>Par ailleurs, Katz Immobilier est aussi conseiller en <a class=\"rank-math-link\" href=\"https:\/\/www.agencekatz.com\/investissement-immobilier\">investissement immobilier<\/a>. Actuellement, nous avons un portefeuille de 1.000 biens en gestion. Ainsi, avec notre \u00e9quipe, votre patrimoine est entre de bonnes mains.<\/p>\n<\/div>\n\n<div class=\"block-katz paragraph\">\n<p>Pour tous vos projets de vente, achat, location et gestion immobili\u00e8re, faites appel \u00e0 Katz immobilier. Notre <strong>agence immobili\u00e8re Saint-Cloud<\/strong> vous conseille et vous accompagne tout au long de votre projet.<\/p>\n<\/div>","protected":false},"excerpt":{"rendered":"<p>Pourquoi faire appel \u00e0 une agence immobili\u00e8re pour son projet immobilier ? L\u2019achat d\u2019un bien immobilier \u00e0 Saint-Cloud, qu\u2019il s\u2019agisse d\u2019une maison ou d\u2019un appartement Saint-Cloud, est un projet \u00e0 long terme qui vous engage financi\u00e8rement, notamment en cas de cr\u00e9dit immobilier. De ce fait, il est primordial de mettre toutes les chances de son [&hellip;]<\/p>\n","protected":false},"author":2,"featured_media":0,"parent":0,"menu_order":0,"comment_status":"closed","ping_status":"closed","template":"","meta":[],"acf":[],"_links":{"self":[{"href":"https:\/\/www.agencekatz.com\/agence-immobiliere\/wp-json\/wp\/v2\/pages\/29265"}],"collection":[{"href":"https:\/\/www.agencekatz.com\/agence-immobiliere\/wp-json\/wp\/v2\/pages"}],"about":[{"href":"https:\/\/www.agencekatz.com\/agence-immobiliere\/wp-json\/wp\/v2\/types\/page"}],"author":[{"embeddable":true,"href":"https:\/\/www.agencekatz.com\/agence-immobiliere\/wp-json\/wp\/v2\/users\/2"}],"replies":[{"embeddable":true,"href":"https:\/\/www.agencekatz.com\/agence-immobiliere\/wp-json\/wp\/v2\/comments?post=29265"}],"version-history":[{"count":5,"href":"https:\/\/www.agencekatz.com\/agence-immobiliere\/wp-json\/wp\/v2\/pages\/29265\/revisions"}],"predecessor-version":[{"id":29485,"href":"https:\/\/www.agencekatz.com\/agence-immobiliere\/wp-json\/wp\/v2\/pages\/29265\/revisions\/29485"}],"wp:attachment":[{"href":"https:\/\/www.agencekatz.com\/agence-immobiliere\/wp-json\/wp\/v2\/media?parent=29265"}],"curies":[{"name":"wp","href":"https:\/\/api.w.org\/{rel}","templated":true}]}}