{"id":29176,"date":"2021-03-04T18:27:37","date_gmt":"2021-03-04T17:27:37","guid":{"rendered":"https:\/\/www.agencekatz.com\/agence-immobiliere\/?page_id=29176"},"modified":"2025-02-26T15:21:40","modified_gmt":"2025-02-26T14:21:40","slug":"accueil-2","status":"publish","type":"page","link":"https:\/\/www.agencekatz.com\/agence-immobiliere\/","title":{"rendered":""},"content":{"rendered":"\n<div id=\"content\">\n            <div id=\"page-qsn\">\n\n                        \n                        <div class=\"container\">\n        <ul class=\"breadcrumbs\">\n                            <li>\n                                            <a href=\"\/\">Accueil<\/a>\n                                    <\/li>\n                            <li>\n                                            Qui sommes-nous ?\n                                    <\/li>\n                    <\/ul>\n    <\/div>\n\n\n                <section class=\"custom-banner\">\n                <div class=\"container\">\n        <div class=\"row\">\n            <div class=\"col-lg-10 offset-lg-1\">\n                <h1 class=\"title-xxl color-blue text-center mb-md\">\n                    KATZ Immobilier le sp\u00e9cialiste de l\u2019Ouest Parisien\n                <\/h1>\n            <\/div>\n            <div class=\"col-lg-8 offset-lg-2\">\n                <div class=\"text color-blue text-center\">\n                    Notre entreprise familiale a l&rsquo;honneur d&rsquo;\u00eatre \u00e0 votre service depuis plus de 50 ans pour vous accompagner dans la transaction immobili\u00e8re, la gestion immobili\u00e8re, la location de biens immobiliers, le conseil en investissement immobilier et la promotion immobili\u00e8re.\n                <\/div>\n                            <\/div>\n        <\/div>\n    <\/div>\n\n        <\/section>\n\n\n\n                <section class=\"intro py-md\">\n            <div class=\"container\">\n                <div class=\"row\">\n                    <div class=\"col-lg-6\">\n                        <div class=\"image h-100 bg-cover\" style=\"background-image:url('\/frontend\/src\/img\/agence.jpg ');min-height: 200px;\"><\/div>\n                    <\/div>\n                    <div class=\"col-lg-6\">\n                        <div class=\"text color-blue py-md\">\n                            <p>Tr\u00e8s \u00e0 l&rsquo;\u00e9coute, notre agence immobili\u00e8re anticipe les besoins de ses clients et propose des solutions personnalis\u00e9es.<\/p>\n                            <p>KATZ Immobilier, s&rsquo;inscrit aujourd&rsquo;hui comme un sp\u00e9cialiste de l&rsquo;immobilier sur l\u2019ouest de Paris. Install\u00e9e en centre-ville face \u00e0 la gare de Garches \u2013 Marnes la coquette, elle b\u00e9n\u00e9ficie d&rsquo;une visibilit\u00e9 maximale au c\u0153ur d&rsquo;un secteur tr\u00e8s passant.<\/p>\n                            <p>KATZ Immobilier est l&rsquo;une des plus anciennes agences Immobili\u00e8res de la r\u00e9gion avec trois g\u00e9n\u00e9rations d&rsquo;entrepreneurs se succ\u00e9dant. Nous mettons notre exp\u00e9rience, notre parfaite connaissance du march\u00e9 et notre comp\u00e9tence globale en mati\u00e8re d&rsquo;immobilier afin de vous apporter le meilleur service possible.<\/p>\n                            <p>Notre agence ind\u00e9pendante est sp\u00e9cialis\u00e9e sur l&rsquo;Ouest Parisien. Nous proposons tous types de biens et notre expertise de qualit\u00e9 permet une valorisation de votre patrimoine immobilier.<\/p>\n                        <\/div>\n                    <\/div>\n                <\/div>\n            <\/div>\n        <\/section>\n\n\n\n                <section class=\"pt-md\">\n                                    \n    <div class=\"presentation container\">\n        <div class=\"row\">\n            <div class=\"col-lg-4 \">\n                <div class=\"item\">\n                    <div class=\"item-title color-blue\">\n                        \u00c9coute\n                    <\/div>\n                    <div class=\"text color-blue\">\n                        Tr\u00e8s \u00e0 l&rsquo;\u00e9coute, notre agence immobil\u00e8re anticipe le besoin de ses clients.\n                    <\/div>\n                <\/div>\n            <\/div>\n            <div class=\"col-lg-4 \">\n                <div class=\"item\">\n                    <div class=\"item-title color-blue\">\n                        Proximit\u00e9\n                    <\/div>\n                    <div class=\"text color-blue\">\n                        Petite \u00e9quipe au professionalisme confirm\u00e9 depuis 20 ans et habitant le secteur.\n                    <\/div>\n                <\/div>\n            <\/div>\n            <div class=\"col-lg-4 \">\n                <div class=\"item\">\n                    <div class=\"item-title color-blue\">\n                        Solutions personnalis\u00e9es\n                    <\/div>\n                    <div class=\"text color-blue\">\n                        Propose de nombreux biens et couvre de nombreux secteurs d&rsquo;activit\u00e9.\n                    <\/div>\n                <\/div>\n            <\/div>\n        <\/div>\n    <\/div>\n\n        <\/section>\n\n\n\n\n                <section class=\"py-md\">\n            <div class=\"container\">\n                <div class=\"text color-blue text-center\">\n                    <p>Nous intervenons avec un large portefeuille de clients que nous avons satisfait durant des ann\u00e9es, une client\u00e8le internationale et un grand nombre de supports de communication. Noutre nouvelle \u00e9quipe dynamique et rigoureuse saura r\u00e9pondre \u00e0 vos interrogations et vous proposer des solutions adapt\u00e9es \u00e0 vos besoins.<\/p>\n                    <p>Vous \u00eates en qu\u00eate d&rsquo;un projet immobilier ? Vous appr\u00e9cierez de vous adresser \u00e0 des sp\u00e9cialistes du secteur install\u00e9s dans un emplacement privil\u00e9gi\u00e9 \u00e0 grande visibilit\u00e9.<\/p>\n                    <p>Un accueil chaleureux et personnalis\u00e9 sera r\u00e9serv\u00e9 \u00e0 toute personne ayant choisi de pousser la porte de KATZ Immobilier.<\/p>\n                <\/div>\n            <\/div>\n        <\/section>\n\n\n\n\n                <section class=\"pt-md activities\">\n            <div class=\"container\">\n                <h3 class=\"title-lg text-uppercase color-blue text-center mb-lg md-down-mb-md\">Nos activit\u00e9s<\/h3>\n                <div class=\"row\">\n                                            <div class=\"right-block col-md-6 col-12 mb-80\">\n                <div class=\"img-fluid\" data-aos=\"fade-left\" data-aos-delay=\"0\" style=\"background-image: url('\/frontend\/src\/img\/kitchen.jpg')\"><\/div>\n\n        <div class=\"content bg-white container-fluid\">\n            <div class=\"row no-gutters h-100\">\n                <div class=\"col-lg-9 offset-lg-2\">\n                    <div class=\"right-block-container\">\n                        <div>\n                            <p class=\"title\">Achats de biens<\/p>\n                            <p class=\"desc\">Nous collaborons avec vous pour garantir l&rsquo;achat de votre bien immobilier en toute confiance.<\/p>\n                        <\/div>\n                        <a href=\"\/acheter-appartement-maison\" class=\"link link-gold font-weight-normal\">Acheter un bien<\/a>\n                    <\/div>\n                <\/div>\n            <\/div>\n        <\/div>\n\n    <\/div>\n\n                                            <div class=\"right-block col-md-6 col-12 mb-80\">\n                <div class=\"img-fluid\" data-aos=\"fade-left\" data-aos-delay=\"0\" style=\"background-image: url('\/frontend\/src\/img\/corridor.jpg')\"><\/div>\n\n        <div class=\"content bg-white container-fluid\">\n            <div class=\"row no-gutters h-100\">\n                <div class=\"col-lg-9 offset-lg-2\">\n                    <div class=\"right-block-container\">\n                        <div>\n                            <p class=\"title\">Location de biens<\/p>\n                            <p class=\"desc\">Nous recherchons le bien id\u00e9al pour votre futur r\u00e9sidence principale.<\/p>\n                        <\/div>\n                        <a href=\"\/location-appartement-maison\" class=\"link link-gold font-weight-normal\">Louer un bien<\/a>\n                    <\/div>\n                <\/div>\n            <\/div>\n        <\/div>\n\n    <\/div>\n\n\n                                            <div class=\"right-block col-md-6 col-12 mb-80\">\n                <div class=\"img-fluid\" data-aos=\"fade-left\" data-aos-delay=\"0\" style=\"background-image: url('\/frontend\/src\/img\/immo.jpg')\"><\/div>\n\n        <div class=\"content bg-white container-fluid\">\n            <div class=\"row no-gutters h-100\">\n                <div class=\"col-lg-9 offset-lg-2\">\n                    <div class=\"right-block-container\">\n                        <div>\n                            <p class=\"title\">Gestion de biens<\/p>\n                            <p class=\"desc\">Confiez-nous la gestion administrative et technique de votre bien immobilier en toute s\u00e9r\u00e9nit\u00e9<\/p>\n                        <\/div>\n                        <a href=\"\/gestion-biens-immobiliers\" class=\"link link-gold font-weight-normal\">Faire g\u00e9rer son bien<\/a>\n                    <\/div>\n                <\/div>\n            <\/div>\n        <\/div>\n\n    <\/div>\n\n                                            <div class=\"right-block col-md-6 col-12 mb-80\">\n                <div class=\"img-fluid\" data-aos=\"fade-left\" data-aos-delay=\"0\" style=\"background-image: url('\/frontend\/src\/img\/living-room.jpg')\"><\/div>\n\n        <div class=\"content bg-white container-fluid\">\n            <div class=\"row no-gutters h-100\">\n                <div class=\"col-lg-9 offset-lg-2\">\n                    <div class=\"right-block-container\">\n                        <div>\n                            <p class=\"title\">Vente de biens<\/p>\n                            <p class=\"desc\">R\u00e9aliser une estimation sur mesure par un professionnel<\/p>\n                        <\/div>\n                        <a href=\"\/estimation-et-vente-biens-immobiliers\" class=\"link link-gold font-weight-normal\">Vendre un bien<\/a>\n                    <\/div>\n                <\/div>\n            <\/div>\n        <\/div>\n\n    <\/div>\n\n\n                                            <div class=\"right-block col-md-6 col-12 mb-80\">\n                <div class=\"img-fluid\" data-aos=\"fade-left\" data-aos-delay=\"0\" style=\"background-image: url('\/frontend\/src\/img\/caouch.jpg')\"><\/div>\n\n        <div class=\"content bg-white container-fluid\">\n            <div class=\"row no-gutters h-100\">\n                <div class=\"col-lg-9 offset-lg-2\">\n                    <div class=\"right-block-container\">\n                        <div>\n                            <p class=\"title\">Promotion immobili\u00e8re<\/p>\n                            <p class=\"desc\">Nous r\u00e9alisons une \u00e9tude de faisabilit\u00e9 sur votre bien immobilier pour analyser l&rsquo;int\u00e9r\u00eat d&rsquo;une op\u00e9ration de construction<\/p>\n                        <\/div>\n                        <a href=\"\/promotion-immobiliere\" class=\"link link-gold font-weight-normal\">Analyser une op\u00e9ration<\/a>\n                    <\/div>\n                <\/div>\n            <\/div>\n        <\/div>\n\n    <\/div>\n\n                                            <div class=\"right-block col-md-6 col-12 mb-80\">\n                <div class=\"img-fluid\" data-aos=\"fade-left\" data-aos-delay=\"0\" style=\"background-image: url('\/frontend\/src\/img\/house.jpg')\"><\/div>\n\n        <div class=\"content bg-white container-fluid\">\n            <div class=\"row no-gutters h-100\">\n                <div class=\"col-lg-9 offset-lg-2\">\n                    <div class=\"right-block-container\">\n                        <div>\n                            <p class=\"title\">Conseil en investissement immobilier<\/p>\n                            <p class=\"desc\">Nous vous aidons \u00e0 s\u00e9lectionner les biens immobiliers avec la meilleure rentabilit\u00e9 sur le march\u00e9.<\/p>\n                        <\/div>\n                        <a href=\"\/investissement-immobilier\" class=\"link link-gold font-weight-normal\">Me faire conseiller<\/a>\n                    <\/div>\n                <\/div>\n            <\/div>\n        <\/div>\n\n    <\/div>\n\n                <\/div>\n            <\/div>\n        <\/section>\n\n\n\n\n                <section class=\"py-md team\">\n            <h3 class=\"title-lg color-blue text-uppercase text-center mb-md\">Notre \u00e9quipe<\/h3>\n            <div class=\"container-fluid\">\n                <div class=\"col-lg-10 offset-lg-2\">\n                    <div class=\"swiper-members swiper-container\">\n                        <div class=\"swiper-wrapper\">\n                                                            <div class=\"swiper-slide color-blue text-center\">\n                                    <div class=\"img bg-cover\" style=\"background-image:url(\/upload\/team\/60b0e9371e175_img_8890_2.jpg)\"><\/div>\n                                    <p class=\"title mt-md mb-0\">KATZ Arthur<\/p>\n                                    <p class=\"text mb-sm\">G\u00e9rant<\/p>\n                                    <div class=\"text\"><\/div>\n                                <\/div>\n                                                            <div class=\"swiper-slide color-blue text-center\">\n                                    <div class=\"img bg-cover\" style=\"background-image:url(\/upload\/team\/60b0e90fcd412_img_8838_2.jpg)\"><\/div>\n                                    <p class=\"title mt-md mb-0\">CALVI Sonia<\/p>\n                                    <p class=\"text mb-sm\">Conseill\u00e8re en location<\/p>\n                                    <div class=\"text\"><\/div>\n                                <\/div>\n                                                            <div class=\"swiper-slide color-blue text-center\">\n                                    <div class=\"img bg-cover\" style=\"background-image:url(\/upload\/team\/60b0e9857a1a5_img_8895_2.jpg)\"><\/div>\n                                    <p class=\"title mt-md mb-0\">JANVIER Sophie<\/p>\n                                    <p class=\"text mb-sm\">Conseill\u00e8re en immobilier<\/p>\n                                    <div class=\"text\"><\/div>\n                                <\/div>\n                                                            <div class=\"swiper-slide color-blue text-center\">\n                                    <div class=\"img bg-cover\" style=\"background-image:url(\/upload\/team\/66585f7ed962b_ng_2024.png)\"><\/div>\n                                    <p class=\"title mt-md mb-0\">GUICHET Nathalie<\/p>\n                                    <p class=\"text mb-sm\">Conseill\u00e8re en immobilier<\/p>\n                                    <div class=\"text\"><\/div>\n                                <\/div>\n                                                                                             <\/div>\n\n                        <div class=\"navigation navigation-arrow-gold\">\n                            <div class=\"swiper-button-prev\"><\/div>\n                            <div class=\"swiper-button-next\"><\/div>\n                        <\/div>\n\n                    <\/div>\n                <\/div>\n            <\/div>\n        <\/section>\n\n    <\/div>\n    <\/div>\n\n\n<div class=\"block-katz liens\">\n\t<div class=\"row\">\n\t\t<div class=\"col-12\">\n\t\t\t\t\t\t\t<p class=\"titre\">Nos solutions immobili\u00e8res dans le 92<\/p>\n\t\t\t\t\t\t\t\t<div class=\"bloc-liens\">\n\t\t\t\t\t\t\t\t\t\t\t<div class=\"lien\">\n\t\t\t\t\t\t\t<a href=\"https:\/\/www.agencekatz.com\/agence-immobiliere\/garches-92380\/\" title=\"Agence immobili\u00e8re \u00e0 Garches\" target=\"_self\">\n\t\t\t\t\t\t\t\tAgence immobili\u00e8re \u00e0 Garches\t\t\t\t\t\t\t<\/a>\n\t\t\t\t\t\t<\/div>\n\t\t\t\t\t\t\t\t\t\t\t\t<div class=\"lien\">\n\t\t\t\t\t\t\t<a href=\"https:\/\/www.agencekatz.com\/agence-immobiliere\/saint-cloud-92210\/\" title=\"Agence immobili\u00e8re \u00e0 Saint-Cloud\" target=\"_self\">\n\t\t\t\t\t\t\t\tAgence immobili\u00e8re \u00e0 Saint-Cloud\t\t\t\t\t\t\t<\/a>\n\t\t\t\t\t\t<\/div>\n\t\t\t\t\t\t\t\t\t\t\t\t<div class=\"lien\">\n\t\t\t\t\t\t\t<a href=\"https:\/\/www.agencekatz.com\/agence-immobiliere\/vaucresson-92420\/\" title=\"Agence immobili\u00e8re \u00e0 Vaucresson\" target=\"_self\">\n\t\t\t\t\t\t\t\tAgence immobili\u00e8re \u00e0 Vaucresson\t\t\t\t\t\t\t<\/a>\n\t\t\t\t\t\t<\/div>\n\t\t\t\t\t\t\t\t\t\t\t\t<div class=\"lien\">\n\t\t\t\t\t\t\t<a href=\"https:\/\/www.agencekatz.com\/agence-immobiliere\/marnes-la-coquette-92430\/\" title=\"Agence immobili\u00e8re \u00e0 Marnes la Coquette\" target=\"_self\">\n\t\t\t\t\t\t\t\tAgence immobili\u00e8re \u00e0 Marnes la Coquette\t\t\t\t\t\t\t<\/a>\n\t\t\t\t\t\t<\/div>\n\t\t\t\t\t\t\t\t\t\t\t\t<div class=\"lien\">\n\t\t\t\t\t\t\t<a href=\"https:\/\/www.agencekatz.com\/agence-immobiliere\/boulogne-billancourt-92100\/\" title=\"Agence immobili\u00e8re \u00e0 Boulogne Billancourt\" target=\"_self\">\n\t\t\t\t\t\t\t\tAgence immobili\u00e8re \u00e0 Boulogne Billancourt\t\t\t\t\t\t\t<\/a>\n\t\t\t\t\t\t<\/div>\n\t\t\t\t\t\t\t\t\t\t\t\t<div class=\"lien\">\n\t\t\t\t\t\t\t<a href=\"https:\/\/www.agencekatz.com\/agence-immobiliere\/ville-d-avray-92410\/\" title=\"Agence immobili\u00e8re \u00e0 Ville-d'Avray\" target=\"_self\">\n\t\t\t\t\t\t\t\tAgence immobili\u00e8re \u00e0 Ville-d&rsquo;Avray\t\t\t\t\t\t\t<\/a>\n\t\t\t\t\t\t<\/div>\n\t\t\t\t\t\t\t\t\t\t<\/div>\n\t\t\t\t\t\t<\/div>\n\t<\/div>\n<\/div>","protected":false},"excerpt":{"rendered":"<p>Accueil Qui sommes-nous ? KATZ Immobilier le sp\u00e9cialiste de l\u2019Ouest Parisien Notre entreprise familiale a l&rsquo;honneur d&rsquo;\u00eatre \u00e0 votre service depuis plus de 50 ans pour vous accompagner dans la transaction immobili\u00e8re, la gestion immobili\u00e8re, la location de biens immobiliers, le conseil en investissement immobilier et la promotion immobili\u00e8re. Tr\u00e8s \u00e0 l&rsquo;\u00e9coute, notre agence immobili\u00e8re [&hellip;]<\/p>\n","protected":false},"author":1,"featured_media":0,"parent":0,"menu_order":0,"comment_status":"closed","ping_status":"closed","template":"","meta":[],"acf":[],"_links":{"self":[{"href":"https:\/\/www.agencekatz.com\/agence-immobiliere\/wp-json\/wp\/v2\/pages\/29176"}],"collection":[{"href":"https:\/\/www.agencekatz.com\/agence-immobiliere\/wp-json\/wp\/v2\/pages"}],"about":[{"href":"https:\/\/www.agencekatz.com\/agence-immobiliere\/wp-json\/wp\/v2\/types\/page"}],"author":[{"embeddable":true,"href":"https:\/\/www.agencekatz.com\/agence-immobiliere\/wp-json\/wp\/v2\/users\/1"}],"replies":[{"embeddable":true,"href":"https:\/\/www.agencekatz.com\/agence-immobiliere\/wp-json\/wp\/v2\/comments?post=29176"}],"version-history":[{"count":71,"href":"https:\/\/www.agencekatz.com\/agence-immobiliere\/wp-json\/wp\/v2\/pages\/29176\/revisions"}],"predecessor-version":[{"id":30362,"href":"https:\/\/www.agencekatz.com\/agence-immobiliere\/wp-json\/wp\/v2\/pages\/29176\/revisions\/30362"}],"wp:attachment":[{"href":"https:\/\/www.agencekatz.com\/agence-immobiliere\/wp-json\/wp\/v2\/media?parent=29176"}],"curies":[{"name":"wp","href":"https:\/\/api.w.org\/{rel}","templated":true}]}}