{"id":29128,"date":"2021-02-24T21:35:49","date_gmt":"2021-02-24T20:35:49","guid":{"rendered":"https:\/\/www.agencekatz.com\/agence-immobiliere\/?page_id=29128"},"modified":"2021-03-02T13:01:30","modified_gmt":"2021-03-02T12:01:30","slug":"location-appartement-garches","status":"publish","type":"page","link":"https:\/\/www.agencekatz.com\/agence-immobiliere\/garches-92380\/location-appartement-garches\/","title":{"rendered":"Location appartement \u00e0 Garches"},"content":{"rendered":"<div class=\"block-katz paragraph\">\n<p>Vous avez un projet de d\u00e9m\u00e9nagement ? Si l\u2019ouest de Paris vous attire, la ville de Garches est l\u2019un des meilleurs secteurs pour trouver votre nouveau logement en location. Du studio au 5 pi\u00e8ces en passant par le 3 pi\u00e8ces, Katz vous propose toute la gamme pour votre <strong>location d&rsquo;appartement \u00e0 Garches<\/strong> (92).<\/p>\n<\/div>\n\n<\/div>\n<div class=\"block-katz moteurrecherche\">\n\t<div id=\"buy-location\">\n\t\t<section class=\"filter-search mt-md\">\n\t\t\t<form name=\"katz_search\" method=\"get\" id=\"search-form\" action=\"https:\/\/www.agencekatz.com\/acheter-appartement-maison#search-form\">\n\t\t\t\t<div class=\"container\">\n\t\t\t\t\t<p class=\"font-lato-bold font-size-26 color-blue text-uppercase text-center letter-spacing-400\">\n\t\t\t\t\t\tVous cherchez un appartement \u00e0 louer sur Garches ? \t\t\t\t\t<\/p>\n\t\t\t\t\t<div class=\"row\">\n\t\t\t\t\t\t<div class=\"col-lg-10 offset-lg-1\">\n\t\t\t\t\t\t\t<div class=\"container-fluid selector-container mt-md mb-sm\">\n\t\t\t\t\t\t\t\t<div class=\"row no-gutters\">\n\t\t\t\t\t\t\t\t\t<div class=\"col-lg-6\">\n\t\t\t\t\t\t\t\t\t\t<div class=\"switch d-flex \">\n\t\t\t\t\t\t\t\t\t\t\t<a href=\"https:\/\/www.agencekatz.com\/acheter-appartement-maison\" class=\"link-elmt active\" target=\"_self\">\n\t\t\t\t\t\t\t\t\t\t\t\tAchat\n\t\t\t\t\t\t\t\t\t\t\t<\/a>\n\t\t\t\t\t\t\t\t\t\t\t<a href=\"https:\/\/www.agencekatz.com\/location-appartement-maison\" class=\"link-elmt \" target=\"_self\">\n\t\t\t\t\t\t\t\t\t\t\t\tLouer\n\t\t\t\t\t\t\t\t\t\t\t<\/a>\n\t\t\t\t\t\t\t\t\t\t<\/div>\n\t\t\t\t\t\t\t\t\t<\/div>\n\t\t\t\t\t\t\t\t\t<div class=\"col-lg-6 input-search\">\n\t\t\t\t\t\t\t\t\t\t<select id=\"katz_search_place\" name=\"katz_search[place]\" class=\"select-two\" placeholder=\"Ville, Code postal...\">\n\t\t\t\t\t\t\t\t\t\t\t<option value=\"\"><\/option>\n\t\t\t\t\t\t\t\t\t\t\t<option value=\"Beynes\" selected=\"selected\">Beynes &#8211; 78650<\/option>\n\t\t\t\t\t\t\t\t\t\t\t<option value=\"Bougival\">Bougival &#8211; 78380<\/option>\n\t\t\t\t\t\t\t\t\t\t\t<option value=\"Garches\">Garches &#8211; 92380<\/option>\n\t\t\t\t\t\t\t\t\t\t\t<option value=\"Goupilli\u00e8res\">Goupilli\u00e8res &#8211; 78770<\/option>\n\t\t\t\t\t\t\t\t\t\t\t<option value=\"Issy-les-Moulineaux\">Issy-les-Moulineaux &#8211; 92130<\/option>\n\t\t\t\t\t\t\t\t\t\t\t<option value=\"La Celle-Saint-Cloud\">La Celle-Saint-Cloud &#8211; 78170<\/option>\n\t\t\t\t\t\t\t\t\t\t\t<option value=\"Marnes-la-Coquette\">Marnes-la-Coquette &#8211; 92430<\/option>\n\t\t\t\t\t\t\t\t\t\t\t<option value=\"Montrouge\">Montrouge &#8211; 92120<\/option>\n\t\t\t\t\t\t\t\t\t\t\t<option value=\"Paris\">Paris &#8211; 75018<\/option>\n\t\t\t\t\t\t\t\t\t\t\t<option value=\"Paris 18\">Paris 18 &#8211; 75018<\/option>\n\t\t\t\t\t\t\t\t\t\t\t<option value=\"Vaucresson\">Vaucresson &#8211; 92420<\/option>\n\t\t\t\t\t\t\t\t\t\t\t<option value=\"Ville-d&#039;Avray\">Ville-d&#039;Avray &#8211; 92410<\/option>\n\t\t\t\t\t\t\t\t\t\t<\/select>\n\t\t\t\t\t\t\t\t\t<\/div>\n\t\t\t\t\t\t\t\t<\/div>\n\t\t\t\t\t\t\t<\/div>\n\t\t\t\t\t\t<\/div>\n\t\t\t\t\t<\/div>\n\t\t\t\t<\/div>\n\t\t\t\t<div class=\"container-fluid py-sm bg-blue color-white text-center\">\n\t\t\t\t\t<div class=\"container\">\n\t\t\t\t\t\t<div class=\"col-md-10 offset-md-1 col-12\">\n\t\t\t\t\t\t\t<div class=\"filter d-flex justify-content-between\">\n\t\t\t\t\t\t\t\t<select id=\"katz_search_typeOffre\" name=\"katz_search[typeOffre]\">\n\t\t\t\t\t\t\t\t\t<option value=\"\">Type de bien<\/option>\n\t\t\t\t\t\t\t\t\t<option value=\"1\">Appartement<\/option>\n\t\t\t\t\t\t\t\t\t<option value=\"2\">Maison<\/option>\n\t\t\t\t\t\t\t\t\t<option value=\"5\">Local<\/option>\n\t\t\t\t\t\t\t\t\t<option value=\"7\">Parking<\/option>\n\t\t\t\t\t\t\t\t\t<option value=\"3\">Terrain<\/option>\n\t\t\t\t\t\t\t\t\t<option value=\"4\">Immeuble<\/option>\n\t\t\t\t\t\t\t\t<\/select>\n\t\t\t\t\t\t\t\t<select id=\"katz_search_nbPieces\" name=\"katz_search[nbPieces]\">\n\t\t\t\t\t\t\t\t\t<option value=\"\">Pi\u00e8ces<\/option>\n\t\t\t\t\t\t\t\t\t<option value=\"1\">1<\/option>\n\t\t\t\t\t\t\t\t\t<option value=\"2\">2<\/option>\n\t\t\t\t\t\t\t\t\t<option value=\"3\">3<\/option>\n\t\t\t\t\t\t\t\t\t<option value=\"4\">4<\/option>\n\t\t\t\t\t\t\t\t\t<option value=\"5\">5 et +<\/option>\n\t\t\t\t\t\t\t\t<\/select>\n\t\t\t\t\t\t\t\t<div class=\"filter-item\">\n\t\t\t\t\t\t\t\t\t<span>Surface:<\/span>\n\t\t\t\t\t\t\t\t\t<input type=\"number\" id=\"katz_search_surfHabMin\" name=\"katz_search[surfHabMin]\" placeholder=\"min\" min=\"0\" value=\"\" \/>\n\t\t\t\t\t\t\t\t\t<input type=\"number\" id=\"katz_search_surfHabMax\" name=\"katz_search[surfHabMax]\" placeholder=\"max\" min=\"0\" value=\"\" \/>\n\t\t\t\t\t\t\t\t<\/div>\n\t\t\t\t\t\t\t\t<div class=\"filter-item\">\n\t\t\t\t\t\t\t\t\t<span>Prix:<\/span>\n\t\t\t\t\t\t\t\t\t<input type=\"number\" id=\"katz_search_prixMin\" name=\"katz_search[prixMin]\" placeholder=\"min\" min=\"0\" value=\"\" \/>\n\t\t\t\t\t\t\t\t\t<input type=\"number\" id=\"katz_search_prixMax\" name=\"katz_search[prixMax]\" placeholder=\"max\" min=\"0\" value=\"\" \/>\n\t\t\t\t\t\t\t\t<\/div>\n\t\t\t\t\t\t\t<\/div>\n\t\t\t\t\t\t<\/div>\n\t\t\t\t\t<\/div>\n\t\t\t\t<\/div>\n\t\t\t\t<div class=\"container\">\n\t\t\t\t\t<div class=\"row\">\n\t\t\t\t\t\t<div class=\"col-lg-10 offset-lg-1 text-right\">\n\t\t\t\t\t\t\t<div class=\"link-elmt submit mt-sm\" id=\"submit-button-search-form\">Rechercher<\/div>\n\t\t\t\t\t\t<\/div>\n\t\t\t\t\t<\/div>\n\t\t\t\t<\/div>\n\t\t\t<\/form>\n\t\t<\/section>\n\t<\/div>\n<\/div>\n<div class=\"container\">\n\n<div class=\"block-katz heading\">\n<h2>Faire appel \u00e0 un professionnel pour une location appartement Garches<\/h2>\n<\/div>\n\n<div class=\"block-katz paragraph\">\n<p>Quitter son ancien domicile pour se loger ailleurs n\u2019est jamais une d\u00e9cision simple. Peu importe les raisons qui ont pouss\u00e9es au <strong>d\u00e9m\u00e9nagement<\/strong>. La situation et l\u2019\u00e9tat de la future r\u00e9sidence ne doivent donc pas \u00eatre pris \u00e0 la l\u00e9g\u00e8re.<\/p>\n<\/div>\n\n<div class=\"block-katz paragraph\">\n<p>Afin de faciliter votre recherche du bien id\u00e9al, il est fortement recommand\u00e9 de faire appel aux services d\u2019un professionnel de l\u2019immobilier. Pour une <strong>location d&rsquo;appartement \u00e0 Garches 92<\/strong>, KATZ Immobilier est LE r\u00e9f\u00e9rent vers qui se diriger.<\/p>\n<\/div>\n\n<div class=\"block-katz paragraph\">\n<p>Son implantation dans la ville en question vous permettra d\u2019obtenir le maximum d\u2019informations&nbsp;; et de recevoir ainsi un maximum de propositions r\u00e9pondant le mieux \u00e0 vos attentes.<\/p>\n<\/div>\n\n<div class=\"block-katz paragraph\">\n<p>Il suffit de soumettre les d\u00e9tails de votre appartement id\u00e9al\u00a0: fourchette de prix, nombre de pi\u00e8ces, superficie, <strong>location appartement meubl\u00e9 \u00e0 Garches<\/strong> ou non, etc. \u00e0 KATZ Immobilier\u00a0; et ce dernier se chargera du reste\u00a0!<\/p>\n<\/div>\n\n<div class=\"block-katz paragraph\">\n<p>Avec l\u2019aide de l\u2019agence, vous b\u00e9n\u00e9ficierez de visites journali\u00e8res pour rechercher votre appartement coup de c\u0153ur \u00e0 Garches et ses environs. L\u2019interm\u00e9diaire d\u2019un professionnel vous permettra de trouver plus rapidement le bien id\u00e9al. C&rsquo;est beaucoup plus pratique et s\u00fbr qu&rsquo;une <strong>location d&rsquo;appartement \u00e0 Garches Le Bon Coin<\/strong>. <\/p>\n<\/div>\n\n<\/div>\n<div class=\"block-katz titre3photos\">\n\t<div class=\"container\">\n\t\t<div class=\"row\">\n\t\t\t\t\t\t\t<div class=\"col-12 text-center\">\n\t\t\t\t\t<h2>Un projet sur Garches<\/h2>\n\t\t\t\t<\/div>\n\t\t\t\t\t\t\t\t<div class=\"col-md-4 col-12\">\n\t\t\t\t\t<img src=\"https:\/\/www.agencekatz.com\/agence-immobiliere\/wp-content\/uploads\/2021\/02\/appartement-neuf-400x400.png\" alt=\"Appartement neuf\" \/>\n\t\t\t\t<\/div>\n\t\t\t\t\t\t\t\t<div class=\"col-md-4 col-12\">\n\t\t\t\t\t<img src=\"https:\/\/www.agencekatz.com\/agence-immobiliere\/wp-content\/uploads\/2021\/02\/satisfaction-katz-immobilier-400x400.jpg\" alt=\"Katz Immobilier - Satisfaction client 94%\" \/>\n\t\t\t\t<\/div>\n\t\t\t\t\t\t\t\t<div class=\"col-md-4 col-12\">\n\t\t\t\t\t<img src=\"https:\/\/www.agencekatz.com\/agence-immobiliere\/wp-content\/uploads\/2021\/02\/programme-neuf-400x400.jpg\" alt=\"Programme immobilier neuf\" \/>\n\t\t\t\t<\/div>\n\t\t\t\t\t\t\t\t<div class=\"col-12 text-center\">\n\t\t\t\t\t<a href=\"https:\/\/www.agencekatz.com\/contact\" class=\"link link-gold\" title=\"Contactez-nous\" target=\"_self\">Contactez-nous<\/a>\n\t\t\t\t<\/div>\n\t\t\t\t\t\t<\/div>\n\t<\/div>\n<\/div>\n<div class=\"container\">\n\n<div class=\"block-katz heading\">\n<h3>\u00c0 la recherche de calme et s\u00e9r\u00e9nit\u00e9&nbsp;? Louez un appartement \u00e0 Garches<\/h3>\n<\/div>\n\n<div class=\"block-katz paragraph\">\n<p>Une location d&rsquo;appartement Garches est recommand\u00e9e pour ceux en qu\u00eate de leur havre de paix. La ville de Garches est particuli\u00e8rement pris\u00e9e par ceux qui ont une attirance pour le calme et la verdure\u00a0! La <strong>PAP location Garches<\/strong> est une option. Mais avec un pro, on gagne du temps et on prend moins de risques.<\/p>\n<\/div>\n\n<div class=\"block-katz paragraph\">\n<p>De plus, les lieux sont occup\u00e9s par de nombreux logements r\u00e9sidentiels. Vivre dans les environs de Garches, c\u2019est ainsi assurer une meilleure qualit\u00e9 de vie.<\/p>\n<\/div>\n\n<div class=\"block-katz paragraph\">\n<p>Divers appartements sont \u00e0 louer dans la ville. Meubl\u00e9s ou non, avec 3 ou 5 pi\u00e8ces, ce qui est s\u00fbr, au moins un bien correspondra \u00e0 vos attentes. Vous \u00eates \u00e0 la recherche d&rsquo;une location de studio \u00e0 Garches ? Vous trouverez une large offre \u00e0 l&rsquo;agence Katz.<\/p>\n<\/div>\n\n<div class=\"block-katz liens\">\n\t<div class=\"row\">\n\t\t<div class=\"col-12\">\n\t\t\t\t\t\t\t<p class=\"titre\">Nos solutions immobili\u00e8res sur Garches<\/p>\n\t\t\t\t\t\t\t\t<div class=\"bloc-liens\">\n\t\t\t\t\t\t\t\t\t\t\t<div class=\"lien\">\n\t\t\t\t\t\t\t<a href=\"https:\/\/www.agencekatz.com\/agence-immobiliere\/garches-92380\/maison-vendre-garches\/\" title=\"Maison \u00e0 vendre \u00e0 Garches\" target=\"_self\">\n\t\t\t\t\t\t\t\tMaison \u00e0 vendre \u00e0 Garches\t\t\t\t\t\t\t<\/a>\n\t\t\t\t\t\t<\/div>\n\t\t\t\t\t\t\t\t\t\t\t\t<div class=\"lien\">\n\t\t\t\t\t\t\t<a href=\"https:\/\/www.agencekatz.com\/agence-immobiliere\/garches-92380\/immobilier-garches\/\" title=\"Immobilier Garches\" target=\"_self\">\n\t\t\t\t\t\t\t\tImmobilier Garches\t\t\t\t\t\t\t<\/a>\n\t\t\t\t\t\t<\/div>\n\t\t\t\t\t\t\t\t\t\t\t\t<div class=\"lien\">\n\t\t\t\t\t\t\t<a href=\"https:\/\/www.agencekatz.com\/agence-immobiliere\/garches-92380\/appartement-garches\/\" title=\"Appartement Garches\" target=\"_self\">\n\t\t\t\t\t\t\t\tAppartement Garches\t\t\t\t\t\t\t<\/a>\n\t\t\t\t\t\t<\/div>\n\t\t\t\t\t\t\t\t\t\t\t\t<div class=\"lien\">\n\t\t\t\t\t\t\t<a href=\"https:\/\/www.agencekatz.com\/agence-immobiliere\/garches-92380\/location-appartement-garches\/\" title=\"Location appartement Garches\" target=\"_self\">\n\t\t\t\t\t\t\t\tLocation appartement Garches\t\t\t\t\t\t\t<\/a>\n\t\t\t\t\t\t<\/div>\n\t\t\t\t\t\t\t\t\t\t\t\t<div class=\"lien\">\n\t\t\t\t\t\t\t<a href=\"https:\/\/www.agencekatz.com\/agence-immobiliere\/garches-92380\/achat-appartement-garches\/\" title=\"Achat appartement Garches\" target=\"_self\">\n\t\t\t\t\t\t\t\tAchat appartement Garches\t\t\t\t\t\t\t<\/a>\n\t\t\t\t\t\t<\/div>\n\t\t\t\t\t\t\t\t\t\t\t\t<div class=\"lien\">\n\t\t\t\t\t\t\t<a href=\"https:\/\/www.agencekatz.com\/agence-immobiliere\/garches-92380\/programme-immobilier-garches\/\" title=\"Programme immobilier Garches\" target=\"_self\">\n\t\t\t\t\t\t\t\tProgramme immobilier Garches\t\t\t\t\t\t\t<\/a>\n\t\t\t\t\t\t<\/div>\n\t\t\t\t\t\t\t\t\t\t<\/div>\n\t\t\t\t\t\t<\/div>\n\t<\/div>\n<\/div>\n\n<div class=\"block-katz annonces\">\n\t<div class=\"row\">\n\t\t\t\t\t\t<div class=\"product-block bg-white col-lg-4 col-md-6 col-12\">\n\t\t\t\t\t<a href=\"https:\/\/www.agencekatz.com\/location-appartement-maison?katz_search%5Bplace%5D=Garches&#038;katz_search%5BtypeOffre%5D=&#038;katz_search%5BnbPieces%5D=&#038;katz_search%5BsurfHabMin%5D=&#038;katz_search%5BsurfHabMax%5D=&#038;katz_search%5BprixMin%5D=&#038;katz_search%5BprixMax%5D=\">\n\t\t\t\t\t\t\t\t\t\t\t\t\t<div class=\"picture aos-init aos-animate\" data-aos=\"fade-left\">\n\t\t\t\t\t\t\t\t<img src=\"https:\/\/www.agencekatz.com\/agence-immobiliere\/wp-content\/uploads\/2020\/12\/5fe28883baacb_3906_01_33390451_g-1-400x400.jpg\" class=\"img-fluid\" alt=\"Immeuble ancien\">\n\t\t\t\t\t\t\t<\/div>\n\t\t\t\t\t\t\t\t\t\t\t\t\t<div class=\"description\">\n\t\t\t\t\t\t\t<div class=\"col-12 p-0\">\n\t\t\t\t\t\t\t\t<p class=\"title\">LOUER APPARTEMENT 18,94 M2 GARCHES<\/p>\n\t\t\t\t\t\t\t\t<p class=\"infos m-0\">\n\t\t\t\t\t\t\t\t\t1 pi\u00e8ce<br \/>\r\n18 m2<br \/>\r\nstudio en parfait \u00e9tat &#8211; rez-de-jardin\t\t\t\t\t\t\t\t<\/p>\n\t\t\t\t\t\t\t\t\t\t\t\t\t\t\t\t\t<div class=\"my-auto text-right\">\n\t\t\t\t\t\t\t\t\t\t<p class=\"price m-0\">\n\t\t\t\t\t\t\t\t\t\t\t596 \u20ac \/ mois\t\t\t\t\t\t\t\t\t\t<\/p>\n\t\t\t\t\t\t\t\t\t<\/div>\n\t\t\t\t\t\t\t\t\t\t\t\t\t\t\t<\/div>\n\t\t\t\t\t\t<\/div>\n\t\t\t\t\t<\/a>\n\t\t\t\t<\/div>\n\t\t\t\t\t\t\t\t<div class=\"product-block bg-white col-lg-4 col-md-6 col-12\">\n\t\t\t\t\t<a href=\"https:\/\/www.agencekatz.com\/location-appartement-maison?katz_search%5Bplace%5D=Garches&#038;katz_search%5BtypeOffre%5D=&#038;katz_search%5BnbPieces%5D=&#038;katz_search%5BsurfHabMin%5D=&#038;katz_search%5BsurfHabMax%5D=&#038;katz_search%5BprixMin%5D=&#038;katz_search%5BprixMax%5D=\">\n\t\t\t\t\t\t\t\t\t\t\t\t\t<div class=\"picture aos-init aos-animate\" data-aos=\"fade-left\">\n\t\t\t\t\t\t\t\t<img src=\"https:\/\/www.agencekatz.com\/agence-immobiliere\/wp-content\/uploads\/2021\/02\/603597038a998_3906_01_30218581_a-400x400.jpg\" class=\"img-fluid\" alt=\"Immeuble garches\">\n\t\t\t\t\t\t\t<\/div>\n\t\t\t\t\t\t\t\t\t\t\t\t\t<div class=\"description\">\n\t\t\t\t\t\t\t<div class=\"col-12 p-0\">\n\t\t\t\t\t\t\t\t<p class=\"title\">LOCATION PARKING GARCHES<\/p>\n\t\t\t\t\t\t\t\t<p class=\"infos m-0\">\n\t\t\t\t\t\t\t\t\tProche gare et commerces <br \/>\r\nS\u00e9curis\u00e9 avec vid\u00e9o\t\t\t\t\t\t\t\t<\/p>\n\t\t\t\t\t\t\t\t\t\t\t\t\t\t\t\t\t<div class=\"my-auto text-right\">\n\t\t\t\t\t\t\t\t\t\t<p class=\"price m-0\">\n\t\t\t\t\t\t\t\t\t\t\t146 \u20ac \/ mois\t\t\t\t\t\t\t\t\t\t<\/p>\n\t\t\t\t\t\t\t\t\t<\/div>\n\t\t\t\t\t\t\t\t\t\t\t\t\t\t\t<\/div>\n\t\t\t\t\t\t<\/div>\n\t\t\t\t\t<\/a>\n\t\t\t\t<\/div>\n\t\t\t\t\t\t\t\t<div class=\"product-block bg-white col-lg-4 col-md-6 col-12\">\n\t\t\t\t\t<a href=\"https:\/\/www.agencekatz.com\/location-appartement-maison?katz_search%5Bplace%5D=Garches&#038;katz_search%5BtypeOffre%5D=&#038;katz_search%5BnbPieces%5D=&#038;katz_search%5BsurfHabMin%5D=&#038;katz_search%5BsurfHabMax%5D=&#038;katz_search%5BprixMin%5D=&#038;katz_search%5BprixMax%5D=\">\n\t\t\t\t\t\t\t\t\t\t\t\t\t<div class=\"picture aos-init aos-animate\" data-aos=\"fade-left\">\n\t\t\t\t\t\t\t\t<img src=\"https:\/\/www.agencekatz.com\/agence-immobiliere\/wp-content\/uploads\/2021\/02\/60359703bab4e_3906_01_33888084_h-400x400.jpg\" class=\"img-fluid\" alt=\"Immeuble location garches\">\n\t\t\t\t\t\t\t<\/div>\n\t\t\t\t\t\t\t\t\t\t\t\t\t<div class=\"description\">\n\t\t\t\t\t\t\t<div class=\"col-12 p-0\">\n\t\t\t\t\t\t\t\t<p class=\"title\">LOUER APPARTEMENT 119,5 M2 GARCHES<\/p>\n\t\t\t\t\t\t\t\t<p class=\"infos m-0\">\n\t\t\t\t\t\t\t\t\t119 m2 <br \/>\r\n5 pi\u00e8ces <br \/>\r\n4 chambres\t\t\t\t\t\t\t\t<\/p>\n\t\t\t\t\t\t\t\t\t\t\t\t\t\t\t\t\t<div class=\"my-auto text-right\">\n\t\t\t\t\t\t\t\t\t\t<p class=\"price m-0\">\n\t\t\t\t\t\t\t\t\t\t\t2.521 \u20ac \/ mois\t\t\t\t\t\t\t\t\t\t<\/p>\n\t\t\t\t\t\t\t\t\t<\/div>\n\t\t\t\t\t\t\t\t\t\t\t\t\t\t\t<\/div>\n\t\t\t\t\t\t<\/div>\n\t\t\t\t\t<\/a>\n\t\t\t\t<\/div>\n\t\t\t\t\t<\/div>\n<\/div>\n\n<div class=\"block-katz liens\">\n\t<div class=\"row\">\n\t\t<div class=\"col-12\">\n\t\t\t\t\t\t\t<p class=\"titre\">Nos agences immobili\u00e8res dans le 92 &#8211; Hauts-de-Seine<\/p>\n\t\t\t\t\t\t\t\t<div class=\"bloc-liens\">\n\t\t\t\t\t\t\t\t\t\t\t<div class=\"lien\">\n\t\t\t\t\t\t\t<a href=\"\" title=\"\" target=\"_self\">\n\t\t\t\t\t\t\t\t\t\t\t\t\t\t\t<\/a>\n\t\t\t\t\t\t<\/div>\n\t\t\t\t\t\t\t\t\t\t<\/div>\n\t\t\t\t\t\t<\/div>\n\t<\/div>\n<\/div>","protected":false},"excerpt":{"rendered":"<p>Vous avez un projet de d\u00e9m\u00e9nagement ? Si l\u2019ouest de Paris vous attire, la ville de Garches est l\u2019un des meilleurs secteurs pour trouver votre nouveau logement en location. Du studio au 5 pi\u00e8ces en passant par le 3 pi\u00e8ces, Katz vous propose toute la gamme pour votre location d&rsquo;appartement \u00e0 Garches (92). Faire appel [&hellip;]<\/p>\n","protected":false},"author":2,"featured_media":0,"parent":29054,"menu_order":0,"comment_status":"closed","ping_status":"closed","template":"","meta":[],"acf":[],"_links":{"self":[{"href":"https:\/\/www.agencekatz.com\/agence-immobiliere\/wp-json\/wp\/v2\/pages\/29128"}],"collection":[{"href":"https:\/\/www.agencekatz.com\/agence-immobiliere\/wp-json\/wp\/v2\/pages"}],"about":[{"href":"https:\/\/www.agencekatz.com\/agence-immobiliere\/wp-json\/wp\/v2\/types\/page"}],"author":[{"embeddable":true,"href":"https:\/\/www.agencekatz.com\/agence-immobiliere\/wp-json\/wp\/v2\/users\/2"}],"replies":[{"embeddable":true,"href":"https:\/\/www.agencekatz.com\/agence-immobiliere\/wp-json\/wp\/v2\/comments?post=29128"}],"version-history":[{"count":19,"href":"https:\/\/www.agencekatz.com\/agence-immobiliere\/wp-json\/wp\/v2\/pages\/29128\/revisions"}],"predecessor-version":[{"id":29172,"href":"https:\/\/www.agencekatz.com\/agence-immobiliere\/wp-json\/wp\/v2\/pages\/29128\/revisions\/29172"}],"up":[{"embeddable":true,"href":"https:\/\/www.agencekatz.com\/agence-immobiliere\/wp-json\/wp\/v2\/pages\/29054"}],"wp:attachment":[{"href":"https:\/\/www.agencekatz.com\/agence-immobiliere\/wp-json\/wp\/v2\/media?parent=29128"}],"curies":[{"name":"wp","href":"https:\/\/api.w.org\/{rel}","templated":true}]}}